{"id":6040,"date":"2023-02-01T12:37:34","date_gmt":"2023-02-01T12:37:34","guid":{"rendered":"https:\/\/moverdb.com\/?page_id=6040"},"modified":"2026-01-08T15:24:14","modified_gmt":"2026-01-08T15:24:14","slug":"empresas-mudanzas-el-salvador","status":"publish","type":"page","link":"https:\/\/moverdb.com\/es\/moving-companies\/moving-companies-el-salvador\/","title":{"rendered":"3 Mejores Empresas de Mudanzas Internacionales en El Salvador"},"content":{"rendered":"<p>\u00bfEst\u00e1 pensando en mudarse a El Salvador o desde El Salvador? En ese caso, puede que le interese contratar los servicios de un <a href=\"https:\/\/moverdb.com\/es\/moving-companies\/\" data-internallinksmanager029f6b8e52c=\"79\" title=\"Las 25 mejores empresas de mudanzas internacionales en l\u00ednea\">empresa de mudanzas<\/a> para ayudarle y quitarle algo de presi\u00f3n. A continuaci\u00f3n hemos recopilado una lista de El Salvador <a href=\"https:\/\/moverdb.com\/es\/international-removals\/\" data-internallinksmanager029f6b8e52c=\"27\" title=\"36 mejores empresas de mudanzas internacionales del Reino Unido\">empresas de mudanzas<\/a> que son miembros de la <a href=\"https:\/\/moverdb.com\/es\/iam\/\" data-internallinksmanager029f6b8e52c=\"23\" title=\"Explicaci\u00f3n de la Asociaci\u00f3n Internacional de Empresas de Mudanzas (IAM)\">Asociaci\u00f3n Internacional de Empresas de Mudanzas<\/a> (IAM) y\/o <a href=\"https:\/\/moverdb.com\/es\/fidi-faim\/\" data-internallinksmanager029f6b8e52c=\"16\" title=\"Explicaci\u00f3n del FIDI y del FAIM (FIDI Accredited International Mover)\">FIDI<\/a> Accredited International Mover (FAIM) que pueden ayudarle con su mudanza.<\/p>\n<h2><strong>1. Comca Internacional<\/strong><\/h2>\n<ul>\n<li>Movimientos nacionales<\/li>\n<li>Traslados internacionales<\/li>\n<li>Mudanzas dom\u00e9sticas<\/li>\n<li>Inspecci\u00f3n a domicilio<\/li>\n<li>Servicio de embalaje profesional<\/li>\n<li>Transporte por carretera, mar\u00edtimo y a\u00e9reo<\/li>\n<li>Apoyo aduanero<\/li>\n<li>Embalaje de obras de arte<\/li>\n<li>Seguros<\/li>\n<li>Almacenamiento seguro<\/li>\n<\/ul>\n<p>Comca International es una empresa de soluciones log\u00edsticas de transporte y distribuci\u00f3n fundada en 1967 que ofrece servicios de mudanzas nacionales e internacionales. Tienen alianzas estrat\u00e9gicas con agencias internacionales que les permiten completar mudanzas internacionales. Son miembros de IAM con 55 a\u00f1os de servicio.<\/p>\n<p>Comca International le ofrece una inspecci\u00f3n y un presupuesto para su mudanza, as\u00ed como asesoramiento sobre el mejor m\u00e9todo de transporte. Ofrecen servicios profesionales de embalaje utilizando los mejores materiales y cajas o cajones de madera con pl\u00e1stico adhesivo y flejes para una mayor protecci\u00f3n en tr\u00e1nsito. Organizar\u00e1n el transporte por carretera, mar o aire y le ayudar\u00e1n con los tr\u00e1mites de aduana.<\/p>\n<p>P\u00e1gina web: <a href=\"http:\/\/www.comca.com.sv\" target=\"_blank\" rel=\"noopener\">http:\/\/www.comca.com.sv<\/a><\/p>\n<h2><strong>2. Mudanzas Su\u00e1rez<\/strong><\/h2>\n<p><img loading=\"lazy\" decoding=\"async\" class=\"alignnone size-full wp-image-5982\" src=\"https:\/\/moverdb.com\/wp-content\/uploads\/Mudanzas-Suarez-international-moving-company.png\" alt=\"Mudanzas Suarez empresa de mudanzas internacionales\" width=\"1440\" height=\"712\" data-wp-pid=\"5982\" srcset=\"https:\/\/moverdb.com\/wp-content\/uploads\/Mudanzas-Suarez-international-moving-company.png 1440w, https:\/\/moverdb.com\/wp-content\/uploads\/Mudanzas-Suarez-international-moving-company-300x148.png 300w, https:\/\/moverdb.com\/wp-content\/uploads\/Mudanzas-Suarez-international-moving-company-1024x506.png 1024w, https:\/\/moverdb.com\/wp-content\/uploads\/Mudanzas-Suarez-international-moving-company-18x9.png 18w, https:\/\/moverdb.com\/wp-content\/uploads\/Mudanzas-Suarez-international-moving-company-600x297.png 600w\" sizes=\"auto, (max-width: 1440px) 100vw, 1440px\" \/><\/p>\n<ul>\n<li>Mudanzas nacionales<\/li>\n<li>Mudanzas internacionales<\/li>\n<li>Mudanzas residenciales<\/li>\n<li>Movimientos de negocios<\/li>\n<li>Servicio personalizado<\/li>\n<li>Servicio puerta a puerta<\/li>\n<li>Servicio de embalaje<\/li>\n<li>Cajas de madera personalizadas<\/li>\n<li>Opciones de transporte<\/li>\n<li>Espacio de almacenamiento acondicionado<\/li>\n<\/ul>\n<p>Mudanzas Su\u00e1rez es una empresa de log\u00edstica y mudanzas fundada en 1958 con sede en Antiguo Cuscatl\u00e1n. Cuentan con una amplia red de agentes internacionales que les ayudan a realizar mudanzas en todo el mundo. Son miembros de IAM con 54 a\u00f1os de servicio.<\/p>\n<p>Mudanzas Su\u00e1rez ofrece un servicio personalizado y proporciona soluciones de embalaje a medida a trav\u00e9s de su equipo interno de carpinter\u00eda que construye cajas de madera a medida. Proporcionan un servicio de embalaje que proteger\u00e1 sus pertenencias en tr\u00e1nsito. Ofrecen varias opciones de carga, incluida la carga a\u00e9rea y la carga mar\u00edtima, como la carga consolidada.<\/p>\n<p>P\u00e1gina web: <a href=\"http:\/\/suarez.com.sv\" target=\"_blank\" rel=\"noopener\">http:\/\/suarez.com.sv<\/a><\/p>\n<h2><strong>3. Mudisa El Salvador<\/strong><\/h2>\n<p><img loading=\"lazy\" decoding=\"async\" class=\"alignnone size-full wp-image-5983\" src=\"https:\/\/moverdb.com\/wp-content\/uploads\/Mudisa-international-moving-company.png\" alt=\"Mudanza internacional Mudisa\" width=\"1440\" height=\"712\" data-wp-pid=\"5983\" srcset=\"https:\/\/moverdb.com\/wp-content\/uploads\/Mudisa-international-moving-company.png 1440w, https:\/\/moverdb.com\/wp-content\/uploads\/Mudisa-international-moving-company-300x148.png 300w, https:\/\/moverdb.com\/wp-content\/uploads\/Mudisa-international-moving-company-1024x506.png 1024w, https:\/\/moverdb.com\/wp-content\/uploads\/Mudisa-international-moving-company-18x9.png 18w, https:\/\/moverdb.com\/wp-content\/uploads\/Mudisa-international-moving-company-600x297.png 600w\" sizes=\"auto, (max-width: 1440px) 100vw, 1440px\" \/><\/p>\n<ul>\n<li>Mudanzas nacionales<\/li>\n<li>Mudanzas internacionales<\/li>\n<li>Mudanzas dom\u00e9sticas<\/li>\n<li>Movimientos corporativos<\/li>\n<li>Servicios de reubicaci\u00f3n<\/li>\n<li>Servicios puerta a puerta<\/li>\n<li>Embalaje, incluidas cajas y cajones a medida<\/li>\n<li>Transporte de obras de arte<\/li>\n<li>Transporte de veh\u00edculos<\/li>\n<li>Instalaciones de almacenamiento seguras<\/li>\n<\/ul>\n<p>Mudisa es una empresa de mudanzas, log\u00edstica y carga general fundada en 1963 en San Salvador. Ofrecen un servicio internacional puerta a puerta en colaboraci\u00f3n con otros agentes de mudanzas internacionales, y cuentan con su propia flota de veh\u00edculos para hacer mudanzas nacionales. Son miembros de IAM con 45 a\u00f1os de servicio.<\/p>\n<p>Mudisa ofrece servicios de mudanza y traslado a hogares y empresas. Proporcionan servicios en sus instalaciones actuales y nuevas, como el embalaje y desembalaje, que incluye cajas y cajones a medida. Sus servicios de reubicaci\u00f3n incluyen asistencia en inmigraci\u00f3n, servicios de llegada, orientaci\u00f3n sobre colegios, b\u00fasqueda de vivienda y servicios de instalaci\u00f3n.<\/p>\n<p>P\u00e1gina web: <a href=\"http:\/\/www.mudisa.com.sv\" target=\"_blank\" rel=\"noopener\">http:\/\/www.mudisa.com.sv<\/a><\/p>","protected":false},"excerpt":{"rendered":"<p>Are you planning on moving in El Salvador or to or from El Salvador? Then you may want to employ the services of a moving company to assist you and take some of the pressure off. Below we have compiled a list of El Salvador removal companies that are members of the International Association of [&hellip;]<\/p>\n","protected":false},"author":4,"featured_media":0,"parent":190,"menu_order":0,"comment_status":"closed","ping_status":"closed","template":"","meta":{"_genesis_hide_title":false,"_genesis_hide_breadcrumbs":false,"_genesis_hide_singular_image":false,"_genesis_hide_footer_widgets":false,"_genesis_custom_body_class":"","_genesis_custom_post_class":"","_genesis_layout":"","footnotes":""},"class_list":{"0":"post-6040","1":"page","2":"type-page","3":"status-publish","5":"entry","6":"has-post-thumbnail"},"_links":{"self":[{"href":"https:\/\/moverdb.com\/es\/wp-json\/wp\/v2\/pages\/6040","targetHints":{"allow":["GET"]}}],"collection":[{"href":"https:\/\/moverdb.com\/es\/wp-json\/wp\/v2\/pages"}],"about":[{"href":"https:\/\/moverdb.com\/es\/wp-json\/wp\/v2\/types\/page"}],"author":[{"embeddable":true,"href":"https:\/\/moverdb.com\/es\/wp-json\/wp\/v2\/users\/4"}],"replies":[{"embeddable":true,"href":"https:\/\/moverdb.com\/es\/wp-json\/wp\/v2\/comments?post=6040"}],"version-history":[{"count":3,"href":"https:\/\/moverdb.com\/es\/wp-json\/wp\/v2\/pages\/6040\/revisions"}],"predecessor-version":[{"id":6056,"href":"https:\/\/moverdb.com\/es\/wp-json\/wp\/v2\/pages\/6040\/revisions\/6056"}],"up":[{"embeddable":true,"href":"https:\/\/moverdb.com\/es\/wp-json\/wp\/v2\/pages\/190"}],"wp:attachment":[{"href":"https:\/\/moverdb.com\/es\/wp-json\/wp\/v2\/media?parent=6040"}],"curies":[{"name":"wp","href":"https:\/\/api.w.org\/{rel}","templated":true}]}}