{"id":6038,"date":"2023-02-01T13:41:44","date_gmt":"2023-02-01T13:41:44","guid":{"rendered":"https:\/\/moverdb.com\/?page_id=6038"},"modified":"2026-01-08T15:24:39","modified_gmt":"2026-01-08T15:24:39","slug":"mudanzas-ecuador","status":"publish","type":"page","link":"https:\/\/moverdb.com\/es\/moving-companies\/moving-companies-ecuador\/","title":{"rendered":"4 Mejores Empresas de Mudanzas Internacionales en Ecuador"},"content":{"rendered":"<p>La mudanza puede ser un momento estresante, al igual que el traslado de su negocio, por lo que buscar el apoyo de un <a href=\"https:\/\/moverdb.com\/es\/moving-companies\/\" data-internallinksmanager029f6b8e52c=\"79\" title=\"Las 25 mejores empresas de mudanzas internacionales en l\u00ednea\">empresa de mudanzas<\/a> podr\u00eda ayudar a aliviar la carga y aligerar el peso de la mudanza. A continuaci\u00f3n hemos recopilado una lista de Ecuador <a href=\"https:\/\/moverdb.com\/es\/international-removals\/\" data-internallinksmanager029f6b8e52c=\"27\" title=\"36 mejores empresas de mudanzas internacionales del Reino Unido\">empresas de mudanzas<\/a> que son miembros de la <a href=\"https:\/\/moverdb.com\/es\/iam\/\" data-internallinksmanager029f6b8e52c=\"23\" title=\"Explicaci\u00f3n de la Asociaci\u00f3n Internacional de Empresas de Mudanzas (IAM)\">Asociaci\u00f3n Internacional de Empresas de Mudanzas<\/a> (IAM) y\/o <a href=\"https:\/\/moverdb.com\/es\/fidi-faim\/\" data-internallinksmanager029f6b8e52c=\"16\" title=\"Explicaci\u00f3n del FIDI y del FAIM (FIDI Accredited International Mover)\">FIDI<\/a> Accredited International Mover (FAIM) que podr\u00eda prestarle apoyo.<\/p>\n<div id=\"ez-toc-container\" class=\"ez-toc-v2_0_82_2 ez-toc-wrap-left counter-hierarchy ez-toc-counter ez-toc-transparent ez-toc-container-direction\">\n<div class=\"ez-toc-title-container\">\n<p class=\"ez-toc-title\" style=\"cursor:inherit\">Secciones<\/p>\n<span class=\"ez-toc-title-toggle\"><a href=\"#\" class=\"ez-toc-pull-right ez-toc-btn ez-toc-btn-xs ez-toc-btn-default ez-toc-toggle\" aria-label=\"Alternar tabla de contenidos\"><span class=\"ez-toc-js-icon-con\"><span class=\"\"><span class=\"eztoc-hide\" style=\"display:none;\">Toggle<\/span><span class=\"ez-toc-icon-toggle-span\"><svg style=\"fill: #999;color:#999\" xmlns=\"http:\/\/www.w3.org\/2000\/svg\" class=\"list-377408\" width=\"20px\" height=\"20px\" viewbox=\"0 0 24 24\" fill=\"none\"><path d=\"M6 6H4v2h2V6zm14 0H8v2h12V6zM4 11h2v2H4v-2zm16 0H8v2h12v-2zM4 16h2v2H4v-2zm16 0H8v2h12v-2z\" fill=\"currentColor\"><\/path><\/svg><svg style=\"fill: #999;color:#999\" class=\"arrow-unsorted-368013\" xmlns=\"http:\/\/www.w3.org\/2000\/svg\" width=\"10px\" height=\"10px\" viewbox=\"0 0 24 24\" version=\"1.2\" baseprofile=\"tiny\"><path d=\"M18.2 9.3l-6.2-6.3-6.2 6.3c-.2.2-.3.4-.3.7s.1.5.3.7c.2.2.4.3.7.3h11c.3 0 .5-.1.7-.3.2-.2.3-.5.3-.7s-.1-.5-.3-.7zM5.8 14.7l6.2 6.3 6.2-6.3c.2-.2.3-.5.3-.7s-.1-.5-.3-.7c-.2-.2-.4-.3-.7-.3h-11c-.3 0-.5.1-.7.3-.2.2-.3.5-.3.7s.1.5.3.7z\"\/><\/svg><\/span><\/span><\/span><\/a><\/span><\/div>\n<nav><ul class='ez-toc-list ez-toc-list-level-1 eztoc-toggle-hide-by-default' ><li class='ez-toc-page-1 ez-toc-heading-level-2'><a class=\"ez-toc-link ez-toc-heading-1\" href=\"https:\/\/moverdb.com\/es\/moving-companies\/moving-companies-ecuador\/#1_Sandhill_Ecuador\" >1. Sandhill Ecuador<\/a><\/li><li class='ez-toc-page-1 ez-toc-heading-level-2'><a class=\"ez-toc-link ez-toc-heading-2\" href=\"https:\/\/moverdb.com\/es\/moving-companies\/moving-companies-ecuador\/#2_INSA_Moving\" >2. INSA Mudanza<\/a><\/li><li class='ez-toc-page-1 ez-toc-heading-level-2'><a class=\"ez-toc-link ez-toc-heading-3\" href=\"https:\/\/moverdb.com\/es\/moving-companies\/moving-companies-ecuador\/#3_Premium_Logistics\" >3. Log\u00edstica Premium<\/a><\/li><li class='ez-toc-page-1 ez-toc-heading-level-2'><a class=\"ez-toc-link ez-toc-heading-4\" href=\"https:\/\/moverdb.com\/es\/moving-companies\/moving-companies-ecuador\/#4_Global_Transport\" >4. Transporte mundial<\/a><\/li><\/ul><\/nav><\/div>\n<h2><span class=\"ez-toc-section\" id=\"1_Sandhill_Ecuador\"><\/span><strong>1. Sandhill Ecuador<\/strong><span class=\"ez-toc-section-end\"><\/span><\/h2>\n<p><img loading=\"lazy\" decoding=\"async\" class=\"alignnone size-full wp-image-5998\" src=\"https:\/\/moverdb.com\/wp-content\/uploads\/Sandhill-Ecuador-international-moving-company.png\" alt=\"Empresa de mudanzas internacionales Sandhill Ecuador\" width=\"1440\" height=\"680\" data-wp-pid=\"5998\" srcset=\"https:\/\/moverdb.com\/wp-content\/uploads\/Sandhill-Ecuador-international-moving-company.png 1440w, https:\/\/moverdb.com\/wp-content\/uploads\/Sandhill-Ecuador-international-moving-company-300x142.png 300w, https:\/\/moverdb.com\/wp-content\/uploads\/Sandhill-Ecuador-international-moving-company-1024x484.png 1024w, https:\/\/moverdb.com\/wp-content\/uploads\/Sandhill-Ecuador-international-moving-company-18x9.png 18w, https:\/\/moverdb.com\/wp-content\/uploads\/Sandhill-Ecuador-international-moving-company-600x283.png 600w\" sizes=\"auto, (max-width: 1440px) 100vw, 1440px\" \/><\/p>\n<ul>\n<li>Movimientos nacionales<\/li>\n<li>Traslados internacionales<\/li>\n<li>Mudanzas residenciales<\/li>\n<li>Desplazamientos de empresas<\/li>\n<li>Servicio personalizado<\/li>\n<li>Embalaje de calidad internacional<\/li>\n<li>Transporte de mercanc\u00edas<\/li>\n<li>Despacho de aduanas<\/li>\n<li>Seguros<\/li>\n<li>Instalaciones de almacenamiento<\/li>\n<\/ul>\n<p>Sandhill Ecuador es una empresa de log\u00edstica y mudanzas con sede en Quito y m\u00e1s de 60 a\u00f1os de experiencia en mudanzas. Tienen una red global de socios de mudanzas para ayudarle a mudarse a cualquier parte del mundo. Son miembros de IAM con 2 a\u00f1os de servicio.<\/p>\n<p>Sandhill Ecuador ofrece un servicio de mudanzas personalizado de ventanilla \u00fanica. Ofrecen un estudio virtual o en persona para evaluar sus necesidades de mudanza y proporcionarle un presupuesto. Se le asignar\u00e1 un l\u00edder de mudanza que le ayudar\u00e1 durante todo el viaje gestionando su embalaje, organizando el transporte, el despacho de aduanas, ofreciendo seguros y proporcionando apoyo sobre su destino, incluyendo gu\u00edas y b\u00fasqueda de escuelas.<\/p>\n<p>P\u00e1gina web: <a href=\"http:\/\/www.sandhillrelo.com\" target=\"_blank\" rel=\"noopener\">http:\/\/www.sandhillrelo.com<\/a><\/p>\n<h2><span class=\"ez-toc-section\" id=\"2_INSA_Moving\"><\/span><strong>2. INSA Mudanza<\/strong><span class=\"ez-toc-section-end\"><\/span><\/h2>\n<p><img loading=\"lazy\" decoding=\"async\" class=\"alignnone size-full wp-image-5957\" src=\"https:\/\/moverdb.com\/wp-content\/uploads\/INSA-Moving-international-moving-company.png\" alt=\"INSA Moving empresa de mudanzas internacionales\" width=\"1440\" height=\"664\" data-wp-pid=\"5957\" srcset=\"https:\/\/moverdb.com\/wp-content\/uploads\/INSA-Moving-international-moving-company.png 1440w, https:\/\/moverdb.com\/wp-content\/uploads\/INSA-Moving-international-moving-company-300x138.png 300w, https:\/\/moverdb.com\/wp-content\/uploads\/INSA-Moving-international-moving-company-1024x472.png 1024w, https:\/\/moverdb.com\/wp-content\/uploads\/INSA-Moving-international-moving-company-18x8.png 18w, https:\/\/moverdb.com\/wp-content\/uploads\/INSA-Moving-international-moving-company-600x277.png 600w\" sizes=\"auto, (max-width: 1440px) 100vw, 1440px\" \/><\/p>\n<ul>\n<li>Traslados locales y nacionales<\/li>\n<li>Traslados internacionales<\/li>\n<li>Servicios de reubicaci\u00f3n<\/li>\n<li>Mudanzas dom\u00e9sticas<\/li>\n<li>Movimientos corporativos<\/li>\n<li>Servicio puerta a puerta<\/li>\n<li>Servicios de embalaje<\/li>\n<li>Servicios de inmigraci\u00f3n<\/li>\n<li>Transporte de mascotas<\/li>\n<li>Soluciones de almacenamiento<\/li>\n<\/ul>\n<p>INSA Mudanzas es una empresa de mudanzas, log\u00edstica y carga con sede en Quito que ofrece servicios de mudanzas y traslados. Ofrecen mudanzas locales, nacionales e internacionales a particulares y empresas. Son miembros de IAM con 65 a\u00f1os de servicio y est\u00e1n acreditados por FIDI.<\/p>\n<p>INSA Moving ofrece servicios de mudanza y traslado puerta a puerta que incluyen el embalaje seguro de sus pertenencias, el transporte hasta su destino y los servicios de desembalaje. Sus servicios de reubicaci\u00f3n tambi\u00e9n incluyen apoyo en la b\u00fasqueda de una propiedad y escuelas, gu\u00edas informativas sobre su destino, asistencia en el mantenimiento del hogar, transporte de mascotas, servicios de inmigraci\u00f3n y seguros.<\/p>\n<p>P\u00e1gina web: <a href=\"http:\/\/www.insa.com.ec\" target=\"_blank\" rel=\"noopener\">http:\/\/www.insa.com.ec<\/a><\/p>\n<h2><span class=\"ez-toc-section\" id=\"3_Premium_Logistics\"><\/span><strong>3. Log\u00edstica Premium<\/strong><span class=\"ez-toc-section-end\"><\/span><\/h2>\n<p><img loading=\"lazy\" decoding=\"async\" class=\"alignnone size-full wp-image-5994\" src=\"https:\/\/moverdb.com\/wp-content\/uploads\/Premium-Logistics-international-moving-company.png\" alt=\"Premium Logistics empresa de mudanzas internacionales\" width=\"1440\" height=\"679\" data-wp-pid=\"5994\" srcset=\"https:\/\/moverdb.com\/wp-content\/uploads\/Premium-Logistics-international-moving-company.png 1440w, https:\/\/moverdb.com\/wp-content\/uploads\/Premium-Logistics-international-moving-company-300x141.png 300w, https:\/\/moverdb.com\/wp-content\/uploads\/Premium-Logistics-international-moving-company-1024x483.png 1024w, https:\/\/moverdb.com\/wp-content\/uploads\/Premium-Logistics-international-moving-company-18x8.png 18w, https:\/\/moverdb.com\/wp-content\/uploads\/Premium-Logistics-international-moving-company-600x283.png 600w\" sizes=\"auto, (max-width: 1440px) 100vw, 1440px\" \/><\/p>\n<ul>\n<li>Traslados locales y nacionales<\/li>\n<li>Traslados internacionales<\/li>\n<li>Mudanzas residenciales<\/li>\n<li>Mudanzas de empresas<\/li>\n<li>Servicio puerta a puerta<\/li>\n<li>Servicio de embalaje<\/li>\n<li>Personal con formaci\u00f3n profesional<\/li>\n<li>Asesoramiento aduanero<\/li>\n<li>Seguro a todo riesgo<\/li>\n<li>Instalaciones de almacenamiento seguras<\/li>\n<\/ul>\n<p>Premium Logistics es una empresa especializada en mudanzas y almacenamiento fundada en 1998 en Quito con cobertura local, nacional e internacional. Realizan mudanzas residenciales y corporativas desde y hacia Ecuador. Son miembros de IAM con 23 a\u00f1os de servicio.<\/p>\n<p>Premium Logistics ofrece un servicio de mudanzas puerta a puerta que puede incluir un estudio para evaluar sus necesidades. Disponen de personal cualificado que empaquetar\u00e1 y manipular\u00e1 sus pertenencias y muebles con cuidado. Proporcionan asesoramiento para ayudarle con los tr\u00e1mites aduaneros y ofrecen opciones de seguro. Tambi\u00e9n proporcionan instalaciones de almacenamiento seguro en su almac\u00e9n de Quito.<\/p>\n<p>P\u00e1gina web: <a href=\"http:\/\/www.premiumlogistics.com.ec\" target=\"_blank\" rel=\"noopener\">http:\/\/www.premiumlogistics.com.ec<\/a><\/p>\n<h2><span class=\"ez-toc-section\" id=\"4_Global_Transport\"><\/span><strong>4. Transporte mundial<\/strong><span class=\"ez-toc-section-end\"><\/span><\/h2>\n<p><img loading=\"lazy\" decoding=\"async\" class=\"alignnone size-full wp-image-5951\" src=\"https:\/\/moverdb.com\/wp-content\/uploads\/Global-Transport-international-moving-company.png\" alt=\"Global Transport empresa de mudanzas internacionales\" width=\"1440\" height=\"665\" data-wp-pid=\"5951\" srcset=\"https:\/\/moverdb.com\/wp-content\/uploads\/Global-Transport-international-moving-company.png 1440w, https:\/\/moverdb.com\/wp-content\/uploads\/Global-Transport-international-moving-company-300x139.png 300w, https:\/\/moverdb.com\/wp-content\/uploads\/Global-Transport-international-moving-company-1024x473.png 1024w, https:\/\/moverdb.com\/wp-content\/uploads\/Global-Transport-international-moving-company-18x8.png 18w, https:\/\/moverdb.com\/wp-content\/uploads\/Global-Transport-international-moving-company-600x277.png 600w\" sizes=\"auto, (max-width: 1440px) 100vw, 1440px\" \/><\/p>\n<ul>\n<li>Movimientos nacionales<\/li>\n<li>Traslados internacionales<\/li>\n<li>Mudanzas dom\u00e9sticas<\/li>\n<li>Traslado de oficinas<\/li>\n<li>Puerta a puerta o puerta a<a href=\"https:\/\/moverdb.com\/es\/top-49-container-ports\/\" data-internallinksmanager029f6b8e52c=\"80\" title=\"Los 49 puertos de contenedores m\u00e1s grandes y activos en 2025\">puerto<\/a> servicio<\/li>\n<li>Servicios de embalaje<\/li>\n<li>Organizaci\u00f3n del transporte<\/li>\n<li>Reg\u00edmenes aduaneros<\/li>\n<li>Desembalaje y retirada de residuos<\/li>\n<li>Instalaciones de almacenamiento seguras<\/li>\n<\/ul>\n<p>Global Transport es una empresa de mudanzas internacionales fundada en 1971 y con sede en Quito. Ofrecen servicios de mudanzas nacionales e internacionales, as\u00ed como servicios especializados en mudanzas de obras de arte. Son miembros de IAM con 51 a\u00f1os de servicio y cuentan con una red de agentes internacionales para apoyar mudanzas a cualquier lugar.<\/p>\n<p>Global Transport realiza una visita personal para evaluar las necesidades de su mudanza y as\u00ed poder organizar el embalaje y transporte de sus pertenencias hasta su destino. Embalan sus pertenencias de forma segura con materiales y cajas para protegerlas. Desembalar\u00e1n en su destino y se llevar\u00e1n los residuos del embalaje.<\/p>\n<p>P\u00e1gina web: <a href=\"http:\/\/www.globaltransportecuador.com\" target=\"_blank\" rel=\"noopener\">http:\/\/www.globaltransportecuador.com<\/a><\/p>","protected":false},"excerpt":{"rendered":"<p>Moving home can be a stressful time, as can moving your business, so seeking out the support of a moving company could help ease the burden and lighten the load of moving. Below we have compiled a list of Ecuador removal companies that are members of the International Association of Movers (IAM) and\/or FIDI Accredited [&hellip;]<\/p>\n","protected":false},"author":4,"featured_media":0,"parent":190,"menu_order":0,"comment_status":"closed","ping_status":"closed","template":"","meta":{"_genesis_hide_title":false,"_genesis_hide_breadcrumbs":false,"_genesis_hide_singular_image":false,"_genesis_hide_footer_widgets":false,"_genesis_custom_body_class":"","_genesis_custom_post_class":"","_genesis_layout":"","footnotes":""},"class_list":{"0":"post-6038","1":"page","2":"type-page","3":"status-publish","5":"entry","6":"has-post-thumbnail"},"_links":{"self":[{"href":"https:\/\/moverdb.com\/es\/wp-json\/wp\/v2\/pages\/6038","targetHints":{"allow":["GET"]}}],"collection":[{"href":"https:\/\/moverdb.com\/es\/wp-json\/wp\/v2\/pages"}],"about":[{"href":"https:\/\/moverdb.com\/es\/wp-json\/wp\/v2\/types\/page"}],"author":[{"embeddable":true,"href":"https:\/\/moverdb.com\/es\/wp-json\/wp\/v2\/users\/4"}],"replies":[{"embeddable":true,"href":"https:\/\/moverdb.com\/es\/wp-json\/wp\/v2\/comments?post=6038"}],"version-history":[{"count":1,"href":"https:\/\/moverdb.com\/es\/wp-json\/wp\/v2\/pages\/6038\/revisions"}],"predecessor-version":[{"id":6039,"href":"https:\/\/moverdb.com\/es\/wp-json\/wp\/v2\/pages\/6038\/revisions\/6039"}],"up":[{"embeddable":true,"href":"https:\/\/moverdb.com\/es\/wp-json\/wp\/v2\/pages\/190"}],"wp:attachment":[{"href":"https:\/\/moverdb.com\/es\/wp-json\/wp\/v2\/media?parent=6038"}],"curies":[{"name":"wp","href":"https:\/\/api.w.org\/{rel}","templated":true}]}}