{"id":6026,"date":"2023-02-01T13:47:16","date_gmt":"2023-02-01T13:47:16","guid":{"rendered":"https:\/\/moverdb.com\/?page_id=6026"},"modified":"2026-01-08T15:29:04","modified_gmt":"2026-01-08T15:29:04","slug":"empresas-de-mudanzas-republica-checa","status":"publish","type":"page","link":"https:\/\/moverdb.com\/es\/moving-companies\/moving-companies-czech-republic\/","title":{"rendered":"Las 5 mejores empresas de mudanzas internacionales de la Rep\u00fablica Checa"},"content":{"rendered":"<p>Una mudanza puede ser un momento estresante, por eso muchas personas buscan la ayuda de un <a href=\"https:\/\/moverdb.com\/es\/moving-companies\/\" data-internallinksmanager029f6b8e52c=\"79\" title=\"Las 25 mejores empresas de mudanzas internacionales en l\u00ednea\">empresa de mudanzas<\/a> para aliviarle la carga. Tanto si se traslada usted mismo como si lo hace su empresa a escala local o internacional, hay una empresa que puede ayudarle. A continuaci\u00f3n hemos recopilado una lista de <a href=\"https:\/\/moverdb.com\/es\/moving-to-the-czech-republic\/\" data-internallinksmanager029f6b8e52c=\"391\" title=\"\u00bfSe muda a la Rep\u00fablica Checa? 2026 Coste de la vida y consejos para el traslado\">Rep\u00fablica Checa<\/a> <a href=\"https:\/\/moverdb.com\/es\/international-removals\/\" data-internallinksmanager029f6b8e52c=\"27\" title=\"36 mejores empresas de mudanzas internacionales del Reino Unido\">empresas de mudanzas<\/a> que son miembros de la <a href=\"https:\/\/moverdb.com\/es\/iam\/\" data-internallinksmanager029f6b8e52c=\"23\" title=\"Explicaci\u00f3n de la Asociaci\u00f3n Internacional de Empresas de Mudanzas (IAM)\">Asociaci\u00f3n Internacional de Empresas de Mudanzas<\/a> (IAM) y\/o <a href=\"https:\/\/moverdb.com\/es\/fidi-faim\/\" data-internallinksmanager029f6b8e52c=\"16\" title=\"Explicaci\u00f3n del FIDI y del FAIM (FIDI Accredited International Mover)\">FIDI<\/a> Accredited International Mover (FAIM) que podr\u00edan ayudarle.<\/p>\n<div id=\"ez-toc-container\" class=\"ez-toc-v2_0_82_2 ez-toc-wrap-left counter-hierarchy ez-toc-counter ez-toc-transparent ez-toc-container-direction\">\n<div class=\"ez-toc-title-container\">\n<p class=\"ez-toc-title\" style=\"cursor:inherit\">Secciones<\/p>\n<span class=\"ez-toc-title-toggle\"><a href=\"#\" class=\"ez-toc-pull-right ez-toc-btn ez-toc-btn-xs ez-toc-btn-default ez-toc-toggle\" aria-label=\"Alternar tabla de contenidos\"><span class=\"ez-toc-js-icon-con\"><span class=\"\"><span class=\"eztoc-hide\" style=\"display:none;\">Toggle<\/span><span class=\"ez-toc-icon-toggle-span\"><svg style=\"fill: #999;color:#999\" xmlns=\"http:\/\/www.w3.org\/2000\/svg\" class=\"list-377408\" width=\"20px\" height=\"20px\" viewbox=\"0 0 24 24\" fill=\"none\"><path d=\"M6 6H4v2h2V6zm14 0H8v2h12V6zM4 11h2v2H4v-2zm16 0H8v2h12v-2zM4 16h2v2H4v-2zm16 0H8v2h12v-2z\" fill=\"currentColor\"><\/path><\/svg><svg style=\"fill: #999;color:#999\" class=\"arrow-unsorted-368013\" xmlns=\"http:\/\/www.w3.org\/2000\/svg\" width=\"10px\" height=\"10px\" viewbox=\"0 0 24 24\" version=\"1.2\" baseprofile=\"tiny\"><path d=\"M18.2 9.3l-6.2-6.3-6.2 6.3c-.2.2-.3.4-.3.7s.1.5.3.7c.2.2.4.3.7.3h11c.3 0 .5-.1.7-.3.2-.2.3-.5.3-.7s-.1-.5-.3-.7zM5.8 14.7l6.2 6.3 6.2-6.3c.2-.2.3-.5.3-.7s-.1-.5-.3-.7c-.2-.2-.4-.3-.7-.3h-11c-.3 0-.5.1-.7.3-.2.2-.3.5-.3.7s.1.5.3.7z\"\/><\/svg><\/span><\/span><\/span><\/a><\/span><\/div>\n<nav><ul class='ez-toc-list ez-toc-list-level-1 eztoc-toggle-hide-by-default' ><li class='ez-toc-page-1 ez-toc-heading-level-2'><a class=\"ez-toc-link ez-toc-heading-1\" href=\"https:\/\/moverdb.com\/es\/moving-companies\/moving-companies-czech-republic\/#1_Santa_Fe_Relocation\" >1. Traslado de Santa Fe<\/a><\/li><li class='ez-toc-page-1 ez-toc-heading-level-2'><a class=\"ez-toc-link ez-toc-heading-2\" href=\"https:\/\/moverdb.com\/es\/moving-companies\/moving-companies-czech-republic\/#2_Voerman_International\" >2. Voerman Internacional<\/a><\/li><li class='ez-toc-page-1 ez-toc-heading-level-2'><a class=\"ez-toc-link ez-toc-heading-3\" href=\"https:\/\/moverdb.com\/es\/moving-companies\/moving-companies-czech-republic\/#3_Gosselin\" >3. Gosselin<\/a><\/li><li class='ez-toc-page-1 ez-toc-heading-level-2'><a class=\"ez-toc-link ez-toc-heading-4\" href=\"https:\/\/moverdb.com\/es\/moving-companies\/moving-companies-czech-republic\/#4_KAE_International_Movers\" >4. KAE International Movers<\/a><\/li><li class='ez-toc-page-1 ez-toc-heading-level-2'><a class=\"ez-toc-link ez-toc-heading-5\" href=\"https:\/\/moverdb.com\/es\/moving-companies\/moving-companies-czech-republic\/#5_Fenix_Shipping\" >5. Env\u00edo Fenix<\/a><\/li><li class='ez-toc-page-1 ez-toc-heading-level-2'><a class=\"ez-toc-link ez-toc-heading-6\" href=\"https:\/\/moverdb.com\/es\/moving-companies\/moving-companies-czech-republic\/#Other_Useful_Guides_to_the_Czech_Republic\" >Otras gu\u00edas \u00fatiles sobre la Rep\u00fablica Checa<\/a><\/li><\/ul><\/nav><\/div>\n<h2><span class=\"ez-toc-section\" id=\"1_Santa_Fe_Relocation\"><\/span><strong>1. Traslado de Santa Fe<\/strong><span class=\"ez-toc-section-end\"><\/span><\/h2>\n<p><img loading=\"lazy\" decoding=\"async\" class=\"alignnone size-full wp-image-6030\" src=\"https:\/\/moverdb.com\/wp-content\/uploads\/Santa-Fe-Relocation-Prague-international-moving-company.png\" alt=\"Santa Fe Relocation Praga empresa de mudanzas internacionales\" width=\"1440\" height=\"683\" data-wp-pid=\"6030\" srcset=\"https:\/\/moverdb.com\/wp-content\/uploads\/Santa-Fe-Relocation-Prague-international-moving-company.png 1440w, https:\/\/moverdb.com\/wp-content\/uploads\/Santa-Fe-Relocation-Prague-international-moving-company-300x142.png 300w, https:\/\/moverdb.com\/wp-content\/uploads\/Santa-Fe-Relocation-Prague-international-moving-company-1024x486.png 1024w, https:\/\/moverdb.com\/wp-content\/uploads\/Santa-Fe-Relocation-Prague-international-moving-company-18x9.png 18w, https:\/\/moverdb.com\/wp-content\/uploads\/Santa-Fe-Relocation-Prague-international-moving-company-600x285.png 600w\" sizes=\"auto, (max-width: 1440px) 100vw, 1440px\" \/><\/p>\n<ul>\n<li>Traslados locales<\/li>\n<li>Traslados internacionales<\/li>\n<li>Mudanzas dom\u00e9sticas<\/li>\n<li>Desplazamientos de empresas<\/li>\n<li>Servicio de embalaje con materiales de alta calidad<\/li>\n<li>Transporte por tierra, mar o aire<\/li>\n<li>Despacho de aduanas<\/li>\n<li>Apoyo en materia de visados e inmigraci\u00f3n<\/li>\n<li>Transporte de mascotas y veh\u00edculos<\/li>\n<li>Instalaciones de almacenamiento de corto a largo plazo<\/li>\n<\/ul>\n<p>Santa Fe Relocation es una empresa internacional de mudanzas y traslados con oficinas en pa\u00edses clave. Abrieron su oficina de Praga en 1992 ofreciendo traslados residenciales y corporativos. Son miembros de IAM con 30 a\u00f1os de servicio y est\u00e1n acreditados por FIDI.<\/p>\n<p>Santa Fe Relocation ofrece una consulta previa a la mudanza in situ para evaluar sus necesidades. Proporcionan un servicio de embalaje profesional que incluye la catalogaci\u00f3n de todo y el uso de los mejores materiales y t\u00e9cnicas de embalaje. Organizar\u00e1n el transporte por tierra, mar o aire con despacho de aduanas. Ofrecen servicios adicionales, como seguros, almacenamiento, b\u00fasqueda de viviendas y colegios, servicios de instalaci\u00f3n y transporte de mascotas y veh\u00edculos.<\/p>\n<p>P\u00e1gina web: <a href=\"https:\/\/www.santaferelo.com\/en\/contact\/our-offices\/czech-republic-prague\/\" target=\"_blank\" rel=\"noopener\">https:\/\/www.santaferelo.com\/en\/contact\/our-offices\/czech-republic-prague\/<\/a><\/p>\n<h2><span class=\"ez-toc-section\" id=\"2_Voerman_International\"><\/span><strong>2. Voerman Internacional<\/strong><span class=\"ez-toc-section-end\"><\/span><\/h2>\n<p><img loading=\"lazy\" decoding=\"async\" class=\"alignnone size-full wp-image-6011\" src=\"https:\/\/moverdb.com\/wp-content\/uploads\/Voerman-international-moving-company.png\" alt=\"Empresa de mudanzas internacionales Voerman\" width=\"1440\" height=\"683\" data-wp-pid=\"6011\" srcset=\"https:\/\/moverdb.com\/wp-content\/uploads\/Voerman-international-moving-company.png 1440w, https:\/\/moverdb.com\/wp-content\/uploads\/Voerman-international-moving-company-300x142.png 300w, https:\/\/moverdb.com\/wp-content\/uploads\/Voerman-international-moving-company-1024x486.png 1024w, https:\/\/moverdb.com\/wp-content\/uploads\/Voerman-international-moving-company-18x9.png 18w, https:\/\/moverdb.com\/wp-content\/uploads\/Voerman-international-moving-company-600x285.png 600w\" sizes=\"auto, (max-width: 1440px) 100vw, 1440px\" \/><\/p>\n<ul>\n<li>Movimientos nacionales<\/li>\n<li>Traslados internacionales<\/li>\n<li>Servicios de reubicaci\u00f3n<\/li>\n<li>Asistencia en materia de inmigraci\u00f3n y visados<\/li>\n<li>Ayuda para encontrar casa y escuela<\/li>\n<li>Transporte de veh\u00edculos<\/li>\n<li>Traslado de mascotas<\/li>\n<li>Seguros<\/li>\n<li>Almacenamiento de corto a largo plazo<\/li>\n<li>Traslados sostenibles a partir de febrero de 2023<\/li>\n<\/ul>\n<p>Voerman International es una empresa de mudanzas y traslados que opera desde 1986 con oficinas en el <a href=\"https:\/\/moverdb.com\/es\/moving-to-the-netherlands\/\" data-internallinksmanager029f6b8e52c=\"328\" title=\"\u00bfSe muda a los Pa\u00edses Bajos? 2026 Coste de la vida y consejos para el traslado\">Pa\u00edses Bajos<\/a>, Rusia, la Rep\u00fablica Checa y <a href=\"https:\/\/moverdb.com\/es\/moving-to-poland\/\" data-internallinksmanager029f6b8e52c=\"378\" title=\"\u00bfSe muda a Polonia? 2026 Coste de la vida y consejos para el traslado\">Polonia<\/a>. Trabajan en colaboraci\u00f3n con otras agencias internacionales de mudanzas para prestar servicios en todo el mundo. Son miembros de IAM con 26 a\u00f1os de servicio, miembro de la <a href=\"https:\/\/moverdb.com\/es\/harmony-relocation-network\/\" data-internallinksmanager029f6b8e52c=\"20\" title=\"Explicaci\u00f3n de la Red de Reubicaci\u00f3n Harmony (HRN)\">Red de reubicaci\u00f3n Harmony<\/a> y est\u00e1n acreditadas por el FIDI.<\/p>\n<p>Voerman International ofrece un servicio integral que incluye servicios previos y posteriores, como servicios de salida para completar el papeleo y asistencia en materia de inmigraci\u00f3n y visados. Tambi\u00e9n ofrece servicios de instalaci\u00f3n, ayuda para encontrar casa y escuela, servicios de mantenimiento y formaci\u00f3n cultural y ling\u00fc\u00edstica.<\/p>\n<p>P\u00e1gina web: <a href=\"https:\/\/www.voerman.com\/\" target=\"_blank\" rel=\"noopener\">https:\/\/www.voerman.com\/<\/a><\/p>\n<h2><span class=\"ez-toc-section\" id=\"3_Gosselin\"><\/span><strong>3. Gosselin<\/strong><span class=\"ez-toc-section-end\"><\/span><\/h2>\n<p><img loading=\"lazy\" decoding=\"async\" class=\"alignnone size-full wp-image-5954\" src=\"https:\/\/moverdb.com\/wp-content\/uploads\/Gosselin-Czech-Republic-international-moving-company.png\" alt=\"Gosselin Rep\u00fablica Checa empresa de mudanzas internacionales\" width=\"1440\" height=\"682\" data-wp-pid=\"5954\" srcset=\"https:\/\/moverdb.com\/wp-content\/uploads\/Gosselin-Czech-Republic-international-moving-company.png 1440w, https:\/\/moverdb.com\/wp-content\/uploads\/Gosselin-Czech-Republic-international-moving-company-300x142.png 300w, https:\/\/moverdb.com\/wp-content\/uploads\/Gosselin-Czech-Republic-international-moving-company-1024x485.png 1024w, https:\/\/moverdb.com\/wp-content\/uploads\/Gosselin-Czech-Republic-international-moving-company-18x9.png 18w, https:\/\/moverdb.com\/wp-content\/uploads\/Gosselin-Czech-Republic-international-moving-company-600x284.png 600w\" sizes=\"auto, (max-width: 1440px) 100vw, 1440px\" \/><\/p>\n<ul>\n<li>Traslados internacionales<\/li>\n<li>Servicios de reubicaci\u00f3n<\/li>\n<li>Mudanzas dom\u00e9sticas<\/li>\n<li>Traslado de oficinas<\/li>\n<li>Servicio de embalaje con materiales de primera calidad<\/li>\n<li>Transporte terrestre o mar\u00edtimo<\/li>\n<li>Transporte de bellas artes<\/li>\n<li>Traslado de mascotas<\/li>\n<li>Transporte de veh\u00edculos<\/li>\n<li>Instalaciones de almacenamiento<\/li>\n<\/ul>\n<p>Gosselin es un proveedor de servicios de mudanzas internacionales con oficinas en toda Europa, incluida Praga, que se fund\u00f3 en 1992. Tambi\u00e9n cuenta con una red de colaboradores en todo el mundo para realizar mudanzas internacionales. Es miembro de IAM, con 30 a\u00f1os de servicio.<\/p>\n<p>Gosselin ofrece un servicio de mudanzas experimentado que puede trasladar enseres dom\u00e9sticos, oficinas, veh\u00edculos a motor, mascotas y obras de arte dentro y fuera de la Rep\u00fablica Checa. Embalar\u00e1n sus pertenencias con materiales de embalaje de alta calidad. Organizar\u00e1n el transporte por tierra o mar hasta su destino. Prestan servicios a particulares, empresas, diplom\u00e1ticos y embajadas.<\/p>\n<p>P\u00e1gina web: <a href=\"https:\/\/gosselin-moving.com\/en\/czech-republic\" target=\"_blank\" rel=\"noopener\">https:\/\/gosselin-moving.com\/en\/czech-republic<\/a><\/p>\n<h2><span class=\"ez-toc-section\" id=\"4_KAE_International_Movers\"><\/span><strong>4. KAE International Movers<\/strong><span class=\"ez-toc-section-end\"><\/span><\/h2>\n<p><img loading=\"lazy\" decoding=\"async\" class=\"alignnone size-full wp-image-6028\" src=\"https:\/\/moverdb.com\/wp-content\/uploads\/KAE-International-Movers-international-moving-company.png\" alt=\"KAE International Movers empresa de mudanzas internacionales\" width=\"1440\" height=\"681\" data-wp-pid=\"6028\" srcset=\"https:\/\/moverdb.com\/wp-content\/uploads\/KAE-International-Movers-international-moving-company.png 1440w, https:\/\/moverdb.com\/wp-content\/uploads\/KAE-International-Movers-international-moving-company-300x142.png 300w, https:\/\/moverdb.com\/wp-content\/uploads\/KAE-International-Movers-international-moving-company-1024x484.png 1024w, https:\/\/moverdb.com\/wp-content\/uploads\/KAE-International-Movers-international-moving-company-18x9.png 18w, https:\/\/moverdb.com\/wp-content\/uploads\/KAE-International-Movers-international-moving-company-600x284.png 600w\" sizes=\"auto, (max-width: 1440px) 100vw, 1440px\" \/><\/p>\n<ul>\n<li>Movimientos nacionales<\/li>\n<li>Traslados internacionales<\/li>\n<li>Mudanzas dom\u00e9sticas<\/li>\n<li>Traslado de oficinas<\/li>\n<li>Servicios de embalaje<\/li>\n<li>Apoyo aduanero<\/li>\n<li>Seguros<\/li>\n<li>Transporte de bellas artes<\/li>\n<li>Transporte de veh\u00edculos<\/li>\n<li>Soluciones de almacenamiento<\/li>\n<\/ul>\n<p>KAE International Movers es un proveedor de servicios de mudanzas y traslados con oficinas en la Rep\u00fablica Checa y el Reino Unido. <a href=\"https:\/\/moverdb.com\/es\/moving-to-greece\/\" data-internallinksmanager029f6b8e52c=\"353\" title=\"\u00bfSe muda a Grecia? 2026 Coste de la vida y consejos para el traslado\">Grecia<\/a>. Trabajan con agentes de mudanzas internacionales para prestar sus servicios en todo el mundo. Son miembros de IAM con 8 a\u00f1os de servicio.<\/p>\n<p>KAE International Movers ofrece un estudio inicial para evaluar sus necesidades de mudanza y elaborar un presupuesto. Proporcionan un servicio profesional de embalaje para hogares y oficinas que los proteger\u00e1 y etiquetar\u00e1 para su transporte por tierra, mar o aire. Le ayudar\u00e1n con el despacho de aduanas y la documentaci\u00f3n. Tambi\u00e9n ofrecen servicios especializados de transporte de bellas artes y veh\u00edculos.<\/p>\n<p>P\u00e1gina web: <a href=\"http:\/\/www.kaeintlmovers.com\" target=\"_blank\" rel=\"noopener\">http:\/\/www.kaeintlmovers.com<\/a><\/p>\n<h2><span class=\"ez-toc-section\" id=\"5_Fenix_Shipping\"><\/span><strong>5. Env\u00edo Fenix<\/strong><span class=\"ez-toc-section-end\"><\/span><\/h2>\n<p><img loading=\"lazy\" decoding=\"async\" class=\"alignnone size-full wp-image-6027\" src=\"https:\/\/moverdb.com\/wp-content\/uploads\/Fenix-Shipping-international-moving-company.png\" alt=\"Fenix Shipping empresa de mudanzas internacionales\" width=\"1440\" height=\"683\" data-wp-pid=\"6027\" srcset=\"https:\/\/moverdb.com\/wp-content\/uploads\/Fenix-Shipping-international-moving-company.png 1440w, https:\/\/moverdb.com\/wp-content\/uploads\/Fenix-Shipping-international-moving-company-300x142.png 300w, https:\/\/moverdb.com\/wp-content\/uploads\/Fenix-Shipping-international-moving-company-1024x486.png 1024w, https:\/\/moverdb.com\/wp-content\/uploads\/Fenix-Shipping-international-moving-company-18x9.png 18w, https:\/\/moverdb.com\/wp-content\/uploads\/Fenix-Shipping-international-moving-company-600x285.png 600w\" sizes=\"auto, (max-width: 1440px) 100vw, 1440px\" \/><\/p>\n<ul>\n<li>Movimientos nacionales<\/li>\n<li>Traslados internacionales<\/li>\n<li>Servicios de reubicaci\u00f3n<\/li>\n<li>Mudanzas dom\u00e9sticas<\/li>\n<li>Servicio de embalaje<\/li>\n<li>Por carretera, mar y aire<\/li>\n<li>Apoyo aduanero<\/li>\n<li>Servicios de limpieza<\/li>\n<li>Transporte de mascotas<\/li>\n<li>Instalaciones de almacenamiento de corto a largo plazo<\/li>\n<\/ul>\n<p>Fenix Shipping es un proveedor de mudanzas internacionales con sede en Praga que ofrece servicios de mudanzas dentro de la Rep\u00fablica Checa y desde y hacia la Rep\u00fablica Checa. Trabajan con socios de todo el mundo para ofrecer sus servicios internacionales. Son miembros de IAM con 7 a\u00f1os de servicio.<\/p>\n<p>Fenix Shipping ofrece un servicio completo de mudanzas que incluye servicios de embalaje para proteger sus pertenencias, carga de las mismas y transporte por tierra, mar o aire. Tambi\u00e9n gestionan los servicios de aduanas y los documentos necesarios para su mudanza. Sus servicios de reubicaci\u00f3n tambi\u00e9n ayudan con la limpieza y el alquiler de coches.<\/p>\n<p>P\u00e1gina web: <a href=\"http:\/\/www.fenixshipping.cz\" target=\"_blank\" rel=\"noopener\">http:\/\/www.fenixshipping.cz<\/a><\/p>\n<h2><span class=\"ez-toc-section\" id=\"Other_Useful_Guides_to_the_Czech_Republic\"><\/span>Otras gu\u00edas \u00fatiles sobre la Rep\u00fablica Checa<span class=\"ez-toc-section-end\"><\/span><\/h2>\n<ul>\n<li> <a href=\"https:\/\/moverdb.com\/es\/moving-to-the-czech-republic\/\">\u00bfSe muda a la Rep\u00fablica Checa? 2026 Coste de la vida y consejos para el traslado<\/a><\/li>\n<li> <a href=\"https:\/\/moverdb.com\/es\/moving-to-the-czech-republic\/best-places-to-live-in-czech-republic\/\">Los 12 mejores lugares para vivir en la Rep\u00fablica Checa<\/a><\/li>\n<li> <a href=\"https:\/\/moverdb.com\/es\/?page_id=9648&#038;preview=true\">21 secretos sobre vivir en la Rep\u00fablica Checa que debe conocer antes de mudarse<\/a><\/li>\n<li> <a href=\"https:\/\/moverdb.com\/es\/transporte-de-contenedores\/republica-checa\/\">2024 Tarifas de transporte mar\u00edtimo de contenedores desde y hacia la Rep\u00fablica Checa<\/a><\/li>\n<\/ul>","protected":false},"excerpt":{"rendered":"<p>Moving can be a stressful time which is why many people seek the assistance of a moving company to help ease the burden. Whether you are moving yourself or your business locally or internationally, there is a company that can help. Below we have compiled a list of Czech Republic removal companies that are members [&hellip;]<\/p>\n","protected":false},"author":4,"featured_media":0,"parent":190,"menu_order":0,"comment_status":"closed","ping_status":"closed","template":"","meta":{"_genesis_hide_title":false,"_genesis_hide_breadcrumbs":false,"_genesis_hide_singular_image":false,"_genesis_hide_footer_widgets":false,"_genesis_custom_body_class":"","_genesis_custom_post_class":"","_genesis_layout":"","footnotes":""},"class_list":{"0":"post-6026","1":"page","2":"type-page","3":"status-publish","5":"entry","6":"has-post-thumbnail"},"_links":{"self":[{"href":"https:\/\/moverdb.com\/es\/wp-json\/wp\/v2\/pages\/6026","targetHints":{"allow":["GET"]}}],"collection":[{"href":"https:\/\/moverdb.com\/es\/wp-json\/wp\/v2\/pages"}],"about":[{"href":"https:\/\/moverdb.com\/es\/wp-json\/wp\/v2\/types\/page"}],"author":[{"embeddable":true,"href":"https:\/\/moverdb.com\/es\/wp-json\/wp\/v2\/users\/4"}],"replies":[{"embeddable":true,"href":"https:\/\/moverdb.com\/es\/wp-json\/wp\/v2\/comments?post=6026"}],"version-history":[{"count":4,"href":"https:\/\/moverdb.com\/es\/wp-json\/wp\/v2\/pages\/6026\/revisions"}],"predecessor-version":[{"id":16359,"href":"https:\/\/moverdb.com\/es\/wp-json\/wp\/v2\/pages\/6026\/revisions\/16359"}],"up":[{"embeddable":true,"href":"https:\/\/moverdb.com\/es\/wp-json\/wp\/v2\/pages\/190"}],"wp:attachment":[{"href":"https:\/\/moverdb.com\/es\/wp-json\/wp\/v2\/media?parent=6026"}],"curies":[{"name":"wp","href":"https:\/\/api.w.org\/{rel}","templated":true}]}}