{"id":6024,"date":"2023-02-01T12:30:48","date_gmt":"2023-02-01T12:30:48","guid":{"rendered":"https:\/\/moverdb.com\/?page_id=6024"},"modified":"2026-01-08T15:23:41","modified_gmt":"2026-01-08T15:23:41","slug":"empresas-de-mudanzas-en-chipre","status":"publish","type":"page","link":"https:\/\/moverdb.com\/es\/moving-companies\/moving-companies-in-cyprus\/","title":{"rendered":"2 Mejores Empresas de Mudanzas Internacionales en Chipre"},"content":{"rendered":"<p>Si se muda en <a href=\"https:\/\/moverdb.com\/es\/moving-to-cyprus\/\" data-internallinksmanager029f6b8e52c=\"377\" title=\"\u00bfMudarse a Chipre? 2026 Coste de la vida y consejos para la reubicaci\u00f3n\">Chipre<\/a>o se traslada a Chipre o desde Chipre, es posible que desee ayuda para su mudanza de una empresa de mudanzas o <a href=\"https:\/\/moverdb.com\/es\/relocation-agents\/\" data-internallinksmanager029f6b8e52c=\"1\" title=\"7 razones por las que deber\u00eda utilizar un agente de reubicaci\u00f3n\">agente de reubicaci\u00f3n<\/a> que pueden eliminar parte del estr\u00e9s. A continuaci\u00f3n hemos recopilado una lista de Chipre <a href=\"https:\/\/moverdb.com\/es\/international-removals\/\" data-internallinksmanager029f6b8e52c=\"27\" title=\"36 mejores empresas de mudanzas internacionales del Reino Unido\">empresas de mudanzas<\/a> que son miembros de la <a href=\"https:\/\/moverdb.com\/es\/iam\/\" data-internallinksmanager029f6b8e52c=\"23\" title=\"Explicaci\u00f3n de la Asociaci\u00f3n Internacional de Empresas de Mudanzas (IAM)\">Asociaci\u00f3n Internacional de Empresas de Mudanzas<\/a> (IAM) y\/o <a href=\"https:\/\/moverdb.com\/es\/fidi-faim\/\" data-internallinksmanager029f6b8e52c=\"16\" title=\"Explicaci\u00f3n del FIDI y del FAIM (FIDI Accredited International Mover)\">FIDI<\/a> Empresa de mudanzas internacionales acreditada (FAIM) que podr\u00eda ayudarle.<\/p>\n<h2><strong>1. Columbia Worldwide Movers<\/strong><\/h2>\n<p><img loading=\"lazy\" decoding=\"async\" class=\"alignnone size-full wp-image-5936\" src=\"https:\/\/moverdb.com\/wp-content\/uploads\/Columbia-Worldwide-Movers-international-moving-company.png\" alt=\"Columbia Worldwide Movers empresa de mudanzas internacionales\" width=\"1440\" height=\"682\" data-wp-pid=\"5936\" srcset=\"https:\/\/moverdb.com\/wp-content\/uploads\/Columbia-Worldwide-Movers-international-moving-company.png 1440w, https:\/\/moverdb.com\/wp-content\/uploads\/Columbia-Worldwide-Movers-international-moving-company-300x142.png 300w, https:\/\/moverdb.com\/wp-content\/uploads\/Columbia-Worldwide-Movers-international-moving-company-1024x485.png 1024w, https:\/\/moverdb.com\/wp-content\/uploads\/Columbia-Worldwide-Movers-international-moving-company-18x9.png 18w, https:\/\/moverdb.com\/wp-content\/uploads\/Columbia-Worldwide-Movers-international-moving-company-600x284.png 600w\" sizes=\"auto, (max-width: 1440px) 100vw, 1440px\" \/><\/p>\n<ul>\n<li>Movimientos nacionales<\/li>\n<li>Traslados internacionales<\/li>\n<li>Servicios de reubicaci\u00f3n<\/li>\n<li>Mudanzas dom\u00e9sticas<\/li>\n<li>Movimientos de negocios<\/li>\n<li>Servicios de embalaje<\/li>\n<li>Tierra, mar y aire<\/li>\n<li>Transporte de mascotas<\/li>\n<li><a href=\"https:\/\/moverdb.com\/es\/car-transport-shipping\/\" data-internallinksmanager029f6b8e52c=\"2\" title=\"2026 Cotizaciones de transporte internacional de coches y env\u00edo de veh\u00edculos\">Env\u00edo de veh\u00edculos<\/a><\/li>\n<li>Instalaciones de almacenamiento<\/li>\n<\/ul>\n<p>Columbia Worldwide Movers se fund\u00f3 en 1994 como proveedor de servicios de mudanzas y almacenamiento. Ofrecen servicios de mudanzas y traslados nacionales e internacionales para hogares y empresas. Realizan sus mudanzas internacionales en colaboraci\u00f3n con agentes de mudanzas de confianza en otros pa\u00edses. Son miembros de IAM con 28 a\u00f1os de servicio y est\u00e1n acreditados por FIDI.<\/p>\n<p>Columbia Worldwide Movers proporciona soluciones de mudanza personalizadas que ofrecen un servicio puerta a puerta que incluye la organizaci\u00f3n del embalaje de sus pertenencias y la organizaci\u00f3n del env\u00edo por tierra, mar o aire con despacho de aduanas. Tambi\u00e9n ofrecen servicios especializados de transporte de mascotas y veh\u00edculos.<\/p>\n<p>P\u00e1gina web: <a href=\"http:\/\/www.columbiamovers.com\" target=\"_blank\" rel=\"noopener\">http:\/\/www.columbiamovers.com<\/a><\/p>\n<h2><strong>2. Orbit Moving and Storage<\/strong><\/h2>\n<p><img loading=\"lazy\" decoding=\"async\" class=\"alignnone size-full wp-image-5988\" src=\"https:\/\/moverdb.com\/wp-content\/uploads\/Orbit-Moving-and-Storage-international-moving-company.png\" alt=\"Orbit Moving and Storage empresa de mudanzas internacionales\" width=\"1440\" height=\"679\" data-wp-pid=\"5988\" srcset=\"https:\/\/moverdb.com\/wp-content\/uploads\/Orbit-Moving-and-Storage-international-moving-company.png 1440w, https:\/\/moverdb.com\/wp-content\/uploads\/Orbit-Moving-and-Storage-international-moving-company-300x141.png 300w, https:\/\/moverdb.com\/wp-content\/uploads\/Orbit-Moving-and-Storage-international-moving-company-1024x483.png 1024w, https:\/\/moverdb.com\/wp-content\/uploads\/Orbit-Moving-and-Storage-international-moving-company-18x8.png 18w, https:\/\/moverdb.com\/wp-content\/uploads\/Orbit-Moving-and-Storage-international-moving-company-600x283.png 600w\" sizes=\"auto, (max-width: 1440px) 100vw, 1440px\" \/><\/p>\n<ul>\n<li>Traslados locales<\/li>\n<li>Traslados internacionales<\/li>\n<li>Servicios de reubicaci\u00f3n<\/li>\n<li>Mudanzas residenciales<\/li>\n<li>Traslado de oficinas<\/li>\n<li>Servicios de embalaje<\/li>\n<li>Transporte de bellas artes<\/li>\n<li>Env\u00edo de mascotas<\/li>\n<li>Env\u00edo de veh\u00edculos<\/li>\n<li>Servicios de almacenamiento<\/li>\n<\/ul>\n<p>Orbit Moving and Storage es una empresa internacional de mudanzas y almacenamiento que lleva operando desde 1982. Forma parte del grupo de empresas Orphee Beingoglou, proveedor de servicios de transporte y log\u00edstica. Disponen de una red mundial de agentes de mudanzas para ayudarle con sus traslados internacionales. Son miembros de IAM con 40 a\u00f1os de servicio y est\u00e1n acreditados por FIDI.<\/p>\n<p>Orbit Moving and Storage ofrece servicios de mudanzas personales y empresariales que se prestan utilizando la tecnolog\u00eda y los materiales de embalaje m\u00e1s modernos. Ofrecen un servicio de embalaje profesional y organizan el transporte de sus pertenencias, incluido un servicio especializado para obras de arte, mascotas y veh\u00edculos.<\/p>\n<p>P\u00e1gina web: <a href=\"http:\/\/www.orbitcy.com\/\" target=\"_blank\" rel=\"noopener\">http:\/\/www.orbitcy.com\/<\/a><\/p>\n<p>V\u00e9ase tambi\u00e9n:<\/p>\n<ul>\n<li> <a href=\"https:\/\/moverdb.com\/es\/moving-to-cyprus\/living-in-cyprus\/\">20 secretos sobre la vida en Chipre que debe conocer antes de mudarse<\/a><\/li>\n<li> <a href=\"https:\/\/moverdb.com\/es\/moving-to-cyprus\/\">\u00bfSe muda a Chipre? Coste de la vida y consejos para la reubicaci\u00f3n<\/a><\/li>\n<li> <a href=\"https:\/\/moverdb.com\/es\/transporte-de-contenedores\/chipre\/\">Tarifas de portacontenedores desde y hacia Chipre<\/a><\/li>\n<\/ul>","protected":false},"excerpt":{"rendered":"<p>If you are moving home in Cyprus, or moving to or from Cyprus you might want some help with your move from a moving or relocation agent that can take away some of the stress. Below we have compiled a list of Cyprus removal companies that are members of the International Association of Movers (IAM) [&hellip;]<\/p>\n","protected":false},"author":4,"featured_media":0,"parent":190,"menu_order":0,"comment_status":"closed","ping_status":"closed","template":"","meta":{"_genesis_hide_title":false,"_genesis_hide_breadcrumbs":false,"_genesis_hide_singular_image":false,"_genesis_hide_footer_widgets":false,"_genesis_custom_body_class":"","_genesis_custom_post_class":"","_genesis_layout":"","footnotes":""},"class_list":{"0":"post-6024","1":"page","2":"type-page","3":"status-publish","5":"entry","6":"has-post-thumbnail"},"_links":{"self":[{"href":"https:\/\/moverdb.com\/es\/wp-json\/wp\/v2\/pages\/6024","targetHints":{"allow":["GET"]}}],"collection":[{"href":"https:\/\/moverdb.com\/es\/wp-json\/wp\/v2\/pages"}],"about":[{"href":"https:\/\/moverdb.com\/es\/wp-json\/wp\/v2\/types\/page"}],"author":[{"embeddable":true,"href":"https:\/\/moverdb.com\/es\/wp-json\/wp\/v2\/users\/4"}],"replies":[{"embeddable":true,"href":"https:\/\/moverdb.com\/es\/wp-json\/wp\/v2\/comments?post=6024"}],"version-history":[{"count":4,"href":"https:\/\/moverdb.com\/es\/wp-json\/wp\/v2\/pages\/6024\/revisions"}],"predecessor-version":[{"id":15035,"href":"https:\/\/moverdb.com\/es\/wp-json\/wp\/v2\/pages\/6024\/revisions\/15035"}],"up":[{"embeddable":true,"href":"https:\/\/moverdb.com\/es\/wp-json\/wp\/v2\/pages\/190"}],"wp:attachment":[{"href":"https:\/\/moverdb.com\/es\/wp-json\/wp\/v2\/media?parent=6024"}],"curies":[{"name":"wp","href":"https:\/\/api.w.org\/{rel}","templated":true}]}}