{"id":6022,"date":"2023-02-01T12:31:45","date_gmt":"2023-02-01T12:31:45","guid":{"rendered":"https:\/\/moverdb.com\/?page_id=6022"},"modified":"2026-01-08T15:23:40","modified_gmt":"2026-01-08T15:23:40","slug":"mudanzas-curacao","status":"publish","type":"page","link":"https:\/\/moverdb.com\/es\/moving-companies\/moving-companies-curacao\/","title":{"rendered":"2 Mejores Empresas de Mudanzas Internacionales en Cura\u00e7ao"},"content":{"rendered":"<p>Mudarse de casa o de oficina puede ser estresante y llevar mucho tiempo, por lo que contar con el apoyo de una empresa de mudanzas o traslados puede ayudarle a aligerar su carga y beneficiarse de su experiencia. A continuaci\u00f3n enumeramos <a href=\"https:\/\/moverdb.com\/es\/moving-to-curacao\/\" data-internallinksmanager029f6b8e52c=\"429\" title=\"\u00bfSe muda a Cura\u00e7ao? 2026 Coste de vida y consejos de reubicaci\u00f3n\">Curacao<\/a> <a href=\"https:\/\/moverdb.com\/es\/international-removals\/\" data-internallinksmanager029f6b8e52c=\"27\" title=\"36 mejores empresas de mudanzas internacionales del Reino Unido\">empresas de mudanzas<\/a> que son miembros de la <a href=\"https:\/\/moverdb.com\/es\/iam\/\" data-internallinksmanager029f6b8e52c=\"23\" title=\"Explicaci\u00f3n de la Asociaci\u00f3n Internacional de Empresas de Mudanzas (IAM)\">Asociaci\u00f3n Internacional de Empresas de Mudanzas<\/a> (IAM) y\/o <a href=\"https:\/\/moverdb.com\/es\/fidi-faim\/\" data-internallinksmanager029f6b8e52c=\"16\" title=\"Explicaci\u00f3n del FIDI y del FAIM (FIDI Accredited International Mover)\">FIDI<\/a> Accredited International Mover (FAIM) que podr\u00edan ayudarle.<\/p>\n<h2><strong>1. AGS Meyer<\/strong><\/h2>\n<p><img loading=\"lazy\" decoding=\"async\" class=\"alignnone size-full wp-image-5918\" src=\"https:\/\/moverdb.com\/wp-content\/uploads\/AGS-Meyer-international-moving-company.png\" alt=\"AGS Meyer empresa de mudanzas internacionales\" width=\"1440\" height=\"684\" data-wp-pid=\"5918\" srcset=\"https:\/\/moverdb.com\/wp-content\/uploads\/AGS-Meyer-international-moving-company.png 1440w, https:\/\/moverdb.com\/wp-content\/uploads\/AGS-Meyer-international-moving-company-300x143.png 300w, https:\/\/moverdb.com\/wp-content\/uploads\/AGS-Meyer-international-moving-company-1024x486.png 1024w, https:\/\/moverdb.com\/wp-content\/uploads\/AGS-Meyer-international-moving-company-18x9.png 18w, https:\/\/moverdb.com\/wp-content\/uploads\/AGS-Meyer-international-moving-company-600x285.png 600w\" sizes=\"auto, (max-width: 1440px) 100vw, 1440px\" \/><\/p>\n<ul>\n<li>Traslados locales<\/li>\n<li>Traslados internacionales<\/li>\n<li>Mudanzas dom\u00e9sticas<\/li>\n<li>Desplazamientos de empresas<\/li>\n<li>Servicio puerta a puerta<\/li>\n<li>Servicios de embalaje<\/li>\n<li>Transporte terrestre, a\u00e9reo y mar\u00edtimo<\/li>\n<li>Tr\u00e1mites aduaneros<\/li>\n<li>Acreditado por el FIDI<\/li>\n<li>Servicios de almacenamiento<\/li>\n<\/ul>\n<p>AGS Meyer es una <a href=\"https:\/\/moverdb.com\/es\/moving-companies\/\" data-internallinksmanager029f6b8e52c=\"79\" title=\"Las 25 mejores empresas de mudanzas internacionales en l\u00ednea\">empresa de mudanzas<\/a> fundada en 1959 en Cura\u00e7ao para realizar mudanzas locales e internacionales de hogares y empresas, cuenta con 7 sucursales en el Caribe. Disponen de una red mundial de agentes de mudanzas afiliados para realizar mudanzas internacionales. Son miembros de IAM con 63 a\u00f1os de servicio y est\u00e1n acreditados por FIDI.<\/p>\n<p>AGS Meyer ofrece un servicio de mudanzas puerta a puerta que incluye traslados, mudanzas y almacenamiento a clientes particulares, empresas y agencias diplom\u00e1ticas. Le asesorar\u00e1n sobre su mudanza y le ayudar\u00e1n en todo momento. Embalar\u00e1n sus pertenencias de forma segura, organizar\u00e1n el transporte y los tr\u00e1mites aduaneros y desembalar\u00e1n en su destino.<\/p>\n<p>P\u00e1gina web: <a href=\"https:\/\/www.meyermoving.com\/\" target=\"_blank\" rel=\"noopener\">https:\/\/www.meyermoving.com\/<\/a><\/p>\n<h2><strong>2. Servicios de mudanzas del Caribe<\/strong><\/h2>\n<p><img loading=\"lazy\" decoding=\"async\" class=\"alignnone size-full wp-image-5933\" src=\"https:\/\/moverdb.com\/wp-content\/uploads\/Caribbean-Moving-Services-international-moving-company.png\" alt=\"Caribbean Moving Services empresa de mudanzas internacionales\" width=\"1440\" height=\"680\" data-wp-pid=\"5933\" srcset=\"https:\/\/moverdb.com\/wp-content\/uploads\/Caribbean-Moving-Services-international-moving-company.png 1440w, https:\/\/moverdb.com\/wp-content\/uploads\/Caribbean-Moving-Services-international-moving-company-300x142.png 300w, https:\/\/moverdb.com\/wp-content\/uploads\/Caribbean-Moving-Services-international-moving-company-1024x484.png 1024w, https:\/\/moverdb.com\/wp-content\/uploads\/Caribbean-Moving-Services-international-moving-company-18x9.png 18w, https:\/\/moverdb.com\/wp-content\/uploads\/Caribbean-Moving-Services-international-moving-company-600x283.png 600w\" sizes=\"auto, (max-width: 1440px) 100vw, 1440px\" \/><\/p>\n<ul>\n<li>Traslados locales<\/li>\n<li>Traslados internacionales<\/li>\n<li>Mudanzas residenciales<\/li>\n<li>Traslado de oficinas<\/li>\n<li>Plan de reubicaci\u00f3n a medida<\/li>\n<li>Servicio de embalaje<\/li>\n<li>Desmontar y montar muebles<\/li>\n<li>Tierra, mar y aire<\/li>\n<li>Despacho de aduanas<\/li>\n<li>Instalaciones de almacenamiento<\/li>\n<\/ul>\n<p>Caribbean Moving Services es una empresa de mudanzas de Willemstad que forma parte de un grupo de empresas que incluye Caribbean Cargo Services y G&amp;V Free Zone. Se fund\u00f3 en 1981 como empresa de carga y se expandi\u00f3 a los servicios de mudanzas en 1994 para convertirse en la mayor empresa de mudanzas de la isla. Son miembros de IAM con 28 a\u00f1os de servicio y est\u00e1n acreditados por FIDI.<\/p>\n<p>Caribbean Moving Services ofrece un servicio integral de mudanzas que comienza con un estudio y un \u00fanico punto de contacto. Proporcionan un servicio de embalaje profesional que incluye el desmontaje de muebles y el embalaje seguro de las pertenencias. Organizan el transporte por tierra, mar o aire con despacho de aduanas y, a continuaci\u00f3n, embalan y montan los muebles.<\/p>\n<p>P\u00e1gina web: <a href=\"https:\/\/www.cmscur.com\/\" target=\"_blank\" rel=\"noopener\">https:\/\/www.cmscur.com\/<\/a><\/p>","protected":false},"excerpt":{"rendered":"<p>Moving home or office can be stressful and time-consuming so getting some support from a moving or relocation company can help lighten your load and you can benefit from their experience. Below we have listed Curacao removal companies that are members of the International Association of Movers (IAM) and\/or FIDI Accredited International Mover (FAIM) who [&hellip;]<\/p>\n","protected":false},"author":4,"featured_media":0,"parent":190,"menu_order":0,"comment_status":"closed","ping_status":"closed","template":"","meta":{"_genesis_hide_title":false,"_genesis_hide_breadcrumbs":false,"_genesis_hide_singular_image":false,"_genesis_hide_footer_widgets":false,"_genesis_custom_body_class":"","_genesis_custom_post_class":"","_genesis_layout":"","footnotes":""},"class_list":{"0":"post-6022","1":"page","2":"type-page","3":"status-publish","5":"entry","6":"has-post-thumbnail"},"_links":{"self":[{"href":"https:\/\/moverdb.com\/es\/wp-json\/wp\/v2\/pages\/6022","targetHints":{"allow":["GET"]}}],"collection":[{"href":"https:\/\/moverdb.com\/es\/wp-json\/wp\/v2\/pages"}],"about":[{"href":"https:\/\/moverdb.com\/es\/wp-json\/wp\/v2\/types\/page"}],"author":[{"embeddable":true,"href":"https:\/\/moverdb.com\/es\/wp-json\/wp\/v2\/users\/4"}],"replies":[{"embeddable":true,"href":"https:\/\/moverdb.com\/es\/wp-json\/wp\/v2\/comments?post=6022"}],"version-history":[{"count":1,"href":"https:\/\/moverdb.com\/es\/wp-json\/wp\/v2\/pages\/6022\/revisions"}],"predecessor-version":[{"id":6023,"href":"https:\/\/moverdb.com\/es\/wp-json\/wp\/v2\/pages\/6022\/revisions\/6023"}],"up":[{"embeddable":true,"href":"https:\/\/moverdb.com\/es\/wp-json\/wp\/v2\/pages\/190"}],"wp:attachment":[{"href":"https:\/\/moverdb.com\/es\/wp-json\/wp\/v2\/media?parent=6022"}],"curies":[{"name":"wp","href":"https:\/\/api.w.org\/{rel}","templated":true}]}}