{"id":6020,"date":"2023-02-01T13:55:01","date_gmt":"2023-02-01T13:55:01","guid":{"rendered":"https:\/\/moverdb.com\/?page_id=6020"},"modified":"2026-01-08T15:29:53","modified_gmt":"2026-01-08T15:29:53","slug":"empresas-de-mudanzas-croacia","status":"publish","type":"page","link":"https:\/\/moverdb.com\/es\/moving-companies\/moving-companies-croatia\/","title":{"rendered":"Las mejores empresas de mudanzas internacionales en Croacia"},"content":{"rendered":"<p>Si va a mudarse de casa o de empresa en <a href=\"https:\/\/moverdb.com\/es\/moving-to-croatia\/\" data-internallinksmanager029f6b8e52c=\"428\" title=\"\u00bfSe muda a Croacia? 2026 Coste de la vida y consejos para el traslado\">Croacia<\/a>o hacia o desde Croacia, es posible que desee ayuda con su mudanza. Para ayudar a los que se mudan hemos compilado una lista de croatas <a href=\"https:\/\/moverdb.com\/es\/international-removals\/\" data-internallinksmanager029f6b8e52c=\"27\" title=\"36 mejores empresas de mudanzas internacionales del Reino Unido\">empresas de mudanzas<\/a> abajo que son miembros de la <a href=\"https:\/\/moverdb.com\/es\/iam\/\" data-internallinksmanager029f6b8e52c=\"23\" title=\"Explicaci\u00f3n de la Asociaci\u00f3n Internacional de Empresas de Mudanzas (IAM)\">Asociaci\u00f3n Internacional de Empresas de Mudanzas<\/a> (IAM) y\/o <a href=\"https:\/\/moverdb.com\/es\/fidi-faim\/\" data-internallinksmanager029f6b8e52c=\"16\" title=\"Explicaci\u00f3n del FIDI y del FAIM (FIDI Accredited International Mover)\">FIDI<\/a> Acreditado como empresa de mudanzas internacionales (FAIM).<\/p>\n<h2><strong>Gosselin<\/strong><\/h2>\n<p><img loading=\"lazy\" decoding=\"async\" class=\"alignnone size-full wp-image-5953\" src=\"https:\/\/moverdb.com\/wp-content\/uploads\/Gosselin-Croatia-international-moving-company.png\" alt=\"Empresa de mudanzas internacionales Gosselin Croatia\" width=\"1440\" height=\"680\" data-wp-pid=\"5953\" srcset=\"https:\/\/moverdb.com\/wp-content\/uploads\/Gosselin-Croatia-international-moving-company.png 1440w, https:\/\/moverdb.com\/wp-content\/uploads\/Gosselin-Croatia-international-moving-company-300x142.png 300w, https:\/\/moverdb.com\/wp-content\/uploads\/Gosselin-Croatia-international-moving-company-1024x484.png 1024w, https:\/\/moverdb.com\/wp-content\/uploads\/Gosselin-Croatia-international-moving-company-18x9.png 18w, https:\/\/moverdb.com\/wp-content\/uploads\/Gosselin-Croatia-international-moving-company-600x283.png 600w\" sizes=\"auto, (max-width: 1440px) 100vw, 1440px\" \/><\/p>\n<ul>\n<li>Movimientos nacionales<\/li>\n<li>Traslados internacionales<\/li>\n<li>Mudanzas dom\u00e9sticas<\/li>\n<li>Traslado de oficinas y embajadas<\/li>\n<li>Mudanzas de alta calidad con personal cualificado<\/li>\n<li>Servicio de embalaje y desembalaje<\/li>\n<li>Bellas artes en movimiento<\/li>\n<li>Transporte de mascotas<\/li>\n<li>Env\u00edo de veh\u00edculos<\/li>\n<li>Almacenamiento de corto a largo plazo<\/li>\n<\/ul>\n<p>Gosselin es una <a href=\"https:\/\/moverdb.com\/es\/moving-companies\/\" data-internallinksmanager029f6b8e52c=\"79\" title=\"Las 25 mejores empresas de mudanzas internacionales en l\u00ednea\">empresa de mudanzas internacionales<\/a> que tiene oficinas en todo el mundo y opera desde 1930. Llevan m\u00e1s de 20 a\u00f1os prestando servicios de mudanzas en Croacia desde su base en Zagreb. Son miembros de IAM con 9 a\u00f1os de servicio.<\/p>\n<p>Gosselin ofrece un servicio de mudanzas profesional que se ocupa de traslados excepcionalmente grandes o peque\u00f1os que tambi\u00e9n pueden incluir obras de arte que requieran una manipulaci\u00f3n m\u00e1s cuidadosa, y servicios m\u00e1s especializados como el transporte de mascotas y veh\u00edculos. Disponen de personal cualificado que trabaja con est\u00e1ndares de alta calidad en la protecci\u00f3n de sus pertenencias en tr\u00e1nsito y desembalan sus pertenencias a la llegada.<\/p>\n<p>P\u00e1gina web: <a href=\"https:\/\/gosselin-moving.com\/en\/southeast-europe\" target=\"_blank\" rel=\"noopener\">https:\/\/gosselin-moving.com\/en\/southeast-europe<\/a><\/p>\n<h2>Otras gu\u00edas \u00fatiles sobre Croacia<\/h2>\n<ul>\n<li> <a href=\"https:\/\/moverdb.com\/es\/transporte-de-contenedores\/croacia\/\">2024 Tarifas de transporte mar\u00edtimo de contenedores desde y hacia Croacia<\/a><\/li>\n<li> <a href=\"https:\/\/moverdb.com\/es\/moving-to-croatia\/\">\u00bfSe muda a Croacia? 2026 Coste de la vida y consejos de reubicaci\u00f3n<\/a><\/li>\n<li> <a href=\"https:\/\/moverdb.com\/es\/moving-to-croatia\/living-in-croatia\/\">21 secretos sobre la vida en Croacia que debe conocer antes de mudarse<\/a><\/li>\n<\/ul>","protected":false},"excerpt":{"rendered":"<p>If you are moving home or business in Croatia, or to or from Croatia, you might want some help with your move. To assist those that are moving we have compiled a list of Croatian removal companies below that are members of the International Association of Movers (IAM) and\/or FIDI Accredited International Mover (FAIM). Gosselin [&hellip;]<\/p>\n","protected":false},"author":4,"featured_media":0,"parent":190,"menu_order":0,"comment_status":"closed","ping_status":"closed","template":"","meta":{"_genesis_hide_title":false,"_genesis_hide_breadcrumbs":false,"_genesis_hide_singular_image":false,"_genesis_hide_footer_widgets":false,"_genesis_custom_body_class":"","_genesis_custom_post_class":"","_genesis_layout":"","footnotes":""},"class_list":{"0":"post-6020","1":"page","2":"type-page","3":"status-publish","5":"entry","6":"has-post-thumbnail"},"_links":{"self":[{"href":"https:\/\/moverdb.com\/es\/wp-json\/wp\/v2\/pages\/6020","targetHints":{"allow":["GET"]}}],"collection":[{"href":"https:\/\/moverdb.com\/es\/wp-json\/wp\/v2\/pages"}],"about":[{"href":"https:\/\/moverdb.com\/es\/wp-json\/wp\/v2\/types\/page"}],"author":[{"embeddable":true,"href":"https:\/\/moverdb.com\/es\/wp-json\/wp\/v2\/users\/4"}],"replies":[{"embeddable":true,"href":"https:\/\/moverdb.com\/es\/wp-json\/wp\/v2\/comments?post=6020"}],"version-history":[{"count":2,"href":"https:\/\/moverdb.com\/es\/wp-json\/wp\/v2\/pages\/6020\/revisions"}],"predecessor-version":[{"id":18351,"href":"https:\/\/moverdb.com\/es\/wp-json\/wp\/v2\/pages\/6020\/revisions\/18351"}],"up":[{"embeddable":true,"href":"https:\/\/moverdb.com\/es\/wp-json\/wp\/v2\/pages\/190"}],"wp:attachment":[{"href":"https:\/\/moverdb.com\/es\/wp-json\/wp\/v2\/media?parent=6020"}],"curies":[{"name":"wp","href":"https:\/\/api.w.org\/{rel}","templated":true}]}}