{"id":5631,"date":"2022-11-28T15:27:20","date_gmt":"2022-11-28T15:27:20","guid":{"rendered":"https:\/\/moverdb.com\/?page_id=5631"},"modified":"2026-01-08T13:18:59","modified_gmt":"2026-01-08T13:18:59","slug":"movimiento-sin-tension","status":"publish","type":"page","link":"https:\/\/moverdb.com\/es\/stress-free-move\/","title":{"rendered":"C\u00f3mo hacer que su mudanza internacional no sea estresante"},"content":{"rendered":"<p><span style=\"font-weight: 400;\">Mudarse al extranjero es sin duda un momento emocionante, lleno de emociones encontradas, pero si alguna vez ha tenido que mudarse, sabr\u00e1 que es cualquier cosa menos una experiencia relajante y agradable. <\/span><\/p>\n<p><span style=\"font-weight: 400;\">Si una mudanza en su propio pa\u00eds puede ser a veces abrumadora, s\u00f3lo puede imaginar lo dif\u00edcil que ser\u00e1 cuando se traslade a otro pa\u00eds.<\/span><\/p>\n<p><img loading=\"lazy\" decoding=\"async\" class=\"aligncenter size-full wp-image-5632\" src=\"https:\/\/moverdb.com\/wp-content\/uploads\/stress-free-move.jpg\" alt=\"Mudanza sin estr\u00e9s\" width=\"1000\" height=\"667\" data-wp-pid=\"5632\" srcset=\"https:\/\/moverdb.com\/wp-content\/uploads\/stress-free-move.jpg 1000w, https:\/\/moverdb.com\/wp-content\/uploads\/stress-free-move-300x200.jpg 300w, https:\/\/moverdb.com\/wp-content\/uploads\/stress-free-move-18x12.jpg 18w, https:\/\/moverdb.com\/wp-content\/uploads\/stress-free-move-600x400.jpg 600w\" sizes=\"auto, (max-width: 1000px) 100vw, 1000px\" \/><\/p>\n<p><span style=\"font-weight: 400;\">No s\u00f3lo hay que ocuparse de los procedimientos habituales de la mudanza, sino que hay varios adicionales que pueden hacer que toda esta experiencia sea bastante angustiosa y produzca ansiedad.&nbsp;<\/span><\/p>\n<p><span style=\"font-weight: 400;\">Es completamente comprensible sentirse estresado y abrumado en ocasiones, pero siempre que est\u00e9 bien preparado y organizado, adem\u00e1s de disponer de tiempo suficiente y empezar con antelaci\u00f3n, puede ayudarse a s\u00ed mismo a superar la frustraci\u00f3n y hacer que la experiencia de la mudanza sea lo m\u00e1s suave posible.&nbsp;<\/span><\/p>\n<p><span style=\"font-weight: 400;\">Los expertos inmobiliarios de<\/span><span style=\"font-weight: 400;\"><a href=\"http:\/\/www.housesalesdirect.com\/\" target=\"_blank\" rel=\"noopener\"> Venta directa de casas <\/a>estudi\u00f3 la forma de garantizar que su mudanza internacional de casa se realizara de forma eficiente y sin estr\u00e9s, al tiempo que se ocupaba de factores adicionales como la inmigraci\u00f3n, el env\u00edo a trav\u00e9s del pa\u00eds y las aduanas. <\/span><\/p>\n<p><span style=\"font-weight: 400;\">Disponer de una lista de comprobaci\u00f3n clara y s\u00f3lida le ayudar\u00e1 a transformar el proceso de mudanza, en cierto modo ca\u00f3tico, en un proceso sin dolor.&nbsp;<\/span><\/p>\n<div id=\"ez-toc-container\" class=\"ez-toc-v2_0_82_2 ez-toc-wrap-left counter-hierarchy ez-toc-counter ez-toc-transparent ez-toc-container-direction\">\n<div class=\"ez-toc-title-container\">\n<p class=\"ez-toc-title\" style=\"cursor:inherit\">Secciones<\/p>\n<span class=\"ez-toc-title-toggle\"><a href=\"#\" class=\"ez-toc-pull-right ez-toc-btn ez-toc-btn-xs ez-toc-btn-default ez-toc-toggle\" aria-label=\"Alternar tabla de contenidos\"><span class=\"ez-toc-js-icon-con\"><span class=\"\"><span class=\"eztoc-hide\" style=\"display:none;\">Toggle<\/span><span class=\"ez-toc-icon-toggle-span\"><svg style=\"fill: #999;color:#999\" xmlns=\"http:\/\/www.w3.org\/2000\/svg\" class=\"list-377408\" width=\"20px\" height=\"20px\" viewbox=\"0 0 24 24\" fill=\"none\"><path d=\"M6 6H4v2h2V6zm14 0H8v2h12V6zM4 11h2v2H4v-2zm16 0H8v2h12v-2zM4 16h2v2H4v-2zm16 0H8v2h12v-2z\" fill=\"currentColor\"><\/path><\/svg><svg style=\"fill: #999;color:#999\" class=\"arrow-unsorted-368013\" xmlns=\"http:\/\/www.w3.org\/2000\/svg\" width=\"10px\" height=\"10px\" viewbox=\"0 0 24 24\" version=\"1.2\" baseprofile=\"tiny\"><path d=\"M18.2 9.3l-6.2-6.3-6.2 6.3c-.2.2-.3.4-.3.7s.1.5.3.7c.2.2.4.3.7.3h11c.3 0 .5-.1.7-.3.2-.2.3-.5.3-.7s-.1-.5-.3-.7zM5.8 14.7l6.2 6.3 6.2-6.3c.2-.2.3-.5.3-.7s-.1-.5-.3-.7c-.2-.2-.4-.3-.7-.3h-11c-.3 0-.5.1-.7.3-.2.2-.3.5-.3.7s.1.5.3.7z\"\/><\/svg><\/span><\/span><\/span><\/a><\/span><\/div>\n<nav><ul class='ez-toc-list ez-toc-list-level-1 eztoc-toggle-hide-by-default' ><li class='ez-toc-page-1 ez-toc-heading-level-2'><a class=\"ez-toc-link ez-toc-heading-1\" href=\"https:\/\/moverdb.com\/es\/stress-free-move\/#Plan_In_Advance\" >Planificar con antelaci\u00f3n<\/a><\/li><li class='ez-toc-page-1 ez-toc-heading-level-2'><a class=\"ez-toc-link ez-toc-heading-2\" href=\"https:\/\/moverdb.com\/es\/stress-free-move\/#Sort_Out_Immigration\" >Solucionar el problema de la inmigraci\u00f3n<\/a><\/li><li class='ez-toc-page-1 ez-toc-heading-level-2'><a class=\"ez-toc-link ez-toc-heading-3\" href=\"https:\/\/moverdb.com\/es\/stress-free-move\/#Get_Your_Documents_Ready\" >Prepare sus documentos<\/a><\/li><li class='ez-toc-page-1 ez-toc-heading-level-2'><a class=\"ez-toc-link ez-toc-heading-4\" href=\"https:\/\/moverdb.com\/es\/stress-free-move\/#Sort_Out_Your_Finances\" >Ordene sus finanzas<\/a><\/li><li class='ez-toc-page-1 ez-toc-heading-level-2'><a class=\"ez-toc-link ez-toc-heading-5\" href=\"https:\/\/moverdb.com\/es\/stress-free-move\/#Research_International_Moving_Companies\" >Buscar empresas de mudanzas internacionales<\/a><\/li><li class='ez-toc-page-1 ez-toc-heading-level-2'><a class=\"ez-toc-link ez-toc-heading-6\" href=\"https:\/\/moverdb.com\/es\/stress-free-move\/#Make_a_Packing_Checklist\" >Haga una lista de comprobaci\u00f3n del equipaje<\/a><\/li><li class='ez-toc-page-1 ez-toc-heading-level-2'><a class=\"ez-toc-link ez-toc-heading-7\" href=\"https:\/\/moverdb.com\/es\/stress-free-move\/#Reach_Out_To_Providers\" >Llegar a los proveedores<\/a><\/li><li class='ez-toc-page-1 ez-toc-heading-level-2'><a class=\"ez-toc-link ez-toc-heading-8\" href=\"https:\/\/moverdb.com\/es\/stress-free-move\/#Familiarise_Yourself_With_The_Culture\" >Familiar\u00edcese con la cultura<\/a><\/li><li class='ez-toc-page-1 ez-toc-heading-level-2'><a class=\"ez-toc-link ez-toc-heading-9\" href=\"https:\/\/moverdb.com\/es\/stress-free-move\/#In_Conclusion\" >En conclusi\u00f3n<\/a><\/li><\/ul><\/nav><\/div>\n<h2><span class=\"ez-toc-section\" id=\"Plan_In_Advance\"><\/span><b>Planificar con antelaci\u00f3n<\/b><span class=\"ez-toc-section-end\"><\/span><\/h2>\n<p><span style=\"font-weight: 400;\">La mudanza internacional es un proceso bastante largo y si no se le da suficiente tiempo para la planificaci\u00f3n y la preparaci\u00f3n, los l\u00edmites de tiempo van a ser una de las cosas que le van a causar estr\u00e9s y ansiedad. <\/span><\/p>\n<p><span style=\"font-weight: 400;\">Cuanto antes se empiece, m\u00e1s f\u00e1cil ser\u00e1 asegurarse de que todo se est\u00e1 llevando a cabo a tiempo, de que cualquier reto o problema inesperado se resuelve con calma y eficacia y, por \u00faltimo, de que nunca hay que precipitarse.&nbsp;<\/span><\/p>\n<p><span style=\"font-weight: 400;\">La organizaci\u00f3n es la clave y por eso esta lista de cosas que hay que tener en cuenta y preparar va a ser una gu\u00eda \u00fatil a la que podr\u00e1s volver cada vez que te sientas perdido o abrumado por las tareas. <\/span><\/p>\n<p><span style=\"font-weight: 400;\">Gestionar tu tiempo de forma eficiente eliminar\u00e1 cualquier estr\u00e9s innecesario y te dar\u00e1 la confianza y la comodidad de saber que tienes tiempo suficiente para resolverlo todo. Te sugerimos que hagas una lista detallada de tareas para ayudarte a controlar tu progreso y recordarte lo que tienes que hacer a continuaci\u00f3n.&nbsp;<\/span><\/p>\n<h2><span class=\"ez-toc-section\" id=\"Sort_Out_Immigration\"><\/span><b>Solucionar el problema de la inmigraci\u00f3n<\/b><span class=\"ez-toc-section-end\"><\/span><\/h2>\n<p><span style=\"font-weight: 400;\">El proceso de inmigraci\u00f3n conlleva muchas cosas, desde la documentaci\u00f3n legal hasta los requisitos de vacunaci\u00f3n y las leyes espec\u00edficas del pa\u00eds que deber\u00e1 cumplir. Es un proceso complejo y largo que puedes investigar por tu cuenta o ahorrarte la molestia y contratar a un profesional de la inmigraci\u00f3n que te gu\u00ede durante todo el proceso.<\/span><\/p>\n<p><img loading=\"lazy\" decoding=\"async\" class=\"aligncenter size-full wp-image-5633\" src=\"https:\/\/moverdb.com\/wp-content\/uploads\/immigration-residence.jpg\" alt=\"\" width=\"1000\" height=\"667\" data-wp-pid=\"5633\" srcset=\"https:\/\/moverdb.com\/wp-content\/uploads\/immigration-residence.jpg 1000w, https:\/\/moverdb.com\/wp-content\/uploads\/immigration-residence-300x200.jpg 300w, https:\/\/moverdb.com\/wp-content\/uploads\/immigration-residence-18x12.jpg 18w, https:\/\/moverdb.com\/wp-content\/uploads\/immigration-residence-600x400.jpg 600w\" sizes=\"auto, (max-width: 1000px) 100vw, 1000px\" \/><\/p>\n<p><span style=\"font-weight: 400;\">Tenga en cuenta que cada pa\u00eds tiene requisitos y leyes espec\u00edficos, por lo que es dif\u00edcil encontrar todo lo que necesita en una sola entrada del blog. Tendr\u00e1s que investigar a fondo, ponerte en contacto con las autoridades legales y, tal vez, consultar con un profesional, pero no hay que preocuparse porque, siempre que empieces con tiempo, tendr\u00e1s tiempo suficiente para ocuparte de todo lo que se te presente.&nbsp;<\/span><\/p>\n<h2><span class=\"ez-toc-section\" id=\"Get_Your_Documents_Ready\"><\/span><b>Prepare sus documentos<\/b><span class=\"ez-toc-section-end\"><\/span><\/h2>\n<p><span style=\"font-weight: 400;\">El papeleo es inevitable cuando se trata de una mudanza y, sobre todo, cuando la mudanza es internacional. Le conviene tener toda la documentaci\u00f3n necesaria preparada y a su disposici\u00f3n cuando la necesite, as\u00ed como tener varias copias por si acaso. <\/span><\/p>\n<p><span style=\"font-weight: 400;\">Esto ayudar\u00e1 a acelerar cualquier proceso, como la solicitud de un visado o la obtenci\u00f3n de un pasaporte. A continuaci\u00f3n, una lista de algunos de los documentos m\u00e1s importantes que debe tener a mano:&nbsp;<\/span><\/p>\n<ul>\n<li style=\"font-weight: 400;\" aria-level=\"1\"><span style=\"font-weight: 400;\">Pasaporte\/identificaci\u00f3n con foto\/licencia de conducir&nbsp;<\/span><\/li>\n<li style=\"font-weight: 400;\" aria-level=\"1\"><span style=\"font-weight: 400;\">Certificado de nacimiento&nbsp;<\/span><\/li>\n<li style=\"font-weight: 400;\" aria-level=\"1\"><span style=\"font-weight: 400;\">Tarjeta de la seguridad social<\/span><\/li>\n<li style=\"font-weight: 400;\" aria-level=\"1\"><span style=\"font-weight: 400;\">Historial m\u00e9dico\/dental<\/span><\/li>\n<\/ul>\n<h2><span class=\"ez-toc-section\" id=\"Sort_Out_Your_Finances\"><\/span><b>Ordene sus finanzas<\/b><span class=\"ez-toc-section-end\"><\/span><\/h2>\n<p><span style=\"font-weight: 400;\">Mudarse al extranjero no s\u00f3lo es una experiencia estresante, sino que tambi\u00e9n repercutir\u00e1 en sus finanzas. Es fundamental que se asegure de que dispone de fondos suficientes para la mudanza y de que tiene acceso a ellos. Si a\u00fan no lo ha hecho, inf\u00f3rmese sobre <a href=\"https:\/\/moverdb.com\/es\/international-money-transfer-services\/\" data-internallinksmanager029f6b8e52c=\"239\" title=\"11 mejores servicios de transferencia internacional de dinero en 2026\">transferencia de dinero<\/a> servicios.&nbsp;<\/span><\/p>\n<p><span style=\"font-weight: 400;\">Hablar con su actual banco y transferir sus fondos a otro es un proceso que le llevar\u00e1 tiempo y posiblemente tambi\u00e9n algo de papeleo. Si sigue los consejos mencionados anteriormente, dispondr\u00e1 del tiempo y la documentaci\u00f3n necesarios para garantizar que el proceso se lleve a cabo de forma r\u00e1pida y sin problemas.&nbsp;<\/span><\/p>\n<p><span style=\"font-weight: 400;\">Por otro lado, abrir una cuenta bancaria local en tu nuevo pa\u00eds de residencia tambi\u00e9n puede llevar varias semanas y diferentes documentos seg\u00fan el pa\u00eds concreto. Por eso, merece la pena asegurarse de que las tarjetas bancarias que tienes no tienen comisiones internacionales o contratar una tarjeta de cr\u00e9dito sin ellas.&nbsp;<\/span><\/p>\n<p><span style=\"font-weight: 400;\">Se recomienda que para una mudanza internacional tenga tambi\u00e9n un fondo de emergencia. Nunca se sabe lo que puede ocurrir y cu\u00e1ndo pueden surgir algunos gastos adicionales, por lo que ahorrar de antemano le dar\u00e1 la comodidad que necesita para una mudanza sin estr\u00e9s.&nbsp;<\/span><\/p>\n<h2><span class=\"ez-toc-section\" id=\"Research_International_Moving_Companies\"><\/span><b>Buscar empresas de mudanzas internacionales<\/b><span class=\"ez-toc-section-end\"><\/span><\/h2>\n<p><span style=\"font-weight: 400;\">Trasladar sus pertenencias de forma segura a trav\u00e9s de las fronteras es tambi\u00e9n de suma importancia. A veces, los traslados atraviesan incluso oc\u00e9anos para llegar al destino final, por lo que es vital que elija la mejor opci\u00f3n posible para usted y su presupuesto. <\/span><\/p>\n<p><span style=\"font-weight: 400;\">Puede solicitar presupuestos y comparar precios con mucha antelaci\u00f3n, as\u00ed como reservar para los d\u00edas que desea que llegue, lo que le asegurar\u00e1 no esperar d\u00edas o incluso semanas sin sus posesiones en su nueva casa. <\/span><\/p>\n<p><span style=\"font-weight: 400;\">Todo depende de la cantidad de pertenencias que tenga, del pa\u00eds desde el que las env\u00ede y del lugar al que vayan, pero aqu\u00ed tiene una lista de algunas de las <\/span><a href=\"https:\/\/moverdb.com\/es\/empresas-de-mudanzas\/\"><span style=\"font-weight: 400;\">las mejores empresas de mudanzas internacionales<\/span><\/a><span style=\"font-weight: 400;\">. Ten en cuenta que cada mudanza es diferente y personal a la hora de tomar la decisi\u00f3n, as\u00ed que aseg\u00farate de que te conviene.<\/span><\/p>\n<h2><span class=\"ez-toc-section\" id=\"Make_a_Packing_Checklist\"><\/span><b>Haga una lista de comprobaci\u00f3n del equipaje<\/b><span class=\"ez-toc-section-end\"><\/span><\/h2>\n<p><span style=\"font-weight: 400;\">Como con todo lo dem\u00e1s, empezar con antelaci\u00f3n le permitir\u00e1 organizarse y no estar bajo presi\u00f3n de tiempo. <\/span><\/p>\n<p><span style=\"font-weight: 400;\">Cuando empiece a empaquetar para su mudanza, es esencial que haga una lista de comprobaci\u00f3n de todo lo que implica, que lea consejos \u00fatiles y trucos de embalaje y que se deshaga de los art\u00edculos innecesarios. Etiquetar todo y seguir un calendario le ayudar\u00e1 a estar al tanto de todo para que el embalaje se convierta en algo m\u00e1s agradable que estresante durante todo este largo y complicado proceso.<\/span><\/p>\n<h2><span class=\"ez-toc-section\" id=\"Reach_Out_To_Providers\"><\/span><b>Llegar a los proveedores<\/b><span class=\"ez-toc-section-end\"><\/span><\/h2>\n<p><span style=\"font-weight: 400;\">Ahora que se acerca la mudanza, es el momento de ponerse en contacto con los proveedores de servicios necesarios para cerrar las cuentas y cancelar las suscripciones. Aseg\u00farate de enviar las lecturas finales de los contadores, de cobrar los cr\u00e9ditos pendientes, de reenviar el correo y de avisar a todos los que deban estar al tanto de que te vas a mudar. <\/span><\/p>\n<p><span style=\"font-weight: 400;\">Aunque algunos de ellos no pueden hacerse con mucha antelaci\u00f3n, aseg\u00farate de no olvidarlos por completo y dejarlos para el \u00faltimo momento.&nbsp;<\/span><\/p>\n<h2><span class=\"ez-toc-section\" id=\"Familiarise_Yourself_With_The_Culture\"><\/span><b>Familiar\u00edcese con la cultura<\/b><span class=\"ez-toc-section-end\"><\/span><\/h2>\n<p><span style=\"font-weight: 400;\">Por \u00faltimo, querr\u00e1s estar preparado cuando llegues a tu destino final y a tu nuevo hogar. Familiarizarse con las costumbres, la etiqueta y las tradiciones del pa\u00eds es un buen punto de partida para no ofender inconscientemente a los lugare\u00f1os en los primeros meses de la mudanza.&nbsp;<\/span><\/p>\n<h2><span class=\"ez-toc-section\" id=\"In_Conclusion\"><\/span><b>En conclusi\u00f3n<\/b><span class=\"ez-toc-section-end\"><\/span><\/h2>\n<p><span style=\"font-weight: 400;\">Aunque no podemos prometer que no habr\u00e1 obst\u00e1culos y desaf\u00edos en el camino, esperamos que si sigue estos \u00fatiles consejos, podr\u00e1 estar preparado para la mayor\u00eda de las cosas que probablemente ocurran durante el proceso de mudanza internacional. <\/span><\/p>\n<p><span style=\"font-weight: 400;\">Tambi\u00e9n es importante recordar y recordarse constantemente que, al final, te esperan tiempos emocionantes.&nbsp;<\/span><\/p>","protected":false},"excerpt":{"rendered":"<p>Moving abroad is certainly an exciting time, packed with a lot of mixed emotions, but if you ever had to move home before, you would know that it is anything but a relaxing and pleasant experience. While a house move in your own country can be overwhelming at times, you can only imagine how difficult [&hellip;]<\/p>\n","protected":false},"author":1,"featured_media":5632,"parent":0,"menu_order":0,"comment_status":"closed","ping_status":"closed","template":"","meta":{"_genesis_hide_title":false,"_genesis_hide_breadcrumbs":false,"_genesis_hide_singular_image":false,"_genesis_hide_footer_widgets":false,"_genesis_custom_body_class":"","_genesis_custom_post_class":"","_genesis_layout":"","footnotes":""},"class_list":{"0":"post-5631","1":"page","2":"type-page","3":"status-publish","4":"has-post-thumbnail","6":"entry"},"_links":{"self":[{"href":"https:\/\/moverdb.com\/es\/wp-json\/wp\/v2\/pages\/5631","targetHints":{"allow":["GET"]}}],"collection":[{"href":"https:\/\/moverdb.com\/es\/wp-json\/wp\/v2\/pages"}],"about":[{"href":"https:\/\/moverdb.com\/es\/wp-json\/wp\/v2\/types\/page"}],"author":[{"embeddable":true,"href":"https:\/\/moverdb.com\/es\/wp-json\/wp\/v2\/users\/1"}],"replies":[{"embeddable":true,"href":"https:\/\/moverdb.com\/es\/wp-json\/wp\/v2\/comments?post=5631"}],"version-history":[{"count":1,"href":"https:\/\/moverdb.com\/es\/wp-json\/wp\/v2\/pages\/5631\/revisions"}],"predecessor-version":[{"id":5634,"href":"https:\/\/moverdb.com\/es\/wp-json\/wp\/v2\/pages\/5631\/revisions\/5634"}],"wp:featuredmedia":[{"embeddable":true,"href":"https:\/\/moverdb.com\/es\/wp-json\/wp\/v2\/media\/5632"}],"wp:attachment":[{"href":"https:\/\/moverdb.com\/es\/wp-json\/wp\/v2\/media?parent=5631"}],"curies":[{"name":"wp","href":"https:\/\/api.w.org\/{rel}","templated":true}]}}