{"id":5575,"date":"2022-11-24T01:39:45","date_gmt":"2022-11-24T01:39:45","guid":{"rendered":"https:\/\/moverdb.com\/?page_id=5575"},"modified":"2026-01-08T14:38:40","modified_gmt":"2026-01-08T14:38:40","slug":"us-virgin-islands","status":"publish","type":"page","link":"https:\/\/moverdb.com\/es\/container-shipping\/us-virgin-islands\/","title":{"rendered":"2026 Tarifas de transporte mar\u00edtimo de contenedores desde y hacia las Islas V\u00edrgenes de EE.UU."},"content":{"rendered":"<div class=\"wp-block-image\">\n<figure class=\"aligncenter size-full\"><img loading=\"lazy\" decoding=\"async\" width=\"1000\" height=\"667\" src=\"https:\/\/moverdb.com\/wp-content\/uploads\/us-virgin-islands.jpg\" alt=\"Vista panor\u00e1mica de la isla caribe\u00f1a de Santo Tom\u00e1s, Islas V\u00edrgenes de los Estados Unidos\" class=\"wp-image-5558\" srcset=\"https:\/\/moverdb.com\/wp-content\/uploads\/us-virgin-islands.jpg 1000w, https:\/\/moverdb.com\/wp-content\/uploads\/us-virgin-islands-300x200.jpg 300w, https:\/\/moverdb.com\/wp-content\/uploads\/us-virgin-islands-18x12.jpg 18w, https:\/\/moverdb.com\/wp-content\/uploads\/us-virgin-islands-600x400.jpg 600w\" sizes=\"auto, (max-width: 1000px) 100vw, 1000px\" \/><\/figure>\n<\/div>\n\n\n<p>El<strong> <a href=\"https:\/\/moverdb.com\/es\/moving-to-the-us-virgin-islands\/\" data-internallinksmanager029f6b8e52c=\"386\" title=\"\u00bfSe muda a las Islas V\u00edrgenes? Costes de vida en 2023\">Islas V\u00edrgenes de EE.UU.<\/a><\/strong> son perfectas para todos los que pueden permitirse el lujo de retirarse a un lugar exclusivo y vivir la vida isle\u00f1a de ensue\u00f1o.<\/p>\n\n\n\n<p>Este min\u00fasculo territorio estadounidense en el Caribe comprende 53 islas, de las cuales 4 est\u00e1n principalmente habitadas (Santa Cruz, Santo Tom\u00e1s, San Juan e Isla del Agua).<\/p>\n\n\n\n<p>Este min\u00fasculo para\u00edso es una opci\u00f3n de primera para los colonos que quieran experimentar un nivel de vida m\u00e1s alto, ya que las islas ofrecen muchas opciones de lujo para el alojamiento y el entretenimiento.<\/p>\n\n\n\n<p>Sin embargo, transportar los enseres dom\u00e9sticos hasta all\u00ed puede ser un poco complicado. Aunque los cruceros se ven a menudo en las islas <a href=\"https:\/\/moverdb.com\/es\/top-49-container-ports\/\" data-internallinksmanager029f6b8e52c=\"80\" title=\"Los 49 puertos de contenedores m\u00e1s grandes y activos en 2025\">puertos<\/a>los transatl\u00e1nticos de carga son una vista rara.<\/p>\n\n\n\n<p>En cualquier caso, hay varias opciones que hemos enumerado en las tablas siguientes. No dude en consultar tambi\u00e9n nuestra herramienta de presupuestos y rellenar sus datos para obtener un presupuesto personalizado.<\/p>\n\n\n\n<h2 class=\"wp-block-heading\">Costes de env\u00edo de contenedores a las Islas V\u00edrgenes de EE.UU. (St Croix)<\/h2>\n\n\n<div class=\"wp-block-image\">\n<figure class=\"aligncenter size-large\"><img loading=\"lazy\" decoding=\"async\" width=\"1024\" height=\"539\" src=\"https:\/\/moverdb.com\/wp-content\/uploads\/Shipping-Container-Costs-to-US-Virgin-Islands-1024x539.png\" alt=\"Costes de env\u00edo de contenedores a las Islas V\u00edrgenes de EE.UU. (St Croix)\" class=\"wp-image-5561\" srcset=\"https:\/\/moverdb.com\/wp-content\/uploads\/Shipping-Container-Costs-to-US-Virgin-Islands-1024x539.png 1024w, https:\/\/moverdb.com\/wp-content\/uploads\/Shipping-Container-Costs-to-US-Virgin-Islands-300x158.png 300w, https:\/\/moverdb.com\/wp-content\/uploads\/Shipping-Container-Costs-to-US-Virgin-Islands-1536x809.png 1536w, https:\/\/moverdb.com\/wp-content\/uploads\/Shipping-Container-Costs-to-US-Virgin-Islands-18x9.png 18w, https:\/\/moverdb.com\/wp-content\/uploads\/Shipping-Container-Costs-to-US-Virgin-Islands-600x316.png 600w, https:\/\/moverdb.com\/wp-content\/uploads\/Shipping-Container-Costs-to-US-Virgin-Islands.png 2000w\" sizes=\"auto, (max-width: 1024px) 100vw, 1024px\" \/><\/figure>\n<\/div>\n\n\n<table id=\"tablepress-231\" class=\"tablepress tablepress-id-231\">\n<thead>\n<tr class=\"row-1\">\n\t<th class=\"column-1\">Pa\u00eds de destino (puerto\/ciudad)<\/th><th class=\"column-2\">20 PIES<\/th><th class=\"column-3\">40 PIES<\/th>\n<\/tr>\n<\/thead>\n<tbody class=\"row-striping row-hover\">\n<tr class=\"row-2\">\n\t<td class=\"column-1\"><a href=\"https:\/\/moverdb.com\/es\/container-shipping\/andorra\/\" data-internallinksmanager029f6b8e52c=\"88\" title=\"2026 Tarifas de transporte mar\u00edtimo de contenedores desde y hacia Andorra\">Andorra (Andorra la Vella)<\/a><\/td><td class=\"column-2\">$1,868<\/td><td class=\"column-3\">$3,171<\/td>\n<\/tr>\n<tr class=\"row-3\">\n\t<td class=\"column-1\"><a href=\"https:\/\/moverdb.com\/es\/container-shipping\/australia\/\" data-internallinksmanager029f6b8e52c=\"89\" title=\"2026 Tarifas de transporte de contenedores desde y hacia Australia\">Australia (Sydney)<\/a><\/td><td class=\"column-2\">$12,406<\/td><td class=\"column-3\">N\/A<\/td>\n<\/tr>\n<tr class=\"row-4\">\n\t<td class=\"column-1\"><a href=\"https:\/\/moverdb.com\/es\/container-shipping\/austria\/\" data-internallinksmanager029f6b8e52c=\"95\" title=\"2026 Tarifas de transporte mar\u00edtimo de contenedores desde y hacia Austria\">Austria (Viena)<\/a><\/td><td class=\"column-2\">N\/A<\/td><td class=\"column-3\">$3,739<\/td>\n<\/tr>\n<tr class=\"row-5\">\n\t<td class=\"column-1\"><a href=\"https:\/\/moverdb.com\/es\/container-shipping\/bahrain\/\" data-internallinksmanager029f6b8e52c=\"96\" title=\"2026 Tarifas de transporte mar\u00edtimo de contenedores desde y hacia Bahrein\">Bahrein (Manama)<\/a><\/td><td class=\"column-2\">N\/A<\/td><td class=\"column-3\">$12,306<\/td>\n<\/tr>\n<tr class=\"row-6\">\n\t<td class=\"column-1\"><a href=\"https:\/\/moverdb.com\/es\/container-shipping\/belize\/\" data-internallinksmanager029f6b8e52c=\"137\" title=\"2026 Tarifas de transporte mar\u00edtimo de contenedores desde y hacia Belice\">Belice (Ciudad de Belice)<\/a><\/td><td class=\"column-2\">$847<\/td><td class=\"column-3\">$872<\/td>\n<\/tr>\n<tr class=\"row-7\">\n\t<td class=\"column-1\"><a href=\"https:\/\/moverdb.com\/es\/container-shipping\/brazil\/\" data-internallinksmanager029f6b8e52c=\"98\" title=\"2026 Tarifas de transporte mar\u00edtimo de contenedores desde y hacia Brasil\">Brasil (Santos)<\/a><\/td><td class=\"column-2\">$3,937<\/td><td class=\"column-3\">$4,059<\/td>\n<\/tr>\n<tr class=\"row-8\">\n\t<td class=\"column-1\"><a href=\"https:\/\/moverdb.com\/es\/container-shipping\/cambodia\/\" data-internallinksmanager029f6b8e52c=\"101\" title=\"2026 Tarifas de transporte mar\u00edtimo de contenedores desde y hacia Camboya\">Camboya (Sihanoukville)<\/a><\/td><td class=\"column-2\">$7,007<\/td><td class=\"column-3\">$7,362<\/td>\n<\/tr>\n<tr class=\"row-9\">\n\t<td class=\"column-1\"><a href=\"https:\/\/moverdb.com\/es\/container-shipping\/canada\/\" data-internallinksmanager029f6b8e52c=\"102\" title=\"2026 Tarifas de transporte mar\u00edtimo de contenedores desde y hacia Canad\u00e1\">Canad\u00e1 (Toronto)<\/a><\/td><td class=\"column-2\">$2,024<\/td><td class=\"column-3\">$2,814<\/td>\n<\/tr>\n<tr class=\"row-10\">\n\t<td class=\"column-1\"><a href=\"https:\/\/moverdb.com\/es\/container-shipping\/china\/\" data-internallinksmanager029f6b8e52c=\"105\" title=\"2026 Tarifas de transporte mar\u00edtimo de contenedores desde y hacia China\">China (Pek\u00edn)<\/a><\/td><td class=\"column-2\">$6,158<\/td><td class=\"column-3\">$6,221<\/td>\n<\/tr>\n<tr class=\"row-11\">\n\t<td class=\"column-1\">China (Shanghai)<\/td><td class=\"column-2\">$5,110<\/td><td class=\"column-3\">$5,408<\/td>\n<\/tr>\n<tr class=\"row-12\">\n\t<td class=\"column-1\"><a href=\"https:\/\/moverdb.com\/es\/container-shipping\/colombia\/\" data-internallinksmanager029f6b8e52c=\"106\" title=\"2026 Tarifas de transporte mar\u00edtimo de contenedores desde y hacia Colombia\">Colombia (Barranquilla)<\/a><\/td><td class=\"column-2\">$704<\/td><td class=\"column-3\">$1,218<\/td>\n<\/tr>\n<tr class=\"row-13\">\n\t<td class=\"column-1\"><a href=\"https:\/\/moverdb.com\/es\/container-shipping\/costa-rica\/\" data-internallinksmanager029f6b8e52c=\"138\" title=\"2026 Tarifas de transporte mar\u00edtimo de contenedores desde y hacia Costa Rica\">Costa Rica (Lim\u00f3n)<\/a><\/td><td class=\"column-2\">$758<\/td><td class=\"column-3\">$8,660<\/td>\n<\/tr>\n<tr class=\"row-14\">\n\t<td class=\"column-1\"><a href=\"https:\/\/moverdb.com\/es\/container-shipping\/croatia\/\" data-internallinksmanager029f6b8e52c=\"107\" title=\"2026 Tarifas de transporte mar\u00edtimo de contenedores desde y hacia Croacia\">Croacia (Rijeka)<\/a><\/td><td class=\"column-2\">$2,079<\/td><td class=\"column-3\">$2,709<\/td>\n<\/tr>\n<tr class=\"row-15\">\n\t<td class=\"column-1\"><a href=\"https:\/\/moverdb.com\/es\/container-shipping\/dominican-republic\/\" data-internallinksmanager029f6b8e52c=\"112\" title=\"2026 Tarifas de transporte mar\u00edtimo de contenedores desde y hacia la Rep\u00fablica Dominicana\">Rep\u00fablica Dominicana (Santo Domingo)<\/a><\/td><td class=\"column-2\">$1,023<\/td><td class=\"column-3\">$1,271<\/td>\n<\/tr>\n<tr class=\"row-16\">\n\t<td class=\"column-1\"><a href=\"https:\/\/moverdb.com\/es\/container-shipping\/germany\/\" data-internallinksmanager029f6b8e52c=\"118\" title=\"2026 Tarifas de transporte mar\u00edtimo de contenedores desde y hacia Alemania\">Alemania (Hamburgo)<\/a><\/td><td class=\"column-2\">$1,958<\/td><td class=\"column-3\">$2,583<\/td>\n<\/tr>\n<tr class=\"row-17\">\n\t<td class=\"column-1\"><a href=\"https:\/\/moverdb.com\/es\/container-shipping\/greece\/\" data-internallinksmanager029f6b8e52c=\"120\" title=\"2026 Tarifas de transporte mar\u00edtimo de contenedores desde y hacia Grecia\">Grecia (El Pireo)<\/a><\/td><td class=\"column-2\">$1,771<\/td><td class=\"column-3\">$2,436<\/td>\n<\/tr>\n<tr class=\"row-18\">\n\t<td class=\"column-1\"><a href=\"https:\/\/moverdb.com\/es\/container-shipping\/guatemala\/\" data-internallinksmanager029f6b8e52c=\"139\" title=\"2026 Tarifas de transporte mar\u00edtimo de contenedores desde y hacia Guatemala\">Guatemala (Ciudad de Guatemala)<\/a><\/td><td class=\"column-2\">$737<\/td><td class=\"column-3\">$851<\/td>\n<\/tr>\n<tr class=\"row-19\">\n\t<td class=\"column-1\"><a href=\"https:\/\/moverdb.com\/es\/container-shipping\/guernsey\/\" data-internallinksmanager029f6b8e52c=\"121\" title=\"2026 Tarifas de transporte mar\u00edtimo de contenedores desde y hacia Guernsey\">Guernsey (Puerto de San Pedro)<\/a><\/td><td class=\"column-2\">$2,233<\/td><td class=\"column-3\">$3,182<\/td>\n<\/tr>\n<tr class=\"row-20\">\n\t<td class=\"column-1\"><a href=\"https:\/\/moverdb.com\/es\/container-shipping\/haiti\/\" data-internallinksmanager029f6b8e52c=\"122\" title=\"2026 Tarifas de transporte mar\u00edtimo de contenedores desde y hacia Hait\u00ed\">Hait\u00ed (Puerto Pr\u00edncipe)<\/a><\/td><td class=\"column-2\">$1,023<\/td><td class=\"column-3\">$1,271<\/td>\n<\/tr>\n<tr class=\"row-21\">\n\t<td class=\"column-1\"><a href=\"https:\/\/moverdb.com\/es\/container-shipping\/hong-kong\/\" data-internallinksmanager029f6b8e52c=\"123\" title=\"2026 Tarifas de transporte mar\u00edtimo de contenedores desde y hacia Hong Kong\">Hong Kong (Hong Kong)<\/a><\/td><td class=\"column-2\">$12,708<\/td><td class=\"column-3\">$12,615<\/td>\n<\/tr>\n<tr class=\"row-22\">\n\t<td class=\"column-1\"><a href=\"https:\/\/moverdb.com\/es\/container-shipping\/india\/\" data-internallinksmanager029f6b8e52c=\"125\" title=\"2026 Tarifas de transporte mar\u00edtimo de contenedores desde y hacia la India\">India (Mumbai)<\/a><\/td><td class=\"column-2\">$12,447<\/td><td class=\"column-3\">$11,881<\/td>\n<\/tr>\n<tr class=\"row-23\">\n\t<td class=\"column-1\"><a href=\"https:\/\/moverdb.com\/es\/container-shipping\/indonesia\/\" data-internallinksmanager029f6b8e52c=\"126\" title=\"2026 Tarifas de transporte mar\u00edtimo de contenedores desde y hacia Indonesia\">Indonesia (Yakarta)<\/a><\/td><td class=\"column-2\">$4,433<\/td><td class=\"column-3\">$4,232<\/td>\n<\/tr>\n<tr class=\"row-24\">\n\t<td class=\"column-1\"><a href=\"https:\/\/moverdb.com\/es\/container-shipping\/ireland\/\" data-internallinksmanager029f6b8e52c=\"127\" title=\"2026 Tarifas de transporte mar\u00edtimo de contenedores desde y hacia Irlanda\">Irlanda (Dubl\u00edn)<\/a><\/td><td class=\"column-2\">$1,705<\/td><td class=\"column-3\">$2,310<\/td>\n<\/tr>\n<tr class=\"row-25\">\n\t<td class=\"column-1\"><a href=\"https:\/\/moverdb.com\/es\/container-shipping\/isle-of-man\/\" data-internallinksmanager029f6b8e52c=\"128\" title=\"2026 Tarifas de transporte mar\u00edtimo de contenedores desde y hacia la Isla de Man\">Isla de Man (Douglas)<\/a><\/td><td class=\"column-2\">$1,705<\/td><td class=\"column-3\">$2,310<\/td>\n<\/tr>\n<tr class=\"row-26\">\n\t<td class=\"column-1\"><a href=\"https:\/\/moverdb.com\/es\/container-shipping\/italy\/\" data-internallinksmanager029f6b8e52c=\"130\" title=\"2026 Tarifas de transporte mar\u00edtimo de contenedores desde y hacia Italia\">Italia (Trieste)<\/a><\/td><td class=\"column-2\">$2,079<\/td><td class=\"column-3\">$2,709<\/td>\n<\/tr>\n<tr class=\"row-27\">\n\t<td class=\"column-1\"><a href=\"https:\/\/moverdb.com\/es\/container-shipping\/jersey\/\" data-internallinksmanager029f6b8e52c=\"132\" title=\"2026 Tarifas de transporte mar\u00edtimo de contenedores desde y hacia Jersey\">Jersey (St Helier)<\/a><\/td><td class=\"column-2\">$2,233<\/td><td class=\"column-3\">$3,182<\/td>\n<\/tr>\n<tr class=\"row-28\">\n\t<td class=\"column-1\"><a href=\"https:\/\/moverdb.com\/es\/container-shipping\/jordan\/\" data-internallinksmanager029f6b8e52c=\"133\" title=\"2026 Tarifas de transporte mar\u00edtimo de contenedores desde y hacia Jordania\">Jordania (Aqaba)<\/a><\/td><td class=\"column-2\">$1,810<\/td><td class=\"column-3\">$2,528<\/td>\n<\/tr>\n<tr class=\"row-29\">\n\t<td class=\"column-1\"><a href=\"https:\/\/moverdb.com\/es\/container-shipping\/latvia\/\" data-internallinksmanager029f6b8e52c=\"136\" title=\"2026 Tarifas de transporte mar\u00edtimo de contenedores desde y hacia Letonia\">Letonia (Riga)<\/a><\/td><td class=\"column-2\">$2,233<\/td><td class=\"column-3\">$3,273<\/td>\n<\/tr>\n<tr class=\"row-30\">\n\t<td class=\"column-1\"><a href=\"https:\/\/moverdb.com\/es\/container-shipping\/lithuania\/\" data-internallinksmanager029f6b8e52c=\"145\" title=\"2026 Tarifas de transporte mar\u00edtimo de contenedores desde y hacia Lituania\">Lituania (Klaipeda)<\/a><\/td><td class=\"column-2\">$2,233<\/td><td class=\"column-3\">$3,273<\/td>\n<\/tr>\n<tr class=\"row-31\">\n\t<td class=\"column-1\"><a href=\"https:\/\/moverdb.com\/es\/moving-to-luxembourg\/\" data-internallinksmanager029f6b8e52c=\"349\" title=\"\u00bfSe muda a Luxemburgo? 2026 Coste de la vida y consejos para el traslado\">Luxemburgo<\/a><\/td><td class=\"column-2\">$1,813<\/td><td class=\"column-3\">$2,616<\/td>\n<\/tr>\n<tr class=\"row-32\">\n\t<td class=\"column-1\">US (<a href=\"https:\/\/moverdb.com\/es\/moving-to-los-angeles\/\" data-internallinksmanager029f6b8e52c=\"51\" title=\"\u00bfSe muda a Los \u00c1ngeles? 2026 Coste de la vida en Los \u00c1ngeles y consejos de reubicaci\u00f3n\">Los \u00c1ngeles<\/a>)<\/td><td class=\"column-2\">$912<\/td><td class=\"column-3\">$1,309<\/td>\n<\/tr>\n<tr class=\"row-33\">\n\t<td class=\"column-1\"><a href=\"https:\/\/moverdb.com\/es\/container-shipping\/united-states\/\" data-internallinksmanager029f6b8e52c=\"87\" title=\"2026 Tarifas de transporte mar\u00edtimo de contenedores desde y hacia Estados Unidos\">Estados Unidos (Nueva York)<\/a><\/td><td class=\"column-2\">$1,636<\/td><td class=\"column-3\">$2,038<\/td>\n<\/tr>\n<\/tbody>\n<\/table>\n<!-- #tablepress-231 from cache -->\n\n\n\n<h2 class=\"wp-block-heading\">Costes de env\u00edo de contenedores desde las Islas V\u00edrgenes de EE.UU. (St Croix)<\/h2>\n\n\n<div class=\"wp-block-image\">\n<figure class=\"aligncenter size-large\"><img loading=\"lazy\" decoding=\"async\" width=\"1024\" height=\"539\" src=\"https:\/\/moverdb.com\/wp-content\/uploads\/Shipping-Container-Costs-from-US-Virgin-Islands-1024x539.png\" alt=\"Costes de env\u00edo de contenedores desde las Islas V\u00edrgenes de EE.UU. (St Croix)\" class=\"wp-image-5559\" srcset=\"https:\/\/moverdb.com\/wp-content\/uploads\/Shipping-Container-Costs-from-US-Virgin-Islands-1024x539.png 1024w, https:\/\/moverdb.com\/wp-content\/uploads\/Shipping-Container-Costs-from-US-Virgin-Islands-300x158.png 300w, https:\/\/moverdb.com\/wp-content\/uploads\/Shipping-Container-Costs-from-US-Virgin-Islands-1536x809.png 1536w, https:\/\/moverdb.com\/wp-content\/uploads\/Shipping-Container-Costs-from-US-Virgin-Islands-18x9.png 18w, https:\/\/moverdb.com\/wp-content\/uploads\/Shipping-Container-Costs-from-US-Virgin-Islands-600x316.png 600w, https:\/\/moverdb.com\/wp-content\/uploads\/Shipping-Container-Costs-from-US-Virgin-Islands.png 2000w\" sizes=\"auto, (max-width: 1024px) 100vw, 1024px\" \/><\/figure>\n<\/div>\n\n\n<table id=\"tablepress-232\" class=\"tablepress tablepress-id-232\">\n<thead>\n<tr class=\"row-1\">\n\t<th class=\"column-1\">Pa\u00eds de destino (puerto\/ciudad)<\/th><th class=\"column-2\">20 PIES<\/th><th class=\"column-3\">40 PIES<\/th>\n<\/tr>\n<\/thead>\n<tbody class=\"row-striping row-hover\">\n<tr class=\"row-2\">\n\t<td class=\"column-1\">Andorra (Andorra la Vella)<\/td><td class=\"column-2\">N\/A<\/td><td class=\"column-3\">$355<\/td>\n<\/tr>\n<tr class=\"row-3\">\n\t<td class=\"column-1\"><a href=\"https:\/\/moverdb.com\/es\/container-shipping\/antigua-and-barbuda\/\" data-internallinksmanager029f6b8e52c=\"92\" title=\"2026 Tarifas de transporte mar\u00edtimo de contenedores desde y hacia Antigua y Barbuda\">Antigua y Barbuda (St John's)<\/a><\/td><td class=\"column-2\">$600<\/td><td class=\"column-3\">$801<\/td>\n<\/tr>\n<tr class=\"row-4\">\n\t<td class=\"column-1\">Australia (Sydney)<\/td><td class=\"column-2\">N\/A<\/td><td class=\"column-3\">$2,845<\/td>\n<\/tr>\n<tr class=\"row-5\">\n\t<td class=\"column-1\">Belice (Ciudad de Belice)<\/td><td class=\"column-2\">$1,573<\/td><td class=\"column-3\">$2,993<\/td>\n<\/tr>\n<tr class=\"row-6\">\n\t<td class=\"column-1\">Canad\u00e1 (Toronto)<\/td><td class=\"column-2\">$1,903<\/td><td class=\"column-3\">$2,468<\/td>\n<\/tr>\n<tr class=\"row-7\">\n\t<td class=\"column-1\">China (Shanghai)<\/td><td class=\"column-2\">$1,012<\/td><td class=\"column-3\">$1,344<\/td>\n<\/tr>\n<tr class=\"row-8\">\n\t<td class=\"column-1\">Colombia (Barranquilla)<\/td><td class=\"column-2\">$781<\/td><td class=\"column-3\">$1,155<\/td>\n<\/tr>\n<tr class=\"row-9\">\n\t<td class=\"column-1\">Rep\u00fablica Dominicana (Santo Domingo)<\/td><td class=\"column-2\">$891<\/td><td class=\"column-3\">$1,176<\/td>\n<\/tr>\n<tr class=\"row-10\">\n\t<td class=\"column-1\"><a href=\"https:\/\/moverdb.com\/es\/container-shipping\/estonia\/\" data-internallinksmanager029f6b8e52c=\"114\" title=\"2026 Tarifas de transporte mar\u00edtimo de contenedores desde y hacia Estonia\">Estonia (Tallin)<\/a><\/td><td class=\"column-2\">$1,727<\/td><td class=\"column-3\">$2,300<\/td>\n<\/tr>\n<tr class=\"row-11\">\n\t<td class=\"column-1\"><a href=\"https:\/\/moverdb.com\/es\/container-shipping\/finland\/\" data-internallinksmanager029f6b8e52c=\"115\" title=\"2026 Tarifas de transporte mar\u00edtimo de contenedores desde y hacia Finlandia\">Finlandia (Helsinki)<\/a><\/td><td class=\"column-2\">$1,727<\/td><td class=\"column-3\">$2,300<\/td>\n<\/tr>\n<tr class=\"row-12\">\n\t<td class=\"column-1\">Hait\u00ed (Puerto Pr\u00edncipe)<\/td><td class=\"column-2\">$891<\/td><td class=\"column-3\">$1,176<\/td>\n<\/tr>\n<tr class=\"row-13\">\n\t<td class=\"column-1\">India (Mumbai)<\/td><td class=\"column-2\">$1,587<\/td><td class=\"column-3\">$1,910<\/td>\n<\/tr>\n<tr class=\"row-14\">\n\t<td class=\"column-1\">Letonia (Riga)<\/td><td class=\"column-2\">$1,837<\/td><td class=\"column-3\">$2,582<\/td>\n<\/tr>\n<tr class=\"row-15\">\n\t<td class=\"column-1\">Lituania (Klaipeda)<\/td><td class=\"column-2\">$1,837<\/td><td class=\"column-3\">$2,582<\/td>\n<\/tr>\n<tr class=\"row-16\">\n\t<td class=\"column-1\">Luxemburgo<\/td><td class=\"column-2\">$985<\/td><td class=\"column-3\">$1,313<\/td>\n<\/tr>\n<tr class=\"row-17\">\n\t<td class=\"column-1\">Estados Unidos (Nueva York)<\/td><td class=\"column-2\">$1,297<\/td><td class=\"column-3\">$1,383<\/td>\n<\/tr>\n<\/tbody>\n<\/table>\n<!-- #tablepress-232 from cache -->\n\n\n\n<h3 class=\"wp-block-heading\">Notas sobre los datos:<\/h3>\n\n\n\n<ul class=\"wp-block-list\">\n<li>Todas las cifras de $ en d\u00f3lares estadounidenses (USD);<\/li>\n\n\n\n<li>Las tarifas son exactas a principios de 2022;<\/li>\n\n\n\n<li>Los mapas de este art\u00edculo se han creado con <a href=\"https:\/\/www.mapchart.net\" target=\"_blank\" rel=\"noreferrer noopener\">https:\/\/www.mapchart.net<\/a>. Puedes compartir los mapas siempre que proporciones un enlace de atribuci\u00f3n a <a href=\"https:\/\/moverdb.com\/es\/\" target=\"_blank\" rel=\"noreferrer noopener\">MoverDB<\/a>;<\/li>\n\n\n\n<li>Los tipos anteriores son s\u00f3lo estimaciones y pueden haber cambiado desde el momento en que se public\u00f3 este art\u00edculo (abril de 2022). Se basan en la tasa m\u00e1s baja estimada de <a href=\"https:\/\/www.searates.com\" target=\"_blank\" rel=\"noreferrer noopener\">https:\/\/www.searates.com<\/a> o <a href=\"https:\/\/www.gocomet.com\/freight-shipping-rates-index-calculator\" target=\"_blank\" rel=\"noreferrer noopener\">https:\/\/www.gocomet.com<\/a>;<\/li>\n\n\n\n<li>Para obtener una idea m\u00e1s precisa del coste para usted, utilice el formulario de presupuesto que aparece en la parte superior de esta p\u00e1gina;<\/li>\n\n\n\n<li>Consulte tambi\u00e9n nuestra gu\u00eda sobre <a href=\"https:\/\/moverdb.com\/es\/transporte-de-contenedores\/\" target=\"_blank\" rel=\"noreferrer noopener\">transporte internacional de contenedores<\/a>.<\/li>\n<\/ul>","protected":false},"excerpt":{"rendered":"<p>The US Virgin Islands are perfect for everyone who can afford to retreat to an exclusive getaway spot and live the dream island life. This tiny US territory in the Caribbean comprises 53 islands of which 4 are mainly inhabited (Saint Croix, Saint Thomas, Saint John, and Water island). This tiny paradise is a premium [&hellip;]<\/p>\n","protected":false},"author":2,"featured_media":5558,"parent":44,"menu_order":0,"comment_status":"closed","ping_status":"closed","template":"","meta":{"_genesis_hide_title":false,"_genesis_hide_breadcrumbs":false,"_genesis_hide_singular_image":false,"_genesis_hide_footer_widgets":false,"_genesis_custom_body_class":"","_genesis_custom_post_class":"","_genesis_layout":"","footnotes":""},"class_list":{"0":"post-5575","1":"page","2":"type-page","3":"status-publish","4":"has-post-thumbnail","6":"entry"},"_links":{"self":[{"href":"https:\/\/moverdb.com\/es\/wp-json\/wp\/v2\/pages\/5575","targetHints":{"allow":["GET"]}}],"collection":[{"href":"https:\/\/moverdb.com\/es\/wp-json\/wp\/v2\/pages"}],"about":[{"href":"https:\/\/moverdb.com\/es\/wp-json\/wp\/v2\/types\/page"}],"author":[{"embeddable":true,"href":"https:\/\/moverdb.com\/es\/wp-json\/wp\/v2\/users\/2"}],"replies":[{"embeddable":true,"href":"https:\/\/moverdb.com\/es\/wp-json\/wp\/v2\/comments?post=5575"}],"version-history":[{"count":1,"href":"https:\/\/moverdb.com\/es\/wp-json\/wp\/v2\/pages\/5575\/revisions"}],"predecessor-version":[{"id":5576,"href":"https:\/\/moverdb.com\/es\/wp-json\/wp\/v2\/pages\/5575\/revisions\/5576"}],"up":[{"embeddable":true,"href":"https:\/\/moverdb.com\/es\/wp-json\/wp\/v2\/pages\/44"}],"wp:featuredmedia":[{"embeddable":true,"href":"https:\/\/moverdb.com\/es\/wp-json\/wp\/v2\/media\/5558"}],"wp:attachment":[{"href":"https:\/\/moverdb.com\/es\/wp-json\/wp\/v2\/media?parent=5575"}],"curies":[{"name":"wp","href":"https:\/\/api.w.org\/{rel}","templated":true}]}}