{"id":5527,"date":"2023-02-01T13:45:10","date_gmt":"2023-02-01T13:45:10","guid":{"rendered":"https:\/\/moverdb.com\/?page_id=5527"},"modified":"2026-01-08T15:29:15","modified_gmt":"2026-01-08T15:29:15","slug":"chile-empresas-de-mudanzas","status":"publish","type":"page","link":"https:\/\/moverdb.com\/es\/moving-companies\/chile-moving-companies\/","title":{"rendered":"6 Mejores Empresas de Mudanzas Internacionales en Chile"},"content":{"rendered":"<p>Una mudanza puede ser un momento ajetreado y estresante, sobre todo si se trata de un traslado de larga distancia o a otro pa\u00eds. Aqu\u00ed es donde un <a href=\"https:\/\/moverdb.com\/es\/moving-companies\/\" data-internallinksmanager029f6b8e52c=\"79\" title=\"Las 25 mejores empresas de mudanzas internacionales en l\u00ednea\">empresa de mudanzas<\/a> puede ayudarle a reducir su estr\u00e9s quit\u00e1ndole parte de la carga de trabajo. A continuaci\u00f3n hemos recopilado una lista de <a href=\"https:\/\/moverdb.com\/es\/international-removals\/\" data-internallinksmanager029f6b8e52c=\"27\" title=\"36 mejores empresas de mudanzas internacionales del Reino Unido\">empresas de mudanzas<\/a> que son miembros de la <a href=\"https:\/\/moverdb.com\/es\/iam\/\" data-internallinksmanager029f6b8e52c=\"23\" title=\"Explicaci\u00f3n de la Asociaci\u00f3n Internacional de Empresas de Mudanzas (IAM)\">Asociaci\u00f3n Internacional de Empresas de Mudanzas<\/a> (IAM) y\/o <a href=\"https:\/\/moverdb.com\/es\/fidi-faim\/\" data-internallinksmanager029f6b8e52c=\"16\" title=\"Explicaci\u00f3n del FIDI y del FAIM (FIDI Accredited International Mover)\">FIDI<\/a> Empresa de mudanzas internacionales acreditada (FAIM) que podr\u00eda ayudarle con su mudanza.<\/p>\n<div id=\"ez-toc-container\" class=\"ez-toc-v2_0_82_2 ez-toc-wrap-left counter-hierarchy ez-toc-counter ez-toc-transparent ez-toc-container-direction\">\n<div class=\"ez-toc-title-container\">\n<p class=\"ez-toc-title\" style=\"cursor:inherit\">Secciones<\/p>\n<span class=\"ez-toc-title-toggle\"><a href=\"#\" class=\"ez-toc-pull-right ez-toc-btn ez-toc-btn-xs ez-toc-btn-default ez-toc-toggle\" aria-label=\"Alternar tabla de contenidos\"><span class=\"ez-toc-js-icon-con\"><span class=\"\"><span class=\"eztoc-hide\" style=\"display:none;\">Toggle<\/span><span class=\"ez-toc-icon-toggle-span\"><svg style=\"fill: #999;color:#999\" xmlns=\"http:\/\/www.w3.org\/2000\/svg\" class=\"list-377408\" width=\"20px\" height=\"20px\" viewbox=\"0 0 24 24\" fill=\"none\"><path d=\"M6 6H4v2h2V6zm14 0H8v2h12V6zM4 11h2v2H4v-2zm16 0H8v2h12v-2zM4 16h2v2H4v-2zm16 0H8v2h12v-2z\" fill=\"currentColor\"><\/path><\/svg><svg style=\"fill: #999;color:#999\" class=\"arrow-unsorted-368013\" xmlns=\"http:\/\/www.w3.org\/2000\/svg\" width=\"10px\" height=\"10px\" viewbox=\"0 0 24 24\" version=\"1.2\" baseprofile=\"tiny\"><path d=\"M18.2 9.3l-6.2-6.3-6.2 6.3c-.2.2-.3.4-.3.7s.1.5.3.7c.2.2.4.3.7.3h11c.3 0 .5-.1.7-.3.2-.2.3-.5.3-.7s-.1-.5-.3-.7zM5.8 14.7l6.2 6.3 6.2-6.3c.2-.2.3-.5.3-.7s-.1-.5-.3-.7c-.2-.2-.4-.3-.7-.3h-11c-.3 0-.5.1-.7.3-.2.2-.3.5-.3.7s.1.5.3.7z\"\/><\/svg><\/span><\/span><\/span><\/a><\/span><\/div>\n<nav><ul class='ez-toc-list ez-toc-list-level-1 eztoc-toggle-hide-by-default' ><li class='ez-toc-page-1 ez-toc-heading-level-2'><a class=\"ez-toc-link ez-toc-heading-1\" href=\"https:\/\/moverdb.com\/es\/moving-companies\/chile-moving-companies\/#1_Unipack\" >1. Unipack<\/a><\/li><li class='ez-toc-page-1 ez-toc-heading-level-2'><a class=\"ez-toc-link ez-toc-heading-2\" href=\"https:\/\/moverdb.com\/es\/moving-companies\/chile-moving-companies\/#2_Atlas_International_Movers\" >2. Atlas Mudanzas Internacionales<\/a><\/li><li class='ez-toc-page-1 ez-toc-heading-level-2'><a class=\"ez-toc-link ez-toc-heading-3\" href=\"https:\/\/moverdb.com\/es\/moving-companies\/chile-moving-companies\/#3_Decapack\" >3. Decapack<\/a><\/li><li class='ez-toc-page-1 ez-toc-heading-level-2'><a class=\"ez-toc-link ez-toc-heading-4\" href=\"https:\/\/moverdb.com\/es\/moving-companies\/chile-moving-companies\/#4_Global_Alliance_International\" >4. Alianza Global Internacional<\/a><\/li><li class='ez-toc-page-1 ez-toc-heading-level-2'><a class=\"ez-toc-link ez-toc-heading-5\" href=\"https:\/\/moverdb.com\/es\/moving-companies\/chile-moving-companies\/#5_REMSSA\" >5. REMSSA<\/a><\/li><li class='ez-toc-page-1 ez-toc-heading-level-2'><a class=\"ez-toc-link ez-toc-heading-6\" href=\"https:\/\/moverdb.com\/es\/moving-companies\/chile-moving-companies\/#6_Ward_Van_Lines\" >6. Ward Van Lines<\/a><\/li><li class='ez-toc-page-1 ez-toc-heading-level-2'><a class=\"ez-toc-link ez-toc-heading-7\" href=\"https:\/\/moverdb.com\/es\/moving-companies\/chile-moving-companies\/#Other_Useful_Guides_to_Chile\" >Otras gu\u00edas \u00fatiles sobre Chile<\/a><\/li><\/ul><\/nav><\/div>\n<h2><span class=\"ez-toc-section\" id=\"1_Unipack\"><\/span><strong>1. Unipack<\/strong><span class=\"ez-toc-section-end\"><\/span><\/h2>\n<p><img loading=\"lazy\" decoding=\"async\" class=\"alignnone size-full wp-image-5496\" src=\"https:\/\/moverdb.com\/wp-content\/uploads\/Unipack-international-moving-company.png\" alt=\"Empresa de mudanzas internacionales Unipack\" width=\"1440\" height=\"683\" data-wp-pid=\"5496\" srcset=\"https:\/\/moverdb.com\/wp-content\/uploads\/Unipack-international-moving-company.png 1440w, https:\/\/moverdb.com\/wp-content\/uploads\/Unipack-international-moving-company-300x142.png 300w, https:\/\/moverdb.com\/wp-content\/uploads\/Unipack-international-moving-company-1024x486.png 1024w, https:\/\/moverdb.com\/wp-content\/uploads\/Unipack-international-moving-company-18x9.png 18w, https:\/\/moverdb.com\/wp-content\/uploads\/Unipack-international-moving-company-600x285.png 600w\" sizes=\"auto, (max-width: 1440px) 100vw, 1440px\" \/><\/p>\n<ul>\n<li>Movimientos nacionales<\/li>\n<li>Traslados internacionales<\/li>\n<li>Mudanzas dom\u00e9sticas<\/li>\n<li>Inspecci\u00f3n a domicilio<\/li>\n<li>Servicio de embalaje y desembalaje<\/li>\n<li>Desmontar y montar muebles<\/li>\n<li>Transporte terrestre, mar\u00edtimo y a\u00e9reo<\/li>\n<li>Soporte documental<\/li>\n<li>Transporte de mascotas<\/li>\n<li>Almacenamiento de corto a largo plazo<\/li>\n<\/ul>\n<p>Unipack es un servicio de mudanzas nacionales e internacionales fundado en 1993 en Santiago. Cuentan con una red de agentes en todo el mundo que los asisten con mudanzas internacionales en los 5 continentes. Son miembros de IAM con 29 a\u00f1os de servicio y est\u00e1n acreditados por FIDI.<\/p>\n<p>Unipack utiliza las \u00faltimas t\u00e9cnicas de embalaje y transporte, as\u00ed como materiales para ofrecer mudanzas seguras a sus clientes. Su proceso comienza con una inspecci\u00f3n en el domicilio y se analizan los documentos. Embalar\u00e1n, desmontar\u00e1n sus muebles y organizar\u00e1n el transporte por carretera, aire y mar, y despu\u00e9s desembalar\u00e1n y montar\u00e1n sus muebles en el lugar de destino. Le ayudar\u00e1n con la documentaci\u00f3n, incluido el despacho de aduanas.<\/p>\n<p>P\u00e1gina web: <a href=\"http:\/\/www.unipack.cl\" target=\"_blank\" rel=\"noopener\">http:\/\/www.unipack.cl<\/a><\/p>\n<h2><span class=\"ez-toc-section\" id=\"2_Atlas_International_Movers\"><\/span><strong>2. Atlas Mudanzas Internacionales<\/strong><span class=\"ez-toc-section-end\"><\/span><\/h2>\n<p><img loading=\"lazy\" decoding=\"async\" class=\"alignnone size-full wp-image-5415\" src=\"https:\/\/moverdb.com\/wp-content\/uploads\/Atlas-International-Movers-moving-company.png\" alt=\"Atlas International Movers empresa de mudanzas\" width=\"1440\" height=\"682\" data-wp-pid=\"5415\" srcset=\"https:\/\/moverdb.com\/wp-content\/uploads\/Atlas-International-Movers-moving-company.png 1440w, https:\/\/moverdb.com\/wp-content\/uploads\/Atlas-International-Movers-moving-company-300x142.png 300w, https:\/\/moverdb.com\/wp-content\/uploads\/Atlas-International-Movers-moving-company-1024x485.png 1024w, https:\/\/moverdb.com\/wp-content\/uploads\/Atlas-International-Movers-moving-company-18x9.png 18w, https:\/\/moverdb.com\/wp-content\/uploads\/Atlas-International-Movers-moving-company-600x284.png 600w\" sizes=\"auto, (max-width: 1440px) 100vw, 1440px\" \/><\/p>\n<ul>\n<li>Movimientos nacionales<\/li>\n<li>Traslados internacionales<\/li>\n<li>Mudanzas dom\u00e9sticas<\/li>\n<li>Traslado de oficinas<\/li>\n<li>Servicio puerta a puerta<\/li>\n<li>Servicio de embalaje de alta calidad<\/li>\n<li>Transporte de mercanc\u00edas por tierra, mar y aire<\/li>\n<li>Transporte de obras de arte<\/li>\n<li>Transporte en coche<\/li>\n<li>Instalaciones de almacenamiento de corto a largo plazo<\/li>\n<\/ul>\n<p>Atlas International Movers cuenta con m\u00e1s de 25 a\u00f1os de experiencia en el traslado de hogares y oficinas en <a href=\"https:\/\/moverdb.com\/es\/moving-to-chile\/\" data-internallinksmanager029f6b8e52c=\"426\" title=\"\u00bfSe muda a Chile? 2023 Costos de vida y consejos de reubicaci\u00f3n\">Chile<\/a> y desde o hacia Chile. Trabajan con una red de agentes de mudanzas confiables en todo el mundo para completar mudanzas internacionales. Son miembros de IAM con 16 a\u00f1os de servicio.<\/p>\n<p>Atlas International Movers ofrece una visita a domicilio para evaluar sus necesidades y le guiar\u00e1 a trav\u00e9s del proceso y la documentaci\u00f3n. Pondr\u00e1n a su disposici\u00f3n personal formado para embalar sus pertenencias con un alto nivel de calidad para protegerlas durante el tr\u00e1nsito por tierra, mar o aire. Le ayudar\u00e1n con la documentaci\u00f3n aduanera de importaci\u00f3n y exportaci\u00f3n.<\/p>\n<p>P\u00e1gina web: <a href=\"http:\/\/www.atlasinternationalchile.cl\" target=\"_blank\" rel=\"noopener\">http:\/\/www.atlasinternationalchile.cl<\/a><\/p>\n<h2><span class=\"ez-toc-section\" id=\"3_Decapack\"><\/span><strong>3. Decapack<\/strong><span class=\"ez-toc-section-end\"><\/span><\/h2>\n<p><img loading=\"lazy\" decoding=\"async\" class=\"alignnone size-full wp-image-5430\" src=\"https:\/\/moverdb.com\/wp-content\/uploads\/Decapack-international-moving-company.png\" alt=\"Decapack, empresa de mudanzas internacionales\" width=\"1440\" height=\"680\" data-wp-pid=\"5430\" srcset=\"https:\/\/moverdb.com\/wp-content\/uploads\/Decapack-international-moving-company.png 1440w, https:\/\/moverdb.com\/wp-content\/uploads\/Decapack-international-moving-company-300x142.png 300w, https:\/\/moverdb.com\/wp-content\/uploads\/Decapack-international-moving-company-1024x484.png 1024w, https:\/\/moverdb.com\/wp-content\/uploads\/Decapack-international-moving-company-18x9.png 18w, https:\/\/moverdb.com\/wp-content\/uploads\/Decapack-international-moving-company-600x283.png 600w\" sizes=\"auto, (max-width: 1440px) 100vw, 1440px\" \/><\/p>\n<ul>\n<li>Movimientos nacionales<\/li>\n<li>Traslados internacionales<\/li>\n<li>Mudanzas residenciales<\/li>\n<li>Traslado de oficinas<\/li>\n<li>Servicio de reubicaci\u00f3n<\/li>\n<li>Servicio puerta a puerta<\/li>\n<li>Servicio de embalaje<\/li>\n<li>Seguros<\/li>\n<li>Servicio especializado en obras de arte<\/li>\n<li>Almacenamiento de corto a largo plazo<\/li>\n<\/ul>\n<p>Decapack es una empresa de mudanzas internacionales con sede en Santiago que fue fundada en 1942. Tienen presencia en San Antonio y Valpara\u00edso <a href=\"https:\/\/moverdb.com\/es\/top-49-container-ports\/\" data-internallinksmanager029f6b8e52c=\"80\" title=\"Los 49 puertos de contenedores m\u00e1s grandes y activos en 2025\">puertos<\/a> y el Aeropuerto Internacional de Santiago. Son miembros de IAM con 52 a\u00f1os de servicio y est\u00e1n acreditados por FIDI.<\/p>\n<p>Decapack ofrece un servicio puerta a puerta que comienza con la concertaci\u00f3n de una visita de valoraci\u00f3n en persona o virtual para evaluar sus necesidades. Le proporcionar\u00e1n asesoramiento personalizado por parte de un coordinador designado que le ayudar\u00e1 con el papeleo y la documentaci\u00f3n. Ofrecen un servicio de embalaje para proteger sus pertenencias y un seguro contra imprevistos.<\/p>\n<p>P\u00e1gina web: <a href=\"http:\/\/www.decapack.com\" target=\"_blank\" rel=\"noopener\">http:\/\/www.decapack.com<\/a><\/p>\n<h2><span class=\"ez-toc-section\" id=\"4_Global_Alliance_International\"><\/span><strong>4. Alianza Global Internacional<\/strong><span class=\"ez-toc-section-end\"><\/span><\/h2>\n<p><img loading=\"lazy\" decoding=\"async\" class=\"alignnone size-full wp-image-5441\" src=\"https:\/\/moverdb.com\/wp-content\/uploads\/Global-Alliance-International-moving-company.png\" alt=\"Global Alliance Empresa internacional de mudanzas\" width=\"1440\" height=\"677\" data-wp-pid=\"5441\" srcset=\"https:\/\/moverdb.com\/wp-content\/uploads\/Global-Alliance-International-moving-company.png 1440w, https:\/\/moverdb.com\/wp-content\/uploads\/Global-Alliance-International-moving-company-300x141.png 300w, https:\/\/moverdb.com\/wp-content\/uploads\/Global-Alliance-International-moving-company-1024x481.png 1024w, https:\/\/moverdb.com\/wp-content\/uploads\/Global-Alliance-International-moving-company-18x8.png 18w, https:\/\/moverdb.com\/wp-content\/uploads\/Global-Alliance-International-moving-company-600x282.png 600w\" sizes=\"auto, (max-width: 1440px) 100vw, 1440px\" \/><\/p>\n<ul>\n<li>Movimientos nacionales<\/li>\n<li>Traslados internacionales<\/li>\n<li>Mudanzas residenciales<\/li>\n<li>Movimientos corporativos<\/li>\n<li>Personal altamente cualificado<\/li>\n<li>Servicio completo de embalaje<\/li>\n<li>Transporte terrestre, mar\u00edtimo y a\u00e9reo<\/li>\n<li>Apoyo aduanero<\/li>\n<li>Transporte de mascotas<\/li>\n<li>Soluciones de almacenamiento temporal y permanente<\/li>\n<\/ul>\n<p>Global Alliance International es una empresa chilena de mudanzas fundada en 1995 y filial de Express Movers Transportes. Trabajan con agentes de mudanzas en destino para completar mudanzas internacionales. Son miembros de IAM con 16 a\u00f1os de servicio.<\/p>\n<p>Global Alliance International pondr\u00e1 a su disposici\u00f3n un equipo de embaladores para desmontar y embalar todas sus pertenencias utilizando los materiales de embalaje m\u00e1s adecuados para protegerlas y cajas especializadas. Tambi\u00e9n le proporcionar\u00e1n un inventario, cajas y contenedores etiquetados para su env\u00edo por tierra, mar o aire, y le ayudar\u00e1n con la documentaci\u00f3n aduanera. Tambi\u00e9n ofrecen soluciones de almacenamiento temporal y permanente.<\/p>\n<p>P\u00e1gina web: <a href=\"http:\/\/www.globalalliancechile.com\" target=\"_blank\" rel=\"noopener\">http:\/\/www.globalalliancechile.com<\/a><\/p>\n<h2><span class=\"ez-toc-section\" id=\"5_REMSSA\"><\/span><strong>5. REMSSA<\/strong><span class=\"ez-toc-section-end\"><\/span><\/h2>\n<p><img loading=\"lazy\" decoding=\"async\" class=\"alignnone size-full wp-image-5482\" src=\"https:\/\/moverdb.com\/wp-content\/uploads\/REMSSA-international-moving-company.png\" alt=\"REMSSA empresa de mudanzas internacionales\" width=\"1440\" height=\"683\" data-wp-pid=\"5482\" srcset=\"https:\/\/moverdb.com\/wp-content\/uploads\/REMSSA-international-moving-company.png 1440w, https:\/\/moverdb.com\/wp-content\/uploads\/REMSSA-international-moving-company-300x142.png 300w, https:\/\/moverdb.com\/wp-content\/uploads\/REMSSA-international-moving-company-1024x486.png 1024w, https:\/\/moverdb.com\/wp-content\/uploads\/REMSSA-international-moving-company-18x9.png 18w, https:\/\/moverdb.com\/wp-content\/uploads\/REMSSA-international-moving-company-600x285.png 600w\" sizes=\"auto, (max-width: 1440px) 100vw, 1440px\" \/><\/p>\n<ul>\n<li>Movimientos nacionales<\/li>\n<li>Traslados internacionales<\/li>\n<li>Mudanzas residenciales<\/li>\n<li>Traslado de oficinas<\/li>\n<li>Reubicaci\u00f3n<\/li>\n<li>Servicio puerta a puerta<\/li>\n<li>Servicio de embalaje<\/li>\n<li>Transporte de obras de arte<\/li>\n<li>Transporte de mascotas<\/li>\n<li>Instalaciones de almacenamiento seguras<\/li>\n<\/ul>\n<p>REMSSA es una empresa de mudanzas con sede en Santiago que se fund\u00f3 en el a\u00f1o 2000 y cuenta con sucursales en aeropuertos y puertos de todo Chile. Ofrecen servicios de mudanzas nacionales e internacionales a hogares y clientes corporativos. Son miembros de IAM con 22 a\u00f1os de servicio.<\/p>\n<p>REMSSA ofrece un servicio de mudanzas personalizado que le proporcionar\u00e1 la entrega puerta a puerta de su mudanza o traslado. Proporcionan un servicio de embalaje, carga y desembalaje con embalaje industrial de carga para protegerla en tr\u00e1nsito. Tambi\u00e9n ofrecen servicios especializados de apoyo a la inmigraci\u00f3n, transporte de obras de arte, transporte de mascotas y almacenamiento seguro si es necesario.<\/p>\n<p>P\u00e1gina web: <a href=\"http:\/\/www.remssa.cl\" target=\"_blank\" rel=\"noopener\">http:\/\/www.remssa.cl<\/a><\/p>\n<h2><span class=\"ez-toc-section\" id=\"6_Ward_Van_Lines\"><\/span><strong>6. Ward Van Lines<\/strong><span class=\"ez-toc-section-end\"><\/span><\/h2>\n<p><img loading=\"lazy\" decoding=\"async\" class=\"alignnone size-full wp-image-5499\" src=\"https:\/\/moverdb.com\/wp-content\/uploads\/Ward-Van-Lines-international-moving-company.png\" alt=\"Ward Van Lines empresa de mudanzas internacionales\" width=\"1440\" height=\"680\" data-wp-pid=\"5499\" srcset=\"https:\/\/moverdb.com\/wp-content\/uploads\/Ward-Van-Lines-international-moving-company.png 1440w, https:\/\/moverdb.com\/wp-content\/uploads\/Ward-Van-Lines-international-moving-company-300x142.png 300w, https:\/\/moverdb.com\/wp-content\/uploads\/Ward-Van-Lines-international-moving-company-1024x484.png 1024w, https:\/\/moverdb.com\/wp-content\/uploads\/Ward-Van-Lines-international-moving-company-18x9.png 18w, https:\/\/moverdb.com\/wp-content\/uploads\/Ward-Van-Lines-international-moving-company-600x283.png 600w\" sizes=\"auto, (max-width: 1440px) 100vw, 1440px\" \/><\/p>\n<ul>\n<li>Movimientos nacionales<\/li>\n<li>Traslados internacionales<\/li>\n<li>Servicio personalizado<\/li>\n<li>Servicio de embalaje con materiales de primera calidad<\/li>\n<li>Desmontar y montar muebles<\/li>\n<li>Etiquetado de art\u00edculos para un seguimiento constante<\/li>\n<li>Seguimiento de sus desplazamientos mediante localizaci\u00f3n por GPS<\/li>\n<li>Documentaci\u00f3n de exportaci\u00f3n, incluido el despacho de aduanas<\/li>\n<li>Seguros<\/li>\n<li>Instalaciones de almacenamiento seguras<\/li>\n<\/ul>\n<p>Ward Van Lines es una empresa de mudanzas internacionales y nacionales fundada en 1969. Sus oficinas centrales est\u00e1n en Santiago y cuentan con oficinas en los puertos m\u00e1s importantes como Valpara\u00edso y San Antonio. Son miembros de IAM con 53 a\u00f1os de servicio y est\u00e1n acreditados por FIDI.<\/p>\n<p>Ward Van Lines ofrece un servicio personalizado puerta a puerta que utiliza materiales de primera calidad para embalar sus pertenencias de forma segura y utiliza cajas de madera para los art\u00edculos fr\u00e1giles. Elaborar\u00e1n un inventario y etiquetar\u00e1n todos sus art\u00edculos con c\u00f3digos de barras \u00fanicos para identificar sus pertenencias. Sus camiones disponen de un sistema de localizaci\u00f3n por GPS que le permite hacer un seguimiento de sus pertenencias las 24 horas del d\u00eda, los 7 d\u00edas de la semana.<\/p>\n<p>P\u00e1gina web: <a href=\"http:\/\/www.wardvanlines.com\" target=\"_blank\" rel=\"noopener\">http:\/\/www.wardvanlines.com<\/a><\/p>\n<h2><span class=\"ez-toc-section\" id=\"Other_Useful_Guides_to_Chile\"><\/span>Otras gu\u00edas \u00fatiles sobre Chile<span class=\"ez-toc-section-end\"><\/span><\/h2>\n<ul>\n<li> <a href=\"https:\/\/moverdb.com\/es\/transporte-de-contenedores\/chile\/\">2024 Tarifas de transporte mar\u00edtimo de contenedores desde y hacia Chile<\/a><\/li>\n<li> <a href=\"https:\/\/moverdb.com\/es\/moving-to-chile\/\">\u00bfSe muda a Chile? 2023 Costos de vida y consejos de reubicaci\u00f3n<\/a><\/li>\n<li> <a href=\"https:\/\/moverdb.com\/es\/moving-to-chile\/best-places-to-live-chile\/\">12 mejores lugares para vivir en Chile<\/a><\/li>\n<\/ul>","protected":false},"excerpt":{"rendered":"<p>Moving can be a busy and stressful time especially in you are moving long distance or to another country. This is where a moving company can help reduce your stress by taking away some of the workload. Below we have compiled a list of Chilean removal companies that are members of the International Association of [&hellip;]<\/p>\n","protected":false},"author":4,"featured_media":0,"parent":190,"menu_order":0,"comment_status":"closed","ping_status":"closed","template":"","meta":{"_genesis_hide_title":false,"_genesis_hide_breadcrumbs":false,"_genesis_hide_singular_image":false,"_genesis_hide_footer_widgets":false,"_genesis_custom_body_class":"","_genesis_custom_post_class":"","_genesis_layout":"","footnotes":""},"class_list":{"0":"post-5527","1":"page","2":"type-page","3":"status-publish","5":"entry","6":"has-post-thumbnail"},"_links":{"self":[{"href":"https:\/\/moverdb.com\/es\/wp-json\/wp\/v2\/pages\/5527","targetHints":{"allow":["GET"]}}],"collection":[{"href":"https:\/\/moverdb.com\/es\/wp-json\/wp\/v2\/pages"}],"about":[{"href":"https:\/\/moverdb.com\/es\/wp-json\/wp\/v2\/types\/page"}],"author":[{"embeddable":true,"href":"https:\/\/moverdb.com\/es\/wp-json\/wp\/v2\/users\/4"}],"replies":[{"embeddable":true,"href":"https:\/\/moverdb.com\/es\/wp-json\/wp\/v2\/comments?post=5527"}],"version-history":[{"count":4,"href":"https:\/\/moverdb.com\/es\/wp-json\/wp\/v2\/pages\/5527\/revisions"}],"predecessor-version":[{"id":16390,"href":"https:\/\/moverdb.com\/es\/wp-json\/wp\/v2\/pages\/5527\/revisions\/16390"}],"up":[{"embeddable":true,"href":"https:\/\/moverdb.com\/es\/wp-json\/wp\/v2\/pages\/190"}],"wp:attachment":[{"href":"https:\/\/moverdb.com\/es\/wp-json\/wp\/v2\/media?parent=5527"}],"curies":[{"name":"wp","href":"https:\/\/api.w.org\/{rel}","templated":true}]}}