{"id":5518,"date":"2023-02-01T13:53:00","date_gmt":"2023-02-01T13:53:00","guid":{"rendered":"https:\/\/moverdb.com\/?page_id=5518"},"modified":"2026-01-08T15:29:50","modified_gmt":"2026-01-08T15:29:50","slug":"burkina-faso-empresas-de-mudanzas","status":"publish","type":"page","link":"https:\/\/moverdb.com\/es\/moving-companies\/burkina-faso-moving-companies\/","title":{"rendered":"Las mejores empresas de mudanzas internacionales en Burkina Faso"},"content":{"rendered":"<p>Si est\u00e1 planeando una mudanza en Burkina Faso, o una mudanza hacia o desde Burkina Faso, puede contar con la ayuda de una empresa de mudanzas. Una empresa de mudanzas puede aligerar la carga f\u00edsica y mental, especialmente si se est\u00e1 mudando de pa\u00eds. A continuaci\u00f3n hemos recopilado una lista de Burkina Faso <a href=\"https:\/\/moverdb.com\/es\/moving-companies\/\" data-internallinksmanager029f6b8e52c=\"79\" title=\"Las 25 mejores empresas de mudanzas internacionales en l\u00ednea\">empresas de mudanzas<\/a> que son miembros de la <a href=\"https:\/\/moverdb.com\/es\/iam\/\" data-internallinksmanager029f6b8e52c=\"23\" title=\"Explicaci\u00f3n de la Asociaci\u00f3n Internacional de Empresas de Mudanzas (IAM)\">Asociaci\u00f3n Internacional de Empresas de Mudanzas<\/a> (IAM) que podr\u00edan ayudarle.<\/p>\n<p><strong>Movimiento Uno<\/strong><\/p>\n<p><img loading=\"lazy\" decoding=\"async\" class=\"alignnone size-full wp-image-5461\" src=\"https:\/\/moverdb.com\/wp-content\/uploads\/Move-One-international-moving-company.png\" alt=\"Empresa de mudanzas internacionales Move One\" width=\"1440\" height=\"680\" data-wp-pid=\"5461\" srcset=\"https:\/\/moverdb.com\/wp-content\/uploads\/Move-One-international-moving-company.png 1440w, https:\/\/moverdb.com\/wp-content\/uploads\/Move-One-international-moving-company-300x142.png 300w, https:\/\/moverdb.com\/wp-content\/uploads\/Move-One-international-moving-company-1024x484.png 1024w, https:\/\/moverdb.com\/wp-content\/uploads\/Move-One-international-moving-company-18x9.png 18w, https:\/\/moverdb.com\/wp-content\/uploads\/Move-One-international-moving-company-600x283.png 600w\" sizes=\"auto, (max-width: 1440px) 100vw, 1440px\" \/><\/p>\n<ul>\n<li>Traslados internacionales<\/li>\n<li>Traslados<\/li>\n<li>Mudanzas residenciales<\/li>\n<li>Traslado de oficinas<\/li>\n<li>Apoyo a la inmigraci\u00f3n<\/li>\n<li>Personal formado y profesional<\/li>\n<li>Transporte de animales de compa\u00f1\u00eda<\/li>\n<li>Ayuda para encontrar vivienda y escuelas<\/li>\n<li>Instalaci\u00f3n de los servicios<\/li>\n<li>Instalaciones de almacenamiento<\/li>\n<\/ul>\n<p>Move One es una empresa de mudanzas fundada en 1992 con una sucursal en Oagadougou que ofrece soluciones de log\u00edstica, mudanzas y movilidad global. Afirman ser l\u00edderes del mercado en Europa, \u00c1frica, Oriente Medio, los Balcanes y la CEI. Son miembros de IAM con 23 a\u00f1os de servicio. Forman parte de una red de empresas de mudanzas internacionales para proporcionar mudanzas internacionales.<\/p>\n<p>Move One ofrece servicios de mudanza, traslado y reubicaci\u00f3n que incluyen el apoyo profesional de personal cualificado que apoyar\u00e1 su mudanza y puede darle apoyo en inmigraci\u00f3n para navegar por la burocracia. Pueden ayudarle con el transporte de mascotas, la b\u00fasqueda de vivienda y los colegios.<\/p>\n<p>P\u00e1gina web: <a href=\"https:\/\/www.moveoneinc.com\/\" target=\"_blank\" rel=\"noopener\">https:\/\/www.moveoneinc.com\/<\/a><\/p>","protected":false},"excerpt":{"rendered":"<p>If you are planning a move in Burkina Faso, or moving to or from Burkina Faso then enlisting the assistance of a moving company can help. A moving company can lighten the load physical and mentally especially if you are moving countries. Below we have compiled a list of Burkina Faso moving companies that are [&hellip;]<\/p>\n","protected":false},"author":4,"featured_media":0,"parent":190,"menu_order":0,"comment_status":"closed","ping_status":"closed","template":"","meta":{"_genesis_hide_title":false,"_genesis_hide_breadcrumbs":false,"_genesis_hide_singular_image":false,"_genesis_hide_footer_widgets":false,"_genesis_custom_body_class":"","_genesis_custom_post_class":"","_genesis_layout":"","footnotes":""},"class_list":{"0":"post-5518","1":"page","2":"type-page","3":"status-publish","5":"entry"},"_links":{"self":[{"href":"https:\/\/moverdb.com\/es\/wp-json\/wp\/v2\/pages\/5518","targetHints":{"allow":["GET"]}}],"collection":[{"href":"https:\/\/moverdb.com\/es\/wp-json\/wp\/v2\/pages"}],"about":[{"href":"https:\/\/moverdb.com\/es\/wp-json\/wp\/v2\/types\/page"}],"author":[{"embeddable":true,"href":"https:\/\/moverdb.com\/es\/wp-json\/wp\/v2\/users\/4"}],"replies":[{"embeddable":true,"href":"https:\/\/moverdb.com\/es\/wp-json\/wp\/v2\/comments?post=5518"}],"version-history":[{"count":1,"href":"https:\/\/moverdb.com\/es\/wp-json\/wp\/v2\/pages\/5518\/revisions"}],"predecessor-version":[{"id":5519,"href":"https:\/\/moverdb.com\/es\/wp-json\/wp\/v2\/pages\/5518\/revisions\/5519"}],"up":[{"embeddable":true,"href":"https:\/\/moverdb.com\/es\/wp-json\/wp\/v2\/pages\/190"}],"wp:attachment":[{"href":"https:\/\/moverdb.com\/es\/wp-json\/wp\/v2\/media?parent=5518"}],"curies":[{"name":"wp","href":"https:\/\/api.w.org\/{rel}","templated":true}]}}