{"id":5515,"date":"2023-02-01T13:53:52","date_gmt":"2023-02-01T13:53:52","guid":{"rendered":"https:\/\/moverdb.com\/?page_id=5515"},"modified":"2026-01-08T15:29:52","modified_gmt":"2026-01-08T15:29:52","slug":"camerun-empresas-de-mudanzas","status":"publish","type":"page","link":"https:\/\/moverdb.com\/es\/moving-companies\/cameroon-moving-companies\/","title":{"rendered":"Las mejores empresas de mudanzas internacionales en Camer\u00fan"},"content":{"rendered":"<p>\u00bfSe muda de casa o de empresa? Entonces es posible que desee ayuda para facilitar la mudanza, sobre todo si se traslada a otro pa\u00eds. <a href=\"https:\/\/moverdb.com\/es\/moving-companies\/\" data-internallinksmanager029f6b8e52c=\"79\" title=\"Las 25 mejores empresas de mudanzas internacionales en l\u00ednea\">empresa de mudanzas<\/a> podr\u00eda ayudar. A continuaci\u00f3n hemos recopilado una lista de Camer\u00fan <a href=\"https:\/\/moverdb.com\/es\/international-removals\/\" data-internallinksmanager029f6b8e52c=\"27\" title=\"36 mejores empresas de mudanzas internacionales del Reino Unido\">empresas de mudanzas<\/a> que son miembros de la <a href=\"https:\/\/moverdb.com\/es\/iam\/\" data-internallinksmanager029f6b8e52c=\"23\" title=\"Explicaci\u00f3n de la Asociaci\u00f3n Internacional de Empresas de Mudanzas (IAM)\">Asociaci\u00f3n Internacional de Empresas de Mudanzas<\/a> (IAM) que podr\u00edan ayudarle.<\/p>\n<h2><strong>Movimiento Uno<\/strong><\/h2>\n<p><img loading=\"lazy\" decoding=\"async\" class=\"alignnone size-full wp-image-5461\" src=\"https:\/\/moverdb.com\/wp-content\/uploads\/Move-One-international-moving-company.png\" alt=\"Empresa de mudanzas internacionales Move One\" width=\"1440\" height=\"680\" data-wp-pid=\"5461\" srcset=\"https:\/\/moverdb.com\/wp-content\/uploads\/Move-One-international-moving-company.png 1440w, https:\/\/moverdb.com\/wp-content\/uploads\/Move-One-international-moving-company-300x142.png 300w, https:\/\/moverdb.com\/wp-content\/uploads\/Move-One-international-moving-company-1024x484.png 1024w, https:\/\/moverdb.com\/wp-content\/uploads\/Move-One-international-moving-company-18x9.png 18w, https:\/\/moverdb.com\/wp-content\/uploads\/Move-One-international-moving-company-600x283.png 600w\" sizes=\"auto, (max-width: 1440px) 100vw, 1440px\" \/><\/p>\n<ul>\n<li>Mudanzas internacionales<\/li>\n<li>Traslados<\/li>\n<li>Mudanzas dom\u00e9sticas<\/li>\n<li>Mudanzas de oficinas<\/li>\n<li>Personal profesional de apoyo<\/li>\n<li>Ayuda a la inmigraci\u00f3n<\/li>\n<li>Transporte de mascotas<\/li>\n<li>Ayuda para instalarse<\/li>\n<li>B\u00fasqueda de viviendas y escuelas<\/li>\n<li>Soluciones de almacenamiento<\/li>\n<\/ul>\n<p>Move One es una empresa internacional de mudanzas con sucursales en Europa, \u00c1frica y Oriente Medio, incluido Camer\u00fan. Llevan ofreciendo soluciones de log\u00edstica, mudanzas y movilidad global desde 1992. Tambi\u00e9n disponen de una red internacional de empresas de mudanzas para ayudar a sus clientes a nivel internacional. La sucursal de Camer\u00fan es miembro de IAM con 6 a\u00f1os de servicio.<\/p>\n<p>Move One ofrece un servicio profesional con personal altamente cualificado para ayudarle en su mudanza o traslado. Le ayudar\u00e1n en todos los aspectos de su mudanza, incluida la organizaci\u00f3n log\u00edstica y el apoyo a la inmigraci\u00f3n, como el transporte de sus mascotas. Sus servicios de reubicaci\u00f3n tambi\u00e9n incluyen ayuda para la instalaci\u00f3n, b\u00fasqueda de vivienda y colegios.<\/p>\n<p>P\u00e1gina web: <a href=\"https:\/\/www.moveoneinc.com\/\" target=\"_blank\" rel=\"noopener\">https:\/\/www.moveoneinc.com\/<\/a><\/p>","protected":false},"excerpt":{"rendered":"<p>Are you moving home or your business? Then you may want help in making the move easier especially if you are relocating to another country, so a reputable moving company could help. Below we have compiled a list of Cameroon removal companies that are members of the International Association of Movers (IAM) that could help [&hellip;]<\/p>\n","protected":false},"author":4,"featured_media":0,"parent":190,"menu_order":0,"comment_status":"closed","ping_status":"closed","template":"","meta":{"_genesis_hide_title":false,"_genesis_hide_breadcrumbs":false,"_genesis_hide_singular_image":false,"_genesis_hide_footer_widgets":false,"_genesis_custom_body_class":"","_genesis_custom_post_class":"","_genesis_layout":"","footnotes":""},"class_list":{"0":"post-5515","1":"page","2":"type-page","3":"status-publish","5":"entry","6":"has-post-thumbnail"},"_links":{"self":[{"href":"https:\/\/moverdb.com\/es\/wp-json\/wp\/v2\/pages\/5515","targetHints":{"allow":["GET"]}}],"collection":[{"href":"https:\/\/moverdb.com\/es\/wp-json\/wp\/v2\/pages"}],"about":[{"href":"https:\/\/moverdb.com\/es\/wp-json\/wp\/v2\/types\/page"}],"author":[{"embeddable":true,"href":"https:\/\/moverdb.com\/es\/wp-json\/wp\/v2\/users\/4"}],"replies":[{"embeddable":true,"href":"https:\/\/moverdb.com\/es\/wp-json\/wp\/v2\/comments?post=5515"}],"version-history":[{"count":2,"href":"https:\/\/moverdb.com\/es\/wp-json\/wp\/v2\/pages\/5515\/revisions"}],"predecessor-version":[{"id":5517,"href":"https:\/\/moverdb.com\/es\/wp-json\/wp\/v2\/pages\/5515\/revisions\/5517"}],"up":[{"embeddable":true,"href":"https:\/\/moverdb.com\/es\/wp-json\/wp\/v2\/pages\/190"}],"wp:attachment":[{"href":"https:\/\/moverdb.com\/es\/wp-json\/wp\/v2\/media?parent=5515"}],"curies":[{"name":"wp","href":"https:\/\/api.w.org\/{rel}","templated":true}]}}