{"id":5510,"date":"2023-02-01T12:32:51","date_gmt":"2023-02-01T12:32:51","guid":{"rendered":"https:\/\/moverdb.com\/?page_id=5510"},"modified":"2026-01-08T15:23:39","modified_gmt":"2026-01-08T15:23:39","slug":"bulgaria-empresas-de-mudanzas","status":"publish","type":"page","link":"https:\/\/moverdb.com\/es\/moving-companies\/bulgaria-moving-companies\/","title":{"rendered":"2 Mejores Empresas de Mudanzas Internacionales en Bulgaria"},"content":{"rendered":"<p>Si va a trasladar su casa o su negocio en <a href=\"https:\/\/moverdb.com\/es\/moving-to-bulgaria\/\" data-internallinksmanager029f6b8e52c=\"322\" title=\"\u00bfSe muda a Bulgaria? 2026 Coste de la vida y consejos para el traslado\">Bulgaria<\/a>o se traslada a Bulgaria o desde este pa\u00eds, puede que le interese contratar los servicios de un <a href=\"https:\/\/moverdb.com\/es\/moving-companies\/\" data-internallinksmanager029f6b8e52c=\"79\" title=\"Las 25 mejores empresas de mudanzas internacionales en l\u00ednea\">empresa de mudanzas<\/a> para reducir la carga de trabajo. A continuaci\u00f3n hemos recopilado una lista de b\u00falgaros <a href=\"https:\/\/moverdb.com\/es\/international-removals\/\" data-internallinksmanager029f6b8e52c=\"27\" title=\"36 mejores empresas de mudanzas internacionales del Reino Unido\">empresas de mudanzas<\/a> que son miembros de la <a href=\"https:\/\/moverdb.com\/es\/iam\/\" data-internallinksmanager029f6b8e52c=\"23\" title=\"Explicaci\u00f3n de la Asociaci\u00f3n Internacional de Empresas de Mudanzas (IAM)\">Asociaci\u00f3n Internacional de Empresas de Mudanzas<\/a> (IAM) y\/o <a href=\"https:\/\/moverdb.com\/es\/fidi-faim\/\" data-internallinksmanager029f6b8e52c=\"16\" title=\"Explicaci\u00f3n del FIDI y del FAIM (FIDI Accredited International Mover)\">FIDI<\/a> Accredited International Mover (FAIM) que podr\u00eda ayudarle.<\/p>\n<h2><strong>1. Movega<\/strong><\/h2>\n<p><img loading=\"lazy\" decoding=\"async\" class=\"alignnone size-full wp-image-5463\" src=\"https:\/\/moverdb.com\/wp-content\/uploads\/Movega-international-moving-company.png\" alt=\"Empresa de mudanzas internacionales Movega\" width=\"1440\" height=\"678\" data-wp-pid=\"5463\" srcset=\"https:\/\/moverdb.com\/wp-content\/uploads\/Movega-international-moving-company.png 1440w, https:\/\/moverdb.com\/wp-content\/uploads\/Movega-international-moving-company-300x141.png 300w, https:\/\/moverdb.com\/wp-content\/uploads\/Movega-international-moving-company-1024x482.png 1024w, https:\/\/moverdb.com\/wp-content\/uploads\/Movega-international-moving-company-18x8.png 18w, https:\/\/moverdb.com\/wp-content\/uploads\/Movega-international-moving-company-600x283.png 600w\" sizes=\"auto, (max-width: 1440px) 100vw, 1440px\" \/><\/p>\n<ul>\n<li>Movimientos nacionales<\/li>\n<li>Mudanzas europeas<\/li>\n<li>Mudanzas dom\u00e9sticas<\/li>\n<li>Traslado de oficinas<\/li>\n<li>Servicios de carga completa y parcial<\/li>\n<li>Descuentos por reservar varios veh\u00edculos<\/li>\n<li>Embalaje y desembalaje<\/li>\n<li>Plataforma de encuestas en l\u00ednea para evaluar sus necesidades<\/li>\n<li>Puede proporcionar un ascensor externo<\/li>\n<li>Soluciones de almacenamiento<\/li>\n<\/ul>\n<p>Movega es una empresa de mudanzas con sede en Varna que ofrece servicios de mudanzas en Bulgaria y Europa. Trabajan con socios de mudanzas para prestar sus servicios a escala internacional. Atienden traslados de hogares y oficinas, y son miembros de IAM con 2 a\u00f1os de servicio.<\/p>\n<p>Movega ofrece una selecci\u00f3n de servicios de mudanzas que le permiten utilizar una carga completa o parcial u obtener descuentos por varios veh\u00edculos. Le ayudan a evaluar sus necesidades de mudanza mediante su plataforma de encuestas en l\u00ednea. Ofrecen servicios de transporte, as\u00ed como servicios completos de embalaje y desembalaje. Disponen de una flota variada que incluye un elevador exterior para pasar muebles grandes por ventanas y balcones.<\/p>\n<p>P\u00e1gina web: <a href=\"http:\/\/movega.co.uk\" target=\"_blank\" rel=\"noopener\">http:\/\/movega.co.uk<\/a><\/p>\n<h2><strong>2. \u00d3rbita<\/strong><\/h2>\n<p><img loading=\"lazy\" decoding=\"async\" class=\"alignnone size-full wp-image-5470\" src=\"https:\/\/moverdb.com\/wp-content\/uploads\/Orbit-international-moving-company.png\" alt=\"Empresa de mudanzas internacionales Orbit\" width=\"1440\" height=\"684\" data-wp-pid=\"5470\" srcset=\"https:\/\/moverdb.com\/wp-content\/uploads\/Orbit-international-moving-company.png 1440w, https:\/\/moverdb.com\/wp-content\/uploads\/Orbit-international-moving-company-300x143.png 300w, https:\/\/moverdb.com\/wp-content\/uploads\/Orbit-international-moving-company-1024x486.png 1024w, https:\/\/moverdb.com\/wp-content\/uploads\/Orbit-international-moving-company-18x9.png 18w, https:\/\/moverdb.com\/wp-content\/uploads\/Orbit-international-moving-company-600x285.png 600w\" sizes=\"auto, (max-width: 1440px) 100vw, 1440px\" \/><\/p>\n<ul>\n<li>Movimientos nacionales<\/li>\n<li>Traslados internacionales<\/li>\n<li>Mudanzas dom\u00e9sticas<\/li>\n<li>Log\u00edstica comercial<\/li>\n<li>Enfoque personalizado<\/li>\n<li>Transporte terrestre, mar\u00edtimo y a\u00e9reo<\/li>\n<li>Agencia de aduanas<\/li>\n<li>Embalaje y desembalaje<\/li>\n<li>Transporte de arte<\/li>\n<li>Seguimiento y seguro del transporte<\/li>\n<\/ul>\n<p>Orbit es una empresa de transportes con sede en Sof\u00eda que lleva m\u00e1s de 25 a\u00f1os ayudando a la gente a mudarse en Bulgaria y en el extranjero. Forma parte del grupo Orphee Beinoglou, que cuenta con sucursales en toda Europa con las que colabora con otros socios de mudanzas para realizar traslados internacionales. Son miembros de IAM con 28 a\u00f1os de servicio y est\u00e1n acreditados por FIDI.<\/p>\n<p>Orbit ofrece un servicio personalizado que incluye la inspecci\u00f3n inicial, la planificaci\u00f3n de su mudanza por tierra, mar o aire, el embalaje y desembalaje seguro de sus pertenencias y la tramitaci\u00f3n del despacho de aduanas. Proporcionan tranquilidad con un seguro de tr\u00e1nsito para sus pertenencias y el seguimiento de su env\u00edo.<\/p>\n<p>P\u00e1gina web: <a href=\"http:\/\/www.orbit.bg\" target=\"_blank\" rel=\"noopener\">http:\/\/www.orbit.bg<\/a><\/p>\n<h2>Otras gu\u00edas \u00fatiles sobre Bulgaria<\/h2>\n<ul>\n<li> <a href=\"https:\/\/moverdb.com\/es\/moving-to-bulgaria\/\">\u00bfSe muda a Bulgaria? 2026 Coste de la vida y consejos de reubicaci\u00f3n<\/a><\/li>\n<li> <a href=\"https:\/\/moverdb.com\/es\/moving-to-bulgaria\/best-places-to-live-bulgaria\/\">13 mejores lugares para vivir en Bulgaria<\/a><\/li>\n<\/ul>","protected":false},"excerpt":{"rendered":"<p>If you are moving home or your business in Bulgaria, or moving to or from Bulgaria, then you may want to engage the services of a moving company to reduce the workload. Below we have compiled a list of Bulgarian removal companies that are members of the International Association of Movers (IAM) and\/or FIDI Accredited [&hellip;]<\/p>\n","protected":false},"author":4,"featured_media":0,"parent":190,"menu_order":0,"comment_status":"closed","ping_status":"closed","template":"","meta":{"_genesis_hide_title":false,"_genesis_hide_breadcrumbs":false,"_genesis_hide_singular_image":false,"_genesis_hide_footer_widgets":false,"_genesis_custom_body_class":"","_genesis_custom_post_class":"","_genesis_layout":"","footnotes":""},"class_list":{"0":"post-5510","1":"page","2":"type-page","3":"status-publish","5":"entry","6":"has-post-thumbnail"},"_links":{"self":[{"href":"https:\/\/moverdb.com\/es\/wp-json\/wp\/v2\/pages\/5510","targetHints":{"allow":["GET"]}}],"collection":[{"href":"https:\/\/moverdb.com\/es\/wp-json\/wp\/v2\/pages"}],"about":[{"href":"https:\/\/moverdb.com\/es\/wp-json\/wp\/v2\/types\/page"}],"author":[{"embeddable":true,"href":"https:\/\/moverdb.com\/es\/wp-json\/wp\/v2\/users\/4"}],"replies":[{"embeddable":true,"href":"https:\/\/moverdb.com\/es\/wp-json\/wp\/v2\/comments?post=5510"}],"version-history":[{"count":3,"href":"https:\/\/moverdb.com\/es\/wp-json\/wp\/v2\/pages\/5510\/revisions"}],"predecessor-version":[{"id":16292,"href":"https:\/\/moverdb.com\/es\/wp-json\/wp\/v2\/pages\/5510\/revisions\/16292"}],"up":[{"embeddable":true,"href":"https:\/\/moverdb.com\/es\/wp-json\/wp\/v2\/pages\/190"}],"wp:attachment":[{"href":"https:\/\/moverdb.com\/es\/wp-json\/wp\/v2\/media?parent=5510"}],"curies":[{"name":"wp","href":"https:\/\/api.w.org\/{rel}","templated":true}]}}