{"id":5507,"date":"2023-02-01T13:55:39","date_gmt":"2023-02-01T13:55:39","guid":{"rendered":"https:\/\/moverdb.com\/?page_id=5507"},"modified":"2026-01-08T15:29:49","modified_gmt":"2026-01-08T15:29:49","slug":"brunei-moving-companies","status":"publish","type":"page","link":"https:\/\/moverdb.com\/es\/moving-companies\/brunei-moving-companies\/","title":{"rendered":"Mejores Empresas de Mudanzas Internacionales en Brun\u00e9i Darussalam"},"content":{"rendered":"<p>Mudarse de casa o de negocio puede ser un trabajo complejo y duro, as\u00ed que si quiere aligerar la carga, puede que le interese contratar a una empresa de mudanzas. <a href=\"https:\/\/moverdb.com\/es\/moving-companies\/\" data-internallinksmanager029f6b8e52c=\"79\" title=\"Las 25 mejores empresas de mudanzas internacionales en l\u00ednea\">empresa de mudanzas<\/a> para ayudarle. A continuaci\u00f3n hemos recopilado una lista de <a href=\"https:\/\/moverdb.com\/es\/moving-to-brunei\/\" data-internallinksmanager029f6b8e52c=\"424\" title=\"\u00bfSe muda a Brunei? 2026 Coste de la vida y consejos para el traslado\">Brunei<\/a> Darussalam <a href=\"https:\/\/moverdb.com\/es\/international-removals\/\" data-internallinksmanager029f6b8e52c=\"27\" title=\"36 mejores empresas de mudanzas internacionales del Reino Unido\">empresas de mudanzas<\/a> que son miembros de la <a href=\"https:\/\/moverdb.com\/es\/iam\/\" data-internallinksmanager029f6b8e52c=\"23\" title=\"Explicaci\u00f3n de la Asociaci\u00f3n Internacional de Empresas de Mudanzas (IAM)\">Asociaci\u00f3n Internacional de Empresas de Mudanzas<\/a> (IAM) que podr\u00edan ayudarle.<\/p>\n<h2><strong>Brunei Transporting Company <\/strong><\/h2>\n<p><img loading=\"lazy\" decoding=\"async\" class=\"alignnone size-full wp-image-5508\" src=\"https:\/\/moverdb.com\/wp-content\/uploads\/Brunei-Transporting-Company-international-moving-company.png\" alt=\"Brunei Transporting Company empresa de mudanzas internacionales\" width=\"1440\" height=\"682\" data-wp-pid=\"5508\" srcset=\"https:\/\/moverdb.com\/wp-content\/uploads\/Brunei-Transporting-Company-international-moving-company.png 1440w, https:\/\/moverdb.com\/wp-content\/uploads\/Brunei-Transporting-Company-international-moving-company-300x142.png 300w, https:\/\/moverdb.com\/wp-content\/uploads\/Brunei-Transporting-Company-international-moving-company-1024x485.png 1024w, https:\/\/moverdb.com\/wp-content\/uploads\/Brunei-Transporting-Company-international-moving-company-18x9.png 18w, https:\/\/moverdb.com\/wp-content\/uploads\/Brunei-Transporting-Company-international-moving-company-600x284.png 600w\" sizes=\"auto, (max-width: 1440px) 100vw, 1440px\" \/><\/p>\n<ul>\n<li>Mudanzas internacionales<\/li>\n<li>Transporte local<\/li>\n<li>Mudanzas dom\u00e9sticas<\/li>\n<li>Mudanzas comerciales<\/li>\n<li>Servicios puerta a puerta<\/li>\n<li>Transporte terrestre y mar\u00edtimo<\/li>\n<li>Personal formado y con experiencia<\/li>\n<li>Amplia flota de veh\u00edculos<\/li>\n<li>Servicios de despacho de aduanas<\/li>\n<li>Elecci\u00f3n de soluciones de almacenamiento<\/li>\n<\/ul>\n<p>Brunei Transporting Company es una de las principales empresas log\u00edsticas de Brunei Darussalam que presta servicios de mudanzas locales e internacionales. Trabajan en colaboraci\u00f3n con empresas de mudanzas asociadas para prestar servicios internacionales, con las que est\u00e1n en contacto permanente para garantizar un transporte seguro y r\u00e1pido. Es miembro de IAM.<\/p>\n<p>Brunei Transporting Company dispone de una amplia flota de veh\u00edculos que incluye camiones, transportadores de autom\u00f3viles, veh\u00edculos de primera categor\u00eda, remolques y gr\u00faas. Prestan servicios de mudanzas y log\u00edstica a diplom\u00e1ticos, empresas nacionales y multinacionales y particulares. Proporcionan un servicio puerta a puerta en la entrega de carga por tierra y mar con servicios de agente de aduanas y una gama de opciones de almacenamiento.<\/p>\n<p>P\u00e1gina web: <a href=\"http:\/\/www.bruneitransporting.com\" target=\"_blank\" rel=\"noopener\">http:\/\/www.bruneitransporting.com<\/a><\/p>","protected":false},"excerpt":{"rendered":"<p>Moving home or your business can be complex and hard work so if you are looking to lighten the load then you might want to employ a moving company to help you. Below we have compiled a list of Brunei Darussalam removal companies that are members of the International Association of Movers (IAM) that could [&hellip;]<\/p>\n","protected":false},"author":4,"featured_media":0,"parent":190,"menu_order":0,"comment_status":"closed","ping_status":"closed","template":"","meta":{"_genesis_hide_title":false,"_genesis_hide_breadcrumbs":false,"_genesis_hide_singular_image":false,"_genesis_hide_footer_widgets":false,"_genesis_custom_body_class":"","_genesis_custom_post_class":"","_genesis_layout":"","footnotes":""},"class_list":{"0":"post-5507","1":"page","2":"type-page","3":"status-publish","5":"entry","6":"has-post-thumbnail"},"_links":{"self":[{"href":"https:\/\/moverdb.com\/es\/wp-json\/wp\/v2\/pages\/5507","targetHints":{"allow":["GET"]}}],"collection":[{"href":"https:\/\/moverdb.com\/es\/wp-json\/wp\/v2\/pages"}],"about":[{"href":"https:\/\/moverdb.com\/es\/wp-json\/wp\/v2\/types\/page"}],"author":[{"embeddable":true,"href":"https:\/\/moverdb.com\/es\/wp-json\/wp\/v2\/users\/4"}],"replies":[{"embeddable":true,"href":"https:\/\/moverdb.com\/es\/wp-json\/wp\/v2\/comments?post=5507"}],"version-history":[{"count":1,"href":"https:\/\/moverdb.com\/es\/wp-json\/wp\/v2\/pages\/5507\/revisions"}],"predecessor-version":[{"id":5509,"href":"https:\/\/moverdb.com\/es\/wp-json\/wp\/v2\/pages\/5507\/revisions\/5509"}],"up":[{"embeddable":true,"href":"https:\/\/moverdb.com\/es\/wp-json\/wp\/v2\/pages\/190"}],"wp:attachment":[{"href":"https:\/\/moverdb.com\/es\/wp-json\/wp\/v2\/media?parent=5507"}],"curies":[{"name":"wp","href":"https:\/\/api.w.org\/{rel}","templated":true}]}}