{"id":5237,"date":"2022-10-24T11:50:03","date_gmt":"2022-10-24T11:50:03","guid":{"rendered":"https:\/\/moverdb.com\/?page_id=5237"},"modified":"2026-01-08T15:24:38","modified_gmt":"2026-01-08T15:24:38","slug":"bolivia","status":"publish","type":"page","link":"https:\/\/moverdb.com\/es\/moving-companies\/bolivia-moving-companies\/","title":{"rendered":"4 mejores empresas de mudanzas internacionales en Bolivia"},"content":{"rendered":"<p>Si quiere mudarse de casa o de negocio en Bolivia, o hacia o desde Bolivia, entonces es posible que quiera alg\u00fan tipo de apoyo para reducir el estr\u00e9s y el trabajo necesario para la mudanza. A continuaci\u00f3n, hemos recopilado una lista de <a href=\"https:\/\/moverdb.com\/es\/international-removals\/\" data-internallinksmanager029f6b8e52c=\"27\" title=\"36 mejores empresas de mudanzas internacionales del Reino Unido\">empresas de mudanzas<\/a> que son miembros de la <a href=\"https:\/\/moverdb.com\/es\/iam\/\" data-internallinksmanager029f6b8e52c=\"23\" title=\"Explicaci\u00f3n de la Asociaci\u00f3n Internacional de Empresas de Mudanzas (IAM)\">Asociaci\u00f3n Internacional de Empresas de Mudanzas<\/a> (IAM) y\/o <a href=\"https:\/\/moverdb.com\/es\/fidi-faim\/\" data-internallinksmanager029f6b8e52c=\"16\" title=\"Explicaci\u00f3n del FIDI y del FAIM (FIDI Accredited International Mover)\">FIDI<\/a> Accredited International Mover (FAIM) que podr\u00eda ayudarle.<\/p>\n<div id=\"ez-toc-container\" class=\"ez-toc-v2_0_82_2 ez-toc-wrap-left counter-hierarchy ez-toc-counter ez-toc-transparent ez-toc-container-direction\">\n<div class=\"ez-toc-title-container\">\n<p class=\"ez-toc-title\" style=\"cursor:inherit\">Secciones<\/p>\n<span class=\"ez-toc-title-toggle\"><a href=\"#\" class=\"ez-toc-pull-right ez-toc-btn ez-toc-btn-xs ez-toc-btn-default ez-toc-toggle\" aria-label=\"Alternar tabla de contenidos\"><span class=\"ez-toc-js-icon-con\"><span class=\"\"><span class=\"eztoc-hide\" style=\"display:none;\">Toggle<\/span><span class=\"ez-toc-icon-toggle-span\"><svg style=\"fill: #999;color:#999\" xmlns=\"http:\/\/www.w3.org\/2000\/svg\" class=\"list-377408\" width=\"20px\" height=\"20px\" viewbox=\"0 0 24 24\" fill=\"none\"><path d=\"M6 6H4v2h2V6zm14 0H8v2h12V6zM4 11h2v2H4v-2zm16 0H8v2h12v-2zM4 16h2v2H4v-2zm16 0H8v2h12v-2z\" fill=\"currentColor\"><\/path><\/svg><svg style=\"fill: #999;color:#999\" class=\"arrow-unsorted-368013\" xmlns=\"http:\/\/www.w3.org\/2000\/svg\" width=\"10px\" height=\"10px\" viewbox=\"0 0 24 24\" version=\"1.2\" baseprofile=\"tiny\"><path d=\"M18.2 9.3l-6.2-6.3-6.2 6.3c-.2.2-.3.4-.3.7s.1.5.3.7c.2.2.4.3.7.3h11c.3 0 .5-.1.7-.3.2-.2.3-.5.3-.7s-.1-.5-.3-.7zM5.8 14.7l6.2 6.3 6.2-6.3c.2-.2.3-.5.3-.7s-.1-.5-.3-.7c-.2-.2-.4-.3-.7-.3h-11c-.3 0-.5.1-.7.3-.2.2-.3.5-.3.7s.1.5.3.7z\"\/><\/svg><\/span><\/span><\/span><\/a><\/span><\/div>\n<nav><ul class='ez-toc-list ez-toc-list-level-1 eztoc-toggle-hide-by-default' ><li class='ez-toc-page-1 ez-toc-heading-level-2'><a class=\"ez-toc-link ez-toc-heading-1\" href=\"https:\/\/moverdb.com\/es\/moving-companies\/bolivia-moving-companies\/#1_Bolivian_Movers\" >1. Mudanzas de Bolivia<\/a><\/li><li class='ez-toc-page-1 ez-toc-heading-level-2'><a class=\"ez-toc-link ez-toc-heading-2\" href=\"https:\/\/moverdb.com\/es\/moving-companies\/bolivia-moving-companies\/#2_Express_Cargo_Services\" >2. Servicios de carga expr\u00e9s<\/a><\/li><li class='ez-toc-page-1 ez-toc-heading-level-2'><a class=\"ez-toc-link ez-toc-heading-3\" href=\"https:\/\/moverdb.com\/es\/moving-companies\/bolivia-moving-companies\/#3_Total_Bolivian_Moving\" >3. Total de la mudanza boliviana<\/a><\/li><li class='ez-toc-page-1 ez-toc-heading-level-2'><a class=\"ez-toc-link ez-toc-heading-4\" href=\"https:\/\/moverdb.com\/es\/moving-companies\/bolivia-moving-companies\/#4_Inbolpack\" >4. Inbolpack<\/a><\/li><\/ul><\/nav><\/div>\n<h2><span class=\"ez-toc-section\" id=\"1_Bolivian_Movers\"><\/span><strong>1. Mudanzas de Bolivia<\/strong><span class=\"ez-toc-section-end\"><\/span><\/h2>\n<p><em><img loading=\"lazy\" decoding=\"async\" class=\"alignnone size-full wp-image-5150\" src=\"https:\/\/moverdb.com\/wp-content\/uploads\/Bolivian-Movers-international-moving-company.png\" alt=\"Bolivian Movers empresa de mudanzas internacionales\" width=\"1440\" height=\"671\" data-wp-pid=\"5150\" srcset=\"https:\/\/moverdb.com\/wp-content\/uploads\/Bolivian-Movers-international-moving-company.png 1440w, https:\/\/moverdb.com\/wp-content\/uploads\/Bolivian-Movers-international-moving-company-300x140.png 300w, https:\/\/moverdb.com\/wp-content\/uploads\/Bolivian-Movers-international-moving-company-1024x477.png 1024w, https:\/\/moverdb.com\/wp-content\/uploads\/Bolivian-Movers-international-moving-company-18x8.png 18w, https:\/\/moverdb.com\/wp-content\/uploads\/Bolivian-Movers-international-moving-company-600x280.png 600w\" sizes=\"auto, (max-width: 1440px) 100vw, 1440px\" \/><\/em><\/p>\n<ul>\n<li>Movimientos nacionales<\/li>\n<li>Mudanzas internacionales<\/li>\n<li>Mudanzas a domicilio<\/li>\n<li>Traslado de oficinas<\/li>\n<li>Un \u00fanico punto de contacto para su mudanza<\/li>\n<li>Flota y equipos modernos<\/li>\n<li>Embalaje profesional con materiales de alta calidad<\/li>\n<li>Transporte de arte<\/li>\n<li>Traslado de mascotas<\/li>\n<li>Instalaciones de almacenamiento seguras<\/li>\n<\/ul>\n<p>Bolivian Movers se fund\u00f3 en 1974 para ofrecer servicios de mudanza en Bolivia y otros pa\u00edses. Son miembros de IAM con 48 a\u00f1os de servicio. Forman parte de una red internacional de empresas de mudanzas que les permite apoyar su mudanza en cualquier parte del mundo. Disponen de una moderna flota de veh\u00edculos y equipos y le ofrecen un contacto para supervisar su mudanza.<\/p>\n<p>Bolivian Movers ofrece un servicio de embalaje profesional que utiliza materiales de alta calidad y empaquetadores expertos con t\u00e9cnicas de embalaje acreditadas. Tambi\u00e9n ofrecen servicios de traslado de mascotas y asesoran sobre la normativa vigente. Tambi\u00e9n ofrecen instalaciones de almacenamiento seguras.<\/p>\n<p>P\u00e1gina web: <a href=\"http:\/\/www.bolivianmovers.com\" target=\"_blank\" rel=\"noopener\">http:\/\/www.bolivianmovers.com<\/a><\/p>\n<h2><span class=\"ez-toc-section\" id=\"2_Express_Cargo_Services\"><\/span><strong>2. Servicios de carga expr\u00e9s<\/strong><span class=\"ez-toc-section-end\"><\/span><\/h2>\n<p><em><img loading=\"lazy\" decoding=\"async\" class=\"alignnone size-full wp-image-5166\" src=\"https:\/\/moverdb.com\/wp-content\/uploads\/Express-Cargo-Services-international-moving-company.png\" alt=\"Empresa de mudanzas internacionales Express Cargo Services\" width=\"1440\" height=\"680\" data-wp-pid=\"5166\" srcset=\"https:\/\/moverdb.com\/wp-content\/uploads\/Express-Cargo-Services-international-moving-company.png 1440w, https:\/\/moverdb.com\/wp-content\/uploads\/Express-Cargo-Services-international-moving-company-300x142.png 300w, https:\/\/moverdb.com\/wp-content\/uploads\/Express-Cargo-Services-international-moving-company-1024x484.png 1024w, https:\/\/moverdb.com\/wp-content\/uploads\/Express-Cargo-Services-international-moving-company-18x9.png 18w, https:\/\/moverdb.com\/wp-content\/uploads\/Express-Cargo-Services-international-moving-company-600x283.png 600w\" sizes=\"auto, (max-width: 1440px) 100vw, 1440px\" \/><\/em><\/p>\n<ul>\n<li>Movimientos nacionales<\/li>\n<li>Mudanzas internacionales<\/li>\n<li>Mudanzas residenciales<\/li>\n<li>Una flota de furgonetas y camiones<\/li>\n<li>Transporte por carretera, mar\u00edtimo y a\u00e9reo<\/li>\n<li>Servicios de embalaje<\/li>\n<li>Procedimientos aduaneros de exportaci\u00f3n e importaci\u00f3n<\/li>\n<li>Transporte de obras de arte<\/li>\n<li>Traslado de mascotas<\/li>\n<li>Almacenamiento seguro<\/li>\n<\/ul>\n<p>Express Cargo Services se estableci\u00f3 en 1989 como empresa de mudanzas en Bolivia. Proporcionan una gama de servicios de mudanza para clientes residenciales que quieren mudarse dentro o hacia Bolivia o cualquier otro lugar del mundo. Son miembros de IAM con 33 a\u00f1os de servicio.<\/p>\n<p>Express Cargo Services ofrece un servicio puerta a puerta desde y hacia cualquier pa\u00eds del mundo. Operan con su propia flota de furgonetas y camiones para facilitar las mudanzas en Bolivia y trabajan con socios y agentes mar\u00edtimos a nivel internacional utilizando el transporte por carretera, mar\u00edtimo y a\u00e9reo. Proporcionan servicios de embalaje, apoyo aduanero, transporte de obras de arte, traslado de mascotas y almacenes seguros.<\/p>\n<p>P\u00e1gina web: <a href=\"http:\/\/www.expresscargobolivia.com\" target=\"_blank\" rel=\"noopener\">http:\/\/www.expresscargobolivia.com<\/a><\/p>\n<h2><span class=\"ez-toc-section\" id=\"3_Total_Bolivian_Moving\"><\/span><strong>3. Total de la mudanza boliviana<\/strong><span class=\"ez-toc-section-end\"><\/span><\/h2>\n<p><em><img loading=\"lazy\" decoding=\"async\" class=\"alignnone size-full wp-image-5210\" src=\"https:\/\/moverdb.com\/wp-content\/uploads\/Total-Bolivian-Moving-international-moving-company.png\" alt=\"Total Bolivian Moving empresa de mudanzas internacionales\" width=\"1440\" height=\"636\" data-wp-pid=\"5210\" srcset=\"https:\/\/moverdb.com\/wp-content\/uploads\/Total-Bolivian-Moving-international-moving-company.png 1440w, https:\/\/moverdb.com\/wp-content\/uploads\/Total-Bolivian-Moving-international-moving-company-300x133.png 300w, https:\/\/moverdb.com\/wp-content\/uploads\/Total-Bolivian-Moving-international-moving-company-1024x452.png 1024w, https:\/\/moverdb.com\/wp-content\/uploads\/Total-Bolivian-Moving-international-moving-company-18x8.png 18w, https:\/\/moverdb.com\/wp-content\/uploads\/Total-Bolivian-Moving-international-moving-company-600x265.png 600w\" sizes=\"auto, (max-width: 1440px) 100vw, 1440px\" \/><\/em><\/p>\n<ul>\n<li>Movimientos nacionales<\/li>\n<li>Mudanzas internacionales<\/li>\n<li>Mudanzas residenciales y comerciales<\/li>\n<li>Organizaci\u00f3n y planificaci\u00f3n de su mudanza<\/li>\n<li>Personal formado y con experiencia<\/li>\n<li>Servicio de embalaje con materiales de alta calidad<\/li>\n<li>Seguros<\/li>\n<li>Transporte de obras de arte<\/li>\n<li>Transporte de veh\u00edculos<\/li>\n<li>Almacenamiento seguro<\/li>\n<\/ul>\n<p>Total Bolivian Moving es una empresa de mudanzas con sede en La Paz que presta servicios de mudanzas en Bolivia y desde y hacia Bolivia. Prestan sus servicios tanto a clientes residenciales como a clientes comerciales, incluidas organizaciones y empresas. Est\u00e1n especializados en el transporte de obras de arte. Son miembros de IAM con 7 a\u00f1os de servicio.<\/p>\n<p>Total Bolivian Moving le ayudar\u00e1 a organizar su mudanza y le asistir\u00e1 en la planificaci\u00f3n. Proporcionan personal capacitado y experimentado para empacar sus pertenencias de manera segura y protegida para evitar da\u00f1os utilizando materiales de embalaje de alta calidad. Proporcionan un seguro y facilidades de almacenamiento para sus pertenencias si es necesario.<\/p>\n<p>P\u00e1gina web: <a href=\"http:\/\/www.tobolmoving.com\" target=\"_blank\" rel=\"noopener\">http:\/\/www.tobolmoving.com<\/a><\/p>\n<h2><span class=\"ez-toc-section\" id=\"4_Inbolpack\"><\/span><strong>4. Inbolpack<\/strong><span class=\"ez-toc-section-end\"><\/span><\/h2>\n<p>&nbsp;<img loading=\"lazy\" decoding=\"async\" class=\"alignnone size-full wp-image-5238\" src=\"https:\/\/moverdb.com\/wp-content\/uploads\/Inbolpack-international-moving-company.png\" alt=\"\" width=\"1440\" height=\"682\" data-wp-pid=\"5238\" srcset=\"https:\/\/moverdb.com\/wp-content\/uploads\/Inbolpack-international-moving-company.png 1440w, https:\/\/moverdb.com\/wp-content\/uploads\/Inbolpack-international-moving-company-300x142.png 300w, https:\/\/moverdb.com\/wp-content\/uploads\/Inbolpack-international-moving-company-1024x485.png 1024w, https:\/\/moverdb.com\/wp-content\/uploads\/Inbolpack-international-moving-company-18x9.png 18w, https:\/\/moverdb.com\/wp-content\/uploads\/Inbolpack-international-moving-company-600x284.png 600w\" sizes=\"auto, (max-width: 1440px) 100vw, 1440px\" \/><\/p>\n<ul>\n<li>Traslados locales y nacionales<\/li>\n<li>Mudanzas internacionales<\/li>\n<li>Mudanzas dom\u00e9sticas<\/li>\n<li>Mudanzas comerciales<\/li>\n<li>Proyectos especiales de transporte<\/li>\n<li>Servicio puerta a puerta<\/li>\n<li>Embaladores profesionales<\/li>\n<li>Materiales de embalaje de alta calidad<\/li>\n<li>Flota propia de veh\u00edculos variados<\/li>\n<li>Soluciones de almacenamiento<\/li>\n<\/ul>\n<p>Inbolpack fue fundada en 1978 como una empresa de mudanzas al servicio de Bolivia y a nivel internacional debido a la presencia de personal extranjero en el pa\u00eds. Asisten a personas y empresas a trasladarse dentro, hacia y desde Bolivia. Son miembros de IAM con 44 a\u00f1os de servicio y est\u00e1n acreditados por FIDI.<\/p>\n<p>Inbolpack ofrece un servicio de mudanzas puerta a puerta que proporciona un servicio de embalaje profesional con personal capacitado que cumple con las normas internacionales y utiliza materiales de embalaje de alta calidad. Tambi\u00e9n disponen de una flota de veh\u00edculos propios que incluye camiones y gr\u00faas. Tambi\u00e9n proporcionan instalaciones de almacenamiento para la carga a nivel local e internacional.<\/p>\n<p>P\u00e1gina web: <a href=\"http:\/\/www.inbolpack.net\" target=\"_blank\" rel=\"noopener\">http:\/\/www.inbolpack.net<\/a><\/p>","protected":false},"excerpt":{"rendered":"<p>If you are wanting to move home or business in Bolivia, or to or from Bolivia then you might want some support to reduce the stress and work needed for the move. Below we have compiled a list of Bolivian removal companies that are members of the International Association of Movers (IAM) and\/or FIDI Accredited [&hellip;]<\/p>\n","protected":false},"author":4,"featured_media":0,"parent":190,"menu_order":0,"comment_status":"closed","ping_status":"closed","template":"","meta":{"_genesis_hide_title":false,"_genesis_hide_breadcrumbs":false,"_genesis_hide_singular_image":false,"_genesis_hide_footer_widgets":false,"_genesis_custom_body_class":"","_genesis_custom_post_class":"","_genesis_layout":"","footnotes":""},"class_list":{"0":"post-5237","1":"page","2":"type-page","3":"status-publish","5":"entry","6":"has-post-thumbnail"},"_links":{"self":[{"href":"https:\/\/moverdb.com\/es\/wp-json\/wp\/v2\/pages\/5237","targetHints":{"allow":["GET"]}}],"collection":[{"href":"https:\/\/moverdb.com\/es\/wp-json\/wp\/v2\/pages"}],"about":[{"href":"https:\/\/moverdb.com\/es\/wp-json\/wp\/v2\/types\/page"}],"author":[{"embeddable":true,"href":"https:\/\/moverdb.com\/es\/wp-json\/wp\/v2\/users\/4"}],"replies":[{"embeddable":true,"href":"https:\/\/moverdb.com\/es\/wp-json\/wp\/v2\/comments?post=5237"}],"version-history":[{"count":1,"href":"https:\/\/moverdb.com\/es\/wp-json\/wp\/v2\/pages\/5237\/revisions"}],"predecessor-version":[{"id":5239,"href":"https:\/\/moverdb.com\/es\/wp-json\/wp\/v2\/pages\/5237\/revisions\/5239"}],"up":[{"embeddable":true,"href":"https:\/\/moverdb.com\/es\/wp-json\/wp\/v2\/pages\/190"}],"wp:attachment":[{"href":"https:\/\/moverdb.com\/es\/wp-json\/wp\/v2\/media?parent=5237"}],"curies":[{"name":"wp","href":"https:\/\/api.w.org\/{rel}","templated":true}]}}