{"id":5231,"date":"2022-10-24T11:51:35","date_gmt":"2022-10-24T11:51:35","guid":{"rendered":"https:\/\/moverdb.com\/?page_id=5231"},"modified":"2026-01-08T15:29:47","modified_gmt":"2026-01-08T15:29:47","slug":"barbados-2","status":"publish","type":"page","link":"https:\/\/moverdb.com\/es\/moving-companies\/barbados-moving-companies\/","title":{"rendered":"Las mejores empresas de mudanzas internacionales en Barbados"},"content":{"rendered":"<p>\u00bfEst\u00e1 pensando en trasladarse a o desde <a href=\"https:\/\/moverdb.com\/es\/moving-to-barbados\/\" data-internallinksmanager029f6b8e52c=\"344\" title=\"\u00bfSe muda a Barbados? 2026 Coste de la vida y consejos para el traslado\">Barbados<\/a>\u00bfO dentro de Barbados? Entonces la idea de embalar su casa o negocio y organizar el transporte puede causarle cierto estr\u00e9s, pero una empresa de mudanzas puede ayudarle. A continuaci\u00f3n le presentamos <a href=\"https:\/\/moverdb.com\/es\/international-removals\/\" data-internallinksmanager029f6b8e52c=\"27\" title=\"36 mejores empresas de mudanzas internacionales del Reino Unido\">empresas de mudanzas<\/a> que son miembros de la <a href=\"https:\/\/moverdb.com\/es\/iam\/\" data-internallinksmanager029f6b8e52c=\"23\" title=\"Explicaci\u00f3n de la Asociaci\u00f3n Internacional de Empresas de Mudanzas (IAM)\">Asociaci\u00f3n Internacional de Empresas de Mudanzas<\/a> (IAM) y\/o <a href=\"https:\/\/moverdb.com\/es\/fidi-faim\/\" data-internallinksmanager029f6b8e52c=\"16\" title=\"Explicaci\u00f3n del FIDI y del FAIM (FIDI Accredited International Mover)\">FIDI<\/a> Empresa de mudanzas internacionales acreditada (FAIM) en Barbados.<\/p>\n<h2><strong>1. Michael Greaves Associates<\/strong><\/h2>\n<p><em><img loading=\"lazy\" decoding=\"async\" class=\"alignnone size-full wp-image-5186\" src=\"https:\/\/moverdb.com\/wp-content\/uploads\/Michael-Greaves-Associates-international-moving-company.png\" alt=\"Michael Greaves Associates empresa de mudanzas internacionales\" width=\"1440\" height=\"681\" data-wp-pid=\"5186\" srcset=\"https:\/\/moverdb.com\/wp-content\/uploads\/Michael-Greaves-Associates-international-moving-company.png 1440w, https:\/\/moverdb.com\/wp-content\/uploads\/Michael-Greaves-Associates-international-moving-company-300x142.png 300w, https:\/\/moverdb.com\/wp-content\/uploads\/Michael-Greaves-Associates-international-moving-company-1024x484.png 1024w, https:\/\/moverdb.com\/wp-content\/uploads\/Michael-Greaves-Associates-international-moving-company-18x9.png 18w, https:\/\/moverdb.com\/wp-content\/uploads\/Michael-Greaves-Associates-international-moving-company-600x284.png 600w\" sizes=\"auto, (max-width: 1440px) 100vw, 1440px\" \/><\/em><\/p>\n<ul>\n<li>Desplazamientos nacionales<\/li>\n<li>Desplazamientos internacionales<\/li>\n<li>Mudanzas comerciales y residenciales<\/li>\n<li>Servicio a medida<\/li>\n<li>Profesionales con experiencia<\/li>\n<li>Despacho de aduanas<\/li>\n<li>Seguro de carga<\/li>\n<li>Manipulaci\u00f3n de mascotas<\/li>\n<li>Transporte de veh\u00edculos y barcos<\/li>\n<li>Instalaciones de almacenamiento<\/li>\n<\/ul>\n<p>Michael Greaves Associates es un servicio de reubicaci\u00f3n, mudanza, transporte y corretaje con sede en Barbados fundado en 1981. Son miembros de IAM con 41 a\u00f1os de servicio. Ofrecen servicios de reubicaci\u00f3n dentro de Barbados y a nivel internacional.<\/p>\n<p>Michael Greaves Associates ofrece un servicio de reubicaci\u00f3n a medida que le ayuda en todas las etapas de su mudanza, desde la planificaci\u00f3n hasta la instalaci\u00f3n en su nuevo hogar. Estudiar\u00e1n su casa u oficina, le proporcionar\u00e1n un presupuesto y tomar\u00e1n nota de cualquier requisito especial. Empaquetar\u00e1n sus pertenencias utilizando t\u00e9cnicas y materiales homologados. Tambi\u00e9n ofrecen un seguro de carga y un servicio de despacho de aduanas, as\u00ed como servicios especializados para el transporte de mascotas, veh\u00edculos y barcos.<\/p>\n<p>P\u00e1gina web: <a href=\"http:\/\/www.mgassociates.net\" target=\"_blank\" rel=\"noopener\">http:\/\/www.mgassociates.net<\/a><\/p>\n<h2>Otras gu\u00edas \u00fatiles sobre Barbados<\/h2>\n<ul>\n<li> <a href=\"https:\/\/moverdb.com\/es\/transporte-de-contenedores\/barbados\/\">2024 Tarifas de transporte mar\u00edtimo de contenedores desde y hacia Barbados<\/a><\/li>\n<li> <a href=\"https:\/\/moverdb.com\/es\/moving-to-barbados\/\">\u00bfSe muda a Barbados? 2026 Coste de la vida y consejos para el traslado<\/a><\/li>\n<li> <a href=\"https:\/\/moverdb.com\/es\/moving-to-barbados\/living-in-barbados\/\">21 secretos sobre la vida en Barbados que debe conocer antes de mudarse<\/a><\/li>\n<\/ul>","protected":false},"excerpt":{"rendered":"<p>Are you thinking of moving to or from Barbados, or within Barbados? Then the thought of packing up your home or business and organising the shipping might be causing some stress, but a removal company could help. Below are the removal companies that are members of the International Association of Movers (IAM) and\/or FIDI Accredited [&hellip;]<\/p>\n","protected":false},"author":4,"featured_media":0,"parent":190,"menu_order":0,"comment_status":"closed","ping_status":"closed","template":"","meta":{"_genesis_hide_title":false,"_genesis_hide_breadcrumbs":false,"_genesis_hide_singular_image":false,"_genesis_hide_footer_widgets":false,"_genesis_custom_body_class":"","_genesis_custom_post_class":"","_genesis_layout":"","footnotes":""},"class_list":{"0":"post-5231","1":"page","2":"type-page","3":"status-publish","5":"entry","6":"has-post-thumbnail"},"_links":{"self":[{"href":"https:\/\/moverdb.com\/es\/wp-json\/wp\/v2\/pages\/5231","targetHints":{"allow":["GET"]}}],"collection":[{"href":"https:\/\/moverdb.com\/es\/wp-json\/wp\/v2\/pages"}],"about":[{"href":"https:\/\/moverdb.com\/es\/wp-json\/wp\/v2\/types\/page"}],"author":[{"embeddable":true,"href":"https:\/\/moverdb.com\/es\/wp-json\/wp\/v2\/users\/4"}],"replies":[{"embeddable":true,"href":"https:\/\/moverdb.com\/es\/wp-json\/wp\/v2\/comments?post=5231"}],"version-history":[{"count":2,"href":"https:\/\/moverdb.com\/es\/wp-json\/wp\/v2\/pages\/5231\/revisions"}],"predecessor-version":[{"id":18281,"href":"https:\/\/moverdb.com\/es\/wp-json\/wp\/v2\/pages\/5231\/revisions\/18281"}],"up":[{"embeddable":true,"href":"https:\/\/moverdb.com\/es\/wp-json\/wp\/v2\/pages\/190"}],"wp:attachment":[{"href":"https:\/\/moverdb.com\/es\/wp-json\/wp\/v2\/media?parent=5231"}],"curies":[{"name":"wp","href":"https:\/\/api.w.org\/{rel}","templated":true}]}}