{"id":5228,"date":"2022-10-24T11:52:12","date_gmt":"2022-10-24T11:52:12","guid":{"rendered":"https:\/\/moverdb.com\/?page_id=5228"},"modified":"2026-01-08T15:25:04","modified_gmt":"2026-01-08T15:25:04","slug":"bangladesh-2","status":"publish","type":"page","link":"https:\/\/moverdb.com\/es\/moving-companies\/bangladesh-moving-companies\/","title":{"rendered":"5 mejores empresas de mudanzas internacionales en Bangladesh"},"content":{"rendered":"<p>Si se muda en <a href=\"https:\/\/moverdb.com\/es\/moving-to-bangladesh\/\" data-internallinksmanager029f6b8e52c=\"419\" title=\"\u00bfSe muda a Bangladesh? 2026 Coste de la vida y consejos para el traslado\">Bangladesh<\/a> o est\u00e1 a punto de trasladarse a o desde Bangladesh, es posible que desee utilizar un <a href=\"https:\/\/moverdb.com\/es\/international-removals\/\" data-internallinksmanager029f6b8e52c=\"27\" title=\"36 mejores empresas de mudanzas internacionales del Reino Unido\">empresa de mudanzas<\/a> para ayudar a facilitar el proceso de mudanza. La mudanza es un momento estresante, por lo que a continuaci\u00f3n hemos reunido una lista de empresas que son miembros de la <a href=\"https:\/\/moverdb.com\/es\/iam\/\" data-internallinksmanager029f6b8e52c=\"23\" title=\"Explicaci\u00f3n de la Asociaci\u00f3n Internacional de Empresas de Mudanzas (IAM)\">Asociaci\u00f3n Internacional de Empresas de Mudanzas<\/a> (IAM) y\/o <a href=\"https:\/\/moverdb.com\/es\/fidi-faim\/\" data-internallinksmanager029f6b8e52c=\"16\" title=\"Explicaci\u00f3n del FIDI y del FAIM (FIDI Accredited International Mover)\">FIDI<\/a> Accredited International Mover (FAIM) que podr\u00eda ayudarle.<\/p>\n<div id=\"ez-toc-container\" class=\"ez-toc-v2_0_82_2 ez-toc-wrap-left counter-hierarchy ez-toc-counter ez-toc-transparent ez-toc-container-direction\">\n<div class=\"ez-toc-title-container\">\n<p class=\"ez-toc-title\" style=\"cursor:inherit\">Secciones<\/p>\n<span class=\"ez-toc-title-toggle\"><a href=\"#\" class=\"ez-toc-pull-right ez-toc-btn ez-toc-btn-xs ez-toc-btn-default ez-toc-toggle\" aria-label=\"Alternar tabla de contenidos\"><span class=\"ez-toc-js-icon-con\"><span class=\"\"><span class=\"eztoc-hide\" style=\"display:none;\">Toggle<\/span><span class=\"ez-toc-icon-toggle-span\"><svg style=\"fill: #999;color:#999\" xmlns=\"http:\/\/www.w3.org\/2000\/svg\" class=\"list-377408\" width=\"20px\" height=\"20px\" viewbox=\"0 0 24 24\" fill=\"none\"><path d=\"M6 6H4v2h2V6zm14 0H8v2h12V6zM4 11h2v2H4v-2zm16 0H8v2h12v-2zM4 16h2v2H4v-2zm16 0H8v2h12v-2z\" fill=\"currentColor\"><\/path><\/svg><svg style=\"fill: #999;color:#999\" class=\"arrow-unsorted-368013\" xmlns=\"http:\/\/www.w3.org\/2000\/svg\" width=\"10px\" height=\"10px\" viewbox=\"0 0 24 24\" version=\"1.2\" baseprofile=\"tiny\"><path d=\"M18.2 9.3l-6.2-6.3-6.2 6.3c-.2.2-.3.4-.3.7s.1.5.3.7c.2.2.4.3.7.3h11c.3 0 .5-.1.7-.3.2-.2.3-.5.3-.7s-.1-.5-.3-.7zM5.8 14.7l6.2 6.3 6.2-6.3c.2-.2.3-.5.3-.7s-.1-.5-.3-.7c-.2-.2-.4-.3-.7-.3h-11c-.3 0-.5.1-.7.3-.2.2-.3.5-.3.7s.1.5.3.7z\"\/><\/svg><\/span><\/span><\/span><\/a><\/span><\/div>\n<nav><ul class='ez-toc-list ez-toc-list-level-1 eztoc-toggle-hide-by-default' ><li class='ez-toc-page-1 ez-toc-heading-level-2'><a class=\"ez-toc-link ez-toc-heading-1\" href=\"https:\/\/moverdb.com\/es\/moving-companies\/bangladesh-moving-companies\/#1_A_I_Freight_Services\" >1. A I Freight Services<\/a><\/li><li class='ez-toc-page-1 ez-toc-heading-level-2'><a class=\"ez-toc-link ez-toc-heading-2\" href=\"https:\/\/moverdb.com\/es\/moving-companies\/bangladesh-moving-companies\/#2_Alpha_Logistics\" >2. Log\u00edstica Alpha<\/a><\/li><li class='ez-toc-page-1 ez-toc-heading-level-2'><a class=\"ez-toc-link ez-toc-heading-3\" href=\"https:\/\/moverdb.com\/es\/moving-companies\/bangladesh-moving-companies\/#3_Apolloline_Shipping_Service\" >3. Servicio de env\u00edo de Apolloline<\/a><\/li><li class='ez-toc-page-1 ez-toc-heading-level-2'><a class=\"ez-toc-link ez-toc-heading-4\" href=\"https:\/\/moverdb.com\/es\/moving-companies\/bangladesh-moving-companies\/#4_Carry_Link_Packers_Shippers\" >4. Carry Link Packers &amp; Shippers<\/a><\/li><li class='ez-toc-page-1 ez-toc-heading-level-2'><a class=\"ez-toc-link ez-toc-heading-5\" href=\"https:\/\/moverdb.com\/es\/moving-companies\/bangladesh-moving-companies\/#5_Homebound\" >5. En casa<\/a><\/li><\/ul><\/nav><\/div>\n<h2><span class=\"ez-toc-section\" id=\"1_A_I_Freight_Services\"><\/span><strong>1. A I Freight Services<\/strong><span class=\"ez-toc-section-end\"><\/span><\/h2>\n<p><em><img loading=\"lazy\" decoding=\"async\" class=\"alignnone size-full wp-image-5135\" src=\"https:\/\/moverdb.com\/wp-content\/uploads\/A-I-Freight-Services-international-moving-company.png\" alt=\"A I Freight Services empresa de mudanzas internacionales\" width=\"1440\" height=\"685\" data-wp-pid=\"5135\" srcset=\"https:\/\/moverdb.com\/wp-content\/uploads\/A-I-Freight-Services-international-moving-company.png 1440w, https:\/\/moverdb.com\/wp-content\/uploads\/A-I-Freight-Services-international-moving-company-300x143.png 300w, https:\/\/moverdb.com\/wp-content\/uploads\/A-I-Freight-Services-international-moving-company-1024x487.png 1024w, https:\/\/moverdb.com\/wp-content\/uploads\/A-I-Freight-Services-international-moving-company-18x9.png 18w, https:\/\/moverdb.com\/wp-content\/uploads\/A-I-Freight-Services-international-moving-company-600x285.png 600w\" sizes=\"auto, (max-width: 1440px) 100vw, 1440px\" \/><\/em><\/p>\n<ul>\n<li>Log\u00edstica nacional<\/li>\n<li>Log\u00edstica internacional<\/li>\n<li>Servicio de puerta a puerta y mudanzas dom\u00e9sticas<\/li>\n<li>Manipulaci\u00f3n de efectos personales<\/li>\n<li>Traslado de empresas y log\u00edstica<\/li>\n<li>Transporte por carretera, mar\u00edtimo y a\u00e9reo<\/li>\n<li>Agente de aduanas<\/li>\n<li>Manipulaci\u00f3n de mercanc\u00edas delicadas y peligrosas<\/li>\n<li>Transporte de mascotas<\/li>\n<li>Soluciones de almacenamiento<\/li>\n<\/ul>\n<p>A I Freight Services afirma ser una de las principales empresas de log\u00edstica de Bangladesh que ofrece servicios de expedici\u00f3n de mercanc\u00edas, transporte interior y corretaje de aduanas. Son miembros de IAM con 23 a\u00f1os de servicio. Atienden a empresas de log\u00edstica y distribuci\u00f3n, as\u00ed como a mudanzas, y tambi\u00e9n ofrecen servicios de mudanzas dom\u00e9sticas.<\/p>\n<p>A I Freight Services ofrece un servicio de mudanzas dom\u00e9sticas puerta a puerta que puede trasladarle a nivel nacional e internacional utilizando el transporte por carretera, mar\u00edtimo y a\u00e9reo. Tambi\u00e9n pueden ayudarle con el despacho de aduanas y el corretaje. Pueden prestar servicios log\u00edsticos especializados, como el traslado de animales dom\u00e9sticos y de mercanc\u00edas delicadas y peligrosas. Tambi\u00e9n ofrecen soluciones de almacenamiento.<\/p>\n<p>P\u00e1gina web: <a href=\"http:\/\/www.aifs-bd.com\" target=\"_blank\" rel=\"noopener\">http:\/\/www.aifs-bd.com<\/a><\/p>\n<h2><span class=\"ez-toc-section\" id=\"2_Alpha_Logistics\"><\/span><strong>2. Log\u00edstica Alpha<\/strong><span class=\"ez-toc-section-end\"><\/span><\/h2>\n<p><em><img loading=\"lazy\" decoding=\"async\" class=\"alignnone size-full wp-image-5143\" src=\"https:\/\/moverdb.com\/wp-content\/uploads\/Alpha-Logistics-international-moving-company.png\" alt=\"Empresa de mudanzas internacionales Alpha Logistics\" width=\"1440\" height=\"677\" data-wp-pid=\"5143\" srcset=\"https:\/\/moverdb.com\/wp-content\/uploads\/Alpha-Logistics-international-moving-company.png 1440w, https:\/\/moverdb.com\/wp-content\/uploads\/Alpha-Logistics-international-moving-company-300x141.png 300w, https:\/\/moverdb.com\/wp-content\/uploads\/Alpha-Logistics-international-moving-company-1024x481.png 1024w, https:\/\/moverdb.com\/wp-content\/uploads\/Alpha-Logistics-international-moving-company-18x8.png 18w, https:\/\/moverdb.com\/wp-content\/uploads\/Alpha-Logistics-international-moving-company-600x282.png 600w\" sizes=\"auto, (max-width: 1440px) 100vw, 1440px\" \/><\/em><\/p>\n<ul>\n<li>Env\u00edos nacionales<\/li>\n<li>Env\u00edos internacionales<\/li>\n<li>Servicio flexible<\/li>\n<li>Atiende a una amplia gama de productos<\/li>\n<li>Servicio puerta a puerta<\/li>\n<li>Servicio de puerta a aeropuerto o muelle<\/li>\n<li>Transporte por carretera, mar\u00edtimo y a\u00e9reo<\/li>\n<li>Liquidaci\u00f3n por encargo<\/li>\n<li>Notificaciones y pruebas de llegada<\/li>\n<li>Instalaciones de almacenamiento de corto a largo plazo<\/li>\n<\/ul>\n<p>Alpha Logistics se fund\u00f3 en 1999 y afirma ser uno de los principales proveedores de transporte y log\u00edstica de Bangladesh. Son miembros de IAM como empresa de mudanzas y <a href=\"https:\/\/moverdb.com\/es\/relocation-agents\/\" data-internallinksmanager029f6b8e52c=\"1\" title=\"7 razones por las que deber\u00eda utilizar un agente de reubicaci\u00f3n\">agente de reubicaci\u00f3n<\/a>. Disponen de una red de agentes globales que les permiten prestar sus servicios a nivel internacional.<\/p>\n<p>Alpha Logistics ofrece un servicio de env\u00edo \u00fanicamente en el que proporcionan un servicio puerta a puerta, un servicio puerta a aeropuerto\/embarcadero o un servicio aeropuerto\/embarcadero a puerta que incluye el despacho de aduanas para su env\u00edo. Tambi\u00e9n ofrecen una gama de camiones y furgonetas para trasladar sus mercanc\u00edas dentro de Bangladesh. Ofrecen instalaciones de almacenamiento a corto y largo plazo en sus almacenes.<\/p>\n<p>P\u00e1gina web: <a href=\"http:\/\/www.alphagroupbd.com\" target=\"_blank\" rel=\"noopener\">http:\/\/www.alphagroupbd.com<\/a><\/p>\n<h2><span class=\"ez-toc-section\" id=\"3_Apolloline_Shipping_Service\"><\/span><strong>3. Servicio de env\u00edo de Apolloline<\/strong><span class=\"ez-toc-section-end\"><\/span><\/h2>\n<p><img loading=\"lazy\" decoding=\"async\" class=\"alignnone size-full wp-image-5229\" src=\"https:\/\/moverdb.com\/wp-content\/uploads\/Apolloline-international-moving-company.png\" alt=\"Empresa de mudanzas internacionales Apolloline\" width=\"1440\" height=\"682\" data-wp-pid=\"5229\" srcset=\"https:\/\/moverdb.com\/wp-content\/uploads\/Apolloline-international-moving-company.png 1440w, https:\/\/moverdb.com\/wp-content\/uploads\/Apolloline-international-moving-company-300x142.png 300w, https:\/\/moverdb.com\/wp-content\/uploads\/Apolloline-international-moving-company-1024x485.png 1024w, https:\/\/moverdb.com\/wp-content\/uploads\/Apolloline-international-moving-company-18x9.png 18w, https:\/\/moverdb.com\/wp-content\/uploads\/Apolloline-international-moving-company-600x284.png 600w\" sizes=\"auto, (max-width: 1440px) 100vw, 1440px\" \/><\/p>\n<ul>\n<li>Mudanzas nacionales<\/li>\n<li>Mudanzas internacionales<\/li>\n<li>Mudanzas de oficinas y hogares<\/li>\n<li>Transporte por carretera, mar\u00edtimo y a\u00e9reo<\/li>\n<li>Equipo profesional de empaquetadores<\/li>\n<li>Materiales de embalaje de alta calidad<\/li>\n<li>Antig\u00fcedades y bellas artes<\/li>\n<li>Despacho de aduanas<\/li>\n<li><a href=\"https:\/\/moverdb.com\/es\/car-transport-shipping\/\" data-internallinksmanager029f6b8e52c=\"2\" title=\"2026 Cotizaciones de transporte internacional de coches y env\u00edo de veh\u00edculos\">Env\u00edo de veh\u00edculos<\/a><\/li>\n<li>Soluciones de almacenamiento<\/li>\n<\/ul>\n<p>Apolloline Shipping Service es una empresa de transporte internacional de mercanc\u00edas y <a href=\"https:\/\/moverdb.com\/es\/moving-companies\/\" data-internallinksmanager029f6b8e52c=\"79\" title=\"Las 25 mejores empresas de mudanzas internacionales en l\u00ednea\">empresa de mudanzas<\/a> con sede en Dhaka y una sucursal en Chottogram. Afirman ser un proveedor l\u00edder en Bangladesh y son miembros de IAM con 10 a\u00f1os de servicio. Se encargan de las mudanzas de oficinas y hogares en Bangladesh y a nivel internacional.<\/p>\n<p>Apolloline Shipping Service ofrece servicios de mudanza que incluyen un equipo profesional de empaquetadores que utilizan las mejores t\u00e9cnicas de embalaje y mudanza y materiales de embalaje de alta calidad para proteger sus pertenencias. Proporcionan opciones de transporte que incluyen el transporte por carretera, mar\u00edtimo y a\u00e9reo, y gestionan el despacho de aduanas. Tambi\u00e9n ofrecen instalaciones de almacenamiento intermedio.<\/p>\n<p>P\u00e1gina web: <a href=\"http:\/\/www.apolloline.com\" target=\"_blank\" rel=\"noopener\">http:\/\/www.apolloline. com<\/a><\/p>\n<h2><span class=\"ez-toc-section\" id=\"4_Carry_Link_Packers_Shippers\"><\/span><strong>4. Carry Link Packers &amp; Shippers<\/strong><span class=\"ez-toc-section-end\"><\/span><\/h2>\n<p><em><img loading=\"lazy\" decoding=\"async\" class=\"alignnone size-full wp-image-5153\" src=\"https:\/\/moverdb.com\/wp-content\/uploads\/Carry-Link-Packers-and-Shippers-international-moving-company.png\" alt=\"Carry Link Packers and Shippers empresa de mudanzas internacionales\" width=\"1440\" height=\"677\" data-wp-pid=\"5153\" srcset=\"https:\/\/moverdb.com\/wp-content\/uploads\/Carry-Link-Packers-and-Shippers-international-moving-company.png 1440w, https:\/\/moverdb.com\/wp-content\/uploads\/Carry-Link-Packers-and-Shippers-international-moving-company-300x141.png 300w, https:\/\/moverdb.com\/wp-content\/uploads\/Carry-Link-Packers-and-Shippers-international-moving-company-1024x481.png 1024w, https:\/\/moverdb.com\/wp-content\/uploads\/Carry-Link-Packers-and-Shippers-international-moving-company-18x8.png 18w, https:\/\/moverdb.com\/wp-content\/uploads\/Carry-Link-Packers-and-Shippers-international-moving-company-600x282.png 600w\" sizes=\"auto, (max-width: 1440px) 100vw, 1440px\" \/><\/em><\/p>\n<ul>\n<li>Transporte mar\u00edtimo nacional<\/li>\n<li><a href=\"https:\/\/moverdb.com\/es\/container-shipping\/\" data-internallinksmanager029f6b8e52c=\"3\" title=\"Tabla de tarifas de transporte mar\u00edtimo internacional de contenedores: Abril 2026\">Env\u00edos internacionales<\/a><\/li>\n<li>Mudanzas dom\u00e9sticas<\/li>\n<li>Servicios de carga para empresas<\/li>\n<li>Servicios puerta a puerta<\/li>\n<li>Transporte terrestre, a\u00e9reo y mar\u00edtimo<\/li>\n<li>Despacho de aduanas<\/li>\n<li>Seguros<\/li>\n<li>Instalaciones de almacenamiento<\/li>\n<li>Red de agentes asociados en todo el mundo<\/li>\n<\/ul>\n<p>Carry Link Packers &amp; Shippers es un agente de mudanzas y env\u00edos que se form\u00f3 en 1999, tienen su sede en Dhaka, Bangladesh y son miembros de IAM con 20 a\u00f1os de servicio. Proporcionan servicios de expedici\u00f3n, servicios de despacho de aduanas y apoyo al embalaje. Atienden a empresas con necesidades de carga y a hogares con necesidades de mudanza.<\/p>\n<p>Carry Link Packers &amp; Shippers ofrece servicios puerta a puerta y servicios de embalaje a los hogares para ayudarles a mudarse a nivel nacional e internacional. Ofrecen servicios de mudanza por tierra, mar y aire que incluyen seguro y despacho de aduanas. Prestan sus servicios internacionales a trav\u00e9s de una red de agentes asociados en todo el mundo.<\/p>\n<p>P\u00e1gina web: <a href=\"http:\/\/www.carrylink.org\" target=\"_blank\" rel=\"noopener\">http:\/\/www.carrylink.org<\/a><\/p>\n<h2><span class=\"ez-toc-section\" id=\"5_Homebound\"><\/span><strong>5. En casa<\/strong><span class=\"ez-toc-section-end\"><\/span><\/h2>\n<p><em><img loading=\"lazy\" decoding=\"async\" class=\"alignnone size-full wp-image-5174\" src=\"https:\/\/moverdb.com\/wp-content\/uploads\/Homebound-international-moving-company.png\" alt=\"Empresa de mudanzas internacionales a domicilio\" width=\"1440\" height=\"678\" data-wp-pid=\"5174\" srcset=\"https:\/\/moverdb.com\/wp-content\/uploads\/Homebound-international-moving-company.png 1440w, https:\/\/moverdb.com\/wp-content\/uploads\/Homebound-international-moving-company-300x141.png 300w, https:\/\/moverdb.com\/wp-content\/uploads\/Homebound-international-moving-company-1024x482.png 1024w, https:\/\/moverdb.com\/wp-content\/uploads\/Homebound-international-moving-company-18x8.png 18w, https:\/\/moverdb.com\/wp-content\/uploads\/Homebound-international-moving-company-600x283.png 600w\" sizes=\"auto, (max-width: 1440px) 100vw, 1440px\" \/><\/em><\/p>\n<ul>\n<li>Desplazamientos nacionales<\/li>\n<li>Desplazamientos internacionales<\/li>\n<li>Traslado de oficinas<\/li>\n<li>Traslado de viviendas<\/li>\n<li>Transporte por carretera, mar\u00edtimo y a\u00e9reo<\/li>\n<li>Despacho de aduanas<\/li>\n<li>Servicio de embalaje con materiales de primera calidad<\/li>\n<li>Seguro de tr\u00e1nsito<\/li>\n<li>Traslado de mascotas<\/li>\n<li>Instalaciones de almacenamiento de corto a largo plazo<\/li>\n<\/ul>\n<p>Homebound es una empresa de mudanzas creada en 1972, que es miembro de IAM y est\u00e1 acreditada por FIDI. Afirman ser uno de los principales proveedores de servicios log\u00edsticos de transporte internacional en Bangladesh.  Atienden a traslados de oficinas y residencias y pueden ofrecer traslados de mascotas e instalaciones de almacenamiento.<\/p>\n<p>Homebound ofrece un servicio de reubicaci\u00f3n con un consultor que completar\u00e1 una encuesta, proporcionar\u00e1 un presupuesto, coordinar\u00e1 su mudanza y le apoyar\u00e1 en cada paso del camino. Sus servicios de embalaje numeran y enumeran sus objetos mientras los embalan de forma segura con materiales de embalaje de primera calidad. Tambi\u00e9n ofrecen asistencia para encontrar un hogar.<\/p>\n<p>P\u00e1gina web: <a href=\"http:\/\/www.homeboundbd.com\" target=\"_blank\" rel=\"noopener\">http:\/\/www.homeboundbd.com<\/a> &nbsp;<\/p>","protected":false},"excerpt":{"rendered":"<p>If you are moving home in Bangladesh or about to move to or from Bangladesh, you may want to use a removal company to help ease the moving process. Moving is a stressful time so below we have gathered a list of companies who are members of the International Association of Movers (IAM) and\/or FIDI [&hellip;]<\/p>\n","protected":false},"author":4,"featured_media":0,"parent":190,"menu_order":0,"comment_status":"closed","ping_status":"closed","template":"","meta":{"_genesis_hide_title":false,"_genesis_hide_breadcrumbs":false,"_genesis_hide_singular_image":false,"_genesis_hide_footer_widgets":false,"_genesis_custom_body_class":"","_genesis_custom_post_class":"","_genesis_layout":"","footnotes":""},"class_list":{"0":"post-5228","1":"page","2":"type-page","3":"status-publish","5":"entry","6":"has-post-thumbnail"},"_links":{"self":[{"href":"https:\/\/moverdb.com\/es\/wp-json\/wp\/v2\/pages\/5228","targetHints":{"allow":["GET"]}}],"collection":[{"href":"https:\/\/moverdb.com\/es\/wp-json\/wp\/v2\/pages"}],"about":[{"href":"https:\/\/moverdb.com\/es\/wp-json\/wp\/v2\/types\/page"}],"author":[{"embeddable":true,"href":"https:\/\/moverdb.com\/es\/wp-json\/wp\/v2\/users\/4"}],"replies":[{"embeddable":true,"href":"https:\/\/moverdb.com\/es\/wp-json\/wp\/v2\/comments?post=5228"}],"version-history":[{"count":1,"href":"https:\/\/moverdb.com\/es\/wp-json\/wp\/v2\/pages\/5228\/revisions"}],"predecessor-version":[{"id":5230,"href":"https:\/\/moverdb.com\/es\/wp-json\/wp\/v2\/pages\/5228\/revisions\/5230"}],"up":[{"embeddable":true,"href":"https:\/\/moverdb.com\/es\/wp-json\/wp\/v2\/pages\/190"}],"wp:attachment":[{"href":"https:\/\/moverdb.com\/es\/wp-json\/wp\/v2\/media?parent=5228"}],"curies":[{"name":"wp","href":"https:\/\/api.w.org\/{rel}","templated":true}]}}