{"id":5224,"date":"2022-10-24T11:53:37","date_gmt":"2022-10-24T11:53:37","guid":{"rendered":"https:\/\/moverdb.com\/?page_id=5224"},"modified":"2026-01-08T15:25:03","modified_gmt":"2026-01-08T15:25:03","slug":"azerbaiyan","status":"publish","type":"page","link":"https:\/\/moverdb.com\/es\/moving-companies\/azerbaijan-moving-companies\/","title":{"rendered":"5 mejores empresas de mudanzas internacionales en Azerbaiy\u00e1n"},"content":{"rendered":"<p>Una mudanza puede ser estresante, por lo que conseguir que alguien le asista en su traslado puede ayudarle a liberar la presi\u00f3n. Tanto si se muda dentro de Azerbaiy\u00e1n, como si se muda desde o hacia Azerbaiy\u00e1n, hay empresas que pueden ayudarle. Hemos recopilado una lista de <a href=\"https:\/\/moverdb.com\/es\/international-removals\/\" data-internallinksmanager029f6b8e52c=\"27\" title=\"36 mejores empresas de mudanzas internacionales del Reino Unido\">empresas de mudanzas<\/a> abajo que son miembros de la <a href=\"https:\/\/moverdb.com\/es\/iam\/\" data-internallinksmanager029f6b8e52c=\"23\" title=\"Explicaci\u00f3n de la Asociaci\u00f3n Internacional de Empresas de Mudanzas (IAM)\">Asociaci\u00f3n Internacional de Empresas de Mudanzas<\/a> (IAM) y\/o <a href=\"https:\/\/moverdb.com\/es\/fidi-faim\/\" data-internallinksmanager029f6b8e52c=\"16\" title=\"Explicaci\u00f3n del FIDI y del FAIM (FIDI Accredited International Mover)\">FIDI<\/a> Accredited International Mover (FAIM) que podr\u00eda ayudarle.<\/p>\n<div id=\"ez-toc-container\" class=\"ez-toc-v2_0_82_2 ez-toc-wrap-left counter-hierarchy ez-toc-counter ez-toc-transparent ez-toc-container-direction\">\n<div class=\"ez-toc-title-container\">\n<p class=\"ez-toc-title\" style=\"cursor:inherit\">Secciones<\/p>\n<span class=\"ez-toc-title-toggle\"><a href=\"#\" class=\"ez-toc-pull-right ez-toc-btn ez-toc-btn-xs ez-toc-btn-default ez-toc-toggle\" aria-label=\"Alternar tabla de contenidos\"><span class=\"ez-toc-js-icon-con\"><span class=\"\"><span class=\"eztoc-hide\" style=\"display:none;\">Toggle<\/span><span class=\"ez-toc-icon-toggle-span\"><svg style=\"fill: #999;color:#999\" xmlns=\"http:\/\/www.w3.org\/2000\/svg\" class=\"list-377408\" width=\"20px\" height=\"20px\" viewbox=\"0 0 24 24\" fill=\"none\"><path d=\"M6 6H4v2h2V6zm14 0H8v2h12V6zM4 11h2v2H4v-2zm16 0H8v2h12v-2zM4 16h2v2H4v-2zm16 0H8v2h12v-2z\" fill=\"currentColor\"><\/path><\/svg><svg style=\"fill: #999;color:#999\" class=\"arrow-unsorted-368013\" xmlns=\"http:\/\/www.w3.org\/2000\/svg\" width=\"10px\" height=\"10px\" viewbox=\"0 0 24 24\" version=\"1.2\" baseprofile=\"tiny\"><path d=\"M18.2 9.3l-6.2-6.3-6.2 6.3c-.2.2-.3.4-.3.7s.1.5.3.7c.2.2.4.3.7.3h11c.3 0 .5-.1.7-.3.2-.2.3-.5.3-.7s-.1-.5-.3-.7zM5.8 14.7l6.2 6.3 6.2-6.3c.2-.2.3-.5.3-.7s-.1-.5-.3-.7c-.2-.2-.4-.3-.7-.3h-11c-.3 0-.5.1-.7.3-.2.2-.3.5-.3.7s.1.5.3.7z\"\/><\/svg><\/span><\/span><\/span><\/a><\/span><\/div>\n<nav><ul class='ez-toc-list ez-toc-list-level-1 eztoc-toggle-hide-by-default' ><li class='ez-toc-page-1 ez-toc-heading-level-2'><a class=\"ez-toc-link ez-toc-heading-1\" href=\"https:\/\/moverdb.com\/es\/moving-companies\/azerbaijan-moving-companies\/#1_ACE_Forwarding\" >1. Reenv\u00edo ACE<\/a><\/li><li class='ez-toc-page-1 ez-toc-heading-level-2'><a class=\"ez-toc-link ez-toc-heading-2\" href=\"https:\/\/moverdb.com\/es\/moving-companies\/azerbaijan-moving-companies\/#2_Allright_Moving_Storage\" >2. Allright Moving &amp; Storage<\/a><\/li><li class='ez-toc-page-1 ez-toc-heading-level-2'><a class=\"ez-toc-link ez-toc-heading-3\" href=\"https:\/\/moverdb.com\/es\/moving-companies\/azerbaijan-moving-companies\/#3_Buddy-Mover\" >3. Buddy-Mover<\/a><\/li><li class='ez-toc-page-1 ez-toc-heading-level-2'><a class=\"ez-toc-link ez-toc-heading-4\" href=\"https:\/\/moverdb.com\/es\/moving-companies\/azerbaijan-moving-companies\/#4_Gosselin\" >4. Gosselin<\/a><\/li><li class='ez-toc-page-1 ez-toc-heading-level-2'><a class=\"ez-toc-link ez-toc-heading-5\" href=\"https:\/\/moverdb.com\/es\/moving-companies\/azerbaijan-moving-companies\/#5_Interdean_International_Relocations\" >5. Interdean International Relocations<\/a><\/li><\/ul><\/nav><\/div>\n<h2><span class=\"ez-toc-section\" id=\"1_ACE_Forwarding\"><\/span><strong>1. Reenv\u00edo ACE<\/strong><span class=\"ez-toc-section-end\"><\/span><\/h2>\n<p><em><img loading=\"lazy\" decoding=\"async\" class=\"alignnone size-full wp-image-5136\" src=\"https:\/\/moverdb.com\/wp-content\/uploads\/ACE-Forwarding-international-moving-company.png\" alt=\"ACE Forwarding empresa de mudanzas internacionales\" width=\"1440\" height=\"685\" data-wp-pid=\"5136\" srcset=\"https:\/\/moverdb.com\/wp-content\/uploads\/ACE-Forwarding-international-moving-company.png 1440w, https:\/\/moverdb.com\/wp-content\/uploads\/ACE-Forwarding-international-moving-company-300x143.png 300w, https:\/\/moverdb.com\/wp-content\/uploads\/ACE-Forwarding-international-moving-company-1024x487.png 1024w, https:\/\/moverdb.com\/wp-content\/uploads\/ACE-Forwarding-international-moving-company-18x9.png 18w, https:\/\/moverdb.com\/wp-content\/uploads\/ACE-Forwarding-international-moving-company-600x285.png 600w\" sizes=\"auto, (max-width: 1440px) 100vw, 1440px\" \/><\/em><\/p>\n<ul>\n<li>Traslados internacionales<\/li>\n<li>Servicios de reubicaci\u00f3n<\/li>\n<li>Mudanzas dom\u00e9sticas y empresariales<\/li>\n<li>Transporte a\u00e9reo, mar\u00edtimo, ferroviario y por carretera<\/li>\n<li>Transporte de carga fraccionada, grupaje y contenedores<\/li>\n<li>Transporte de obras de arte<\/li>\n<li>Agente de aduanas<\/li>\n<li>Transporte de veh\u00edculos y barcos<\/li>\n<li>Transporte de mascotas<\/li>\n<li>Soluciones de almacenamiento a corto y largo plazo<\/li>\n<\/ul>\n<p>ACE Forwarding es una empresa de log\u00edstica multimodal y transporte de mercanc\u00edas fundada en 1996 en Azerbaiy\u00e1n y con oficinas en <a href=\"https:\/\/moverdb.com\/es\/empresas-de-mudanzas\/empresas-de-mudanzas-georgia\/\">Georgia<\/a>. Son miembros de IAM con 25 a\u00f1os de servicio. Ofrecen servicios de mudanzas a Azerbaiy\u00e1n, mudanzas internacionales y servicios de reubicaci\u00f3n para hogares y empresas.<\/p>\n<p>ACE Forwarding ofrece un estudio previo a la mudanza y presupuestos adaptados a sus necesidades. Ofrecen servicios de embalaje con materiales especialmente dise\u00f1ados para el contenido y t\u00e9cnicas de embalaje profesionales, as\u00ed como el desmontaje y montaje de muebles. Tambi\u00e9n pueden ayudar con el despacho de aduanas, el transporte de mascotas y veh\u00edculos, los seguros y el almacenamiento a corto o largo plazo.<\/p>\n<p>P\u00e1gina web: <a href=\"http:\/\/www.acecaspian.com\" target=\"_blank\" rel=\"noopener\">http:\/\/www.acecaspian.com<\/a><\/p>\n<h2><span class=\"ez-toc-section\" id=\"2_Allright_Moving_Storage\"><\/span><strong>2. Allright Moving &amp; Storage<\/strong><span class=\"ez-toc-section-end\"><\/span><\/h2>\n<p><em><img loading=\"lazy\" decoding=\"async\" class=\"alignnone size-full wp-image-5141\" src=\"https:\/\/moverdb.com\/wp-content\/uploads\/Allright-Moving-and-Storage-international-moving-company.png\" alt=\"Allright Moving and Storage empresa de mudanzas internacionales\" width=\"1440\" height=\"677\" data-wp-pid=\"5141\" srcset=\"https:\/\/moverdb.com\/wp-content\/uploads\/Allright-Moving-and-Storage-international-moving-company.png 1440w, https:\/\/moverdb.com\/wp-content\/uploads\/Allright-Moving-and-Storage-international-moving-company-300x141.png 300w, https:\/\/moverdb.com\/wp-content\/uploads\/Allright-Moving-and-Storage-international-moving-company-1024x481.png 1024w, https:\/\/moverdb.com\/wp-content\/uploads\/Allright-Moving-and-Storage-international-moving-company-18x8.png 18w, https:\/\/moverdb.com\/wp-content\/uploads\/Allright-Moving-and-Storage-international-moving-company-600x282.png 600w\" sizes=\"auto, (max-width: 1440px) 100vw, 1440px\" \/><\/em><\/p>\n<ul>\n<li>Traslados locales y nacionales<\/li>\n<li>Traslados internacionales<\/li>\n<li>Mudanzas residenciales<\/li>\n<li>Mudanzas de oficinas y empresas<\/li>\n<li>Personal profesional y cort\u00e9s<\/li>\n<li>Desmontaje y montaje de muebles<\/li>\n<li>Seguro de tr\u00e1nsito<\/li>\n<li>Despacho de aduanas<\/li>\n<li><a href=\"https:\/\/moverdb.com\/es\/car-transport-shipping\/\" data-internallinksmanager029f6b8e52c=\"2\" title=\"2026 Cotizaciones de transporte internacional de coches y env\u00edo de veh\u00edculos\">Env\u00edo de coches<\/a><\/li>\n<li>Soluciones de almacenamiento<\/li>\n<\/ul>\n<p>Allright Moving &amp; Storage afirma ser una de las principales empresas de transporte de mercanc\u00edas y reubicaci\u00f3n de Azerbaiy\u00e1n. Ofrecen servicios de mudanzas dom\u00e9sticas y corporativas en, desde o hacia Azerbaiy\u00e1n. Son miembros de IAM con 7 a\u00f1os de servicio. Disponen de una red de subcontratistas y socios de mudanzas internacionales para ayudarles con las mudanzas internacionales.<\/p>\n<p>Allright Moving &amp; Storage pone a su disposici\u00f3n inspectores experimentados que evaluar\u00e1n sus necesidades y le asesorar\u00e1n. Se encargar\u00e1n de embalar sus pertenencias, desmontar y montar los muebles, as\u00ed como del seguro de tr\u00e1nsito y del despacho de aduanas. Tambi\u00e9n pueden ofrecer servicios de transporte de coches. Ofrecen instalaciones de almacenamiento de corto a largo plazo, totalmente seguras y con control clim\u00e1tico.<\/p>\n<p>P\u00e1gina web: <a href=\"http:\/\/www.allrightmoving.com\" target=\"_blank\" rel=\"noopener\">http:\/\/www.allrightmoving.com<\/a><\/p>\n<h2><span class=\"ez-toc-section\" id=\"3_Buddy-Mover\"><\/span><strong>3. Buddy-Mover<\/strong><span class=\"ez-toc-section-end\"><\/span><\/h2>\n<p><em><img loading=\"lazy\" decoding=\"async\" class=\"alignnone size-full wp-image-5151\" src=\"https:\/\/moverdb.com\/wp-content\/uploads\/Buddy-Mover-international-moving-company.png\" alt=\"Buddy Mover empresa de mudanzas internacionales\" width=\"1440\" height=\"680\" data-wp-pid=\"5151\" srcset=\"https:\/\/moverdb.com\/wp-content\/uploads\/Buddy-Mover-international-moving-company.png 1440w, https:\/\/moverdb.com\/wp-content\/uploads\/Buddy-Mover-international-moving-company-300x142.png 300w, https:\/\/moverdb.com\/wp-content\/uploads\/Buddy-Mover-international-moving-company-1024x484.png 1024w, https:\/\/moverdb.com\/wp-content\/uploads\/Buddy-Mover-international-moving-company-18x9.png 18w, https:\/\/moverdb.com\/wp-content\/uploads\/Buddy-Mover-international-moving-company-600x283.png 600w\" sizes=\"auto, (max-width: 1440px) 100vw, 1440px\" \/><\/em><\/p>\n<ul>\n<li>Traslados locales y nacionales<\/li>\n<li>Mudanzas internacionales<\/li>\n<li>Mudanzas residenciales<\/li>\n<li>Movimientos de negocios<\/li>\n<li>Personal profesional y cualificado<\/li>\n<li>Alto nivel de embalaje<\/li>\n<li>Inventarios para hacer un seguimiento de sus pertenencias<\/li>\n<li>Transporte de mercanc\u00edas por carretera, a\u00e9reo y mar\u00edtimo<\/li>\n<li>Seguro de tr\u00e1nsito<\/li>\n<li>Almacenamiento de corto a largo plazo<\/li>\n<\/ul>\n<p>Buddy-Mover es una empresa de mudanzas con sede en Bak\u00fa, Azerbaiy\u00e1n, que es miembro de IAM con 4 a\u00f1os de servicio. Proporcionan servicios de mudanzas locales, nacionales e internacionales para clientes residenciales y empresariales. Cuentan con personal profesional altamente capacitado en t\u00e9cnicas de mudanza y embalaje.<\/p>\n<p>Buddy-Mover le ofrece una encuesta cara a cara antes de su mudanza para evaluar sus necesidades y los requisitos aduaneros y las opciones de env\u00edo. Su personal de mudanzas empaquetar\u00e1 sus pertenencias de forma segura, crear\u00e1 un inventario y organizar\u00e1 el transporte por carretera, aire o mar. Tambi\u00e9n ofrecen opciones de almacenamiento seguro a corto y largo plazo en su almac\u00e9n abovedado.<\/p>\n<p>P\u00e1gina web: <a href=\"http:\/\/www.buddy-mover.com\" target=\"_blank\" rel=\"noopener\">http:\/\/www.buddy-mover.com<\/a><\/p>\n<h2><span class=\"ez-toc-section\" id=\"4_Gosselin\"><\/span><strong>4. Gosselin<\/strong><span class=\"ez-toc-section-end\"><\/span><\/h2>\n<p><em><img loading=\"lazy\" decoding=\"async\" class=\"alignnone size-full wp-image-5170\" src=\"https:\/\/moverdb.com\/wp-content\/uploads\/Gosselin-Azerbaijan-international-moving-company.png\" alt=\"Empresa de mudanzas internacionales Gosselin Azerbaiy\u00e1n\" width=\"1440\" height=\"681\" data-wp-pid=\"5170\" srcset=\"https:\/\/moverdb.com\/wp-content\/uploads\/Gosselin-Azerbaijan-international-moving-company.png 1440w, https:\/\/moverdb.com\/wp-content\/uploads\/Gosselin-Azerbaijan-international-moving-company-300x142.png 300w, https:\/\/moverdb.com\/wp-content\/uploads\/Gosselin-Azerbaijan-international-moving-company-1024x484.png 1024w, https:\/\/moverdb.com\/wp-content\/uploads\/Gosselin-Azerbaijan-international-moving-company-18x9.png 18w, https:\/\/moverdb.com\/wp-content\/uploads\/Gosselin-Azerbaijan-international-moving-company-600x284.png 600w\" sizes=\"auto, (max-width: 1440px) 100vw, 1440px\" \/><\/em><\/p>\n<ul>\n<li>Traslados internacionales<\/li>\n<li>Mudanza dom\u00e9stica<\/li>\n<li>Mudanza de oficina<\/li>\n<li>Embalaje, transporte y desembalaje<\/li>\n<li>Bellas artes en movimiento<\/li>\n<li>Mudanza de mascotas<\/li>\n<li>Env\u00edo de coches<\/li>\n<li>Soluciones de almacenamiento<\/li>\n<li>Exceso de equipaje<\/li>\n<li>Servicios de exposiciones itinerantes<\/li>\n<\/ul>\n<p>Gosselin es una empresa de mudanzas que forma parte del Grupo Gosselin, fundado en 1930 en <a href=\"https:\/\/moverdb.com\/es\/moving-to-belgium\/\" data-internallinksmanager029f6b8e52c=\"323\" title=\"\u00bfSe muda a B\u00e9lgica? 2026 Coste de la vida y consejos de reubicaci\u00f3n\">B\u00e9lgica<\/a> y lleva m\u00e1s de 20 a\u00f1os operando en Azerbaiy\u00e1n. Atienden a diplom\u00e1ticos, empleados de empresas y hogares privados que realizan transportes internacionales. Son miembros de IAM con 23 a\u00f1os de servicio.<\/p>\n<p>Gosselin ofrece un servicio a medida para satisfacer las necesidades de su familia o negocio con un servicio de embalaje profesional, materiales de embalaje de primera calidad y servicio de desembalaje. Ofrecen seguros, mudanzas de obras de arte, env\u00edo de coches y mudanzas de mascotas con certificaci\u00f3n Ipata. Tambi\u00e9n pueden ofrecer soluciones de almacenamiento y servicios de reenv\u00edo que incluyen exceso de equipaje y exposiciones itinerantes.<\/p>\n<p>P\u00e1gina web: <a href=\"https:\/\/gosselin-moving.com\/azerbaijan\" target=\"_blank\" rel=\"noopener\">https:\/\/gosselin-moving.com\/azerbaijan<\/a><\/p>\n<h2><span class=\"ez-toc-section\" id=\"5_Interdean_International_Relocations\"><\/span><strong>5. Interdean International Relocations<\/strong><span class=\"ez-toc-section-end\"><\/span><\/h2>\n<p><em><img loading=\"lazy\" decoding=\"async\" class=\"alignnone size-full wp-image-5175\" src=\"https:\/\/moverdb.com\/wp-content\/uploads\/Interdean-International-Relocations-international-moving-company.png\" alt=\"Interdean International Relocations empresa de mudanzas internacionales\" width=\"1440\" height=\"683\" data-wp-pid=\"5175\" srcset=\"https:\/\/moverdb.com\/wp-content\/uploads\/Interdean-International-Relocations-international-moving-company.png 1440w, https:\/\/moverdb.com\/wp-content\/uploads\/Interdean-International-Relocations-international-moving-company-300x142.png 300w, https:\/\/moverdb.com\/wp-content\/uploads\/Interdean-International-Relocations-international-moving-company-1024x486.png 1024w, https:\/\/moverdb.com\/wp-content\/uploads\/Interdean-International-Relocations-international-moving-company-18x9.png 18w, https:\/\/moverdb.com\/wp-content\/uploads\/Interdean-International-Relocations-international-moving-company-600x285.png 600w\" sizes=\"auto, (max-width: 1440px) 100vw, 1440px\" \/><\/em><\/p>\n<ul>\n<li>Traslados internacionales<\/li>\n<li>Mudanzas a domicilio<\/li>\n<li>Movimientos corporativos<\/li>\n<li>Servicio de reubicaci\u00f3n<\/li>\n<li>Preparaci\u00f3n, embalaje y desembalaje de sus pertenencias<\/li>\n<li>Opciones de transporte por carretera, mar\u00edtimo y a\u00e9reo<\/li>\n<li>Seguro de tr\u00e1nsito<\/li>\n<li>Apoyo en el despacho de aduanas<\/li>\n<li>Almacenamiento de corto a largo plazo<\/li>\n<li>Ayuda para encontrar una vivienda o un alquiler a corto plazo<\/li>\n<\/ul>\n<p>Interdean International Relocations es una empresa de gesti\u00f3n de mudanzas internacionales con sede en Bak\u00fa, Azerbaiy\u00e1n. Son miembros de IAM y tienen 24 a\u00f1os de servicio, adem\u00e1s de estar acreditados por FIDI.<\/p>\n<p>Interdean International Relocations proporciona cajas especializadas dise\u00f1adas para proteger el contenido de la mejor manera posible y cajas hechas a medida para art\u00edculos valiosos o fr\u00e1giles. Desembalan y retiran todos los materiales de embalaje. Ofrecen transporte por carretera, a\u00e9reo y mar\u00edtimo, y le ayudar\u00e1n con los tr\u00e1mites aduaneros. Tambi\u00e9n ofrecen una variedad de soluciones de almacenamiento para cantidades peque\u00f1as o grandes, a corto o largo plazo.<\/p>\n<p>P\u00e1gina web: <a href=\"http:\/\/www.interdean.com.az\" target=\"_blank\" rel=\"noopener\">http:\/\/www.interdean.com.az<\/a><\/p>","protected":false},"excerpt":{"rendered":"<p>Moving home can be stressful so getting someone to assist you in your move can help release the pressure. Whether you are moving within Azerbaijan, or moving to or from Azerbaijan, there are companies that can assist. We have compiled a list of removal companies below that are members of the International Association of Movers [&hellip;]<\/p>\n","protected":false},"author":4,"featured_media":0,"parent":190,"menu_order":0,"comment_status":"closed","ping_status":"closed","template":"","meta":{"_genesis_hide_title":false,"_genesis_hide_breadcrumbs":false,"_genesis_hide_singular_image":false,"_genesis_hide_footer_widgets":false,"_genesis_custom_body_class":"","_genesis_custom_post_class":"","_genesis_layout":"","footnotes":""},"class_list":{"0":"post-5224","1":"page","2":"type-page","3":"status-publish","5":"entry","6":"has-post-thumbnail"},"_links":{"self":[{"href":"https:\/\/moverdb.com\/es\/wp-json\/wp\/v2\/pages\/5224","targetHints":{"allow":["GET"]}}],"collection":[{"href":"https:\/\/moverdb.com\/es\/wp-json\/wp\/v2\/pages"}],"about":[{"href":"https:\/\/moverdb.com\/es\/wp-json\/wp\/v2\/types\/page"}],"author":[{"embeddable":true,"href":"https:\/\/moverdb.com\/es\/wp-json\/wp\/v2\/users\/4"}],"replies":[{"embeddable":true,"href":"https:\/\/moverdb.com\/es\/wp-json\/wp\/v2\/comments?post=5224"}],"version-history":[{"count":2,"href":"https:\/\/moverdb.com\/es\/wp-json\/wp\/v2\/pages\/5224\/revisions"}],"predecessor-version":[{"id":7595,"href":"https:\/\/moverdb.com\/es\/wp-json\/wp\/v2\/pages\/5224\/revisions\/7595"}],"up":[{"embeddable":true,"href":"https:\/\/moverdb.com\/es\/wp-json\/wp\/v2\/pages\/190"}],"wp:attachment":[{"href":"https:\/\/moverdb.com\/es\/wp-json\/wp\/v2\/media?parent=5224"}],"curies":[{"name":"wp","href":"https:\/\/api.w.org\/{rel}","templated":true}]}}