{"id":4641,"date":"2022-09-20T19:45:42","date_gmt":"2022-09-20T19:45:42","guid":{"rendered":"https:\/\/moverdb.com\/?page_id=4641"},"modified":"2026-01-08T15:24:10","modified_gmt":"2026-01-08T15:24:10","slug":"argelia","status":"publish","type":"page","link":"https:\/\/moverdb.com\/es\/moving-companies\/algeria\/","title":{"rendered":"3 mejores empresas de mudanzas internacionales en Argelia"},"content":{"rendered":"<p>Si se va a mudar a Argelia, o quiere mudarse a o desde Argelia, es posible que necesite una <a href=\"https:\/\/moverdb.com\/es\/moving-companies\/\" data-internallinksmanager029f6b8e52c=\"79\" title=\"Las 25 mejores empresas de mudanzas internacionales en l\u00ednea\">empresa de mudanzas<\/a> para ayudarle. A continuaci\u00f3n encontrar\u00e1 una lista de los que son miembros de la <a href=\"https:\/\/moverdb.com\/es\/iam\/\" data-internallinksmanager029f6b8e52c=\"23\" title=\"Explicaci\u00f3n de la Asociaci\u00f3n Internacional de Empresas de Mudanzas (IAM)\">Asociaci\u00f3n Internacional de Empresas de Mudanzas<\/a> (IAM) y\/o <a href=\"https:\/\/moverdb.com\/es\/fidi-faim\/\" data-internallinksmanager029f6b8e52c=\"16\" title=\"Explicaci\u00f3n del FIDI y del FAIM (FIDI Accredited International Mover)\">FIDI<\/a> Accredited International Mover (FAIM), que espero que le ayude.<\/p>\n<h2><strong>1. Objetivo Intermovers<\/strong><\/h2>\n<p><em><img loading=\"lazy\" decoding=\"async\" class=\"alignnone wp-image-4642 size-full\" src=\"https:\/\/moverdb.com\/wp-content\/uploads\/Aim-Intermovers-international-moving-company.png\" alt=\"Aim Intermovers, empresa de mudanzas internacionales\" width=\"1440\" height=\"677\" data-wp-pid=\"4642\" srcset=\"https:\/\/moverdb.com\/wp-content\/uploads\/Aim-Intermovers-international-moving-company.png 1440w, https:\/\/moverdb.com\/wp-content\/uploads\/Aim-Intermovers-international-moving-company-300x141.png 300w, https:\/\/moverdb.com\/wp-content\/uploads\/Aim-Intermovers-international-moving-company-1024x481.png 1024w, https:\/\/moverdb.com\/wp-content\/uploads\/Aim-Intermovers-international-moving-company-18x8.png 18w, https:\/\/moverdb.com\/wp-content\/uploads\/Aim-Intermovers-international-moving-company-600x282.png 600w\" sizes=\"auto, (max-width: 1440px) 100vw, 1440px\" \/><\/em><\/p>\n<ul>\n<li>Realiza mudanzas nacionales en las 48 wilaya de Argelia y mudanzas internacionales<\/li>\n<li>Traslado de oficinas<\/li>\n<li>Servicio de archivo<\/li>\n<li>Ofrece transporte de pertenencias por carretera, mar y aire<\/li>\n<li>Equipo profesional de mudanzas<\/li>\n<li>Suministra material de embalaje y cajas de cart\u00f3n<\/li>\n<li>Se encarga de desmontar y embalar los muebles y de volver a montarlos<\/li>\n<li>Manipular\u00e1 con sensibilidad bienes como las obras de arte<\/li>\n<li>Tambi\u00e9n fabrican cajas de madera y <a href=\"https:\/\/moverdb.com\/es\/iata\/\" data-internallinksmanager029f6b8e52c=\"22\" title=\"Explicaci\u00f3n de la Asociaci\u00f3n Internacional de Transporte A\u00e9reo (IATA)\">IATA<\/a> cartones<\/li>\n<li>Se ofrece una visita t\u00e9cnica sin compromiso<\/li>\n<\/ul>\n<p>Aim Intermovers es una empresa de mudanzas argelina que ofrece servicios en todo el pa\u00eds en las 48 wilaya de Argelia y mudanzas internacionales. Disponen de un departamento de tr\u00e1nsito que gestionar\u00e1 todos los arreglos para su mudanza, incluyendo cualquier requisito de importaci\u00f3n y exportaci\u00f3n. Son miembros de IAM desde hace 9 a\u00f1os.<\/p>\n<p>Los clientes de Aim Intermovers incluyen la prestaci\u00f3n de servicios de mudanza a empresas nacionales e internacionales, empresas extranjeras, compa\u00f1\u00edas petroleras y embajadas. Ofrecen un presupuesto gratuito con una visita t\u00e9cnica sin compromiso. Prestan un servicio integral que incluye el suministro de materiales de embalaje y contenedores, as\u00ed como servicios de embalaje, desmontaje y montaje.<\/p>\n<p>P\u00e1gina web: <a href=\"http:\/\/www.aimintermovers.dz\" target=\"_blank\" rel=\"noopener\">http:\/\/www.aimintermovers.dz<\/a><\/p>\n<h2><strong>2. Argelia Pack and Move<\/strong><\/h2>\n<p><em><img loading=\"lazy\" decoding=\"async\" class=\"alignnone size-full wp-image-4643\" src=\"https:\/\/moverdb.com\/wp-content\/uploads\/Algeria-Pack-and-Move-international-moving-company.png\" alt=\"Argelia Pack and Move empresa de mudanzas internacionales\" width=\"1440\" height=\"629\" data-wp-pid=\"4643\" srcset=\"https:\/\/moverdb.com\/wp-content\/uploads\/Algeria-Pack-and-Move-international-moving-company.png 1440w, https:\/\/moverdb.com\/wp-content\/uploads\/Algeria-Pack-and-Move-international-moving-company-300x131.png 300w, https:\/\/moverdb.com\/wp-content\/uploads\/Algeria-Pack-and-Move-international-moving-company-1024x447.png 1024w, https:\/\/moverdb.com\/wp-content\/uploads\/Algeria-Pack-and-Move-international-moving-company-18x8.png 18w, https:\/\/moverdb.com\/wp-content\/uploads\/Algeria-Pack-and-Move-international-moving-company-600x262.png 600w\" sizes=\"auto, (max-width: 1440px) 100vw, 1440px\" \/><\/em><\/p>\n<ul>\n<li>Desplazamientos nacionales dentro de Argelia<\/li>\n<li>Mudanzas internacionales desde y hacia Argelia<\/li>\n<li>Atiende a empresas y particulares<\/li>\n<li>Ofrece paquetes de servicios de mudanza por niveles<\/li>\n<li>Retirada, transporte y entrega<\/li>\n<li>Embalaje y desembalaje de muebles<\/li>\n<li>Embalaje y desembalaje de todos los efectos<\/li>\n<li>Desmontaje y montaje de muebles<\/li>\n<li>Administraci\u00f3n de todas las exportaciones e importaciones<\/li>\n<li>Forman parte de una red internacional de empresas de mudanzas<\/li>\n<\/ul>\n<p>Algeria Pack and Move, tambi\u00e9n conocida como APM, atiende a empresas y particulares argelinos, expatriados o diplom\u00e1ticos. Se fund\u00f3 en 2005 y es miembro de IAM desde hace 15 a\u00f1os. Ofrecen mudanzas internacionales en colaboraci\u00f3n con una red de socios en los 7 continentes y proporcionan apoyo administrativo en la gesti\u00f3n de su mudanza, incluyendo el env\u00edo, las aduanas, <a href=\"https:\/\/moverdb.com\/es\/top-49-container-ports\/\" data-internallinksmanager029f6b8e52c=\"80\" title=\"Los 49 puertos de contenedores m\u00e1s grandes y activos en 2025\">puerto<\/a> y los tr\u00e1mites del aeropuerto.<\/p>\n<p>APM ofrece tres niveles de servicio de mudanza: el nivel 1 de mudanza y transporte, el nivel 2 incluye tambi\u00e9n el embalaje y desembalaje de los muebles, y el nivel 3 incluye adem\u00e1s el embalaje y desembalaje de todos los efectos. Tambi\u00e9n proporcionan instalaciones de almacenamiento si es necesario.<\/p>\n<p>P\u00e1gina web: <a href=\"http:\/\/www.algeriapm.com\" target=\"_blank\" rel=\"noopener\">http:\/\/www.algeriapm.com<\/a><\/p>\n<h2><strong>3. Mudanzas One Champion<\/strong><\/h2>\n<p><em><img loading=\"lazy\" decoding=\"async\" class=\"alignnone size-full wp-image-4644\" src=\"https:\/\/moverdb.com\/wp-content\/uploads\/One-Champion-Removals-international-moving-company.png\" alt=\"Empresa de mudanzas internacionales One Champion Removals\" width=\"1440\" height=\"683\" data-wp-pid=\"4644\" srcset=\"https:\/\/moverdb.com\/wp-content\/uploads\/One-Champion-Removals-international-moving-company.png 1440w, https:\/\/moverdb.com\/wp-content\/uploads\/One-Champion-Removals-international-moving-company-300x142.png 300w, https:\/\/moverdb.com\/wp-content\/uploads\/One-Champion-Removals-international-moving-company-1024x486.png 1024w, https:\/\/moverdb.com\/wp-content\/uploads\/One-Champion-Removals-international-moving-company-18x9.png 18w, https:\/\/moverdb.com\/wp-content\/uploads\/One-Champion-Removals-international-moving-company-600x285.png 600w\" sizes=\"auto, (max-width: 1440px) 100vw, 1440px\" \/><\/em><\/p>\n<ul>\n<li>Servicios de mudanzas locales y dom\u00e9sticas<\/li>\n<li>Servicios internacionales<\/li>\n<li>Transporte por carretera, mar\u00edtimo y a\u00e9reo<\/li>\n<li>Embalaje y desembalaje<\/li>\n<li>Desmontaje y montaje de muebles<\/li>\n<li>Supervisi\u00f3n de las aduanas<\/li>\n<li>Servicio totalmente asegurado, seguro y protegido<\/li>\n<li>Sin costes ocultos<\/li>\n<li>Ofrece instalaciones de almacenamiento<\/li>\n<li>Tambi\u00e9n ofrece un servicio de reubicaci\u00f3n para ayudar a encontrar una propiedad<\/li>\n<\/ul>\n<p>One Champion Removals es una empresa con sede en Argelia <a href=\"https:\/\/moverdb.com\/es\/international-removals\/\" data-internallinksmanager029f6b8e52c=\"27\" title=\"36 mejores empresas de mudanzas internacionales del Reino Unido\">empresa de mudanzas<\/a> que es miembro de IAM desde hace 3 a\u00f1os. Proporcionan un equipo con conocimientos y experiencia que puede ayudarle con la mudanza local, nacional e internacional.<\/p>\n<p>One Champion Removals ofrece servicios de mudanza que pueden llevarse a cabo por carretera, mar y aire, y su equipo se encargar\u00e1 de todo el papeleo, como los requisitos aduaneros. Proporcionan un servicio totalmente asegurado que es seguro y protegido. Tambi\u00e9n ofrecen instalaciones de almacenamiento seguro para sus pertenencias y un servicio de reubicaci\u00f3n para ayudarle a encontrar una propiedad adecuada.<\/p>\n<p>P\u00e1gina web: <a href=\"http:\/\/www.championinternationalmoving.com\" target=\"_blank\" rel=\"noopener\">http:\/\/www.championinternationalmoving.com<\/a><\/p>","protected":false},"excerpt":{"rendered":"<p>If you are moving in Algeria, or are wanting to move to or from Algeria, you may need a moving company to assist you. Below is a list of those that are members of the International Association of Movers (IAM) and\/or FIDI Accredited International Mover (FAIM) which will hopefully help you. 1. Aim Intermovers Provides [&hellip;]<\/p>\n","protected":false},"author":4,"featured_media":0,"parent":190,"menu_order":0,"comment_status":"closed","ping_status":"closed","template":"","meta":{"_genesis_hide_title":false,"_genesis_hide_breadcrumbs":false,"_genesis_hide_singular_image":false,"_genesis_hide_footer_widgets":false,"_genesis_custom_body_class":"","_genesis_custom_post_class":"","_genesis_layout":"","footnotes":""},"class_list":{"0":"post-4641","1":"page","2":"type-page","3":"status-publish","5":"entry","6":"has-post-thumbnail"},"_links":{"self":[{"href":"https:\/\/moverdb.com\/es\/wp-json\/wp\/v2\/pages\/4641","targetHints":{"allow":["GET"]}}],"collection":[{"href":"https:\/\/moverdb.com\/es\/wp-json\/wp\/v2\/pages"}],"about":[{"href":"https:\/\/moverdb.com\/es\/wp-json\/wp\/v2\/types\/page"}],"author":[{"embeddable":true,"href":"https:\/\/moverdb.com\/es\/wp-json\/wp\/v2\/users\/4"}],"replies":[{"embeddable":true,"href":"https:\/\/moverdb.com\/es\/wp-json\/wp\/v2\/comments?post=4641"}],"version-history":[{"count":3,"href":"https:\/\/moverdb.com\/es\/wp-json\/wp\/v2\/pages\/4641\/revisions"}],"predecessor-version":[{"id":4653,"href":"https:\/\/moverdb.com\/es\/wp-json\/wp\/v2\/pages\/4641\/revisions\/4653"}],"up":[{"embeddable":true,"href":"https:\/\/moverdb.com\/es\/wp-json\/wp\/v2\/pages\/190"}],"wp:attachment":[{"href":"https:\/\/moverdb.com\/es\/wp-json\/wp\/v2\/media?parent=4641"}],"curies":[{"name":"wp","href":"https:\/\/api.w.org\/{rel}","templated":true}]}}