{"id":454,"date":"2016-07-03T20:25:43","date_gmt":"2016-07-03T20:25:43","guid":{"rendered":"http:\/\/moverdb.com\/?page_id=454"},"modified":"2026-01-08T15:30:41","modified_gmt":"2026-01-08T15:30:41","slug":"organizacion-mundial-de-aduanas","status":"publish","type":"page","link":"https:\/\/moverdb.com\/es\/world-customs-organization\/","title":{"rendered":"Explicaci\u00f3n de la Organizaci\u00f3n Mundial de Aduanas (OMA)"},"content":{"rendered":"<p>La Organizaci\u00f3n Mundial de Aduanas (OMA) es un organismo intergubernamental independiente que act\u00faa como portavoz de la comunidad aduanera. <\/p>\n<p>Se cre\u00f3 para que las administraciones aduaneras de todo el mundo fueran m\u00e1s eficientes, coordinadas y eficaces.<\/p>\n<p><strong>Datos clave sobre la OMA:<\/strong><\/p>\n<ul>\n<li>  La OMA tiene 180 miembros y estos miembros son administraciones aduaneras de todo el mundo.<\/li>\n<li>  Tres cuartas partes de los miembros de la OMA son pa\u00edses en desarrollo.<\/li>\n<li>  Los miembros de la OMA son responsables de la gesti\u00f3n de m\u00e1s de 98% del comercio mundial.<\/li>\n<li>  La OMA naci\u00f3 en 1952 como Consejo de Cooperaci\u00f3n Aduanera.<\/li>\n<li>  La OMA est\u00e1 gestionada por un Consejo, que se apoya en una Secretar\u00eda de m\u00e1s de 100 funcionarios internacionales, expertos t\u00e9cnicos y personal de apoyo.<\/li>\n<li>  La OMA tiene su sede en Bruselas, <a href=\"https:\/\/moverdb.com\/es\/moving-to-belgium\/\" data-internallinksmanager029f6b8e52c=\"323\" title=\"\u00bfSe muda a B\u00e9lgica? 2026 Coste de la vida y consejos de reubicaci\u00f3n\">B\u00e9lgica<\/a>.<\/li>\n<li>  La OMA no se ocupa de las reclamaciones en materia de aduanas, por ejemplo, de los derechos de aduana: como organizaci\u00f3n intergubernamental no es responsable de la administraci\u00f3n de la legislaci\u00f3n nacional y declara espec\u00edficamente que no tiene competencia en ello.<\/li>\n<li>  Las lenguas oficiales de la OMA son el ingl\u00e9s y el franc\u00e9s.<\/li>\n<li>  La OMA se financia con las aportaciones anuales de los miembros, as\u00ed como con contribuciones voluntarias y donaciones.<\/li>\n<li>  La OMA ha sido responsable de varios instrumentos aduaneros, como el Convenio Internacional del Sistema Armonizado de Designaci\u00f3n y Codificaci\u00f3n de Mercanc\u00edas.<\/li>\n<\/ul>\n<p><strong>Perfil de la Organizaci\u00f3n Mundial de Aduanas:<\/strong><\/p>\n<p>La OMA se autodenomina la voz de la comunidad aduanera y es la \u00fanica organizaci\u00f3n internacional con competencias en materia de aduanas. Esto la convierte en una fuerza clave para contribuir al crecimiento del comercio internacional leg\u00edtimo, as\u00ed como para desarrollar medidas para hacer frente al fraude y al robo. <\/p>\n<p>El objetivo de la OMA es reforzar los v\u00ednculos entre las administraciones aduaneras y sus socios para crear un entorno aduanero s\u00f3lido y transparente. <\/p>\n<p>Tambi\u00e9n se ha convertido en una prioridad la asistencia a la protecci\u00f3n de la sociedad y el territorio nacional, y la seguridad y facilitaci\u00f3n del comercio internacional, especialmente frente a las amenazas del terrorismo global. <\/p>\n<p>La OMA cree que las fronteras dividen pero las aduanas conectan. Describe su visi\u00f3n como \"liderar din\u00e1micamente la modernizaci\u00f3n y la conectividad en un mundo que cambia r\u00e1pidamente\" y afirma que su misi\u00f3n es proporcionar liderazgo, orientaci\u00f3n y apoyo a las administraciones aduaneras para asegurar y facilitar el comercio leg\u00edtimo, realizar ingresos, proteger a la sociedad y crear capacidad.<\/p>\n<p><strong>Criterios de afiliaci\u00f3n:<\/strong><\/p>\n<p>Los miembros de la OMA son las administraciones aduaneras, por lo que no hay criterios de afiliaci\u00f3n en el sitio web.<\/p>\n<p><strong>Opiniones sobre la OMA:<\/strong><\/p>\n<p>La OMA es un organismo aduanero mundial bien establecido con <a href=\"http:\/\/www.britannica.com\/topic\/World-Customs-Organization\" target=\"_blank\" rel=\"noopener\">una entrada en la enciclopedia Brit\u00e1nica<\/a>. El <a href=\"https:\/\/www.wto.org\/english\/thewto_e\/coher_e\/wto_wco_e.htm\" target=\"_blank\" rel=\"noopener\">La Organizaci\u00f3n Mundial del Comercio describe<\/a> la OMA como organismo con el que coopera regularmente, concretamente en lo relativo a la clasificaci\u00f3n de mercanc\u00edas. <\/p>\n<p>La OMA se menciona en las p\u00e1ginas web de los gobiernos, se describe como \"l\u00edder en la ampliaci\u00f3n de las v\u00edas del comercio y la seguridad internacionales\" y tiene claramente un estatus internacional reconocido. En cuanto a los miembros, los que se adhieren tienden a anunciarlo - por ejemplo, la Uni\u00f3n Europea, que anunci\u00f3 que la <a href=\"http:\/\/ec.europa.eu\/taxation_customs\/common\/international_affairs\/wco\/index_en.htm\" target=\"_blank\" rel=\"noopener\">La OMA hab\u00eda aceptado<\/a> su solicitud de adhesi\u00f3n a partir del 1 de julio de 2007.<\/p>\n<blockquote><p>Todos los asuntos aduaneros, incluyendo el desarrollo de instrumentos, normas y herramientas globales, la simplificaci\u00f3n y armonizaci\u00f3n de los procedimientos aduaneros, la promoci\u00f3n de la competitividad econ\u00f3mica, la seguridad y la facilitaci\u00f3n de la cadena de suministro global, la mejora de las actividades de aplicaci\u00f3n y cumplimiento de las normas aduaneras, la protecci\u00f3n de la salud y la seguridad p\u00fablicas, el mantenimiento de la nomenclatura internacional de mercanc\u00edas del Sistema Armonizado, la garant\u00eda de los ingresos, el desarrollo sostenible de la capacidad aduanera y la asistencia t\u00e9cnica, y la gesti\u00f3n de los Acuerdos de la OMC sobre Valoraci\u00f3n Aduanera y Normas de Origen, as\u00ed como el Convenio de las Naciones Unidas sobre Contenedores, 1972<\/p><\/blockquote>\n<p>- <a href=\"http:\/\/www.basel.int\/Default.aspx?tabid=2935\" target=\"_blank\" rel=\"noopener\">Convenio de Basilea<\/a><\/p>\n<p><strong>P\u00e1gina web:<\/strong> <a href=\"http:\/\/www.wcoomd.org\/\" target=\"_blank\" rel=\"noopener\">http:\/\/www.wcoomd.org\/<\/a><\/p>\n<p><strong>Para m\u00e1s informaci\u00f3n sobre los env\u00edos, v\u00e9ase:<\/strong> <a href=\"https:\/\/moverdb.com\/es\/transporte-de-contenedores\/\">Tarifas y costes de env\u00edo de contenedores internacionales en 2018<\/a> y <a href=\"https:\/\/moverdb.com\/es\/transitario\/\">Gu\u00eda de empresas y costes internacionales de transitarios y NVOCC<\/a><\/p>","protected":false},"excerpt":{"rendered":"<p>The World Customs Organisation (WCO) is an independent intergovernmental body that serves as the voice of the customs community. It was set up to make customs administrations around the world more efficient, coordinated and effective. Key facts about WCO: The WCO has 180 members and these members are customs administrations from all over the world. [&hellip;]<\/p>\n","protected":false},"author":1,"featured_media":0,"parent":0,"menu_order":0,"comment_status":"closed","ping_status":"closed","template":"","meta":{"_genesis_hide_title":false,"_genesis_hide_breadcrumbs":false,"_genesis_hide_singular_image":false,"_genesis_hide_footer_widgets":false,"_genesis_custom_body_class":"","_genesis_custom_post_class":"","_genesis_layout":"","footnotes":""},"class_list":{"0":"post-454","1":"page","2":"type-page","3":"status-publish","5":"entry"},"_links":{"self":[{"href":"https:\/\/moverdb.com\/es\/wp-json\/wp\/v2\/pages\/454","targetHints":{"allow":["GET"]}}],"collection":[{"href":"https:\/\/moverdb.com\/es\/wp-json\/wp\/v2\/pages"}],"about":[{"href":"https:\/\/moverdb.com\/es\/wp-json\/wp\/v2\/types\/page"}],"author":[{"embeddable":true,"href":"https:\/\/moverdb.com\/es\/wp-json\/wp\/v2\/users\/1"}],"replies":[{"embeddable":true,"href":"https:\/\/moverdb.com\/es\/wp-json\/wp\/v2\/comments?post=454"}],"version-history":[{"count":7,"href":"https:\/\/moverdb.com\/es\/wp-json\/wp\/v2\/pages\/454\/revisions"}],"predecessor-version":[{"id":6253,"href":"https:\/\/moverdb.com\/es\/wp-json\/wp\/v2\/pages\/454\/revisions\/6253"}],"wp:attachment":[{"href":"https:\/\/moverdb.com\/es\/wp-json\/wp\/v2\/media?parent=454"}],"curies":[{"name":"wp","href":"https:\/\/api.w.org\/{rel}","templated":true}]}}