{"id":453,"date":"2016-07-03T20:16:06","date_gmt":"2016-07-03T20:16:06","guid":{"rendered":"http:\/\/moverdb.com\/?page_id=453"},"modified":"2026-01-08T15:20:54","modified_gmt":"2026-01-08T15:20:54","slug":"camara-de-comercio-internacional","status":"publish","type":"page","link":"https:\/\/moverdb.com\/es\/international-chamber-shipping\/","title":{"rendered":"La C\u00e1mara Naviera Internacional (ICS) explicada"},"content":{"rendered":"<p>La C\u00e1mara Naviera Internacional (ICS) es una asociaci\u00f3n comercial que representa a los armadores y operadores de buques a trav\u00e9s de las asociaciones nacionales de armadores. <\/p>\n<p>Su objetivo es promover los intereses de sus miembros en todas las cuestiones relacionadas con la explotaci\u00f3n de los buques y la pol\u00edtica mar\u00edtima.<\/p>\n<p><strong>Datos clave sobre la C\u00e1mara Naviera Internacional:<\/strong><\/p>\n<ul>\n<li>  Miembro del SCI <a href=\"https:\/\/moverdb.com\/es\/empresas-de-transporte\/\">empresas de transporte<\/a> operan m\u00e1s de 80% del tonelaje mercante mundial.<\/li>\n<li>  Los miembros del ICS son asociaciones nacionales de armadores de Asia, Europa y Am\u00e9rica.<\/li>\n<li>  El SCI se cre\u00f3 en 1921.<\/li>\n<li>  El SCI cuenta con 36 miembros y 11 miembros asociados.<\/li>\n<li>  El ICS tiene su sede en <a href=\"https:\/\/moverdb.com\/es\/moving-to-london\/\">Londres<\/a>.<\/li>\n<li>  El ICS es \u00fanico porque, a diferencia de otros <a href=\"https:\/\/moverdb.com\/es\/container-shipping\/\" data-internallinksmanager029f6b8e52c=\"3\" title=\"Tabla de tarifas de transporte mar\u00edtimo internacional de contenedores: Abril 2026\">env\u00edos internacionales<\/a> La Asociaci\u00f3n de Comercio Internacional (ACI) representa los intereses globales de todos los oficios de la industria, desde los operadores de buques de pasajeros hasta los operadores de petroleros.<\/li>\n<li>  El ICS es un \u00f3rgano consultivo del <a href=\"https:\/\/moverdb.com\/es\/international-maritime-organisation\/\" data-internallinksmanager029f6b8e52c=\"24\" title=\"La Organizaci\u00f3n Mar\u00edtima Internacional (OMI) explicada\">Organizaci\u00f3n Mar\u00edtima Internacional<\/a>La agencia de las Naciones Unidas responsable de la seguridad de la vida en el mar y de la protecci\u00f3n del medio ambiente marino.<\/li>\n<li>  El ICS se ocupa de las cuestiones reglamentarias, operativas y jur\u00eddicas relacionadas con el sector del transporte mar\u00edtimo.<\/li>\n<\/ul>\n<p><strong>Perfil del ICS:<\/strong><\/p>\n<p>El ICS representa a sus miembros ante diversos organismos reguladores intergubernamentales que afectan al transporte mar\u00edtimo, incluida la Organizaci\u00f3n Mar\u00edtima Internacional. <\/p>\n<p>Tambi\u00e9n es una fuente de informaci\u00f3n para los miembros y ha elaborado orientaciones y mejores pr\u00e1cticas para quienes operan en el sector; estos recursos se ofrecen gratuitamente a los armadores del sector, as\u00ed como a los miembros. <\/p>\n<p>Su misi\u00f3n es aspirar a una industria naviera mundial que opere con altos est\u00e1ndares, priorizando la seguridad de las operaciones mar\u00edtimas, as\u00ed como la protecci\u00f3n del medio ambiente. <\/p>\n<p>Aunque se cre\u00f3 fundamentalmente para promover la industria de los operadores mar\u00edtimos, tambi\u00e9n tiene como uno de sus objetivos la cooperaci\u00f3n con otras organizaciones, tanto gubernamentales como no gubernamentales, para ayudar a hacer de la industria mar\u00edtima un lugar m\u00e1s eficiente y seguro.<\/p>\n<p><strong>Empresas navieras miembros (por tama\u00f1o):<\/strong><\/p>\n<ul>\n<li> <a href=\"https:\/\/moverdb.com\/es\/maersk\/\">Maersk Line<\/a><\/li>\n<li> <a href=\"https:\/\/moverdb.com\/es\/mediterranean-shipping-company\/\">Mediterranean Shipping Company (MSC)<\/a><\/li>\n<\/ul>\n<p><strong>Criterios de afiliaci\u00f3n:<\/strong><\/p>\n<p>Los miembros del SCI son <a href=\"https:\/\/moverdb.com\/es\/transitario\/\">propietarios y operadores de buques<\/a> de todo el mundo que est\u00e1n representados a trav\u00e9s de las asociaciones nacionales de armadores. Son las asociaciones las que mantienen la membres\u00eda, por lo que los propietarios y operadores individuales no pueden solicitarla. <\/p>\n<p>Por ello, no hay criterios de afiliaci\u00f3n en el sitio web.<\/p>\n<p><strong>Opiniones sobre la C\u00e1mara Naviera Internacional:<\/strong><\/p>\n<p>El ICS aparece en varias publicaciones del sector, comentando temas de actualidad como la reducci\u00f3n del CO2. Se menciona en los sitios web de sus miembros, como el <a href=\"https:\/\/www.ukchamberofshipping.com\/about-us\/our-partners\/international-chamber-shipping\/\" target=\"_blank\" rel=\"noopener\">C\u00e1mara Naviera del Reino Unido<\/a>. <\/p>\n<p>Los documentos en l\u00ednea muestran que el ICS comenta cuestiones globales, como los convenios fiscales, y tambi\u00e9n hay <a href=\"http:\/\/www.allaboutshipping.co.uk\/category\/associations\/international-chamber-of-shipping\/\" target=\"_blank\" rel=\"noopener\">cobertura de eventos<\/a> como el <a href=\"http:\/\/www.imo.org\/en\/MediaCentre\/SecretaryGeneral\/SpeechesByTheSecretaryGeneral\/Pages\/ICS2012.aspx\" target=\"_blank\" rel=\"noopener\">Conferencia de la C\u00e1mara Naviera Internacional<\/a> donde Koji Sekimizu, Secretario General de la Organizaci\u00f3n Mar\u00edtima Internacional, describi\u00f3 el ICS como <em>\"una de las varias organizaciones no gubernamentales que representan al sector mar\u00edtimo en la OMI y que tiene uno de los pedigr\u00edes m\u00e1s largos\".<\/em> <\/p>\n<p>Otras fuentes en l\u00ednea se refieren al ICS como la \"asociaci\u00f3n de armadores m\u00e1s reconocida a nivel mundial\". La credibilidad del ICS es evidente por las publicaciones en las que aparece su nombre, las asociaciones con otros organismos y el tipo de cuestiones sobre las que se le pide que comente.<\/p>\n<blockquote><p>La C\u00e1mara Naviera Internacional (ICS) es la principal asociaci\u00f3n comercial internacional de armadores y operadores de buques mercantes, que representa a todos los sectores y oficios (incluidos, entre otros, los buques cisterna, los graneleros, los portacontenedores, los buques de carga general y los especializados, as\u00ed como los buques de pasaje) ante los diversos organismos intergubernamentales que afectan al transporte mar\u00edtimo. Los miembros del ICS son asociaciones nacionales de armadores de 35 pa\u00edses que representan m\u00e1s de 80% de la flota mercante mundial.<\/p><\/blockquote>\n<p><a href=\"http:\/\/www.oecd.org\/tax\/treaties\/ics-comments-discussion-draft-mtc-international-traffic.pdf\" target=\"_blank\" rel=\"noopener\">OCDE<\/a><\/p>\n<p><strong>P\u00e1gina web:<\/strong> <a href=\"http:\/\/www.ics-shipping.org\/\" target=\"_blank\" rel=\"noopener\">http:\/\/www.ics-shipping.org\/<\/a><\/p>\n<p><strong>Para m\u00e1s informaci\u00f3n sobre los env\u00edos, v\u00e9ase:<\/strong> <a href=\"https:\/\/moverdb.com\/es\/transporte-de-contenedores\/\">Tarifas y costes de env\u00edo de contenedores internacionales en 2018<\/a> y <a href=\"https:\/\/moverdb.com\/es\/transitario\/\">Gu\u00eda de empresas y costes internacionales de transitarios y NVOCC<\/a><\/p>","protected":false},"excerpt":{"rendered":"<p>The International Chamber of Shipping (ICS) is a trade association that represents ship owners and ship operators via national shipowners associations. Its aim is to promote the interests of its members throughout all issues of ship operation and also shipping policy. Key facts about the International Chamber of Shipping: ICS member shipping companies operate over [&hellip;]<\/p>\n","protected":false},"author":1,"featured_media":0,"parent":0,"menu_order":0,"comment_status":"closed","ping_status":"closed","template":"","meta":{"_genesis_hide_title":false,"_genesis_hide_breadcrumbs":false,"_genesis_hide_singular_image":false,"_genesis_hide_footer_widgets":false,"_genesis_custom_body_class":"","_genesis_custom_post_class":"","_genesis_layout":"","footnotes":""},"class_list":{"0":"post-453","1":"page","2":"type-page","3":"status-publish","5":"entry"},"_links":{"self":[{"href":"https:\/\/moverdb.com\/es\/wp-json\/wp\/v2\/pages\/453","targetHints":{"allow":["GET"]}}],"collection":[{"href":"https:\/\/moverdb.com\/es\/wp-json\/wp\/v2\/pages"}],"about":[{"href":"https:\/\/moverdb.com\/es\/wp-json\/wp\/v2\/types\/page"}],"author":[{"embeddable":true,"href":"https:\/\/moverdb.com\/es\/wp-json\/wp\/v2\/users\/1"}],"replies":[{"embeddable":true,"href":"https:\/\/moverdb.com\/es\/wp-json\/wp\/v2\/comments?post=453"}],"version-history":[{"count":10,"href":"https:\/\/moverdb.com\/es\/wp-json\/wp\/v2\/pages\/453\/revisions"}],"predecessor-version":[{"id":6245,"href":"https:\/\/moverdb.com\/es\/wp-json\/wp\/v2\/pages\/453\/revisions\/6245"}],"wp:attachment":[{"href":"https:\/\/moverdb.com\/es\/wp-json\/wp\/v2\/media?parent=453"}],"curies":[{"name":"wp","href":"https:\/\/api.w.org\/{rel}","templated":true}]}}