{"id":452,"date":"2016-07-03T20:39:16","date_gmt":"2016-07-03T20:39:16","guid":{"rendered":"http:\/\/moverdb.com\/?page_id=452"},"modified":"2026-01-08T15:30:42","modified_gmt":"2026-01-08T15:30:42","slug":"world-shipping-council","status":"publish","type":"page","link":"https:\/\/moverdb.com\/es\/world-shipping-council\/","title":{"rendered":"Explicaci\u00f3n del Consejo Mundial del Transporte Mar\u00edtimo (WSC)"},"content":{"rendered":"<p>El Consejo Mundial del Transporte Mar\u00edtimo (WSC) da voz al sector del transporte mar\u00edtimo de l\u00ednea. Inicialmente se cre\u00f3 como un grupo de presi\u00f3n para las mayores empresas de transporte mar\u00edtimo de l\u00ednea y se ha convertido en un asesor de la industria y el gobierno en temas tan variados como la seguridad y el medio ambiente.<\/p>\n<p><strong>Datos clave sobre el CSM<\/strong><\/p>\n<ul>\n<li>  El CSM cuenta con 26 miembros.<\/li>\n<li>  Los miembros del WSC operan aproximadamente el 90% de la capacidad mundial de buques de l\u00ednea.<\/li>\n<li>  Estos servicios transportan alrededor del 60% del valor del comercio mar\u00edtimo mundial, y m\u00e1s de <a href=\"https:\/\/moverdb.com\/es\/moving-to-the-united-states\/\" data-internallinksmanager029f6b8e52c=\"94\" title=\"\u00bfSe muda a Estados Unidos? 2026 Costes de vida y consejos de reubicaci\u00f3n\">EE.UU.<\/a>$ 4 billones de mercanc\u00edas al a\u00f1o.<\/li>\n<li>  El WSC es el representante mundial de la industria del transporte mar\u00edtimo de l\u00ednea.<\/li>\n<li>  El WSC fue creado en el a\u00f1o 2000 por los directores generales de las principales compa\u00f1\u00edas de transporte mar\u00edtimo. <a href=\"https:\/\/moverdb.com\/es\/empresas-de-transporte\/\">empresas de transporte<\/a>.<\/li>\n<li>  En 2009, el WSC obtuvo el estatus consultivo en la <a href=\"https:\/\/moverdb.com\/es\/international-maritime-organisation\/\" data-internallinksmanager029f6b8e52c=\"24\" title=\"La Organizaci\u00f3n Mar\u00edtima Internacional (OMI) explicada\">Organizaci\u00f3n Mar\u00edtima Internacional<\/a>.<\/li>\n<li>  El CSM tiene su sede en <a href=\"https:\/\/moverdb.com\/es\/mudanza-a-washington-dc\/\">Washington, DC<\/a>.<\/li>\n<li>  Los miembros del CSM proceden de todo el mundo, desde <a href=\"https:\/\/moverdb.com\/es\/moving-to-china\/\" data-internallinksmanager029f6b8e52c=\"357\" title=\"\u00bfSe muda a China? 2026 Coste de la vida y consejos para el traslado\">China<\/a> a Am\u00e9rica.<\/li>\n<\/ul>\n<p><strong>Perfil del Consejo Mundial del Transporte Mar\u00edtimo:<\/strong><\/p>\n<p>El WSC es un organismo de la industria que fue creado en el a\u00f1o 2000 por quienes lideran el sector del transporte mar\u00edtimo de l\u00ednea. Ha desempe\u00f1ado un papel decisivo en momentos clave para el sector del transporte mar\u00edtimo de l\u00ednea, como la colaboraci\u00f3n con gobiernos y organizaciones mundiales para ayudar a elaborar leyes, reglamentos y programas destinados a mejorar la seguridad del comercio mar\u00edtimo internacional tras los atentados terroristas de 2001. <\/p>\n<p>El principal objetivo del CSM es trabajar en cuestiones de comercio, seguridad y aduanas que afectan a la propia industria, as\u00ed como a su impacto en el mundo en general. En los \u00faltimos a\u00f1os tambi\u00e9n ha empezado a centrarse en cuestiones medioambientales. <\/p>\n<p>El WSC es considerado un asesor respetado tanto por la industria como por los gobiernos; por ejemplo, se le ha concedido el estatus consultivo ante la Organizaci\u00f3n Mar\u00edtima Internacional. Adem\u00e1s, participa activamente en los debates pol\u00edticos que afectan al sector del transporte mar\u00edtimo de l\u00ednea.<\/p>\n<p><strong>Empresas miembros por tama\u00f1o:<\/strong><\/p>\n<ul>\n<li> <a href=\"https:\/\/moverdb.com\/es\/cma-cgm\/\">Grupo CMA CGM<\/a><\/li>\n<li> <a href=\"https:\/\/moverdb.com\/es\/hapag-lloyd\/\">Hapag-Lloyd<\/a><\/li>\n<li> <a href=\"https:\/\/moverdb.com\/es\/evergreen-marine\/\">Evergreen Marine<\/a><\/li>\n<li> <a href=\"https:\/\/moverdb.com\/es\/hamburgo-sur\/\">Hamburgo S\u00fcd<\/a><\/li>\n<\/ul>\n<p><strong>Criterios de afiliaci\u00f3n:<\/strong><\/p>\n<p>No hay criterios de afiliaci\u00f3n en el sitio web. El WSC describe a sus miembros como <em>\"Han invertido cientos de miles de millones de d\u00f3lares en barcos, <a href=\"https:\/\/moverdb.com\/es\/top-49-container-ports\/\" data-internallinksmanager029f6b8e52c=\"80\" title=\"Los 49 puertos de contenedores m\u00e1s grandes y activos en 2025\">puerto<\/a> terminales, empresas de transporte por carretera, almacenes y tecnolog\u00eda para garantizar que siga existiendo una amplia variedad de opciones para un transporte internacional de mercanc\u00edas seguro, fiable y econ\u00f3mico\".<\/em> <\/p>\n<p>De ello se desprende que la afiliaci\u00f3n no est\u00e1 abierta a cualquier empresa. Entre los miembros representativos se encuentran Hyundai Merchant Marine Company y United Arab <a href=\"https:\/\/moverdb.com\/es\/shipping-companies\/\" data-internallinksmanager029f6b8e52c=\"4\" title=\"Las 10 mejores empresas de transporte internacional de contenedores\">Empresa de transporte<\/a>.<\/p>\n<p>Hay una direcci\u00f3n de correo electr\u00f3nico de contacto que podr\u00eda utilizarse para quienes quieran preguntar por la afiliaci\u00f3n: info@worldshipping.org.<\/p>\n<p><strong>Opiniones sobre la CSM:<\/strong><\/p>\n<p>El CSM es <a href=\"http:\/\/www.iims.org.uk\/world-shipping-council-advises-prepare-container-weight-verification\/\" target=\"_blank\" rel=\"noopener\">citado en las noticias<\/a> como fuente de informaci\u00f3n sobre cambios normativos y legislativos y es claramente una organizaci\u00f3n respetada que proporciona un canal de comunicaci\u00f3n entre los legisladores y la industria. <\/p>\n<p>Su trabajo tambi\u00e9n ha consistido en ayudar a hacer frente a la confusi\u00f3n sobre los cambios legales entrantes y a allanar el camino de la legislaci\u00f3n desde la ley escrita a la realidad. <\/p>\n<p>Aunque la lista de miembros aparece en el sitio de la WSC, una r\u00e1pida comprobaci\u00f3n de los sitios de un par de empresas revela que no muestran de forma destacada su pertenencia a la WSC. <\/p>\n<p>Lo m\u00e1s probable es que esto se deba a que la WSC no es una acreditaci\u00f3n apropiada para un sitio web comercial, sino un organismo del sector en el que estas empresas tienen un papel consultivo y de asesoramiento.<\/p>\n<p><strong>P\u00e1gina web:<\/strong> <a href=\"http:\/\/www.worldshipping.org\/\" target=\"_blank\" rel=\"noopener\">http:\/\/www.worldshipping.org\/<\/a><\/p>\n<p><strong>Para m\u00e1s informaci\u00f3n sobre los env\u00edos, v\u00e9ase:<\/strong> <a href=\"https:\/\/moverdb.com\/es\/transporte-de-contenedores\/\">Tarifas y costes de env\u00edo de contenedores internacionales en 2018<\/a> y <a href=\"https:\/\/moverdb.com\/es\/transitario\/\">Gu\u00eda de empresas y costes internacionales de transitarios y NVOCC<\/a><\/p>","protected":false},"excerpt":{"rendered":"<p>The World Shipping Council (WSC) provides a voice for the liner shipping industry. It was initially established as a lobbying group for the biggest liner shipping businesses and has become an advisor to industry and government on topics as varied as security and environmental issues. Key facts about the WSC The WSC has 26 members. [&hellip;]<\/p>\n","protected":false},"author":1,"featured_media":0,"parent":0,"menu_order":0,"comment_status":"closed","ping_status":"closed","template":"","meta":{"_genesis_hide_title":false,"_genesis_hide_breadcrumbs":false,"_genesis_hide_singular_image":false,"_genesis_hide_footer_widgets":false,"_genesis_custom_body_class":"","_genesis_custom_post_class":"","_genesis_layout":"","footnotes":""},"class_list":{"0":"post-452","1":"page","2":"type-page","3":"status-publish","5":"entry"},"_links":{"self":[{"href":"https:\/\/moverdb.com\/es\/wp-json\/wp\/v2\/pages\/452","targetHints":{"allow":["GET"]}}],"collection":[{"href":"https:\/\/moverdb.com\/es\/wp-json\/wp\/v2\/pages"}],"about":[{"href":"https:\/\/moverdb.com\/es\/wp-json\/wp\/v2\/types\/page"}],"author":[{"embeddable":true,"href":"https:\/\/moverdb.com\/es\/wp-json\/wp\/v2\/users\/1"}],"replies":[{"embeddable":true,"href":"https:\/\/moverdb.com\/es\/wp-json\/wp\/v2\/comments?post=452"}],"version-history":[{"count":12,"href":"https:\/\/moverdb.com\/es\/wp-json\/wp\/v2\/pages\/452\/revisions"}],"predecessor-version":[{"id":6254,"href":"https:\/\/moverdb.com\/es\/wp-json\/wp\/v2\/pages\/452\/revisions\/6254"}],"wp:attachment":[{"href":"https:\/\/moverdb.com\/es\/wp-json\/wp\/v2\/media?parent=452"}],"curies":[{"name":"wp","href":"https:\/\/api.w.org\/{rel}","templated":true}]}}