{"id":451,"date":"2016-07-04T14:16:48","date_gmt":"2016-07-04T14:16:48","guid":{"rendered":"http:\/\/moverdb.com\/?page_id=451"},"modified":"2026-01-08T14:39:55","modified_gmt":"2026-01-08T14:39:55","slug":"organizacion-internacional-del-tiempo-de-vuelo","status":"publish","type":"page","link":"https:\/\/moverdb.com\/es\/international-maritime-organisation\/","title":{"rendered":"La Organizaci\u00f3n Mar\u00edtima Internacional (OMI) explicada"},"content":{"rendered":"<p>La Organizaci\u00f3n Mar\u00edtima Internacional (OMI) es una agencia de las Naciones Unidas, con sede en el <a href=\"https:\/\/moverdb.com\/es\/moving-to-the-uk\/\" data-internallinksmanager029f6b8e52c=\"93\" title=\"\u00bfSe muda al Reino Unido? 2026 Costes de vida y consejos de reubicaci\u00f3n\">REINO UNIDO<\/a>que se encarga de regular el transporte mar\u00edtimo. Se describe a s\u00ed misma como la autoridad mundial que establece normas para la seguridad, la protecci\u00f3n y el rendimiento medioambiental de los buques. <a href=\"https:\/\/moverdb.com\/es\/transporte-de-contenedores\/\">env\u00edos internacionales<\/a>.<\/p>\n<p><strong>Datos clave sobre la Organizaci\u00f3n Mar\u00edtima Internacional<\/strong><\/p>\n<ul>\n<li>  La OMI cuenta con 171 Estados miembros y tres miembros asociados.<\/li>\n<li>  La OMI es una agencia de la ONU creada en 1948, que entr\u00f3 en funcionamiento una d\u00e9cada despu\u00e9s.<\/li>\n<li>  La mayor\u00eda de los Estados miembros que no son miembros de la OMI son pa\u00edses sin litoral que no tienen ning\u00fan inter\u00e9s ni participaci\u00f3n en el transporte mar\u00edtimo.<\/li>\n<li>  Los tres Miembros Asociados de la OMI son las Islas Feroe, <a href=\"https:\/\/moverdb.com\/es\/moving-to-hong-kong\/\" data-internallinksmanager029f6b8e52c=\"350\" title=\"\u00bfSe muda a Hong Kong? 2026 Coste de la vida y consejos para el traslado\">Hong Kong<\/a> y Macao.<\/li>\n<li>  El Convenio Internacional para la Seguridad de la Vida Humana en el Mar es uno de los instrumentos jur\u00eddicos m\u00e1s conocidos de la OMI.<\/li>\n<li>  <a href=\"https:\/\/moverdb.com\/es\/container-shipping\/\" data-internallinksmanager029f6b8e52c=\"3\" title=\"Tabla de tarifas de transporte mar\u00edtimo internacional de contenedores: Abril 2026\">Env\u00edos internacionales<\/a> transporta m\u00e1s de 80% del comercio mundial a pueblos y comunidades de todo el mundo.<\/li>\n<li>  Las competencias de la OMI abarcan todos los aspectos del transporte mar\u00edtimo internacional, incluidos el dise\u00f1o, la construcci\u00f3n, el equipamiento, la dotaci\u00f3n, la explotaci\u00f3n y la eliminaci\u00f3n de los buques.<\/li>\n<li>  Las organizaciones internacionales no gubernamentales que tienen la capacidad de hacer una contribuci\u00f3n sustancial a la labor de la OMI pueden ser reconocidas como entidades consultivas por el Consejo con la aprobaci\u00f3n de la Asamblea.<\/li>\n<\/ul>\n<p><strong>Perfil de la OMI<\/strong><\/p>\n<p>La OMI es una agencia mundial que depende de la ONU. Est\u00e1 formada por la Asamblea, un Consejo y cinco Comit\u00e9s principales: <\/p>\n<ol>\n<li> El Comit\u00e9 de Seguridad Mar\u00edtima<\/li>\n<li> El Comit\u00e9 de Protecci\u00f3n del Medio Marino<\/li>\n<li> El Comit\u00e9 Jur\u00eddico<\/li>\n<li> El Comit\u00e9 de Cooperaci\u00f3n T\u00e9cnica<\/li>\n<li> El Comit\u00e9 de Facilitaci\u00f3n<\/li>\n<\/ol>\n<p>La OMI ha sido responsable de numerosos instrumentos jur\u00eddicos que tienen por objeto mejorar la seguridad en el mar, mejorar el comercio entre los Estados mar\u00edtimos y proteger el medio ambiente mar\u00edtimo. <\/p>\n<p>Adem\u00e1s de examinar el sector del transporte mar\u00edtimo en su estado actual, la OMI tambi\u00e9n se ocupa de garantizar su futuro como un sector seguro, respetuoso con el medio ambiente y energ\u00e9ticamente eficiente. <\/p>\n<p>Hay muy pocas cosas que la OMI no cubra, como el elemento humano del sector del transporte mar\u00edtimo, la seguridad mar\u00edtima y la cooperaci\u00f3n t\u00e9cnica, que est\u00e1 dise\u00f1ada para ayudar a los gobiernos que carecen de los conocimientos t\u00e9cnicos y los recursos necesarios para operar con \u00e9xito un sector mar\u00edtimo.<\/p>\n<p><strong>Criterios de afiliaci\u00f3n <\/strong><\/p>\n<p>La pertenencia a la OMI se basa en los Estados. Para ser miembro de la OMI, un Estado ratifica un tratado multilateral conocido como el Convenio de la Organizaci\u00f3n Mar\u00edtima Internacional.<\/p>\n<p><strong>Opiniones sobre la OMI:<\/strong><\/p>\n<p>La OMI es un organismo mundial <a href=\"http:\/\/www.unsceb.org\/content\/imo\" target=\"_blank\" rel=\"noopener\">organizaci\u00f3n de renombre<\/a> con un estatus reconocido. Es muy visible y constituye una fuerza poderosa dentro del sector mar\u00edtimo. En l\u00ednea, la informaci\u00f3n sobre la OMI se centra en su funci\u00f3n de fomentar la cooperaci\u00f3n intergubernamental, as\u00ed como en la convocatoria de conferencias internacionales sobre asuntos mar\u00edtimos y en la redacci\u00f3n de convenios o acuerdos internacionales al respecto. <\/p>\n<p>Su papel en la seguridad tambi\u00e9n se destaca en los lugares donde se menciona. Como la pertenencia a la OMI es por estados, no se menciona en los sitios web de las empresas individuales, pero s\u00ed aparece con frecuencia en <a href=\"http:\/\/www.britannica.com\/topic\/International-Maritime-Organization\" target=\"_blank\" rel=\"noopener\">enciclopedias en l\u00ednea<\/a> y sitios web que describen la estructura de la ONU.<\/p>\n<p><strong>P\u00e1gina web:<\/strong> <a href=\"http:\/\/www.imo.org\/en\/Pages\/Default.aspx\" target=\"_blank\" rel=\"noopener\">http:\/\/www.imo.org\/<\/a><\/p>\n<p><strong>Para m\u00e1s informaci\u00f3n sobre los env\u00edos, v\u00e9ase:<\/strong> <a href=\"https:\/\/moverdb.com\/es\/transporte-de-contenedores\/\">Tarifas y costes de env\u00edo de contenedores internacionales en 2018<\/a> y <a href=\"https:\/\/moverdb.com\/es\/transitario\/\">Gu\u00eda de empresas y costes internacionales de transitarios y NVOCC<\/a><\/p>","protected":false},"excerpt":{"rendered":"<p>The International Maritime Organisation (IMO) is a UN agency, based in the UK, which is responsible for regulating shipping. It describes itself as the global standard-setting authority for the safety, security and environmental performance of international shipping. Key facts about the International Maritime Organisation The IMO has 171 Member States and three Associate Members. The [&hellip;]<\/p>\n","protected":false},"author":1,"featured_media":0,"parent":0,"menu_order":0,"comment_status":"closed","ping_status":"closed","template":"","meta":{"_genesis_hide_title":false,"_genesis_hide_breadcrumbs":false,"_genesis_hide_singular_image":false,"_genesis_hide_footer_widgets":false,"_genesis_custom_body_class":"","_genesis_custom_post_class":"","_genesis_layout":"","footnotes":""},"class_list":{"0":"post-451","1":"page","2":"type-page","3":"status-publish","5":"entry"},"_links":{"self":[{"href":"https:\/\/moverdb.com\/es\/wp-json\/wp\/v2\/pages\/451","targetHints":{"allow":["GET"]}}],"collection":[{"href":"https:\/\/moverdb.com\/es\/wp-json\/wp\/v2\/pages"}],"about":[{"href":"https:\/\/moverdb.com\/es\/wp-json\/wp\/v2\/types\/page"}],"author":[{"embeddable":true,"href":"https:\/\/moverdb.com\/es\/wp-json\/wp\/v2\/users\/1"}],"replies":[{"embeddable":true,"href":"https:\/\/moverdb.com\/es\/wp-json\/wp\/v2\/comments?post=451"}],"version-history":[{"count":6,"href":"https:\/\/moverdb.com\/es\/wp-json\/wp\/v2\/pages\/451\/revisions"}],"predecessor-version":[{"id":13163,"href":"https:\/\/moverdb.com\/es\/wp-json\/wp\/v2\/pages\/451\/revisions\/13163"}],"wp:attachment":[{"href":"https:\/\/moverdb.com\/es\/wp-json\/wp\/v2\/media?parent=451"}],"curies":[{"name":"wp","href":"https:\/\/api.w.org\/{rel}","templated":true}]}}