{"id":449,"date":"2016-07-04T14:35:22","date_gmt":"2016-07-04T14:35:22","guid":{"rendered":"http:\/\/moverdb.com\/?page_id=449"},"modified":"2026-01-08T14:48:17","modified_gmt":"2026-01-08T14:48:17","slug":"eurovan-movers","status":"publish","type":"page","link":"https:\/\/moverdb.com\/es\/eurovan-movers\/","title":{"rendered":"Explicaci\u00f3n de la red de mudanzas internacionales Eurovan (EM)"},"content":{"rendered":"<p>Eurovan International Movers Network (EM) es una red de empresas de mudanzas locales independientes con sede en <a href=\"https:\/\/moverdb.com\/es\/moving-to-germany\/\" data-internallinksmanager029f6b8e52c=\"321\" title=\"\u00bfSe muda a Alemania? 2026 Coste de la vida y consejos para el traslado\">Alemania<\/a>. La red est\u00e1 dise\u00f1ada para responder a la necesidad de poder ofrecer niveles de servicio homog\u00e9neos en traslados internacionales que pueden atravesar varios pa\u00edses.<\/p>\n<p><strong>Datos clave sobre la Red de Mudanzas Internacionales Eurovan:<\/strong><\/p>\n<ul>\n<li>  Cuando un traslado se realiza \u00edntegramente en Europa, la sede central de EM supervisa, coordina y controla todos los traslados entre un pa\u00eds y otro.<\/li>\n<li>  EM ofrece una serie de servicios a trav\u00e9s de su red, incluyendo coordinaciones y operaciones, almacenamiento y dep\u00f3sito, embalaje y desembalaje y servicios de origen y destino.<\/li>\n<li>  EM tiene siete socios en todo el mundo que cubren \u00c1frica, Asia, Am\u00e9rica del Norte y Am\u00e9rica del Sur.<\/li>\n<li>  EM cuenta con unos 35 socios europeos, ocho de ellos en el <a href=\"https:\/\/moverdb.com\/es\/mudanzas-internacionales\/\">REINO UNIDO<\/a>.<\/li>\n<li>  Cuando la sede central de EM supervisa un traslado, esto permite a EM reducir el kilometraje en vac\u00edo y encontrar formas de conseguir ahorros monetarios.<\/li>\n<li>  El alcance de EM es global.<\/li>\n<\/ul>\n<p><strong>Perfil de Eurovan Movers:<\/strong><\/p>\n<p>EM es una organizaci\u00f3n que funciona sobre la base de \"socios\" y no de miembros. Aunque no hay criterios de afiliaci\u00f3n, est\u00e1 claro que el proceso para convertirse en socio es bastante complicado y requiere un buen ajuste entre EM y el socio potencial, as\u00ed como la capacidad de aportar nuevas ideas. <\/p>\n<p>La mayor\u00eda de los destinos, tanto en la categor\u00eda de socios europeos como en la de socios mundiales, s\u00f3lo cuentan con una empresa en la lista, aparte de Alemania, el <a href=\"https:\/\/moverdb.com\/es\/moving-to-the-uk\/\" data-internallinksmanager029f6b8e52c=\"93\" title=\"\u00bfSe muda al Reino Unido? 2026 Costes de vida y consejos de reubicaci\u00f3n\">REINO UNIDO<\/a>, <a href=\"https:\/\/moverdb.com\/es\/moving-to-switzerland\/\" data-internallinksmanager029f6b8e52c=\"327\" title=\"\u00bfSe muda a Suiza? 2026 Coste de la vida y consejos para el traslado\">Suiza<\/a> y <a href=\"https:\/\/moverdb.com\/es\/moving-to-italy\/\" data-internallinksmanager029f6b8e52c=\"346\" title=\"\u00bfSe muda a Italia? 2026 Coste de la vida y consejos para el traslado\">Italia<\/a>que tienen 4+. <\/p>\n<p>La idea de EM es ofrecer a los clientes un enfoque m\u00e1s cohesionado de una mudanza internacional conectando a empresas de mudanzas locales independientes. La propia EM coordina el proceso cuando la mudanza es dentro de la UE. <\/p>\n<p>Lo que distingue a EM es el hecho de que tiene un mando centralizado pero trabaja con promotores locales, conservando el conocimiento y las conexiones locales, adem\u00e1s de poder ofrecer un control central.<\/p>\n<p><strong>Criterios de afiliaci\u00f3n:<\/strong><\/p>\n<p>En el sitio web no se indican los criterios de afiliaci\u00f3n, sino que se dice lo siguiente<\/p>\n<blockquote><p>Ciertamente, hace falta algo m\u00e1s que haber realizado una o dos mudanzas dom\u00e9sticas para convertirse en socio.<\/p>\n<p>Si cree que puede beneficiarse de las sinergias que puede proporcionar una red, y si piensa que algunas de sus ideas frescas y poco convencionales deben fusionarse con la experiencia de m\u00e1s de 30 a\u00f1os de mudanzas, ha encontrado la fuente adecuada. <\/p>\n<p>Para saber m\u00e1s sobre las tecnolog\u00edas clave y otras ventajas a las que tienen acceso todos los socios de Eurovan, p\u00f3ngase en contacto con Tobia Crisostomo. Estar\u00e1 encantado de responder a cualquier pregunta que pueda tener sobre las ventajas de convertirse en socio de Eurovan, y de ayudarle a emprender el camino hacia una mayor visibilidad y flexibilidad en el negocio de las mudanzas.<\/p><\/blockquote>\n<p>EUROVAN - La Red de Mudanzas Internacionales<br \/>\nTobia Cris\u00f3stomo<br \/>\nNeckarauer Stra\u00dfe 35\/41<br \/>\nD-68199 Mannheim, Alemania<br \/>\nTel.: +49(0)621-3 97 40 93<br \/>\nFax: +49(0)621-3 97 40 94<br \/>\nCorreo electr\u00f3nico: crisostomo@eurovan.com<\/p>\n<p><strong>Ejemplos de empresas miembros<\/strong><\/p>\n<ul>\n<li> <a href=\"https:\/\/moverdb.com\/es\/movecorp\/\">Movecorp<\/a><\/li>\n<\/ul>\n<p><strong>Opiniones sobre Eurovan International Movers Network<\/strong><\/p>\n<p>Eurovan Movers no aparece con mucha frecuencia en la red, lo que no es de extra\u00f1ar, dado su limitado n\u00famero de \"socios\", pero hay <a href=\"http:\/\/www.centralmoves.co.uk\/removal-solutions\/uk-removals\/\" target=\"_blank\" rel=\"noopener\">son una pareja<\/a> de empresas que <a href=\"http:\/\/pegasusmoving.fi\/cr3ativsponsor\/eurovan-the-european-movers-network\" target=\"_blank\" rel=\"noopener\">menci\u00f3nelo<\/a>. <\/p>\n<p>Hay <a href=\"http:\/\/www.complaintsboard.com\/complaints\/eurovan-movers-c292449.html\" target=\"_blank\" rel=\"noopener\">un n\u00famero de<\/a> <a href=\"http:\/\/panamainternationalmovers.blogspot.co.uk\" target=\"_blank\" rel=\"noopener\">malas cr\u00edticas<\/a> para el <a href=\"https:\/\/moverdb.com\/es\/moving-to-panama\/\" data-internallinksmanager029f6b8e52c=\"432\" title=\"\u00bfSe muda a Panam\u00e1? 2023 Costos de vida y consejos de reubicaci\u00f3n\">Panam\u00e1<\/a> socio del grupo - responsable de una experiencia negativa, art\u00edculos robados y da\u00f1ados. <\/p>\n<p>Ahora no aparece ning\u00fan socio de Panam\u00e1 en la p\u00e1gina web de Eurovan Movers, por lo que puede ser que la sociedad se haya disuelto tras las denuncias. <a href=\"https:\/\/moverdb.com\/es\/organizaciones-asociaciones\/\">Eurovan aparece como uno de los<\/a> de \"las m\u00e1s importantes organizaciones internacionales de mudanzas y env\u00edos, asociaciones, esquemas, gremios, consejos, etc.\" junto a organizaciones como <a href=\"https:\/\/moverdb.com\/es\/british-association-of-removers\/\" data-internallinksmanager029f6b8e52c=\"9\" title=\"Explicaci\u00f3n de la Asociaci\u00f3n Brit\u00e1nica de Empresas de Mudanzas (BAR)\">Asociaci\u00f3n Brit\u00e1nica de Empresas de Mudanzas<\/a>.<\/p>\n<p><strong>P\u00e1gina web:<\/strong> <a href=\"http:\/\/www.eurovan.com\/\" target=\"_blank\" rel=\"noopener\">http:\/\/www.eurovan.com\/<\/a><\/p>","protected":false},"excerpt":{"rendered":"<p>Eurovan International Movers Network (EM) is a network of independent local movers based in Germany. The network is designed to respond to the need to be able to provide consistent levels of service for international moves that may cross several countries. Key facts about Eurovan International Movers Network: Where a move is taking place entirely [&hellip;]<\/p>\n","protected":false},"author":1,"featured_media":0,"parent":0,"menu_order":0,"comment_status":"closed","ping_status":"closed","template":"","meta":{"_genesis_hide_title":false,"_genesis_hide_breadcrumbs":false,"_genesis_hide_singular_image":false,"_genesis_hide_footer_widgets":false,"_genesis_custom_body_class":"","_genesis_custom_post_class":"","_genesis_layout":"","footnotes":""},"class_list":{"0":"post-449","1":"page","2":"type-page","3":"status-publish","5":"entry"},"_links":{"self":[{"href":"https:\/\/moverdb.com\/es\/wp-json\/wp\/v2\/pages\/449","targetHints":{"allow":["GET"]}}],"collection":[{"href":"https:\/\/moverdb.com\/es\/wp-json\/wp\/v2\/pages"}],"about":[{"href":"https:\/\/moverdb.com\/es\/wp-json\/wp\/v2\/types\/page"}],"author":[{"embeddable":true,"href":"https:\/\/moverdb.com\/es\/wp-json\/wp\/v2\/users\/1"}],"replies":[{"embeddable":true,"href":"https:\/\/moverdb.com\/es\/wp-json\/wp\/v2\/comments?post=449"}],"version-history":[{"count":7,"href":"https:\/\/moverdb.com\/es\/wp-json\/wp\/v2\/pages\/449\/revisions"}],"predecessor-version":[{"id":6205,"href":"https:\/\/moverdb.com\/es\/wp-json\/wp\/v2\/pages\/449\/revisions\/6205"}],"wp:attachment":[{"href":"https:\/\/moverdb.com\/es\/wp-json\/wp\/v2\/media?parent=449"}],"curies":[{"name":"wp","href":"https:\/\/api.w.org\/{rel}","templated":true}]}}