{"id":448,"date":"2016-07-04T14:52:09","date_gmt":"2016-07-04T14:52:09","guid":{"rendered":"http:\/\/moverdb.com\/?page_id=448"},"modified":"2026-01-08T13:18:20","modified_gmt":"2026-01-08T13:18:20","slug":"asociacion-de-transporte-de-mercancias","status":"publish","type":"page","link":"https:\/\/moverdb.com\/es\/freight-transport-association\/","title":{"rendered":"Explicaci\u00f3n de la Asociaci\u00f3n de Transporte de Mercanc\u00edas (FTA)"},"content":{"rendered":"<p>La Asociaci\u00f3n de Transporte de Mercanc\u00edas (FTA) se cre\u00f3 para representar los intereses de <a href=\"https:\/\/moverdb.com\/es\/empresas-de-transporte\/\">empresas de log\u00edstica<\/a>Ya sea para el transporte de mercanc\u00edas por mar, aire, carretera o ferrocarril. Ha participado en campa\u00f1as de gran repercusi\u00f3n en temas como el impuesto sobre el combustible y la concesi\u00f3n de licencias.<\/p>\n<p><strong>Datos clave sobre el TLC:<\/strong><\/p>\n<ul>\n<li>  La FTA tiene sus ra\u00edces en 1889.<\/li>\n<li>  Los miembros de la FTA operan m\u00e1s de 200.000 camiones, casi la mitad del <a href=\"https:\/\/moverdb.com\/es\/moving-to-the-uk\/\" data-internallinksmanager029f6b8e52c=\"93\" title=\"\u00bfSe muda al Reino Unido? 2026 Costes de vida y consejos de reubicaci\u00f3n\">REINO UNIDO<\/a> flota.<\/li>\n<li>  Los miembros entregan m\u00e1s de 90% de mercanc\u00edas movidas por ferrocarril.<\/li>\n<li>  Los miembros de la FTA son responsables de 70% de las exportaciones visibles del Reino Unido por mar y aire.<\/li>\n<li>  La FTA cuenta con m\u00e1s de 15.000 miembros y es la mayor asociaci\u00f3n comercial de transporte de mercanc\u00edas del Reino Unido.<\/li>\n<li>  Los 360 empleados de la FTA atienden cada a\u00f1o m\u00e1s de 50.000 consultas de los afiliados.<\/li>\n<li>  Los miembros de la FTA se limitan a <a href=\"https:\/\/moverdb.com\/es\/mudanzas-internacionales\/\">Empresas del Reino Unido<\/a>.<\/li>\n<\/ul>\n<p><strong>Perfil de la Asociaci\u00f3n de Transporte de Mercanc\u00edas:<\/strong><\/p>\n<p>La FTA define su misi\u00f3n como \"log\u00edstica segura, sostenible y eficiente\". Desempe\u00f1a distintas funciones, como representar a sus miembros a nivel local, nacional y europeo y hacer campa\u00f1as de sensibilizaci\u00f3n sobre el sector de la log\u00edstica. <\/p>\n<p>La FTA tambi\u00e9n se asegura de que sus miembros est\u00e9n al d\u00eda con los \u00faltimos requisitos de cumplimiento para sus empresas y ofrece una amplia selecci\u00f3n de programas de formaci\u00f3n dise\u00f1ados para ayudar a elevar los est\u00e1ndares y mejorar las condiciones de trabajo. <\/p>\n<p>Adem\u00e1s, la FTA es una fuente de informaci\u00f3n sobre el sector que representa, elaborando informes sobre temas como el funcionamiento de la industria log\u00edstica y los retos a los que se enfrenta. <\/p>\n<p>Las ventajas de ser miembro incluyen sesiones informativas y gu\u00edas de cumplimiento, un servicio de recuperaci\u00f3n de veh\u00edculos de pago y un directorio de proveedores en l\u00ednea.<\/p>\n<p>Las categor\u00edas de afiliaci\u00f3n incluyen:<\/p>\n<ul>\n<li> Afiliaci\u00f3n de operadores de veh\u00edculos<\/li>\n<li> Afiliaci\u00f3n de Operadores No-Veh\u00edculos<\/li>\n<li> Afiliaci\u00f3n de pasajeros<\/li>\n<li> Afiliaci\u00f3n de las autoridades locales<\/li>\n<li> Composici\u00f3n de la autoridad estatutaria<\/li>\n<li> Afiliaci\u00f3n a la sucursal<\/li>\n<\/ul>\n<p><strong>Criterios de afiliaci\u00f3n:<\/strong><\/p>\n<p>La FTA ofrece los diferentes tipos de afiliaci\u00f3n que se enumeran a continuaci\u00f3n. No hay criterios para ser miembro, pero las empresas deben ajustarse a la definici\u00f3n de una de las empresas que se indican a continuaci\u00f3n y aceptar los t\u00e9rminos de los estatutos de la Freight Transport Association Ltd. <\/p>\n<p>Para cada categor\u00eda de afiliaci\u00f3n se requiere cierta informaci\u00f3n adicional que respalde la solicitud, como se indica a continuaci\u00f3n.<\/p>\n<ul>\n<li> Afiliaci\u00f3n de operadores de veh\u00edculos: n\u00famero de veh\u00edculos operados y naturaleza del negocio.<\/li>\n<li> Afiliaci\u00f3n de Operadores No-Veh\u00edculos - naturaleza del negocio.<\/li>\n<li> Afiliaci\u00f3n de pasajeros: volumen de negocios anual, naturaleza del negocio, n\u00famero de veh\u00edculos operados.<\/li>\n<li> Afiliaci\u00f3n de la autoridad local: n\u00famero de veh\u00edculos operados y poblaci\u00f3n de la regi\u00f3n a la que sirve la autoridad local.<\/li>\n<li> Afiliaci\u00f3n a la autoridad estatutaria: n\u00famero de veh\u00edculos operados y poblaci\u00f3n de la regi\u00f3n a la que sirve la autoridad.<\/li>\n<li> Afiliaci\u00f3n a la sucursal: n\u00famero de veh\u00edculos operados, naturaleza del negocio.<\/li>\n<\/ul>\n<p><strong>Ejemplos de empresas miembros<\/strong><\/p>\n<ul>\n<li> <a href=\"https:\/\/moverdb.com\/es\/shore-porters-society\/\">Sociedad de Porteadores de Orilla<\/a><\/li>\n<li> <a href=\"https:\/\/moverdb.com\/es\/movecorp\/\">Movecorp<\/a><\/li>\n<\/ul>\n<p><strong>Opiniones sobre el TLC:<\/strong><\/p>\n<p>La FTA cuenta con el apoyo de grandes nombres de la industria, como PWC, que pone su nombre en el <a href=\"http:\/\/www.pwc.co.uk\/industries\/transport-logistics\/fta-logistics-report-2014.html\" target=\"_blank\" rel=\"noopener\">Informe sobre log\u00edstica de la Asociaci\u00f3n de Transporte de Mercanc\u00edas<\/a> y describe la FTA como \"una de las mayores asociaciones comerciales del Reino Unido\".<\/p>\n<p>La FTA se menciona como socio de la <a href=\"http:\/\/www.csrf.ac.uk\/partner\/freight-transport-association\/\" target=\"_blank\" rel=\"noopener\">Centro para el transporte sostenible de mercanc\u00edas por carretera<\/a> y aparecen colaboraciones en temas relacionados, como el desarrollo de un <a href=\"http:\/\/www.osapartnershipgroup.co.uk\/campaign2-fta.html\" target=\"_blank\" rel=\"noopener\">Certificado de Aptitud Profesional<\/a> con el Grupo de Apnea Obstructiva del Sue\u00f1o. La FTA se menciona en <a href=\"http:\/\/www.lombard.co.uk\/our-expertise\/commercial-transportation\/industry-associations\/fta\" target=\"_blank\" rel=\"noopener\">los sitios web de una serie<\/a> de sus miembros y se le cita a menudo cuando hay un tema que representa a la industria log\u00edstica.<\/p>\n<p><strong>P\u00e1gina web:<\/strong> <a href=\"http:\/\/www.fta.co.uk\/\" target=\"_blank\" rel=\"noopener\">http:\/\/www.fta.co.uk\/<\/a><\/p>\n<p><strong>Para m\u00e1s informaci\u00f3n sobre los env\u00edos, v\u00e9ase:<\/strong> <a href=\"https:\/\/moverdb.com\/es\/transporte-de-contenedores\/\">Tarifas y costes de env\u00edo de contenedores internacionales en 2018<\/a> y <a href=\"https:\/\/moverdb.com\/es\/transitario\/\">Gu\u00eda de empresas y costes internacionales de transitarios y NVOCC<\/a><\/p>","protected":false},"excerpt":{"rendered":"<p>The Freight Transport Association (FTA) was set up to represent the interests of logistics companies, whether they are moving goods by sea, air, road or rail. It has been involved in high profile campaigns on issues such as fuel duty and licensing. Key facts about the FTA: The FTA can trace its roots back to [&hellip;]<\/p>\n","protected":false},"author":1,"featured_media":0,"parent":0,"menu_order":0,"comment_status":"closed","ping_status":"closed","template":"","meta":{"_genesis_hide_title":false,"_genesis_hide_breadcrumbs":false,"_genesis_hide_singular_image":false,"_genesis_hide_footer_widgets":false,"_genesis_custom_body_class":"","_genesis_custom_post_class":"","_genesis_layout":"","footnotes":""},"class_list":{"0":"post-448","1":"page","2":"type-page","3":"status-publish","5":"entry"},"_links":{"self":[{"href":"https:\/\/moverdb.com\/es\/wp-json\/wp\/v2\/pages\/448","targetHints":{"allow":["GET"]}}],"collection":[{"href":"https:\/\/moverdb.com\/es\/wp-json\/wp\/v2\/pages"}],"about":[{"href":"https:\/\/moverdb.com\/es\/wp-json\/wp\/v2\/types\/page"}],"author":[{"embeddable":true,"href":"https:\/\/moverdb.com\/es\/wp-json\/wp\/v2\/users\/1"}],"replies":[{"embeddable":true,"href":"https:\/\/moverdb.com\/es\/wp-json\/wp\/v2\/comments?post=448"}],"version-history":[{"count":11,"href":"https:\/\/moverdb.com\/es\/wp-json\/wp\/v2\/pages\/448\/revisions"}],"predecessor-version":[{"id":6213,"href":"https:\/\/moverdb.com\/es\/wp-json\/wp\/v2\/pages\/448\/revisions\/6213"}],"wp:attachment":[{"href":"https:\/\/moverdb.com\/es\/wp-json\/wp\/v2\/media?parent=448"}],"curies":[{"name":"wp","href":"https:\/\/api.w.org\/{rel}","templated":true}]}}