{"id":447,"date":"2016-07-05T14:22:52","date_gmt":"2016-07-05T14:22:52","guid":{"rendered":"http:\/\/moverdb.com\/?page_id=447"},"modified":"2026-01-08T14:48:21","modified_gmt":"2026-01-08T14:48:21","slug":"fedemac","status":"publish","type":"page","link":"https:\/\/moverdb.com\/es\/fedemac\/","title":{"rendered":"Explicaci\u00f3n de la Federaci\u00f3n de Asociaciones Europeas de Empresas de Mudanzas (FEDEMAC)"},"content":{"rendered":"<p>La Federaci\u00f3n de Asociaciones Europeas de Mudanzas (FEDEMAC) es un organismo europeo creado para promover el sector de las mudanzas a nivel europeo. Sus miembros son principalmente asociaciones nacionales de mudanzas.<\/p>\n<p><strong>Datos clave sobre FEDEMAC<\/strong><\/p>\n<ul>\n<li>  Los miembros de FEDEMAC son asociaciones nacionales de mudanzas ubicadas en Europa.<\/li>\n<li>  FEDEMAC representa los intereses de unos 3.000 profesionales <a href=\"https:\/\/moverdb.com\/es\/moving-companies\/\" data-internallinksmanager029f6b8e52c=\"79\" title=\"Las 25 mejores empresas de mudanzas internacionales en l\u00ednea\">empresas de mudanzas<\/a>.<\/li>\n<li>  Sus miembros se encuentran en 26 pa\u00edses europeos, 24 de ellos miembros de la UE. <a href=\"https:\/\/moverdb.com\/es\/moving-to-switzerland\/\" data-internallinksmanager029f6b8e52c=\"327\" title=\"\u00bfSe muda a Suiza? 2026 Coste de la vida y consejos para el traslado\">Suiza<\/a> y <a href=\"https:\/\/moverdb.com\/es\/moving-to-norway\/\" data-internallinksmanager029f6b8e52c=\"325\" title=\"\u00bfSe muda a Noruega? 2026 Coste de la vida y consejos de reubicaci\u00f3n\">Noruega<\/a> tambi\u00e9n est\u00e1n representados por FEDEMAC.<\/li>\n<li>  FEDEMAC est\u00e1 administrada por una asamblea general que se re\u00fane una vez al a\u00f1o y que est\u00e1 formada por representantes de los miembros de FEDEMAC (asociaciones miembros y empresas miembros afiliadas directamente).<\/li>\n<li>  Gran parte del trabajo de FEDEMAC consiste en promover los intereses de sus miembros en el Parlamento y la Comisi\u00f3n de la UE.<\/li>\n<\/ul>\n<p><strong>Perfil de la Federaci\u00f3n de Asociaciones Europeas de Empresas de Mudanzas:<\/strong><\/p>\n<p>El prop\u00f3sito de FEDEMAC es representar a la industria de la mudanza en Europa, sus preocupaciones, sus necesidades y su prop\u00f3sito. Tambi\u00e9n ha sido dise\u00f1ada para ayudar a coordinar las actividades de sus miembros para crear el m\u00e1ximo impacto en Europa. <\/p>\n<p>Una gran parte del trabajo consiste en presentar los intereses de los miembros ante el Parlamento Europeo y la Comisi\u00f3n, as\u00ed como en servir de enlace entre las asociaciones nacionales de mudanzas y otras organizaciones comerciales. <\/p>\n<p>Los miembros de FEDEMAC son en su mayor\u00eda asociaciones nacionales de mudanzas (por ejemplo <a href=\"https:\/\/moverdb.com\/es\/mudanzas-internacionales\/\" target=\"_blank\" rel=\"noopener\">en el Reino Unido<\/a>El miembro es el <a href=\"https:\/\/moverdb.com\/es\/british-association-of-removers\/\" target=\"_blank\" rel=\"noopener\">Asociaci\u00f3n Brit\u00e1nica de Empresas de Mudanzas<\/a>), sin embargo, tambi\u00e9n es posible que las empresas de mudanzas individuales cualificadas se conviertan en Afiliados Directos de FEDEMAC cuando no existe una asociaci\u00f3n o existe una asociaci\u00f3n pero no est\u00e1 interesada en la afiliaci\u00f3n a FEDEMAC. <\/p>\n<p>Parte del papel de FEDEMAC es mantener a sus miembros al d\u00eda de la pol\u00edtica europea y para ello ofrece una serie de recursos a trav\u00e9s de su p\u00e1gina web, as\u00ed como varias publicaciones para los miembros, un directorio y una conferencia anual.<\/p>\n<p><strong>Criterios de afiliaci\u00f3n:<\/strong><\/p>\n<p>La afiliaci\u00f3n se realiza a trav\u00e9s de una asociaci\u00f3n nacional: los <a href=\"https:\/\/moverdb.com\/es\/moving-to-the-uk\/\" data-internallinksmanager029f6b8e52c=\"93\" title=\"\u00bfSe muda al Reino Unido? 2026 Costes de vida y consejos de reubicaci\u00f3n\">REINO UNIDO<\/a> que deseen formar parte de FEDEMAC deber\u00e1n afiliarse a la Asociaci\u00f3n Brit\u00e1nica de Empresas de Mudanzas.<br \/>\nEn la mayor\u00eda de los pa\u00edses, la afiliaci\u00f3n se realiza a trav\u00e9s de una asociaci\u00f3n nacional de mudanzas.<\/p>\n<p><strong>Ejemplos de empresas miembros<\/strong><\/p>\n<ul>\n<li> <a href=\"https:\/\/moverdb.com\/es\/matthew-james\/\">Matthew James Global Relocations<\/a><\/li>\n<li> <a href=\"https:\/\/moverdb.com\/es\/movecorp\/\">Movecorp<\/a><\/li>\n<li> <a href=\"https:\/\/moverdb.com\/es\/pearson\/\">Mudanzas a domicilio Pearson<\/a><\/li>\n<li> <a href=\"https:\/\/moverdb.com\/es\/simpsons-removals\/\">Mudanzas y Guardamuebles Simpsons<\/a><\/li>\n<li> <a href=\"https:\/\/moverdb.com\/es\/abels-removals\/\">Servicios de Mudanzas Abels<\/a><\/li>\n<li> <a href=\"https:\/\/moverdb.com\/es\/eagle-relocations\/\">Eagle Relocations<\/a><\/li>\n<li> <a href=\"https:\/\/moverdb.com\/es\/btr-international\/\">BTR Internacional<\/a><\/li>\n<li> <a href=\"https:\/\/moverdb.com\/es\/fn-removals\/\">Mudanzas F&amp;N Worldwide<\/a><\/li>\n<li> <a href=\"https:\/\/moverdb.com\/es\/bolliger\/\">Bolliger<\/a><\/li>\n<li> <a href=\"https:\/\/moverdb.com\/es\/gil-stauffer\/\">Gil Stauffer<\/a><\/li>\n<li> <a href=\"https:\/\/moverdb.com\/es\/teletrans\/\">Teletrans<\/a><\/li>\n<\/ul>\n<p><strong>Opiniones sobre FEDEMAC<\/strong><\/p>\n<p>Evidentemente, la FEDEMAC est\u00e1 muy bien considerada por los <a href=\"http:\/\/www.abels.co.uk\/articles\/fedemac-federation-of-european-movers-associations-what-does-this-mean\/\" target=\"_blank\" rel=\"noopener\">que lo mencionan<\/a> y se considera que desempe\u00f1a un papel importante en la representaci\u00f3n de los intereses de los promotores europeos. Algunas empresas de mudanzas indican que son miembros individuales, en lugar de ser miembros a trav\u00e9s de la Asociaci\u00f3n Brit\u00e1nica de Empresas de Mudanzas. Otros se presentan como acreditados por FEDEMAC, algo que la organizaci\u00f3n no hace.<\/p>\n<p><strong>P\u00e1gina web:<\/strong> <a href=\"https:\/\/www.fedemac.eu\" target=\"_blank\" rel=\"noopener\">https:\/\/www.fedemac.eu<\/a><\/p>","protected":false},"excerpt":{"rendered":"<p>The Federation of European Movers Association (FEDEMAC) is a European body that has been established to promote the moving industry on a European level. Its membership is predominantly made up of national moving associations. Key facts about FEDEMAC FEDEMAC membership is made up of National Moving Associations located in Europe. FEDEMAC represents the interests of [&hellip;]<\/p>\n","protected":false},"author":1,"featured_media":0,"parent":0,"menu_order":0,"comment_status":"closed","ping_status":"closed","template":"","meta":{"_genesis_hide_title":false,"_genesis_hide_breadcrumbs":false,"_genesis_hide_singular_image":false,"_genesis_hide_footer_widgets":false,"_genesis_custom_body_class":"","_genesis_custom_post_class":"","_genesis_layout":"","footnotes":""},"class_list":{"0":"post-447","1":"page","2":"type-page","3":"status-publish","5":"entry"},"_links":{"self":[{"href":"https:\/\/moverdb.com\/es\/wp-json\/wp\/v2\/pages\/447","targetHints":{"allow":["GET"]}}],"collection":[{"href":"https:\/\/moverdb.com\/es\/wp-json\/wp\/v2\/pages"}],"about":[{"href":"https:\/\/moverdb.com\/es\/wp-json\/wp\/v2\/types\/page"}],"author":[{"embeddable":true,"href":"https:\/\/moverdb.com\/es\/wp-json\/wp\/v2\/users\/1"}],"replies":[{"embeddable":true,"href":"https:\/\/moverdb.com\/es\/wp-json\/wp\/v2\/comments?post=447"}],"version-history":[{"count":21,"href":"https:\/\/moverdb.com\/es\/wp-json\/wp\/v2\/pages\/447\/revisions"}],"predecessor-version":[{"id":6209,"href":"https:\/\/moverdb.com\/es\/wp-json\/wp\/v2\/pages\/447\/revisions\/6209"}],"wp:attachment":[{"href":"https:\/\/moverdb.com\/es\/wp-json\/wp\/v2\/media?parent=447"}],"curies":[{"name":"wp","href":"https:\/\/api.w.org\/{rel}","templated":true}]}}