{"id":445,"date":"2016-06-21T20:35:30","date_gmt":"2016-06-21T20:35:30","guid":{"rendered":"http:\/\/moverdb.com\/?page_id=445"},"modified":"2026-01-08T14:47:36","modified_gmt":"2026-01-08T14:47:36","slug":"asociacion-de-profesionales-de-la-reubicacion","status":"publish","type":"page","link":"https:\/\/moverdb.com\/es\/association-relocation-professionals\/","title":{"rendered":"Explicaci\u00f3n de la Asociaci\u00f3n de Profesionales de la Reubicaci\u00f3n (ARP)"},"content":{"rendered":"<p>La Asociaci\u00f3n de Profesionales de la Reubicaci\u00f3n (ARP) es un organismo profesional para la industria de la reubicaci\u00f3n en el <a href=\"https:\/\/moverdb.com\/es\/moving-to-the-uk\/\" data-internallinksmanager029f6b8e52c=\"93\" title=\"\u00bfSe muda al Reino Unido? 2026 Costes de vida y consejos de reubicaci\u00f3n\">REINO UNIDO<\/a>. Su misi\u00f3n no es s\u00f3lo representar a sus miembros, sino tambi\u00e9n ayudarles a comercializar y crecer.<\/p>\n<p><strong>Datos clave sobre el ARP:<\/strong><\/p>\n<ul>\n<li>  La ARP es el organismo que agrupa a los profesionales de la reubicaci\u00f3n en el Reino Unido.<\/li>\n<li>  La Asociaci\u00f3n de Profesionales de la Reubicaci\u00f3n se cre\u00f3 en 1986.<\/li>\n<li>  Los miembros de ARP cuentan con un seguro completo de responsabilidad profesional, p\u00fablica y laboral para proteger a clientes y proveedores.<\/li>\n<li>  La ARP tiene un conjunto de normas de conducta que los miembros deben cumplir, entre las que se incluyen las relativas al manejo del dinero de los clientes y a evitar la tergiversaci\u00f3n.<\/li>\n<li>  Todos los miembros que ofrezcan servicios de reubicaci\u00f3n deben demostrar que se han adherido a un plan de compensaci\u00f3n inmobiliaria y que se han inscrito en el registro de lucha contra el blanqueo de capitales de la HMRC si participan en la compra de propiedades.<\/li>\n<li>  La ARP es miembro fundador y patrocinador de la Academia Europea de Profesionales de la Reubicaci\u00f3n (EARP), la primera organizaci\u00f3n que ofrece cualificaciones europeas de formaci\u00f3n en materia de reubicaci\u00f3n.<\/li>\n<\/ul>\n<p><strong>Perfil de la Asociaci\u00f3n de Profesionales de la Reubicaci\u00f3n:<\/strong><\/p>\n<p>La ARP se describe como el organismo profesional de las empresas de reubicaci\u00f3n en el Reino Unido y representa a una serie de miembros, desde especialistas en reubicaci\u00f3n de empresas, hasta buscadores de propiedades y otros que prestan servicios especializados de reubicaci\u00f3n. <\/p>\n<p>La ARP imparte formaci\u00f3n acreditada para sus miembros: como parte de la Academia Europea de Profesionales de la Reubicaci\u00f3n (EARP), ofrece la cualificaci\u00f3n de Gesti\u00f3n de la Movilidad Internacional (MIM), as\u00ed como la Cualificaci\u00f3n Europea de la Reubicaci\u00f3n (ERQ). <\/p>\n<p>La ARP elabora un directorio de miembros que se env\u00eda a 6.000 responsables de RRHH, directores y HRO de todo el Reino Unido, con la idea de ayudar a promocionar a los miembros y ayudarles a comercializar mejor. <\/p>\n<p>El ARP est\u00e1 concebido como un compromiso con las mejores pr\u00e1cticas, la satisfacci\u00f3n del cliente y la profesionalidad, y como un foro para el intercambio de ideas que ayude a mantener el sector en movimiento.<\/p>\n<p><strong>Criterios de afiliaci\u00f3n:<\/strong><\/p>\n<p><u>Miembro asociado<\/u><\/p>\n<p>La afiliaci\u00f3n asociada a la ARP se aplica a quienes no re\u00fanen los requisitos para ser miembros de pleno derecho y est\u00e1 abierta a las empresas cuyas actividades comerciales est\u00e1n relacionadas con la prestaci\u00f3n de servicios relacionados con el traslado y cuyos ingresos proceden de personas f\u00edsicas o jur\u00eddicas.<\/p>\n<p>A <a href=\"https:\/\/moverdb.com\/es\/empresas-de-mudanzas\/\">empresa de reubicaci\u00f3n<\/a> se considera toda organizaci\u00f3n que ofrece una serie de servicios destinados a facilitar la movilidad de las personas, o de los grupos de personas y sus familias.<\/p>\n<p>Estos servicios pueden prestarse en la zona de salida, de destino o en ambas. La afiliaci\u00f3n asociada a ARP est\u00e1 pensada como un trampol\u00edn hacia la afiliaci\u00f3n plena y se le prestar\u00e1 toda la ayuda posible para conseguirlo.<\/p>\n<p><u>Afiliaci\u00f3n<\/u><\/p>\n<p>Para empresas que prestan servicios utilizados por los profesionales de la reubicaci\u00f3n, pero cuya actividad principal tiene una base de clientes m\u00e1s amplia.<\/p>\n<p><u>Afiliaci\u00f3n plena<\/u><\/p>\n<p>Para las empresas que cotizan desde hace m\u00e1s de dos a\u00f1os.<\/p>\n<p>Los miembros asociados deben presentar referencias que luego se comprueban y se presentan al Comit\u00e9 de Miembros de la EARP para su verificaci\u00f3n final. Los miembros asociados deben realizar una formaci\u00f3n de nivel uno del programa de estudios de la EARP antes de poder solicitar la afiliaci\u00f3n plena.<\/p>\n<p>Los miembros de pleno derecho deben tener m\u00e1s de dos a\u00f1os de actividad y presentar una solicitud que incluya referencias de tres clientes.<\/p>\n<p><strong>Ejemplos de empresas miembros<\/strong><\/p>\n<ul>\n<li> <a href=\"https:\/\/moverdb.com\/es\/sterling-relocation\/\">Reubicaci\u00f3n de Sterling<\/a><\/li>\n<li> <a href=\"https:\/\/moverdb.com\/es\/dt-moving\/\">DT Mudanza<\/a><\/li>\n<li> <a href=\"https:\/\/moverdb.com\/es\/btr-international\/\">BTR Internacional<\/a><\/li>\n<\/ul>\n<p><strong>Opiniones sobre el ARP:<\/strong><\/p>\n<p>La ARP aparece en numerosos sitios web del Reino Unido y se describe como el organismo profesional que los proveedores de reubicaci\u00f3n en el Reino Unido. <\/p>\n<p>Ser miembro de la ARP se percibe como una demostraci\u00f3n de que una empresa de reubicaci\u00f3n cumple y supera las normas reconocidas del sector. Seg\u00fan <a href=\"http:\/\/www.bloomberg.com\/profiles\/companies\/1519530Z:LN-association-of-relocation-professionals\/\" target=\"_blank\" rel=\"noopener\">Bloomberg<\/a> la actividad principal de la ARP <em>\"es promover y proteger el negocio y la profesi\u00f3n de los agentes de reubicaci\u00f3n\".<\/em> Algunos de los que citan a la ARP en sus sitios web se\u00f1alan que est\u00e1 estableciendo normas para el sector en t\u00e9rminos de buenas pr\u00e1cticas, servicio al cliente y profesionalidad.<\/p>\n<blockquote><p>Al fomentar las mejores pr\u00e1cticas dentro del sector y al encargarse de mantener a los miembros al tanto de los \u00faltimos cambios legislativos, desde el blanqueo de dinero hasta las viviendas de ocupaci\u00f3n m\u00faltiple, nuestra afiliaci\u00f3n es un compromiso con usted de que estamos a la vanguardia, y lo hemos estado durante m\u00e1s de 25 a\u00f1os, de la profesi\u00f3n de la reubicaci\u00f3n.<\/p><\/blockquote>\n<p>- <a href=\"http:\/\/scottsrelocation.co.uk\/association-of-relocation-professionals\" target=\"_blank\" rel=\"noopener\">Reubicaci\u00f3n de Scott<\/a><\/p>\n<blockquote><p>Como miembro de la Association of Relocation Professionals (ARP), los clientes de Source pueden estar seguros de que el servicio prestado cumple y supera las normas reconocidas del sector.<\/p><\/blockquote>\n<p>-  <a href=\"http:\/\/www.source-relocation.co.uk\/index.aspx\" target=\"_blank\" rel=\"noopener\">Reubicaci\u00f3n de la fuente<\/a><\/p>\n<blockquote><p>Formado por representantes de todos los sectores de la industria, el consejo dirige el trabajo de la Asociaci\u00f3n desde la base, garantizando as\u00ed que la Asociaci\u00f3n siga estando en el centro de los cambios en la deslocalizaci\u00f3n.<\/p>\n<p>Los miembros de ARP cuentan con un seguro completo de responsabilidad profesional, p\u00fablica y laboral para proteger a clientes y proveedores.<\/p>\n<p>La pertenencia a ARP es la prueba de un compromiso con las mejores pr\u00e1cticas, la satisfacci\u00f3n del cliente y la profesionalidad.<\/p><\/blockquote>\n<p>- <a href=\"http:\/\/www.relocatecambridge.co.uk\/index.php\/arp\/\" target=\"_blank\" rel=\"noopener\">Desplazamiento a Cambridge<\/a><\/p>\n<p><strong>P\u00e1gina web:<\/strong> <a href=\"http:\/\/www.arp-relocation.com\/\" target=\"_blank\" rel=\"noopener\">http:\/\/www.arp-relocation.com\/<\/a><\/p>","protected":false},"excerpt":{"rendered":"<p>The Association of Relocation Professionals (ARP) is a professional body for the relocation industry in the UK. Its mission is not just to represent its members but to help them market themselves and grow too. Key facts about the ARP: The ARP is the body for relocation professionals in the UK. The Association of Relocation [&hellip;]<\/p>\n","protected":false},"author":1,"featured_media":0,"parent":0,"menu_order":0,"comment_status":"closed","ping_status":"closed","template":"","meta":{"_genesis_hide_title":false,"_genesis_hide_breadcrumbs":false,"_genesis_hide_singular_image":false,"_genesis_hide_footer_widgets":false,"_genesis_custom_body_class":"","_genesis_custom_post_class":"","_genesis_layout":"","footnotes":""},"class_list":{"0":"post-445","1":"page","2":"type-page","3":"status-publish","5":"entry"},"_links":{"self":[{"href":"https:\/\/moverdb.com\/es\/wp-json\/wp\/v2\/pages\/445","targetHints":{"allow":["GET"]}}],"collection":[{"href":"https:\/\/moverdb.com\/es\/wp-json\/wp\/v2\/pages"}],"about":[{"href":"https:\/\/moverdb.com\/es\/wp-json\/wp\/v2\/types\/page"}],"author":[{"embeddable":true,"href":"https:\/\/moverdb.com\/es\/wp-json\/wp\/v2\/users\/1"}],"replies":[{"embeddable":true,"href":"https:\/\/moverdb.com\/es\/wp-json\/wp\/v2\/comments?post=445"}],"version-history":[{"count":7,"href":"https:\/\/moverdb.com\/es\/wp-json\/wp\/v2\/pages\/445\/revisions"}],"predecessor-version":[{"id":6177,"href":"https:\/\/moverdb.com\/es\/wp-json\/wp\/v2\/pages\/445\/revisions\/6177"}],"wp:attachment":[{"href":"https:\/\/moverdb.com\/es\/wp-json\/wp\/v2\/media?parent=445"}],"curies":[{"name":"wp","href":"https:\/\/api.w.org\/{rel}","templated":true}]}}