{"id":444,"date":"2016-06-18T20:35:52","date_gmt":"2016-06-18T20:35:52","guid":{"rendered":"http:\/\/moverdb.com\/?page_id=444"},"modified":"2026-01-08T14:48:15","modified_gmt":"2026-01-08T14:48:15","slug":"eura","status":"publish","type":"page","link":"https:\/\/moverdb.com\/es\/eura\/","title":{"rendered":"La Asociaci\u00f3n Europea de Reubicaci\u00f3n (EuRA) explicada"},"content":{"rendered":"<p>La Asociaci\u00f3n Europea de Reubicaci\u00f3n (EuRA) promueve las ventajas de los servicios de reubicaci\u00f3n y movilidad gestionados por profesionales para las empresas con empleados que se desplazan por todo el mundo. Sus objetivos incluyen establecerse como la principal organizaci\u00f3n de reubicaci\u00f3n en Europa y establecer puntos de referencia para la innovaci\u00f3n y las mejores pr\u00e1cticas.<\/p>\n<p><strong>Datos clave sobre EuRA:<\/strong><\/p>\n<ol>\n<li>  Entre los miembros de EuRA se encuentran los proveedores de servicios de reubicaci\u00f3n, as\u00ed como los que ofrecen servicios afines, como el alquiler de muebles y el env\u00edo de enseres dom\u00e9sticos.<\/li>\n<li>  El Sello de Calidad Global EuRA es el primer programa de acreditaci\u00f3n del mundo para proveedores de servicios de reubicaci\u00f3n.<\/li>\n<li>  EuRA se constituy\u00f3 en 1998.<\/li>\n<li>  El objetivo de EuRA es principalmente educativo: proporcionar a los miembros de EuRA y al p\u00fablico en general informaci\u00f3n sobre la movilidad empresarial y los temas que la rodean.<\/li>\n<li>  EuRA cuenta con m\u00e1s de 350 miembros.<\/li>\n<li>  Los miembros de EuRA abarcan m\u00e1s de 50 pa\u00edses.<\/li>\n<\/ol>\n<p><strong>Perfil de la Asociaci\u00f3n Europea de Reubicaci\u00f3n:<\/strong><\/p>\n<p>EuRA cumple una serie de funciones para sus miembros, como ofrecer formaci\u00f3n y asesoramiento y proporcionar apoyo a los profesionales de la reubicaci\u00f3n. La asociaci\u00f3n tambi\u00e9n ejerce presi\u00f3n en nombre de sus miembros, presionando para que se produzcan cambios y desarrollos que puedan ayudar al crecimiento del sector de la reubicaci\u00f3n. <\/p>\n<p>Tambi\u00e9n es una fuente de informaci\u00f3n, que publica regularmente tanto a nivel externo como interno, y se ha constituido en un grupo de reflexi\u00f3n para la planificaci\u00f3n y el desarrollo futuros del sector. <\/p>\n<p>Uno de los principales objetivos de EuRA es proporcionar puntos de referencia para las mejores pr\u00e1cticas, y as\u00ed es como se ha desarrollado el Sello Global de Calidad de EuRA, un programa de acreditaci\u00f3n para los profesionales de la reubicaci\u00f3n. <\/p>\n<p>El Sello Global de Calidad es un sistema de auditor\u00eda dise\u00f1ado para garantizar que quienes lo llevan cumplen determinadas normas de prestaci\u00f3n de servicios y gesti\u00f3n de procesos. Est\u00e1 abierto a los miembros de EuRA de pleno derecho, asociados y de todo el mundo. <\/p>\n<p>EuRA se puso en marcha inicialmente como respuesta a la creciente demanda de un organismo industrial transfronterizo en Europa y ahora tiene un enorme alcance.<\/p>\n<p><strong>Criterios de afiliaci\u00f3n <\/strong><\/p>\n<p><u>Afiliaci\u00f3n plena<\/u><\/p>\n<p>Pueden ser miembros de pleno derecho de la Asociaci\u00f3n Europea de Reubicaci\u00f3n las empresas cuyas actividades comerciales est\u00e9n relacionadas con la prestaci\u00f3n de servicios de reubicaci\u00f3n y cuyos ingresos procedan de personas f\u00edsicas o jur\u00eddicas.<\/p>\n<p>Se considera empresa de reubicaci\u00f3n a toda organizaci\u00f3n que ofrezca una serie de servicios destinados a facilitar la movilidad de personas o grupos de personas y sus familias. Estos servicios pueden prestarse en la zona de salida, de destino o en ambas.<\/p>\n<p>Criterios:<\/p>\n<ul>\n<li> Haber comerciado como <a href=\"https:\/\/moverdb.com\/es\/relocation-agents\/\" data-internallinksmanager029f6b8e52c=\"1\" title=\"7 razones por las que deber\u00eda utilizar un agente de reubicaci\u00f3n\">Agente de reubicaci\u00f3n<\/a> desde hace al menos dos a\u00f1os, debe aportarse la prueba de la inscripci\u00f3n de la empresa.<\/li>\n<li> Rellenar un cuestionario en el que se faciliten los nombres y direcciones de tres clientes para los que se hayan realizado trabajos en los \u00faltimos 12 meses. EuRA se pondr\u00e1 en contacto con estos clientes para obtener referencias.<\/li>\n<li> Proporcionar copias de todo el material impreso, as\u00ed como cualquier otra informaci\u00f3n que pueda ayudar al Comit\u00e9 de Afiliaci\u00f3n a la hora de considerar su solicitud.<\/li>\n<li> Proporcionar pruebas de que usted o su empresa est\u00e1n adecuadamente asegurados (en su pa\u00eds de origen).<\/li>\n<li> Proporcionar los detalles breves de las carreras de todos los directores o socios de la empresa.<\/li>\n<li> Estar disponible para la entrevista (en su pa\u00eds de origen).<\/li>\n<\/ul>\n<p><u>Miembro asociado<\/u><\/p>\n<p>La afiliaci\u00f3n a la Asociaci\u00f3n Europea de Reubicaci\u00f3n est\u00e1 abierta a las empresas que llevan menos de dos a\u00f1os en el mercado. La condici\u00f3n de miembro asociado de la Asociaci\u00f3n Europea de Reubicaci\u00f3n se aplica a quienes no re\u00fanen los requisitos para ser miembros de pleno derecho y est\u00e1 abierta a las empresas cuyas actividades comerciales est\u00e1n relacionadas con la prestaci\u00f3n de servicios de reubicaci\u00f3n y cuyos ingresos proceden de personas f\u00edsicas o jur\u00eddicas.<\/p>\n<p>Criterios:<\/p>\n<ul>\n<li> Ser comerciante o tener la intenci\u00f3n de comerciar como agente de reubicaci\u00f3n. Por favor, firme la copia adjunta y devu\u00e9lvala con su solicitud.<\/li>\n<li> Rellenar un cuestionario, facilitando los nombres y direcciones de dos personas de referencia (ya sean miembros de pleno derecho de EuRA, SNPRM, ARA, ABRA o profesionales reconocidos a nivel local, o una combinaci\u00f3n de ambos) cuando se indique.<\/li>\n<li> Proporcionar copias de todo el material impreso, as\u00ed como cualquier otra informaci\u00f3n que pueda ayudar al Comit\u00e9 de Afiliaci\u00f3n a la hora de considerar su solicitud.<\/li>\n<li> Proporcionar pruebas de que usted o su empresa est\u00e1n adecuadamente asegurados (en su pa\u00eds de origen).<\/li>\n<li> Proporcionar los detalles breves de las carreras de todos los directores o socios de la empresa<\/li>\n<\/ul>\n<p><u>Afiliaci\u00f3n<\/u><\/p>\n<p>La afiliaci\u00f3n a EuRA est\u00e1 abierta a las empresas cuyas actividades comerciales est\u00e1n vinculadas a los proveedores de servicios de reubicaci\u00f3n y los utilizan.<\/p>\n<p>Criterios:<\/p>\n<ul>\n<li> Ser nombrado miembro afiliado por un miembro de pleno derecho de la Asociaci\u00f3n Europea de Reubicaci\u00f3n.<\/li>\n<li> En el caso de que un solicitante no conozca a ning\u00fan miembro de la Asociaci\u00f3n, podr\u00e1 igualmente solicitar la afiliaci\u00f3n. En este caso, deber\u00e1 facilitar el nombre y la direcci\u00f3n de dos personas de referencia. La solicitud ser\u00e1 examinada por el Consejo de la Asociaci\u00f3n.<\/li>\n<\/ul>\n<p><u>Afiliaci\u00f3n mundial<\/u><\/p>\n<p>La afiliaci\u00f3n a EuRA en todo el mundo est\u00e1 abierta a las empresas que prestan servicios de reubicaci\u00f3n en cualquier zona fuera de Europa continental.<\/p>\n<p>La afiliaci\u00f3n a la Asociaci\u00f3n Europea de Reubicaci\u00f3n est\u00e1 abierta a las empresas cuyas actividades comerciales est\u00e9n relacionadas con la prestaci\u00f3n de servicios de reubicaci\u00f3n y cuyos ingresos procedan de particulares o de entidades corporativas.<\/p>\n<p>Se considera empresa de reubicaci\u00f3n a toda organizaci\u00f3n que ofrezca una serie de servicios destinados a facilitar la movilidad de personas o grupos de personas y sus familias. Estos servicios pueden prestarse en la zona de salida, de destino o en ambas.<\/p>\n<p>Criterios:<\/p>\n<ul>\n<li> Para haber cotizado al menos dos a\u00f1os, hay que aportar la prueba de haber cumplido una comisi\u00f3n, es decir, la prueba de inscripci\u00f3n.<\/li>\n<li> Rellenar un cuestionario en el que se faciliten los nombres y direcciones de dos personas de referencia (clientes para los que se haya trabajado en los \u00faltimos 12 meses) y de un miembro de EuRA. EuRA se pondr\u00e1 en contacto con estas personas de referencia.<\/li>\n<li> Proporcionar copias de todo el material impreso, as\u00ed como cualquier otra informaci\u00f3n que pueda ayudar al Comit\u00e9 de Afiliaci\u00f3n a la hora de considerar su solicitud.<\/li>\n<li> Proporcionar pruebas de que usted o su empresa est\u00e1n adecuadamente asegurados (en su pa\u00eds de origen).<\/li>\n<li> Proporcionar los detalles breves de las carreras de todos los directores o socios de la empresa.<\/li>\n<li> Estar disponible para la entrevista (en su pa\u00eds de origen)<\/li>\n<\/ul>\n<p><strong>Muestra de empresas miembro<\/strong><\/p>\n<ul>\n<li> <a href=\"https:\/\/moverdb.com\/es\/santa-fe-reubicacion\/\">Servicios de reubicaci\u00f3n en Santa Fe<\/a> <\/li>\n<li> <a href=\"https:\/\/moverdb.com\/es\/aires\/\">Aires<\/a><\/li>\n<li> <a href=\"https:\/\/moverdb.com\/es\/sterling-relocation\/\">Reubicaci\u00f3n de Sterling<\/a><\/li>\n<li> <a href=\"https:\/\/moverdb.com\/es\/robinsons\/\">Robinsons Relocation<\/a><\/li>\n<li> <a href=\"https:\/\/moverdb.com\/es\/dt-moving\/\">DT Mudanza<\/a><\/li>\n<li> <a href=\"https:\/\/moverdb.com\/es\/bournes\/\">Bournes<\/a><\/li>\n<li> <a href=\"https:\/\/moverdb.com\/es\/btr-international\/\">BTR Internacional<\/a><\/li>\n<li> <a href=\"https:\/\/moverdb.com\/es\/packimpex\/\">Packimpex<\/a><\/li>\n<\/ul>\n<p><strong>Opiniones sobre EuRA<\/strong><\/p>\n<p>EuRA se menciona en los sitios web de una gran variedad de empresas (incluidas las empresas de mudanzas y los apartamentos con servicios, por ejemplo) y a menudo en el contexto de la demostraci\u00f3n de c\u00f3mo esa empresa puede aportar beneficios adicionales al proceso de reubicaci\u00f3n. <\/p>\n<p>El alcance mundial de la asociaci\u00f3n es algo que se destaca con frecuencia, as\u00ed como el hecho de que ha participado en el establecimiento de normas de calidad para el sector. Cuando se la cita en los sitios web, se la describe como un \"organismo de la industria\" con una rama educativa y un c\u00f3digo de conducta al que todos los miembros deben adherirse.<\/p>\n<blockquote><p>EURA es un excelente socio para ayudar a alcanzar nuestro objetivo de educar al mercado para mostrar c\u00f3mo los apartamentos con servicios pueden aportar un verdadero beneficio en el proceso de reubicaci\u00f3n.<\/p><\/blockquote>\n<p>- <a href=\"http:\/\/www.chevalresidences.com\/partners-eura.html\" target=\"_blank\" rel=\"noopener\">Residencias Cheval<\/a><\/p>\n<blockquote><p>\nEl papel y los objetivos b\u00e1sicos de EuRA son: mejorar y mantener los est\u00e1ndares de calidad del sector, promover la industria y permitir la formaci\u00f3n profesional continua de los miembros. Todo ello beneficiar\u00e1 al empleado m\u00f3vil y a su familia y, cuando esto ocurra, nos beneficiaremos nosotros como grupo.<\/p><\/blockquote>\n<p>- <a href=\"http:\/\/www.globalbusinessnews.net\/\" target=\"_blank\" rel=\"noopener\">Noticias de Negocios Globales<\/a><\/p>\n<blockquote><p>\nEuRA es un organismo que agrupa a los profesionales de la reubicaci\u00f3n tanto en Europa como en el resto del mundo. Los proveedores de servicios de reubicaci\u00f3n est\u00e1n obligados a cumplir las normas de conducta de EuRA. <\/p><\/blockquote>\n<p>-  <a href=\"http:\/\/info.bournesmoves.com\/relocation-solutions\/blog\/relocation-moves\/bournes-removals-uk-join-eura\" target=\"_blank\" rel=\"noopener\">Reelecciones en Bournes<\/a><\/p>\n<p><strong>P\u00e1gina web:<\/strong> <a href=\"http:\/\/www.eura-relocation.com\/\" target=\"_blank\" rel=\"noopener\">http:\/\/www.eura-relocation.com\/<\/a><\/p>","protected":false},"excerpt":{"rendered":"<p>The European Relocation Association (EuRA) promotes the benefits of professionally managed relocation and mobility services to companies with globally mobile employees. Its aims include establishing itself as the premier relocation organisation in Europe and setting benchmarks for innovation and best practice. Key facts about EuRA: EuRA members include Relocation Service Providers, as well as those [&hellip;]<\/p>\n","protected":false},"author":1,"featured_media":0,"parent":0,"menu_order":0,"comment_status":"closed","ping_status":"closed","template":"","meta":{"_genesis_hide_title":false,"_genesis_hide_breadcrumbs":false,"_genesis_hide_singular_image":false,"_genesis_hide_footer_widgets":false,"_genesis_custom_body_class":"","_genesis_custom_post_class":"","_genesis_layout":"","footnotes":""},"class_list":{"0":"post-444","1":"page","2":"type-page","3":"status-publish","5":"entry"},"_links":{"self":[{"href":"https:\/\/moverdb.com\/es\/wp-json\/wp\/v2\/pages\/444","targetHints":{"allow":["GET"]}}],"collection":[{"href":"https:\/\/moverdb.com\/es\/wp-json\/wp\/v2\/pages"}],"about":[{"href":"https:\/\/moverdb.com\/es\/wp-json\/wp\/v2\/types\/page"}],"author":[{"embeddable":true,"href":"https:\/\/moverdb.com\/es\/wp-json\/wp\/v2\/users\/1"}],"replies":[{"embeddable":true,"href":"https:\/\/moverdb.com\/es\/wp-json\/wp\/v2\/comments?post=444"}],"version-history":[{"count":17,"href":"https:\/\/moverdb.com\/es\/wp-json\/wp\/v2\/pages\/444\/revisions"}],"predecessor-version":[{"id":6204,"href":"https:\/\/moverdb.com\/es\/wp-json\/wp\/v2\/pages\/444\/revisions\/6204"}],"wp:attachment":[{"href":"https:\/\/moverdb.com\/es\/wp-json\/wp\/v2\/media?parent=444"}],"curies":[{"name":"wp","href":"https:\/\/api.w.org\/{rel}","templated":true}]}}