{"id":443,"date":"2016-06-18T21:12:56","date_gmt":"2016-06-18T21:12:56","guid":{"rendered":"http:\/\/moverdb.com\/?page_id=443"},"modified":"2026-01-08T13:18:29","modified_gmt":"2026-01-08T13:18:29","slug":"red-de-reubicacion-armonica","status":"publish","type":"page","link":"https:\/\/moverdb.com\/es\/harmony-relocation-network\/","title":{"rendered":"Explicaci\u00f3n de la Red de Reubicaci\u00f3n Harmony (HRN)"},"content":{"rendered":"<p>Harmony Relocation Network (HRN) es un grupo de empresas asociadas que se cre\u00f3 para construir una red paneuropea de reubicaci\u00f3n global. La integraci\u00f3n de la infraestructura, la tecnolog\u00eda, la calidad y la sostenibilidad est\u00e1 dise\u00f1ada para producir un servicio de alta calidad constante.<\/p>\n<p><strong>Datos clave sobre el SAR:<\/strong><\/p>\n<ol>\n<li>  Sus miembros son 140 en 60 pa\u00edses.<\/li>\n<li>  La HRN atiende a 180 pa\u00edses de los 6 continentes.<\/li>\n<li>  HRN se fund\u00f3 en 1992 y sus 140 miembros son copropietarios de la empresa.<\/li>\n<li>  HRN fue fundada por empresas alemanas y holandesas antes de expandirse a <a href=\"https:\/\/moverdb.com\/es\/moving-to-australia\/living-in-australia\/\" data-internallinksmanager029f6b8e52c=\"240\" title=\"21 secretos sobre la vida en Australia que debes conocer antes de mudarte\">Australia<\/a> y Asia y luego Oriente Medio, Am\u00e9rica Latina y \u00c1frica.<\/li>\n<li>  Entre 2002 y 2015, HRN form\u00f3 parte del UniGroup Worldwide UTS con un <a href=\"https:\/\/moverdb.com\/es\/moving-to-the-united-states\/\" data-internallinksmanager029f6b8e52c=\"94\" title=\"\u00bfSe muda a Estados Unidos? 2026 Costes de vida y consejos de reubicaci\u00f3n\">EE.UU.<\/a> con sede en Van Line.<\/li>\n<li>  HRN es la mayor red mundial de empresas de reubicaci\u00f3n de marca com\u00fan.<\/li>\n<\/ol>\n<p><strong>Perfil de la red Harmony Relocation:<\/strong><\/p>\n<p>La idea detr\u00e1s de la HRN es combinar lo mejor del patrimonio local con una escala global, proporcionando un servicio de reubicaci\u00f3n a las empresas y los individuos que se siente local pero tiene alcance mundial. <\/p>\n<p>Los servicios que se ofrecen incluyen servicios de gesti\u00f3n de mudanzas, operaciones de mudanza y servicios de destino. La HRN ha desarrollado su propio sistema inform\u00e1tico basado en la red, dise\u00f1ado para mantener a los clientes informados y garantizar que el proceso sea lo m\u00e1s completo y coherente posible: incluye funciones de informaci\u00f3n y seguimiento. <\/p>\n<p>La integraci\u00f3n de la sostenibilidad econ\u00f3mica, medioambiental y social es importante para la HRN, que la considera uno de sus principales pilares para equilibrar las personas, la tecnolog\u00eda y el medio ambiente.<\/p>\n<p><strong>Criterios de afiliaci\u00f3n <\/strong><\/p>\n<p>En el sitio web no se ofrecen criterios para la afiliaci\u00f3n; s\u00f3lo hay una p\u00e1gina de contacto.<\/p>\n<p><strong>Ejemplos de empresas miembros<\/strong><\/p>\n<ul>\n<li> <a href=\"https:\/\/moverdb.com\/es\/bournes\/\">Bournes<\/a><\/li>\n<li> <a href=\"https:\/\/moverdb.com\/es\/cadogan-tate\/\">Cadogan Tate<\/a><\/li>\n<li> <a href=\"https:\/\/moverdb.com\/es\/gerson-relocation\/\">Gerson Relocation<\/a><\/li>\n<li> <a href=\"https:\/\/moverdb.com\/es\/pearson\/\">Mudanzas a domicilio Pearson<\/a><\/li>\n<\/ul>\n<p><strong>Opiniones sobre HRN<\/strong><\/p>\n<p>HRN aparece en un n\u00famero importante de sitios web de empresas de mudanzas, donde se la menciona como una organizaci\u00f3n con <em>\"un nombre nuevo pero con una trayectoria probada\".<\/em> Los s\u00f3lidos valores familiares y el enfoque global cooperativo se imponen en todo momento. <\/p>\n<p>El consenso general parece ser que trasladarse con una empresa de reubicaci\u00f3n que forma parte de la HRN da al cliente acceso a los beneficios de toda la red. Se se\u00f1ala que los miembros deben ce\u00f1irse a un acuerdo global de nivel de servicio y el resultado de ello es la coherencia... <em>\"Aunque las costumbres y la cultura pueden variar seg\u00fan el pa\u00eds, la alta calidad del servicio que puede esperar no lo har\u00e1. En todo el mundo, los mismos procedimientos, servicio y alta calidad\".<\/em> <\/p>\n<p>Adem\u00e1s, algunos de los que citan la afiliaci\u00f3n en sus sitios web se centran en el tama\u00f1o de la red y en que es una de las mayores de su tipo en el mundo.<\/p>\n<blockquote><p>Harmony es una red global de empresas de reubicaci\u00f3n de propiedad local, que mantiene fuertes valores familiares a trav\u00e9s de generaciones de herencia.<\/p><\/blockquote>\n<p>- <a href=\"http:\/\/www.abels.co.uk\/harmony-relocation-network\/\" target=\"_blank\" rel=\"noopener\">Abels<\/a><\/p>\n<blockquote><p>Harmony combina lo mejor del patrimonio local con una escala global, yendo m\u00e1s all\u00e1 y cumpliendo nuestras promesas. Nos tomamos muy en serio la importancia de la gente y de lo local.<\/p><\/blockquote>\n<p>- <a href=\"https:\/\/theresforum.com\/partners\/harmony\/\" target=\"_blank\" rel=\"noopener\">Foro de la FER<\/a><\/p>\n<blockquote><p>La red ofrece una amplia gama de servicios de preasignaci\u00f3n, transporte y destino para ayudar a guiar a los particulares o a los ejecutivos de RRHH y a los asignados a lo largo de su viaje, de principio a fin.<\/p><\/blockquote>\n<p>- <a href=\"http:\/\/bournesmoves.com\/relocation\/harmony-relocation-network.htm\" target=\"_blank\" rel=\"noopener\">Bournes<\/a> <\/p>\n<p><a href=\"http:\/\/www.harmonyrelo.com\/\" target=\"_blank\" rel=\"noopener\">http:\/\/www.harmonyrelo.com\/<\/a><\/p>","protected":false},"excerpt":{"rendered":"<p>The Harmony Relocation Network (HRN) is a group of partner companies that was created to build a pan-European network for global relocation. Integration of infrastructure, technology, quality and sustainability is designed to produce a consistently high quality service. Key facts about HRH: The membership is made up of 140 members in 60 countries. The HRN [&hellip;]<\/p>\n","protected":false},"author":1,"featured_media":0,"parent":0,"menu_order":0,"comment_status":"closed","ping_status":"closed","template":"","meta":{"_genesis_hide_title":false,"_genesis_hide_breadcrumbs":false,"_genesis_hide_singular_image":false,"_genesis_hide_footer_widgets":false,"_genesis_custom_body_class":"","_genesis_custom_post_class":"","_genesis_layout":"","footnotes":""},"class_list":{"0":"post-443","1":"page","2":"type-page","3":"status-publish","5":"entry"},"_links":{"self":[{"href":"https:\/\/moverdb.com\/es\/wp-json\/wp\/v2\/pages\/443","targetHints":{"allow":["GET"]}}],"collection":[{"href":"https:\/\/moverdb.com\/es\/wp-json\/wp\/v2\/pages"}],"about":[{"href":"https:\/\/moverdb.com\/es\/wp-json\/wp\/v2\/types\/page"}],"author":[{"embeddable":true,"href":"https:\/\/moverdb.com\/es\/wp-json\/wp\/v2\/users\/1"}],"replies":[{"embeddable":true,"href":"https:\/\/moverdb.com\/es\/wp-json\/wp\/v2\/comments?post=443"}],"version-history":[{"count":6,"href":"https:\/\/moverdb.com\/es\/wp-json\/wp\/v2\/pages\/443\/revisions"}],"predecessor-version":[{"id":6219,"href":"https:\/\/moverdb.com\/es\/wp-json\/wp\/v2\/pages\/443\/revisions\/6219"}],"wp:attachment":[{"href":"https:\/\/moverdb.com\/es\/wp-json\/wp\/v2\/media?parent=443"}],"curies":[{"name":"wp","href":"https:\/\/api.w.org\/{rel}","templated":true}]}}