{"id":442,"date":"2016-06-12T20:08:54","date_gmt":"2016-06-12T20:08:54","guid":{"rendered":"http:\/\/moverdb.com\/?page_id=442"},"modified":"2026-01-08T14:48:14","modified_gmt":"2026-01-08T14:48:14","slug":"euromovers","status":"publish","type":"page","link":"https:\/\/moverdb.com\/es\/euromovers\/","title":{"rendered":"Explicaci\u00f3n de la Asociaci\u00f3n Europea de Empresas de Transporte (EUROMOVERS International)"},"content":{"rendered":"<p>Euromovers tiene su sede en <a href=\"https:\/\/moverdb.com\/es\/moving-to-luxembourg\/\" data-internallinksmanager029f6b8e52c=\"349\" title=\"\u00bfSe muda a Luxemburgo? 2026 Coste de la vida y consejos para el traslado\">Luxemburgo<\/a> y est\u00e1 formado por una serie de l\u00edderes <a href=\"https:\/\/moverdb.com\/es\/empresas-de-mudanzas\/\">empresas de mudanzas internacionales<\/a> que han formado una red sobre la base de normas, visi\u00f3n y direcci\u00f3n compartidas. <\/p>\n<p>El grupo ofrece servicios de mudanza que se prestan mejor gracias a su red de empresas conectadas.<\/p>\n<p><strong>Datos clave sobre Euromovers:<\/strong><\/p>\n<ol>\n<li>  Euromovers es una red de m\u00e1s de 70 empresas de mudanzas.<\/li>\n<li>  Las organizaciones miembros proceden de diversos pa\u00edses, entre ellos <a href=\"https:\/\/moverdb.com\/es\/moving-to-austria\/\" data-internallinksmanager029f6b8e52c=\"343\" title=\"\u00bfSe muda a Austria? 2026 Coste de la vida y consejos para el traslado\">Austria<\/a>, <a href=\"https:\/\/moverdb.com\/es\/moving-to-belgium\/\" data-internallinksmanager029f6b8e52c=\"323\" title=\"\u00bfSe muda a B\u00e9lgica? 2026 Coste de la vida y consejos de reubicaci\u00f3n\">B\u00e9lgica<\/a>, <a href=\"https:\/\/moverdb.com\/es\/moving-to-the-czech-republic\/\" data-internallinksmanager029f6b8e52c=\"391\" title=\"\u00bfSe muda a la Rep\u00fablica Checa? 2026 Coste de la vida y consejos para el traslado\">Rep\u00fablica Checa<\/a>, <a href=\"https:\/\/moverdb.com\/es\/moving-to-denmark\/\" data-internallinksmanager029f6b8e52c=\"335\" title=\"\u00bfSe muda a Dinamarca? 2026 Coste de la vida y consejos para el traslado\">Dinamarca<\/a>, <a href=\"https:\/\/moverdb.com\/es\/moving-to-finland\/\" data-internallinksmanager029f6b8e52c=\"345\" title=\"\u00bfSe muda a Finlandia? 2026 Coste de la vida y consejos para el traslado\">Finlandia<\/a>, <a href=\"https:\/\/moverdb.com\/es\/moving-to-france\/\" data-internallinksmanager029f6b8e52c=\"315\" title=\"\u00bfSe muda a Francia? 2026 Coste de la vida y consejos para el traslado\">Francia<\/a>, <a href=\"https:\/\/moverdb.com\/es\/moving-to-germany\/\" data-internallinksmanager029f6b8e52c=\"321\" title=\"\u00bfSe muda a Alemania? 2026 Coste de la vida y consejos para el traslado\">Alemania<\/a>, <a href=\"https:\/\/moverdb.com\/es\/moving-to-greece\/\" data-internallinksmanager029f6b8e52c=\"353\" title=\"\u00bfSe muda a Grecia? 2026 Coste de la vida y consejos para el traslado\">Grecia<\/a>, <a href=\"https:\/\/moverdb.com\/es\/moving-to-italy\/\" data-internallinksmanager029f6b8e52c=\"346\" title=\"\u00bfSe muda a Italia? 2026 Coste de la vida y consejos para el traslado\">Italia<\/a>Luxemburgo, <a href=\"https:\/\/moverdb.com\/es\/moving-to-the-netherlands\/\" data-internallinksmanager029f6b8e52c=\"328\" title=\"\u00bfSe muda a los Pa\u00edses Bajos? 2026 Coste de la vida y consejos para el traslado\">Pa\u00edses Bajos<\/a>, <a href=\"https:\/\/moverdb.com\/es\/moving-to-slovakia\/\" data-internallinksmanager029f6b8e52c=\"338\" title=\"\u00bfSe muda a Eslovaquia? 2026 Coste de la vida y consejos para el traslado\">Eslovaquia<\/a>, <a href=\"https:\/\/moverdb.com\/es\/moving-to-spain\/\" data-internallinksmanager029f6b8e52c=\"266\" title=\"\u00bfSe muda a Espa\u00f1a? 2026 Coste de la vida y consejos de reubicaci\u00f3n\">Espa\u00f1a<\/a>, <a href=\"https:\/\/moverdb.com\/es\/moving-to-switzerland\/\" data-internallinksmanager029f6b8e52c=\"327\" title=\"\u00bfSe muda a Suiza? 2026 Coste de la vida y consejos para el traslado\">Suiza<\/a> y el <a href=\"https:\/\/moverdb.com\/es\/mudanzas-internacionales\/\">Reino Unido<\/a>y m\u00e1s all\u00e1 de Europa en el <a href=\"https:\/\/moverdb.com\/es\/moving-to-the-united-states\/\" data-internallinksmanager029f6b8e52c=\"94\" title=\"\u00bfSe muda a Estados Unidos? 2026 Costes de vida y consejos de reubicaci\u00f3n\">Estados Unidos<\/a>, <a href=\"https:\/\/moverdb.com\/es\/moving-to-australia\/living-in-australia\/\" data-internallinksmanager029f6b8e52c=\"240\" title=\"21 secretos sobre la vida en Australia que debes conocer antes de mudarte\">Australia<\/a>Federaci\u00f3n Rusa y <a href=\"https:\/\/moverdb.com\/es\/moving-to-china\/\" data-internallinksmanager029f6b8e52c=\"357\" title=\"\u00bfSe muda a China? 2026 Coste de la vida y consejos para el traslado\">China<\/a>.<\/li>\n<li>  Euromovers presta servicios de mudanza, no es una asociaci\u00f3n comercial.<\/li>\n<li>  Todos los Socios de la Red Euromovers participan en auditor\u00edas y revisiones peri\u00f3dicas para garantizar el cumplimiento de las normas establecidas.<\/li>\n<li>  Euromovers es miembro de la <a href=\"https:\/\/moverdb.com\/es\/soy\/\">Asociaci\u00f3n Internacional de Empresas de Mudanzas<\/a> y posee los certificados de calidad ISO 9001 (servicios de gesti\u00f3n de la calidad), ISO 14001 (sistemas de gesti\u00f3n medioambiental), ISO 27001 (sistemas de seguridad de la informaci\u00f3n).<\/li>\n<\/ol>\n<p><strong>Perfil de la European Mover Partnership:<\/strong><\/p>\n<p>Las ofertas de Euromovers <a href=\"https:\/\/moverdb.com\/es\/mudanzas-internacionales\/\">Mudanzas europeas y mudanzas al extranjero<\/a> a trav\u00e9s de sus 70 miembros repartidos por pa\u00edses de Europa y en lugares m\u00e1s amplios, como China y Rusia. <\/p>\n<p>Ofrece servicios de mudanza y reubicaci\u00f3n puerta a puerta para empresas y particulares, soluciones de almacenamiento, soluciones para empresas y el env\u00edo de obras de arte. La asociaci\u00f3n mutua en la que se basa Euromovers ayuda a la empresa a alcanzar su visi\u00f3n de reubicaci\u00f3n integrada a cualquier destino global.<\/p>\n<p><strong>Criterios de afiliaci\u00f3n:<\/strong><\/p>\n<p>No se ofrecen detalles en l\u00ednea sobre los criterios de afiliaci\u00f3n.<\/p>\n<p><strong>Ejemplos de empresas miembros<\/strong><\/p>\n<ul>\n<li> <a href=\"https:\/\/moverdb.com\/es\/atlas-van-lines-international\/\">Atlas Van Lines<\/a><\/li>\n<\/ul>\n<p><strong>Opiniones sobre la European Mover Partnership<\/strong><\/p>\n<p>Aparte de su propio sitio web, European Mover Partnership no parece mencionarse en ning\u00fan otro sitio en l\u00ednea. Existe otra organizaci\u00f3n con un nombre similar: Euro Movers International LLC, con sede en <a href=\"https:\/\/moverdb.com\/es\/moving-to-dubai\/\" data-internallinksmanager029f6b8e52c=\"246\" title=\"\u00bfMudarse a Dubai? 2026 Coste de la vida y consejos para el traslado\">Dubai<\/a>pero no forma parte del grupo. <\/p>\n<p>El Euromovers de Dubai recibe <a href=\"http:\/\/www.complaintsboard.com\/complaints\/euro-movers-dubai-c431198.html\" target=\"_blank\" rel=\"noopener\">cr\u00edticas muy negativas<\/a>.<\/p>\n<p><strong>P\u00e1gina web:<\/strong> <a href=\"http:\/\/www.euromovers.com\/\" target=\"_blank\" rel=\"noopener\">http:\/\/www.euromovers.com\/<\/a><\/p>","protected":false},"excerpt":{"rendered":"<p>Euromovers is based in Luxembourg and is made up of a number of leading international moving companies who have formed a network on the basis of shared standards, vision and direction. The group offers moving services that are better provided because of its network of connected companies. Key facts about Euromovers: Euromovers is a network [&hellip;]<\/p>\n","protected":false},"author":1,"featured_media":0,"parent":0,"menu_order":0,"comment_status":"closed","ping_status":"closed","template":"","meta":{"_genesis_hide_title":false,"_genesis_hide_breadcrumbs":false,"_genesis_hide_singular_image":false,"_genesis_hide_footer_widgets":false,"_genesis_custom_body_class":"","_genesis_custom_post_class":"","_genesis_layout":"","footnotes":""},"class_list":{"0":"post-442","1":"page","2":"type-page","3":"status-publish","5":"entry"},"_links":{"self":[{"href":"https:\/\/moverdb.com\/es\/wp-json\/wp\/v2\/pages\/442","targetHints":{"allow":["GET"]}}],"collection":[{"href":"https:\/\/moverdb.com\/es\/wp-json\/wp\/v2\/pages"}],"about":[{"href":"https:\/\/moverdb.com\/es\/wp-json\/wp\/v2\/types\/page"}],"author":[{"embeddable":true,"href":"https:\/\/moverdb.com\/es\/wp-json\/wp\/v2\/users\/1"}],"replies":[{"embeddable":true,"href":"https:\/\/moverdb.com\/es\/wp-json\/wp\/v2\/comments?post=442"}],"version-history":[{"count":5,"href":"https:\/\/moverdb.com\/es\/wp-json\/wp\/v2\/pages\/442\/revisions"}],"predecessor-version":[{"id":6203,"href":"https:\/\/moverdb.com\/es\/wp-json\/wp\/v2\/pages\/442\/revisions\/6203"}],"wp:attachment":[{"href":"https:\/\/moverdb.com\/es\/wp-json\/wp\/v2\/media?parent=442"}],"curies":[{"name":"wp","href":"https:\/\/api.w.org\/{rel}","templated":true}]}}