{"id":441,"date":"2016-06-18T21:28:02","date_gmt":"2016-06-18T21:28:02","guid":{"rendered":"http:\/\/moverdb.com\/?page_id=441"},"modified":"2026-01-08T15:30:43","modified_gmt":"2026-01-08T15:30:43","slug":"consejo-de-reubicacion-de-empleados","status":"publish","type":"page","link":"https:\/\/moverdb.com\/es\/employee-relocation-council\/","title":{"rendered":"Explicaci\u00f3n del Consejo Mundial de Reubicaci\u00f3n de Empleados (ERC)"},"content":{"rendered":"<p>El Consejo Mundial de Reubicaci\u00f3n de Empleados (ERC) se describe a s\u00ed mismo como la asociaci\u00f3n de movilidad de la mano de obra para los profesionales que supervisan, gestionan o apoyan el traslado de empleados nacionales e internacionales en Estados Unidos. <\/p>\n<p>Su objetivo es ayudar a los miembros -que proceden de diversas profesiones, como los RRHH, el sector inmobiliario y el ej\u00e9rcito- a afrontar los retos de la movilidad de la mano de obra.<\/p>\n<p><strong>Datos clave sobre el CEI:<\/strong><\/p>\n<ol>\n<li>  Los miembros del ERC proceden de diversas profesiones, como RRHH, contrataci\u00f3n, gobierno, ej\u00e9rcito, inmobiliaria, servicios financieros, mudanzas, asesoramiento y consultor\u00eda.<\/li>\n<li>  El mandato del ERC abarca cuestiones y pr\u00e1cticas de gesti\u00f3n para los profesionales de la reubicaci\u00f3n dentro del <a href=\"https:\/\/moverdb.com\/es\/moving-to-the-united-states\/\" data-internallinksmanager029f6b8e52c=\"94\" title=\"\u00bfSe muda a Estados Unidos? 2026 Costes de vida y consejos de reubicaci\u00f3n\">Estados Unidos<\/a> y entre todos los dem\u00e1s pa\u00edses.<\/li>\n<li>  El ERC tiene su sede en <a href=\"https:\/\/moverdb.com\/es\/mudanza-a-washington-dc\/\">Washington, DC,<\/a> con una oficina europea en Bruselas, <a href=\"https:\/\/moverdb.com\/es\/moving-to-belgium\/\" data-internallinksmanager029f6b8e52c=\"323\" title=\"\u00bfSe muda a B\u00e9lgica? 2026 Coste de la vida y consejos de reubicaci\u00f3n\">B\u00e9lgica<\/a>.<\/li>\n<li>  El ERC ofrece acreditaciones como la de Profesional Certificado en Reubicaci\u00f3n y la de Especialista en Movilidad Global.<\/li>\n<li>  Existen diferentes categor\u00edas de afiliaci\u00f3n disponibles, incluyendo la afiliaci\u00f3n corporativa (en su mayor\u00eda profesionales internos), la afiliaci\u00f3n de servicios de movilidad (para las empresas de movilidad de la mano de obra), la afiliaci\u00f3n personal\/profesional (PERC\u2122) (aquellos que buscan informaci\u00f3n, como acad\u00e9micos y personas que buscan empleo), tasador de reubicaci\u00f3n, agente inmobiliario y empresa de gesti\u00f3n de reubicaci\u00f3n.<\/li>\n<li>  En 2005, el ERC contaba con m\u00e1s de 12.000 afiliados (las estad\u00edsticas m\u00e1s actualizadas disponibles).<\/li>\n<\/ol>\n<p><strong>Perfil del Consejo Mundial de Reubicaci\u00f3n de Empleados:<\/strong><\/p>\n<p>El ERC desempe\u00f1a numerosas funciones, entre ellas la de ejercer presi\u00f3n en nombre de los miembros, ofrecer formaci\u00f3n y educaci\u00f3n, as\u00ed como oportunidades para la creaci\u00f3n de redes. Tambi\u00e9n participa en el desarrollo de la estandarizaci\u00f3n del sector y la creaci\u00f3n de consenso, as\u00ed como en el avance de nuevas pr\u00e1cticas de trabajo y soluciones electr\u00f3nicas. <\/p>\n<p>Adem\u00e1s de actuar para y con sus miembros, el ERC se ha dado a conocer por la recopilaci\u00f3n de una serie de datos a trav\u00e9s de encuestas, que incluyen el an\u00e1lisis de la idoneidad de las ciudades para las familias reci\u00e9n trasladadas. El ERC se ha consolidado como una autoridad en materia de movilidad de la mano de obra.<\/p>\n<p><strong>Criterios de afiliaci\u00f3n:<\/strong><\/p>\n<p>Los criterios de afiliaci\u00f3n no figuran en el sitio web.<\/p>\n<p><strong>Lista de miembros del CEI en todo el mundo <a href=\"https:\/\/moverdb.com\/es\/moving-companies\/\" data-internallinksmanager029f6b8e52c=\"79\" title=\"Las 25 mejores empresas de mudanzas internacionales en l\u00ednea\">Empresas de mudanzas<\/a><\/strong><\/p>\n<ul>\n<li> <a href=\"https:\/\/moverdb.com\/es\/aires\/\">Aires<\/a><\/li>\n<li> <a href=\"https:\/\/moverdb.com\/es\/armstrong-relocation\/\">Reubicaci\u00f3n de Armstrong<\/a><\/li>\n<li> <a href=\"https:\/\/moverdb.com\/es\/arpin-international\/\">Arpin Internacional<\/a><\/li>\n<li> <a href=\"https:\/\/moverdb.com\/es\/atlas-van-lines-international\/\">Atlas Van Lines<\/a><\/li>\n<li> <a href=\"https:\/\/moverdb.com\/es\/santa-fe-reubicacion\/\">Servicios de reubicaci\u00f3n en Santa Fe<\/a><\/li>\n<li> <a href=\"https:\/\/moverdb.com\/es\/sterling-relocation\/\">Reubicaci\u00f3n de Sterling<\/a><\/li>\n<li> <a href=\"https:\/\/moverdb.com\/es\/arpin-van-lines\/\">Arpin Van Lines<\/a><\/li>\n<li> <a href=\"https:\/\/moverdb.com\/es\/suddath\/\">Suddath<\/a><\/li>\n<li> <a href=\"https:\/\/moverdb.com\/es\/dt-moving\/\">DT Mudanza<\/a><\/li>\n<li> <a href=\"https:\/\/moverdb.com\/es\/btr-international\/\">BTR Internacional<\/a><\/li>\n<p><a href=\"https:\/\/moverdb.com\/es\/packimpex\/\">Packimpex<\/a>\n<\/ul>\n<p><strong>Opiniones sobre el ERC<\/strong><\/p>\n<p>El ERC no aparece en muchas p\u00e1ginas web. Cuando se menciona, suele ser en el contexto de organizaciones afiliadas a \u00e9l, como el Great Lakes Relocation Council.<\/p>\n<blockquote><p>Para satisfacer las necesidades del mercado de la reubicaci\u00f3n y ayudar as\u00ed a los empleados a comenzar sin problemas su nuevo per\u00edodo de vida, seis personas fundaron el precursor del Consejo Mundial de Reubicaci\u00f3n de Empleados (ERC) en 1964 en <a href=\"https:\/\/moverdb.com\/es\/mudanza-a-chicago\/\">Chicago<\/a>.<\/p><\/blockquote>\n<p>- <a href=\"http:\/\/start-up-services.de\/en\/company-profile-relocation-service\/relocation-associations\/worldwide-employee-relocation-council\/\" target=\"_blank\" rel=\"noopener\">Servicios de puesta en marcha<\/a><\/p>\n<p><strong>P\u00e1gina web:<\/strong> <a href=\"http:\/\/www.worldwideerc.org\/Pages\/index.aspx\" target=\"_blank\" rel=\"noopener\">http:\/\/www.worldwideerc.org\/Pages\/index.aspx<\/a><\/p>","protected":false},"excerpt":{"rendered":"<p>The Worldwide Employee Relocation Council (ERC) describes itself as the workforce mobility association for professionals who oversee, manage, or support U.S. domestic and international employee transfer. Its purpose is to help members &#8211; who come from a range of professions, including HR, real estate and military &#8211; to deal with the challenges of workforce mobility. [&hellip;]<\/p>\n","protected":false},"author":1,"featured_media":0,"parent":0,"menu_order":0,"comment_status":"closed","ping_status":"closed","template":"","meta":{"_genesis_hide_title":false,"_genesis_hide_breadcrumbs":false,"_genesis_hide_singular_image":false,"_genesis_hide_footer_widgets":false,"_genesis_custom_body_class":"","_genesis_custom_post_class":"","_genesis_layout":"","footnotes":""},"class_list":{"0":"post-441","1":"page","2":"type-page","3":"status-publish","5":"entry"},"_links":{"self":[{"href":"https:\/\/moverdb.com\/es\/wp-json\/wp\/v2\/pages\/441","targetHints":{"allow":["GET"]}}],"collection":[{"href":"https:\/\/moverdb.com\/es\/wp-json\/wp\/v2\/pages"}],"about":[{"href":"https:\/\/moverdb.com\/es\/wp-json\/wp\/v2\/types\/page"}],"author":[{"embeddable":true,"href":"https:\/\/moverdb.com\/es\/wp-json\/wp\/v2\/users\/1"}],"replies":[{"embeddable":true,"href":"https:\/\/moverdb.com\/es\/wp-json\/wp\/v2\/comments?post=441"}],"version-history":[{"count":15,"href":"https:\/\/moverdb.com\/es\/wp-json\/wp\/v2\/pages\/441\/revisions"}],"predecessor-version":[{"id":6255,"href":"https:\/\/moverdb.com\/es\/wp-json\/wp\/v2\/pages\/441\/revisions\/6255"}],"wp:attachment":[{"href":"https:\/\/moverdb.com\/es\/wp-json\/wp\/v2\/media?parent=441"}],"curies":[{"name":"wp","href":"https:\/\/api.w.org\/{rel}","templated":true}]}}