{"id":440,"date":"2016-06-12T19:59:07","date_gmt":"2016-06-12T19:59:07","guid":{"rendered":"http:\/\/moverdb.com\/?page_id=440"},"modified":"2026-01-08T13:19:01","modified_gmt":"2026-01-08T13:19:01","slug":"iata","status":"publish","type":"page","link":"https:\/\/moverdb.com\/es\/iata\/","title":{"rendered":"Explicaci\u00f3n de la Asociaci\u00f3n Internacional de Transporte A\u00e9reo (IATA)"},"content":{"rendered":"<p>La Asociaci\u00f3n Internacional de Transporte A\u00e9reo (IATA) es la asociaci\u00f3n comercial mundial de las compa\u00f1\u00edas a\u00e9reas. <\/p>\n<p>Su misi\u00f3n es liderar y servir a sus miembros, as\u00ed como representar sus intereses de forma que se impulse el sector del transporte aeroportuario.<\/p>\n<p><strong>Datos clave sobre la IATA:<\/strong><\/p>\n<ol>\n<li>  Representa unas 260 compa\u00f1\u00edas a\u00e9reas o 83% del tr\u00e1fico a\u00e9reo total.<\/li>\n<li>  Tiene un alcance global.<\/li>\n<li>  Los vuelos de los miembros de la IATA representan 83% del tr\u00e1fico total.<\/li>\n<li>  Se fund\u00f3 en La Habana, Cuba, en abril de 1945.<\/li>\n<li>  Cuando se cre\u00f3 en 1945, contaba con 57 miembros de 31 pa\u00edses, la mayor\u00eda de ellos de Europa y Norteam\u00e9rica. Hoy cuenta con unos 260 miembros de 117 pa\u00edses de todo el mundo.<\/li>\n<li>  Sus prioridades son la seguridad, la protecci\u00f3n, el medio ambiente, los servicios, la simplificaci\u00f3n del negocio y la ayuda para establecer relaciones dentro del sector.<\/li>\n<li>  El Plan de Facturaci\u00f3n y Liquidaci\u00f3n de la IATA es la columna vertebral del sector, ya que gestiona el flujo de los m\u00e1s de $270.000 millones generados anualmente por las ventas de billetes de las agencias de viajes a las aerol\u00edneas.<\/li>\n<\/ol>\n<p><strong>Perfil de la Asociaci\u00f3n Internacional de Transporte A\u00e9reo:<\/strong><\/p>\n<p>La IATA es una asociaci\u00f3n comercial de compa\u00f1\u00edas a\u00e9reas reconocida a nivel mundial y que lleva m\u00e1s de 50 a\u00f1os funcionando. Entre sus miembros se encuentran <a href=\"https:\/\/moverdb.com\/es\/transitario\/\">flete<\/a> y de pasajeros y tiene oficinas en 53 pa\u00edses de todo el mundo. <\/p>\n<p>Ha crecido junto a la industria del transporte a\u00e9reo, trabajando en conjunto con el sector para ayudar a desarrollar normas, pr\u00e1cticas y procedimientos que lo regulen y garanticen niveles de servicio consistentes para los clientes. La IATA es una organizaci\u00f3n verdaderamente global y sus 260 miembros proceden de m\u00e1s de 117 pa\u00edses.<\/p>\n<p>Adem\u00e1s de la protecci\u00f3n de los consumidores, la IATA ha contribuido a que el sector de las aerol\u00edneas sea m\u00e1s sostenible. La organizaci\u00f3n ofrece informaci\u00f3n sobre las compa\u00f1\u00edas a\u00e9reas, una serie de publicaciones y programas de formaci\u00f3n y acreditaci\u00f3n para quienes trabajan en el sector de los viajes. <\/p>\n<p>Adem\u00e1s, presta una serie de servicios financieros, como un servicio de cobro de deudas para compa\u00f1\u00edas a\u00e9reas.<\/p>\n<p><strong>Criterios de afiliaci\u00f3n<\/strong><\/p>\n<p>La afiliaci\u00f3n a la IATA con todos los derechos y privilegios s\u00f3lo puede obtenerse despu\u00e9s de Registro en la Auditor\u00eda de Seguridad Operacional (IOSA) de la IATA, Una revisi\u00f3n administrativa por parte del Departamento de Afiliaci\u00f3n, El pago de todas las tasas de solicitud y las cuotas de afiliaci\u00f3n.<\/p>\n<p>La finalizaci\u00f3n con \u00e9xito de una IOSA dar\u00e1 lugar a la incorporaci\u00f3n al registro de la IOSA. Una aerol\u00ednea debe estar en el registro de la IOSA antes de que se pueda aprobar la afiliaci\u00f3n a la IATA.<\/p>\n<p>A continuaci\u00f3n, se presenta un formulario de solicitud con los siguientes documentos justificativos:<\/p>\n<ul>\n<li> Una copia certificada del Certificado de Operador A\u00e9reo (AOC), con una validez m\u00ednima de seis meses, con el Sello ORIGINAL, la fecha y la firma de la Autoridad emisora (no un notario), junto con las Especificaciones Operativas emitidas por el Estado de Registro, si procede.<\/li>\n<li> Una copia certificada del Certificado de Registro con la autoridad apropiada, por ejemplo, la C\u00e1mara de Comercio o equivalente. Se acepta la certificaci\u00f3n de un notario.<\/li>\n<li> Estados financieros auditados de la compa\u00f1\u00eda a\u00e9rea solicitante y, si es propiedad mayoritaria de otra compa\u00f1\u00eda (incluida la propiedad estatal), los estados financieros de la compa\u00f1\u00eda propietaria. Estos deben estar certificados por un contador p\u00fablico o colegiado. En el caso de las nuevas compa\u00f1\u00edas a\u00e9reas, se acepta un plan de negocios elaborado por un contador p\u00fablico o colegiado.<\/li>\n<li> El informe anual de la aerol\u00ednea solicitante, o los estatutos de la empresa que muestren c\u00f3mo est\u00e1 constituida, o el perfil de la aerol\u00ednea.<\/li>\n<li> Certificados de seguro v\u00e1lidos con el tipo de aeronave, el n\u00famero de registro de cada aeronave y los datos respectivos de la autoridad de registro, con una validez m\u00ednima de seis meses.<\/li>\n<li> Estad\u00edsticas de tr\u00e1fico de los dos a\u00f1os anteriores. Este requisito no se aplica a las nuevas compa\u00f1\u00edas a\u00e9reas.<\/li>\n<li> Horario\/calendario publicado, si la compa\u00f1\u00eda a\u00e9rea tiene operaciones regulares. Para las operaciones no regulares, se solicita una lista de destinos.<\/li>\n<\/ul>\n<p><strong>Lista de miembros de la IATA <a href=\"https:\/\/moverdb.com\/es\/moving-companies\/\" data-internallinksmanager029f6b8e52c=\"79\" title=\"Las 25 mejores empresas de mudanzas internacionales en l\u00ednea\">Empresas de mudanzas<\/a><\/strong><\/p>\n<ul>\n<li> <a href=\"https:\/\/moverdb.com\/es\/armstrong-relocation\/\">Reubicaci\u00f3n de Armstrong<\/a><\/li>\n<li> <a href=\"https:\/\/moverdb.com\/es\/atlas-van-lines-international\/\">Atlas Van Lines<\/a><\/li>\n<li> <a href=\"https:\/\/moverdb.com\/es\/suddath\/\">Suddath<\/a><\/li>\n<li> <a href=\"https:\/\/moverdb.com\/es\/nippon-express\/\">Nippon Express<\/a><\/li>\n<li> <a href=\"https:\/\/moverdb.com\/es\/bolliger\/\">Bolliger<\/a><\/li>\n<\/ul>\n<p><strong>Opiniones sobre la Asociaci\u00f3n Internacional de Transporte A\u00e9reo<\/strong><\/p>\n<p>La IATA aparece en la mayor\u00eda de los sitios web de las principales compa\u00f1\u00edas a\u00e9reas (a menudo a trav\u00e9s de un c\u00f3digo IATA identificativo) y tambi\u00e9n tiene su propia p\u00e1gina en Wikipedia. <\/p>\n<p>Su importancia como asociaci\u00f3n comercial es obvia, as\u00ed como la participaci\u00f3n que ha tenido en el desarrollo de ciertas normas industriales para el sector de las aerol\u00edneas. El hecho de que sus miembros sean responsables de m\u00e1s de 90% del tr\u00e1fico a\u00e9reo regular del mundo es algo que se se\u00f1ala con frecuencia. <\/p>\n<p>Los art\u00edculos en l\u00ednea sobre el sector de las aerol\u00edneas mencionan a menudo a la IATA y su participaci\u00f3n en la decisi\u00f3n de cuestiones clave y la formulaci\u00f3n de importantes sugerencias, como la regulaci\u00f3n del tama\u00f1o del equipaje destinado a los compartimentos superiores. <\/p>\n<p>La IATA se menciona en numerosos contextos, desde la asociaci\u00f3n para la gesti\u00f3n de proyectos hasta la normativa de la UE. Dada la frecuencia y amplitud de las noticias que mencionan a la IATA, est\u00e1 claro que es una asociaci\u00f3n comercial activa y destacada.<\/p>\n<p><strong>P\u00e1gina web:<\/strong> <a href=\"http:\/\/www.iata.org\/Pages\/default.aspx\" target=\"_blank\" rel=\"noopener\">http:\/\/www.iata.org\/Pages\/default.aspx<\/a><\/p>","protected":false},"excerpt":{"rendered":"<p>The International Air Transport Association (IATA) is the global trade association for the world&#8217;s airlines. Its mission is to lead and serve its members, as well as to represent their interests in a way that boosts the airport transport industry. Key facts about IATA: It represents around 260 airlines or 83% of total air traffic. [&hellip;]<\/p>\n","protected":false},"author":1,"featured_media":0,"parent":0,"menu_order":0,"comment_status":"closed","ping_status":"closed","template":"","meta":{"_genesis_hide_title":false,"_genesis_hide_breadcrumbs":false,"_genesis_hide_singular_image":false,"_genesis_hide_footer_widgets":false,"_genesis_custom_body_class":"","_genesis_custom_post_class":"","_genesis_layout":"","footnotes":""},"class_list":{"0":"post-440","1":"page","2":"type-page","3":"status-publish","5":"entry"},"_links":{"self":[{"href":"https:\/\/moverdb.com\/es\/wp-json\/wp\/v2\/pages\/440","targetHints":{"allow":["GET"]}}],"collection":[{"href":"https:\/\/moverdb.com\/es\/wp-json\/wp\/v2\/pages"}],"about":[{"href":"https:\/\/moverdb.com\/es\/wp-json\/wp\/v2\/types\/page"}],"author":[{"embeddable":true,"href":"https:\/\/moverdb.com\/es\/wp-json\/wp\/v2\/users\/1"}],"replies":[{"embeddable":true,"href":"https:\/\/moverdb.com\/es\/wp-json\/wp\/v2\/comments?post=440"}],"version-history":[{"count":10,"href":"https:\/\/moverdb.com\/es\/wp-json\/wp\/v2\/pages\/440\/revisions"}],"predecessor-version":[{"id":13161,"href":"https:\/\/moverdb.com\/es\/wp-json\/wp\/v2\/pages\/440\/revisions\/13161"}],"wp:attachment":[{"href":"https:\/\/moverdb.com\/es\/wp-json\/wp\/v2\/media?parent=440"}],"curies":[{"name":"wp","href":"https:\/\/api.w.org\/{rel}","templated":true}]}}