{"id":439,"date":"2016-06-12T19:46:10","date_gmt":"2016-06-12T19:46:10","guid":{"rendered":"http:\/\/moverdb.com\/?page_id=439"},"modified":"2026-01-08T14:40:02","modified_gmt":"2026-01-08T14:40:02","slug":"lacma","status":"publish","type":"page","link":"https:\/\/moverdb.com\/es\/lacma\/","title":{"rendered":"Asociaci\u00f3n de empresas de mudanzas internacionales de Am\u00e9rica Latina y el Caribe (LACMA)"},"content":{"rendered":"<p>La Asociaci\u00f3n de Mudanzas Internacionales de Am\u00e9rica Latina y el Caribe (LACIMA) representa a un conjunto de empresas de mudanzas y traslados con el fin de fomentar la integraci\u00f3n de las empresas locales, as\u00ed como de otras de todo el mundo.<\/p>\n<p><strong>Datos clave sobre el LACMA:<\/strong><\/p>\n<ol>a<\/p>\n<li>  La afiliaci\u00f3n a LACMA est\u00e1 abierta a las empresas de mudanzas y traslados de Am\u00e9rica Latina y del resto del mundo.<\/li>\n<li>  Es la asociaci\u00f3n latinoamericana representada en <a href=\"https:\/\/moverdb.com\/es\/fidi-faim\/\">FIDI<\/a>.<\/li>\n<li>  Tiene su sede en <a href=\"https:\/\/moverdb.com\/es\/moving-to-panama\/\" data-internallinksmanager029f6b8e52c=\"432\" title=\"\u00bfSe muda a Panam\u00e1? 2023 Costos de vida y consejos de reubicaci\u00f3n\">Panam\u00e1<\/a>.<\/li>\n<li>  Act\u00faa como mediador en los conflictos que puedan surgir entre sus miembros, o entre un miembro y otras personas no afiliadas a la asociaci\u00f3n.<\/li>\n<li>  No requiere que sus miembros sean <a href=\"https:\/\/moverdb.com\/es\/fidi-faim\/\" data-internallinksmanager029f6b8e52c=\"16\" title=\"Explicaci\u00f3n del FIDI y del FAIM (FIDI Accredited International Mover)\">FIDI<\/a> afiliados ya que el LACMA mantiene su criterio de afiliaci\u00f3n independiente.<\/li>\n<li>  El LACMA cuenta con su propio instituto de formaci\u00f3n que imparte seminarios presenciales y virtuales, incluido un curso de formaci\u00f3n para instructores de Packers.<\/li>\n<li>  Ofrece un programa de garant\u00eda de pago, que proporciona un recurso a los miembros que quieren cobrar las cantidades atrasadas de otros miembros dentro de la asociaci\u00f3n.<\/li>\n<li>  La membres\u00eda de LACMA puede ser Activa (empresas de Am\u00e9rica Latina o el Caribe que se dedican activamente a la mudanza y el embalaje internacional, con su propio personal, transporte e instalaciones de almacenamiento), Asociada (empresas fuera de Am\u00e9rica Latina y el Caribe que se dedican a la mudanza y el embalaje internacional), o Adjunta (Empresas que proporcionan bienes y servicios \u00fatiles a los miembros).<\/li>\n<li>  La organizaci\u00f3n afirma: \"FIDI Latinoam\u00e9rica representa a 53 empresas (FIDI-LACMA y FIDI-Non LACMA) dentro de nuestra regi\u00f3n\".<\/li>\n<\/ol>\n<p><strong>Perfil de la Asociaci\u00f3n de Empresas de Mudanzas Internacionales de Am\u00e9rica Latina y el Caribe<\/strong><\/p>\n<p>La LACMA se cre\u00f3 para representar los intereses de sus miembros y para establecer y mantener los est\u00e1ndares de servicios en la industria. <\/p>\n<p>Es la organizaci\u00f3n de la FIDI en Am\u00e9rica Latina y esto le da cierta credibilidad, ya que es reconocida por la FIDI como representante de los intereses de las empresas afiliadas a la FIDI de la regi\u00f3n. <\/p>\n<p>La LACMA ofrece varios tipos de afiliaci\u00f3n, como la activa y la asociada. Tambi\u00e9n proporciona a los miembros una amplia gama de aprendizaje electr\u00f3nico, informaci\u00f3n y seminarios para ayudar a mejorar los conocimientos y la eficiencia empresarial: el Instituto de Formaci\u00f3n de la LACMA se fund\u00f3 en 1992 con el prop\u00f3sito de formar mejor a los miembros. <\/p>\n<p>Los miembros tambi\u00e9n se benefician de ciertas protecciones, como el programa de garant\u00eda de pago -dise\u00f1ado para ayudar a perseguir las cantidades adeudadas por otros miembros- y el Programa S.O.S. de la LACMA, que proporciona ayuda humanitaria a los miembros atrapados en las cat\u00e1strofes naturales que afectan frecuentemente a esta parte del mundo.<\/p>\n<p><strong>Criterios de afiliaci\u00f3n:<\/strong><\/p>\n<p><u>Miembros activos<\/u><\/p>\n<ul>\n<li> Completar la solicitud de membres\u00eda en el formulario oficial del LACMA y proporcionar la informaci\u00f3n solicitada, aceptar cumplir con los Estatutos del LACMA y su Reglamento, el C\u00f3digo de \u00c9tica y las resoluciones determinadas por la Junta Directiva del LACMA.<\/li>\n<li> Proporcionar el patrocinio de cinco (5) miembros activos del LACMA.<\/li>\n<li> Proporcionar los estados financieros, con sus respectivas notas, de los dos \u00faltimos a\u00f1os.<\/li>\n<li> Proporcionar la Carta Corporativa de la empresa (se requiere un m\u00ednimo de cuatro a\u00f1os de operaciones en el <a href=\"https:\/\/moverdb.com\/es\/empresas-de-mudanzas\/\">mudanzas internacionales<\/a> industria).<\/li>\n<li> Pagar la cuota de admisi\u00f3n, la cuota de iniciaci\u00f3n del PGP, la cuota anual de socio del PGP y del LACMA una vez que se haya completado el proceso de solicitud y se haya aprobado la misma.<\/li>\n<\/ul>\n<p><u>Miembros asociados<\/u><\/p>\n<ul>\n<li> Completar la solicitud de membres\u00eda en el formulario oficial del LACMA y proporcionar la informaci\u00f3n solicitada, aceptar cumplir con los Estatutos del LACMA y su Reglamento, el C\u00f3digo de \u00c9tica y las resoluciones determinadas por la Junta Directiva del LACMA.<\/li>\n<li> Proporcionar el patrocinio de cinco (5) miembros activos y\/o asociados del LACMA, de los cuales al menos dos son de miembros asociados.<\/li>\n<li> Proporcionar los estados financieros, con sus respectivas notas, de los dos \u00faltimos a\u00f1os.<\/li>\n<li> Proporcionar la Carta Corporativa de la empresa (se requiere un m\u00ednimo de cuatro a\u00f1os de operaciones en la industria de las mudanzas internacionales).<\/li>\n<li> Pagar la cuota de admisi\u00f3n, la cuota de iniciaci\u00f3n del PGP, la cuota anual de socio del PGP y del LACMA una vez que se haya completado el proceso de solicitud y se haya aprobado la misma<\/li>\n<\/ul>\n<p><u>Miembros adjuntos<\/u><\/p>\n<ul>\n<li> Completar la solicitud de membres\u00eda en el formulario oficial del LACMA y proporcionar la informaci\u00f3n solicitada, aceptar cumplir con los Estatutos del LACMA y su Reglamento, el C\u00f3digo de \u00c9tica y las resoluciones determinadas por la Junta Directiva del LACMA.<\/li>\n<li> Proporcionar el patrocinio de (2) miembros activos y\/o asociados del LACMA.<\/li>\n<li> Pagar la cuota de admisi\u00f3n y la cuota anual de socio del LACMA una vez que se haya completado el proceso de solicitud y \u00e9sta haya sido aprobada. Por favor, p\u00f3ngase en contacto con la Secretar\u00eda del LACMA para conocer las citadas cuotas.<\/li>\n<li> Acreditar que el producto o servicio ofertado ha sido comercializado durante al menos un a\u00f1o.<\/li>\n<\/ul>\n<p><strong>Ejemplos de empresas miembros<\/strong><\/p>\n<ul>\n<li> <a href=\"https:\/\/moverdb.com\/es\/aires\/\">Aires<\/a><\/li>\n<li> <a href=\"https:\/\/moverdb.com\/es\/arpin-international\/\">Arpin Internacional<\/a><\/li>\n<li> <a href=\"https:\/\/moverdb.com\/es\/atlas-van-lines-international\/\">Atlas Van Lines<\/a><\/li>\n<li> <a href=\"https:\/\/moverdb.com\/es\/santa-fe-reubicacion\/\">Servicios de reubicaci\u00f3n en Santa Fe<\/a><\/li>\n<li> <a href=\"https:\/\/moverdb.com\/es\/sterling-relocation\/\">Reubicaci\u00f3n de Sterling<\/a><\/li>\n<li> <a href=\"https:\/\/moverdb.com\/es\/stevens-worldwide-van-lines\/\">Stevens Worldwide Van Lines<\/a><\/li>\n<li> <a href=\"https:\/\/moverdb.com\/es\/amj-campbell-van-lines\/\">AMJ Campbell Van Lines<\/a><\/li>\n<li> <a href=\"https:\/\/moverdb.com\/es\/suddath\/\">Suddath<\/a><\/li>\n<li> <a href=\"https:\/\/moverdb.com\/es\/dt-moving\/\">DT Mudanza<\/a><\/li>\n<li> <a href=\"https:\/\/moverdb.com\/es\/john-mason\/\">John Mason Mudanzas Internacionales<\/a><\/li>\n<li> <a href=\"https:\/\/moverdb.com\/es\/mudanzas-gou\/\">Mudanzas Gou<\/a><\/li>\n<li> <a href=\"https:\/\/moverdb.com\/es\/gil-stauffer\/\">Gil Stauffer<\/a><\/li>\n<\/ul>\n<p><strong>Opiniones sobre el LACMA:<\/strong><\/p>\n<p>La informaci\u00f3n en l\u00ednea indica que los miembros de la LACMA representan 90% de los traslados hacia y desde la regi\u00f3n de Am\u00e9rica Latina y el Caribe. Se se\u00f1ala que es uno de los m\u00e1s importantes <a href=\"https:\/\/moverdb.com\/es\/organizaciones-asociaciones\/\">organizaciones de mudanzas y env\u00edos internacionales<\/a>.<\/p>\n<p>Las empresas de mudanzas mencionan la LACMA para tranquilizar a los clientes sobre los niveles de profesionalidad y la cobertura geogr\u00e1fica. Sus miembros se citan como algunas de las mejores empresas de mudanzas del mundo y la informaci\u00f3n en l\u00ednea desglosa a los miembros como representantes de las siguientes \u00e1reas: <em>\"Europa 31%\", el <a href=\"https:\/\/moverdb.com\/es\/moving-to-the-united-states\/\" data-internallinksmanager029f6b8e52c=\"94\" title=\"\u00bfSe muda a Estados Unidos? 2026 Costes de vida y consejos de reubicaci\u00f3n\">Estados Unidos<\/a> &amp; <a href=\"https:\/\/moverdb.com\/es\/moving-to-canada\/\" data-internallinksmanager029f6b8e52c=\"265\" title=\"\u00bfMudarse a Canad\u00e1? 2026 Coste de la vida y consejos para la reubicaci\u00f3n\">Canad\u00e1<\/a> 26%, Am\u00e9rica Latina y el Caribe 28% y <a href=\"https:\/\/moverdb.com\/es\/moving-to-australia\/living-in-australia\/\" data-internallinksmanager029f6b8e52c=\"240\" title=\"21 secretos sobre la vida en Australia que debes conocer antes de mudarte\">Australia<\/a>, Oriente Medio y Extremo Oriente 15%\".<\/em> <\/p>\n<p>Los promotores que incluyen el LACMA en sus sitios web suelen ser de fuera de la regi\u00f3n, pero demuestran su alcance global con la pertenencia a la organizaci\u00f3n.<\/p>\n<blockquote><p>LACMA es una asociaci\u00f3n compuesta por las mejores empresas de mudanzas internacionales de Am\u00e9rica Latina y el Caribe, que representan m\u00e1s del 90% de las mudanzas desde y hacia esta regi\u00f3n.<\/p><\/blockquote>\n<p>- <a href=\"http:\/\/www.brytor.ca\/memberships.php\" target=\"_blank\" rel=\"noopener\">Brytor International Moving<\/a><\/p>\n<blockquote><p>El LACMA es la asociaci\u00f3n que incluye los mejores 260 <a href=\"https:\/\/moverdb.com\/es\/moving-companies\/\" data-internallinksmanager029f6b8e52c=\"79\" title=\"Las 25 mejores empresas de mudanzas internacionales en l\u00ednea\">empresas de mudanzas<\/a> del mundo, principalmente de Am\u00e9rica Latina y el Caribe. Debido a su prestigio, generan 90% de las importaciones y exportaciones realizadas en Am\u00e9rica Latina.<\/p><\/blockquote>\n<p>- <a href=\"http:\/\/miglobal.com\/miglobal.com\/httpdocs\/affiliations.html\" target=\"_blank\" rel=\"noopener\">Mudanzas Internacionales Global<\/a><\/p>\n<p><strong>P\u00e1gina web:<\/strong> <a href=\"http:\/\/www.lacmassoc.org\/\" target=\"_blank\" rel=\"noopener\">http:\/\/www.lacmassoc.org\/<\/a><\/p>","protected":false},"excerpt":{"rendered":"<p>The Latin American and Caribbean International Movers Association (LACIMA) represents a collection of moving and relocation companies with a view to encouraging integration of locally based businesses, as well as others across the world. Key facts about LACMA: a Membership of LACMA is open to moving and relocation companies from Latin America and the rest [&hellip;]<\/p>\n","protected":false},"author":1,"featured_media":0,"parent":0,"menu_order":0,"comment_status":"closed","ping_status":"closed","template":"","meta":{"_genesis_hide_title":false,"_genesis_hide_breadcrumbs":false,"_genesis_hide_singular_image":false,"_genesis_hide_footer_widgets":false,"_genesis_custom_body_class":"","_genesis_custom_post_class":"","_genesis_layout":"","footnotes":""},"class_list":{"0":"post-439","1":"page","2":"type-page","3":"status-publish","5":"entry"},"_links":{"self":[{"href":"https:\/\/moverdb.com\/es\/wp-json\/wp\/v2\/pages\/439","targetHints":{"allow":["GET"]}}],"collection":[{"href":"https:\/\/moverdb.com\/es\/wp-json\/wp\/v2\/pages"}],"about":[{"href":"https:\/\/moverdb.com\/es\/wp-json\/wp\/v2\/types\/page"}],"author":[{"embeddable":true,"href":"https:\/\/moverdb.com\/es\/wp-json\/wp\/v2\/users\/1"}],"replies":[{"embeddable":true,"href":"https:\/\/moverdb.com\/es\/wp-json\/wp\/v2\/comments?post=439"}],"version-history":[{"count":21,"href":"https:\/\/moverdb.com\/es\/wp-json\/wp\/v2\/pages\/439\/revisions"}],"predecessor-version":[{"id":13169,"href":"https:\/\/moverdb.com\/es\/wp-json\/wp\/v2\/pages\/439\/revisions\/13169"}],"wp:attachment":[{"href":"https:\/\/moverdb.com\/es\/wp-json\/wp\/v2\/media?parent=439"}],"curies":[{"name":"wp","href":"https:\/\/api.w.org\/{rel}","templated":true}]}}