{"id":438,"date":"2016-06-12T15:34:55","date_gmt":"2016-06-12T15:34:55","guid":{"rendered":"http:\/\/moverdb.com\/?page_id=438"},"modified":"2026-01-08T15:20:25","modified_gmt":"2026-01-08T15:20:25","slug":"ncbfaa","status":"publish","type":"page","link":"https:\/\/moverdb.com\/es\/ncbfaa\/","title":{"rendered":"Asociaci\u00f3n Nacional de Agentes de Aduanas y Transitarios de Am\u00e9rica (NCBFAA)"},"content":{"rendered":"<p>La National Customs Brokers &amp; Forwarders Association of America (NCBFAA) est\u00e1 considerada como la voz del sector de la log\u00edstica del transporte en Estados Unidos. <\/p>\n<p>Es una organizaci\u00f3n que trabaja constantemente para representar a sus miembros y al sector, a nivel legal y reglamentario.<\/p>\n<p><strong>Datos clave sobre el NCBFAA:<\/strong><\/p>\n<ol>\n<li>  La NCBFAA representa a m\u00e1s de 970 empresas miembros, con 110.000 empleados en el comercio internacional.<\/li>\n<li>  La NCBFAA se cre\u00f3 en 1897 en <a href=\"https:\/\/moverdb.com\/es\/moving-to-nyc\/\">Nueva York<\/a>.<\/li>\n<li>  Los miembros del NCBFAA son <a href=\"https:\/\/moverdb.com\/es\/transitario\/\">transportistas<\/a>La empresa se encarga de la gesti\u00f3n de la carga a\u00e9rea, los agentes de aduanas, los intermediarios de transporte mar\u00edtimo, los NVOCC y los agentes de carga a\u00e9rea, prestando servicio a m\u00e1s de 250.000 importadores y exportadores.<\/li>\n<li>  Los miembros del NCBFAA proceden en su totalidad de empresas estadounidenses, salvo los miembros asociados.<\/li>\n<li>  La NCBFAA tiene varios tipos principales de miembros: Regulares (agentes de aduanas con licencia, transitarios mar\u00edtimos con licencia, agentes de carga a\u00e9rea internacional y transportistas comunes que no operan con buques en Am\u00e9rica), Afiliados (en el negocio como proveedores o vendedores de servicios relacionados con el transporte, servicios comerciales internacionales o productos espec\u00edficos para funciones dentro del comercio internacional), Asociados (agentes de aduanas y\/o <a href=\"https:\/\/moverdb.com\/es\/freight-forwarder\/\" data-internallinksmanager029f6b8e52c=\"17\" title=\"Gu\u00eda de empresas y costes internacionales de transitarios y NVOCC\">transportista<\/a> domiciliado fuera de Am\u00e9rica).<\/li>\n<li>  La NCBFAA tiene su sede en <a href=\"https:\/\/moverdb.com\/es\/mudanza-a-washington-dc\/\">Washington<\/a>.<\/li>\n<li>  El papel principal del NCBFAA es mantener una estrecha vigilancia sobre las cuestiones legislativas y reglamentarias que afectan a los miembros, y mantenerlos informados de dichas cuestiones.<\/li>\n<li>  La NCBFAA se considera la voz nacional efectiva del sector.<\/li>\n<\/ol>\n<p><strong>Perfil de la National Customs Brokers &amp; Forwarders Association of America<\/strong><\/p>\n<p>La NCBFAA desempe\u00f1a un importante papel en la representaci\u00f3n de los miembros de la industria log\u00edstica en Estados Unidos. Ha participado en debates sobre cuestiones que afectan al sector, como la legislaci\u00f3n aduanera, y ha presionado al Congreso para que persiga y proteja los derechos e intereses de los miembros. <\/p>\n<p>La NCBFAA era conocida como la Asociaci\u00f3n de Agentes de Aduanas y Transitarios de Baltimore y comenz\u00f3 como una organizaci\u00f3n del sector que promov\u00eda y educaba a los <a href=\"https:\/\/moverdb.com\/es\/top-49-container-ports\/\" data-internallinksmanager029f6b8e52c=\"80\" title=\"Los 49 puertos de contenedores m\u00e1s grandes y activos en 2025\">Puerto<\/a> de Baltimore. <\/p>\n<p>La organizaci\u00f3n se convirti\u00f3 en el NCBFAA en 1983 \"para reflejar mejor un nuevo y m\u00e1s amplio alcance\". El NCBFAA es una organizaci\u00f3n sin \u00e1nimo de lucro concebida para promover los intereses de sus miembros -e impulsar sus objetivos- tanto en el mercado de consumo como en el seno de la Administraci\u00f3n.<\/p>\n<p><strong>Criterios de afiliaci\u00f3n:<\/strong><\/p>\n<p>De acuerdo con los estatutos del NCBFAA, todos los solicitantes de Miembro Regular deben: <\/p>\n<blockquote><p>... ser\u00e1 propuesto por un Miembro Regular y secundado por otro Miembro Regular en un formulario provisto para tal fin, el cual deber\u00e1 contener el nombre, direcci\u00f3n y ocupaci\u00f3n del solicitante y los nombres de los Miembros Regulares que proponen y secundan la solicitud. Los Miembros que propongan y secunden la solicitud deber\u00e1n proporcionar informaci\u00f3n sobre la posici\u00f3n y el car\u00e1cter del solicitante.<\/p><\/blockquote>\n<p>Hay que pagar una cuota, rellenar un formulario y los posibles miembros deben demostrar que pertenecen a una de las categor\u00edas de miembros, por ejemplo.<\/p>\n<ul>\n<li> Agente de aduanas - N\u00famero de licencia de agente<\/li>\n<li> OTI - N\u00famero de licencia FMC<\/li>\n<li> Transportista a\u00e9reo internacional\/agente de carga a\u00e9rea: CNS\/<a href=\"https:\/\/moverdb.com\/es\/iata\/\">IATA<\/a> N\u00famero de registro<\/li>\n<li> NVOCC: N\u00famero de bono FMC<\/li>\n<\/ul>\n<p><strong>Opiniones sobre el NCBFAA<\/strong><\/p>\n<p>La NCBFAA no se menciona con mucha frecuencia en los sitios web de las empresas individuales. Sin embargo, se cita m\u00e1s a menudo como fuente de informaci\u00f3n y de datos \u00fatiles sobre y para los transitarios. <\/p>\n<p>Tambi\u00e9n hay una serie de sitios web en los que aparecen las cl\u00e1usulas est\u00e1ndar redactadas por el NCBFAA, con una nota en la que se indica que \u00e9stas se han dado a conocer a los miembros y que el NCBFAA no asume ninguna responsabilidad legal por ellas. <\/p>\n<p>Esto indicar\u00eda que la asociaci\u00f3n ofrece a sus miembros una base de datos de documentos, as\u00ed como informaci\u00f3n y asesoramiento. La conferencia anual tambi\u00e9n es claramente un evento destacado y recibe una menci\u00f3n en el <a href=\"https:\/\/www.cbp.gov\/newsroom\/speeches-and-statements\/2016-04-20-000000\/commissioner-kerlikowske%E2%80%99s-remarks-national\" target=\"_blank\" rel=\"noopener\">Sitio web de la Oficina de Aduanas y Protecci\u00f3n de Fronteras de Estados Unidos<\/a>.<\/p>\n<blockquote><p>La NCBFAA es la voz nacional efectiva del sector. A trav\u00e9s de sus diversos comit\u00e9s, consejos y representantes, la Asociaci\u00f3n mantiene una estrecha vigilancia sobre las cuestiones legislativas y reglamentarias que afectan a sus miembros<\/p><\/blockquote>\n<p>- <a href=\"http:\/\/www.shipuwl.com\/member-of-national-customs-brokers-forwarders-association-of-america-inc-ncbfaa\/\" target=\"_blank\" rel=\"noopener\">UWL<\/a><\/p>\n<blockquote><p>La agencia vigila las cuestiones legislativas y reglamentarias que afectan a sus miembros...<\/p><\/blockquote>\n<p>- <a href=\"http:\/\/www.bdpinternational.com\/news-advisories-events\/trend-watch\/bdp-international-joins-the-national-customs-brokers-forwarders-association-of-america-inc\/\" target=\"_blank\" rel=\"noopener\">BDP Internacional<\/a><\/p>\n<p><strong>M\u00e1s informaci\u00f3n:<\/strong> <a href=\"https:\/\/moverdb.com\/es\/transitario\/\">Gu\u00eda de empresas y costes internacionales de transitarios y NVOCC<\/a> <\/p>\n<p><strong>P\u00e1gina web:<\/strong> <a href=\"http:\/\/www.ncbfaa.org\/\" target=\"_blank\" rel=\"noopener\">http:\/\/www.ncbfaa.org\/<\/a><\/p>","protected":false},"excerpt":{"rendered":"<p>The National Customs Brokers &#038; Forwarders Association of America (NCBFAA) is viewed as the voice of the transportation logistics industry in America. It is an organisation that constantly works to represent its members and sector, on a legal and regulatory level. Key facts about NCBFAA: The NCBFAA represents more than 970 member companies, with 110,000 [&hellip;]<\/p>\n","protected":false},"author":1,"featured_media":0,"parent":0,"menu_order":0,"comment_status":"closed","ping_status":"closed","template":"","meta":{"_genesis_hide_title":false,"_genesis_hide_breadcrumbs":false,"_genesis_hide_singular_image":false,"_genesis_hide_footer_widgets":false,"_genesis_custom_body_class":"","_genesis_custom_post_class":"","_genesis_layout":"","footnotes":""},"class_list":{"0":"post-438","1":"page","2":"type-page","3":"status-publish","5":"entry"},"_links":{"self":[{"href":"https:\/\/moverdb.com\/es\/wp-json\/wp\/v2\/pages\/438","targetHints":{"allow":["GET"]}}],"collection":[{"href":"https:\/\/moverdb.com\/es\/wp-json\/wp\/v2\/pages"}],"about":[{"href":"https:\/\/moverdb.com\/es\/wp-json\/wp\/v2\/types\/page"}],"author":[{"embeddable":true,"href":"https:\/\/moverdb.com\/es\/wp-json\/wp\/v2\/users\/1"}],"replies":[{"embeddable":true,"href":"https:\/\/moverdb.com\/es\/wp-json\/wp\/v2\/comments?post=438"}],"version-history":[{"count":8,"href":"https:\/\/moverdb.com\/es\/wp-json\/wp\/v2\/pages\/438\/revisions"}],"predecessor-version":[{"id":6223,"href":"https:\/\/moverdb.com\/es\/wp-json\/wp\/v2\/pages\/438\/revisions\/6223"}],"wp:attachment":[{"href":"https:\/\/moverdb.com\/es\/wp-json\/wp\/v2\/media?parent=438"}],"curies":[{"name":"wp","href":"https:\/\/api.w.org\/{rel}","templated":true}]}}