{"id":437,"date":"2016-06-12T15:02:39","date_gmt":"2016-06-12T15:02:39","guid":{"rendered":"http:\/\/moverdb.com\/?page_id=437"},"modified":"2026-01-08T13:18:34","modified_gmt":"2026-01-08T13:18:34","slug":"hgfaa","status":"publish","type":"page","link":"https:\/\/moverdb.com\/es\/hgfaa\/","title":{"rendered":"Explicaci\u00f3n de la Household Goods Forwarders Association of America (HGFAA)"},"content":{"rendered":"<p>La Household Goods Forwarders Association of America (HGFAA) se describe a s\u00ed misma como una asociaci\u00f3n mundial de empresas de mudanzas que se comprometen a garantizar que los clientes reciban el mejor servicio posible durante su traslado. Ahora ha sido sustituida por la <a href=\"https:\/\/moverdb.com\/es\/soy\/\">Asociaci\u00f3n Internacional de Empresas de Mudanzas<\/a> (<a href=\"https:\/\/moverdb.com\/es\/iam\/\" data-internallinksmanager029f6b8e52c=\"23\" title=\"Explicaci\u00f3n de la Asociaci\u00f3n Internacional de Empresas de Mudanzas (IAM)\">IAM<\/a>), aunque varias empresas de mudanzas siguen incluy\u00e9ndola en sus sitios web. <\/p>\n<p><strong>Datos clave sobre la HGFAA:<\/strong><\/p>\n<ol>\n<li>  La HGFAA cuenta con m\u00e1s de 1.800 empresas afiliadas en todo el mundo.<\/li>\n<li>  La HGFAA es una organizaci\u00f3n mundial con miembros de m\u00e1s de 160 pa\u00edses y territorios.<\/li>\n<li>  Portal es la revista sectorial de la asociaci\u00f3n.<\/li>\n<li>  La Asociaci\u00f3n representa al sector de las mudanzas en el <a href=\"https:\/\/moverdb.com\/es\/moving-to-the-united-states\/\" data-internallinksmanager029f6b8e52c=\"94\" title=\"\u00bfSe muda a Estados Unidos? 2026 Costes de vida y consejos de reubicaci\u00f3n\">Estados Unidos<\/a>.<\/li>\n<li>  La HGFAA es conocida por su red de comunicaciones y sus instalaciones de formaci\u00f3n.<\/li>\n<\/ol>\n<p><strong>Perfil de la Household Goods Forwarders Association of America:<\/strong><\/p>\n<p>La HGFAA se centra en el consumidor y ofrece una base de datos de empresas de mudanzas fiables que pueden ayudar a trasladarse a cualquier parte del mundo. Se compromete a ofrecer un alto nivel de servicio y a garantizar que los consumidores tengan toda la informaci\u00f3n que necesitan para mudarse, desde la organizaci\u00f3n del d\u00eda de la mudanza hasta la asistencia sanitaria. <\/p>\n<p>La HGFAA produce su propia revista del sector, llamada Portal, con seis n\u00fameros al a\u00f1o. Su p\u00e1gina web ofrece una gran cantidad de enlaces, tanto para el sector como para los consumidores, sobre temas de inter\u00e9s, como las dietas, los viajes y el transporte y las mudanzas con mascotas.<\/p>\n<p><strong>Criterios de afiliaci\u00f3n:<\/strong><\/p>\n<p>La HGFAA ofrece un formulario de afiliaci\u00f3n descargable, pero actualmente no es accesible a trav\u00e9s del sitio web. En el sitio web no figuran las condiciones de afiliaci\u00f3n.<\/p>\n<p><strong>Ejemplos de empresas miembros<\/strong><\/p>\n<ul>\n<li> <a href=\"https:\/\/moverdb.com\/es\/atlas-van-lines-international\/\">Atlas Van Lines<\/a><\/li>\n<li> <a href=\"https:\/\/moverdb.com\/es\/eagle-relocations\/\">Eagle Relocations<\/a><\/li>\n<li> <a href=\"https:\/\/moverdb.com\/es\/exceso-de-mudanzas-internacionales\/\">Excesos de mudanzas internacionales<\/a><\/li>\n<li> <a href=\"https:\/\/moverdb.com\/es\/fn-removals\/\">Mudanzas F&amp;N Worldwide<\/a><\/li>\n<li> <a href=\"https:\/\/moverdb.com\/es\/mudanzas-gou\/\">Mudanzas Gou<\/a><\/li>\n<\/ul>\n<p><strong>Opiniones sobre la HGFAA:<\/strong><\/p>\n<p>La HGFAA no tiene un gran perfil en l\u00ednea y no se menciona en muchos sitios web de empresas de mudanzas. Las opiniones en l\u00ednea sobre la HGFAA de las empresas de mudanzas que la mencionan en sus sitios web se centran en el car\u00e1cter global de la asociaci\u00f3n y su compromiso con los altos est\u00e1ndares de servicio.<\/p>\n<p><a href=\"http:\/\/www.bloomberg.com\/profiles\/companies\/0774891D:US-household-goods-forwarders-association-of-america\" target=\"_blank\" rel=\"noopener\">Bloomberg se centra en<\/a> en su representaci\u00f3n del sector, el hecho de que act\u00fae como red de comunicaci\u00f3n y centro de formaci\u00f3n y la riqueza de la formaci\u00f3n, los recursos, las publicaciones y los servicios de referencia.<\/p>\n<blockquote><p>La HHGFAA es una asociaci\u00f3n mundial de transportistas y empresas de mudanzas que se compromete a proporcionar a los clientes el m\u00e1s alto nivel de servicio disponible.<\/p><\/blockquote>\n<p>- <a href=\"http:\/\/www.amjbc.ca\/international-moving-services\/\" target=\"_blank\" rel=\"noopener\">AMJ Campbell Reubicaciones en el mundo<\/a><\/p>\n<p><strong>P\u00e1gina web:<\/strong> <a href=\"http:\/\/www.hhgfaa.org\/\" target=\"_blank\" rel=\"noopener\">http:\/\/www.hhgfaa.org\/<\/a><\/p>","protected":false},"excerpt":{"rendered":"<p>The Household Goods Forwarders Association of America (HGFAA) describes itself as a global association of movers who are committed to ensuring that customers receive the best possible service during their move. It has now been replaced by the International Association of Movers (IAM), although several movers still list it on their websites. Key facts about [&hellip;]<\/p>\n","protected":false},"author":1,"featured_media":0,"parent":0,"menu_order":0,"comment_status":"closed","ping_status":"closed","template":"","meta":{"_genesis_hide_title":false,"_genesis_hide_breadcrumbs":false,"_genesis_hide_singular_image":false,"_genesis_hide_footer_widgets":false,"_genesis_custom_body_class":"","_genesis_custom_post_class":"","_genesis_layout":"","footnotes":""},"class_list":{"0":"post-437","1":"page","2":"type-page","3":"status-publish","5":"entry"},"_links":{"self":[{"href":"https:\/\/moverdb.com\/es\/wp-json\/wp\/v2\/pages\/437","targetHints":{"allow":["GET"]}}],"collection":[{"href":"https:\/\/moverdb.com\/es\/wp-json\/wp\/v2\/pages"}],"about":[{"href":"https:\/\/moverdb.com\/es\/wp-json\/wp\/v2\/types\/page"}],"author":[{"embeddable":true,"href":"https:\/\/moverdb.com\/es\/wp-json\/wp\/v2\/users\/1"}],"replies":[{"embeddable":true,"href":"https:\/\/moverdb.com\/es\/wp-json\/wp\/v2\/comments?post=437"}],"version-history":[{"count":12,"href":"https:\/\/moverdb.com\/es\/wp-json\/wp\/v2\/pages\/437\/revisions"}],"predecessor-version":[{"id":6221,"href":"https:\/\/moverdb.com\/es\/wp-json\/wp\/v2\/pages\/437\/revisions\/6221"}],"wp:attachment":[{"href":"https:\/\/moverdb.com\/es\/wp-json\/wp\/v2\/media?parent=437"}],"curies":[{"name":"wp","href":"https:\/\/api.w.org\/{rel}","templated":true}]}}