{"id":436,"date":"2016-06-12T14:04:20","date_gmt":"2016-06-12T14:04:20","guid":{"rendered":"http:\/\/moverdb.com\/?page_id=436"},"modified":"2026-01-08T14:47:42","modified_gmt":"2026-01-08T14:47:42","slug":"aima","status":"publish","type":"page","link":"https:\/\/moverdb.com\/es\/aima\/","title":{"rendered":"Explicaci\u00f3n de la Asociaci\u00f3n Australiana de Empresas de Mudanzas Internacionales (AIMA)"},"content":{"rendered":"<p>La Asociaci\u00f3n Australiana de Mudanzas Internacionales (AIMA) se describe a s\u00ed misma como un foro profesional para la <a href=\"https:\/\/moverdb.com\/es\/international-removals\/\" data-internallinksmanager029f6b8e52c=\"27\" title=\"36 mejores empresas de mudanzas internacionales del Reino Unido\">mudanzas internacionales<\/a> de la industria. Los miembros deben tener <a href=\"https:\/\/moverdb.com\/es\/fidi-faim\/\">FIDI\/FAIM<\/a> o cumplir estrictos criterios de afiliaci\u00f3n, incluidos los requisitos de integridad financiera.<\/p>\n<p><strong>Datos clave sobre AIMA:<\/strong><\/p>\n<ol>\n<li>  Se cre\u00f3 en 1975.<\/li>\n<li>  Cuenta con unos 60 miembros en <a href=\"https:\/\/moverdb.com\/es\/moving-to-australia\/living-in-australia\/\" data-internallinksmanager029f6b8e52c=\"240\" title=\"21 secretos sobre la vida en Australia que debes conocer antes de mudarte\">Australia<\/a>.<\/li>\n<li>  La AIMA representa al sector de las mudanzas en Australia y no atrae a miembros de fuera del pa\u00eds. Sin embargo, cubre a las empresas australianas que hacen <a href=\"https:\/\/moverdb.com\/es\/empresas-de-mudanzas\/\">mudanzas internacionales<\/a>.<\/li>\n<li>  Es reconocido como el <a href=\"https:\/\/moverdb.com\/es\/fidi-faim\/\" data-internallinksmanager029f6b8e52c=\"16\" title=\"Explicaci\u00f3n del FIDI y del FAIM (FIDI Accredited International Mover)\">FIDI<\/a> Asociaci\u00f3n en Australia.<\/li>\n<li>  Los miembros no tienen que ser titulares de certificaciones FIDI\/FAIM para unirse.<\/li>\n<li>  AIMA representa a los afiliados de la FIDI <a href=\"https:\/\/moverdb.com\/es\/moving-companies\/australia-moving-companies\/\" data-internallinksmanager029f6b8e52c=\"176\" title=\"17 mejores empresas de mudanzas internacionales en Australia\">mudanzas en Australia<\/a> como \"Asociaci\u00f3n FIDI\" y env\u00eda delegados al Congreso y a la Asamblea General de la FIDI que se celebran anualmente.<\/li>\n<\/ol>\n<p><strong>Perfil de la Asociaci\u00f3n Australiana de Empresas de Mudanzas Internacionales:<\/strong><\/p>\n<p>La misi\u00f3n de la AIMA es permitir que el sector australiano de las mudanzas se gobierne a s\u00ed mismo, mejore sus servicios, garantice que los clientes reciban mejores servicios, proteja los intereses p\u00fablicos y ofrezca al sector una forma de tratar como uno solo con el gobierno. <\/p>\n<p>AIMA tambi\u00e9n ofrece un tribunal de disputas independiente. Es la asociaci\u00f3n FIDI reconocida en Australia, lo que significa que las empresas de mudanzas con FIDI\/FAIM pueden afiliarse autom\u00e1ticamente a AIMA. Australia <a href=\"https:\/\/moverdb.com\/es\/moving-companies\/\" data-internallinksmanager029f6b8e52c=\"79\" title=\"Las 25 mejores empresas de mudanzas internacionales en l\u00ednea\">empresas de mudanzas<\/a> sin FAIM siguen siendo elegibles para ser miembros de AIMA, pero deben satisfacer los criterios que miden sus conocimientos especializados, recursos, experiencia y posici\u00f3n financiera. <\/p>\n<p>S\u00f3lo los miembros de AIMA est\u00e1n sujetos al proceso del tribunal de disputas de AIMA.<\/p>\n<p><strong>Criterios de afiliaci\u00f3n:<\/strong><\/p>\n<p>Los estrictos criterios de afiliaci\u00f3n de AIMA incluyen la verificaci\u00f3n de la capacidad operativa y la integridad financiera. Los detalles de estos criterios no se comparten en el sitio web.<\/p>\n<p>Las empresas que ya son titulares de la FIDI\/FAIM tienen derecho a afiliarse autom\u00e1ticamente.<\/p>\n<p><strong>Empresas miembros<\/strong><\/p>\n<ul>\n<li> <a href=\"https:\/\/moverdb.com\/es\/conroy-removals\/\">Mudanzas Conroy<\/a><\/li>\n<\/ul>\n<p><strong>Opiniones sobre AIMA:<\/strong><\/p>\n<p>La AIMA es una de las organizaciones de mudanzas internacionales que ofrece la garant\u00eda de que una mudanza se llevar\u00e1 a cabo de acuerdo con las normas m\u00e1s estrictas. Es una garant\u00eda de que una empresa de mudanzas cuenta con las calificaciones adecuadas y est\u00e1 al d\u00eda con lo que se considera la mejor pr\u00e1ctica local. <\/p>\n<p>Varias empresas incluyen a AIMA en sus sitios web como una acreditaci\u00f3n internacional, una marca de calidad junto a otras como la FIDI. Sin embargo, el alcance de AIMA es bastante limitado, ya que no tiene tantos miembros como algunas organizaciones similares de otros pa\u00edses.<\/p>\n<p>Hay <a href=\"http:\/\/vandijktrack.com\/mim\/\" target=\"_blank\" rel=\"noopener\">un sitio web negativo<\/a> que indica que un cliente est\u00e1 en disputa con un miembro de AIMA y que recibir un resultado sobre la disputa ha tomado un tiempo considerable. <\/p>\n<p>Esta persona indica que no se tomar\u00eda demasiado en serio una acreditaci\u00f3n de AIMA como indicaci\u00f3n de calidad. Sin embargo, en el sitio web tambi\u00e9n se indica que AIMA les prest\u00f3 asistencia y que el litigio no parece haberse actualizado desde 2010, lo que indica que se solucion\u00f3.<\/p>\n<blockquote><p>Por lo tanto, los ciudadanos que eligen a un miembro de AIMA para realizar su mudanza internacional pueden hacerlo con confianza.<\/p><\/blockquote>\n<p>- <a href=\"http:\/\/www.ossworldwidemovers.com\/australian-international-movers-association\" target=\"_blank\" rel=\"noopener\">OSS World Wide Movers<\/a><\/p>\n<blockquote><p>Australian International Movers Association (AIMA) - Garantiza que los miembros est\u00e9n debidamente cualificados con las mejores pr\u00e1cticas del sector actualizadas.<\/p><\/blockquote>\n<p>- <a href=\"http:\/\/www.internationalremovalsaustralia.com.au\/why-choose-us\" target=\"_blank\" rel=\"noopener\">KeysBros Soluciones de Mudanza<\/a><\/p>\n<p><strong>P\u00e1gina web:<\/strong> <a href=\"http:\/\/aima.com.au\/\" target=\"_blank\" rel=\"noopener\">http:\/\/aima.com.au\/<\/a><\/p>\n<h2>Otras gu\u00edas \u00fatiles sobre Australia<\/h2>\n<ul>\n<li> <a href=\"https:\/\/moverdb.com\/es\/transporte-de-contenedores\/australia\/\">2024 Tarifas de transporte mar\u00edtimo de contenedores desde y hacia Australia<\/a><\/li>\n<li> <a href=\"https:\/\/moverdb.com\/es\/empresas-de-mudanzas\/australia-2\/\">17 mejores empresas de mudanzas internacionales en Australia<\/a><\/li>\n<li> <a href=\"https:\/\/moverdb.com\/es\/los-mejores-servicios-internacionales-de-transferencia-de-dinero\/money-transfer-companies-australia\/\">10 mejores empresas de transferencia de dinero en Australia<\/a><\/li>\n<li> <a href=\"https:\/\/moverdb.com\/es\/mudarse-a-australia\/\">\u00bfMudarse a Australia? 2026 Coste de la vida y consejos para la reubicaci\u00f3n<\/a><\/li>\n<li> <a href=\"https:\/\/moverdb.com\/es\/mudarse-a-australia\/best-places-to-live-australia\/\">13 mejores lugares para vivir en Australia<\/a><\/li>\n<li> <a href=\"https:\/\/moverdb.com\/es\/mudarse-a-australia\/vivir-en-australia\/\">21 secretos sobre la vida en Australia que debes conocer antes de mudarte<\/a><\/li>\n<li> <a href=\"https:\/\/moverdb.com\/es\/mudarse-a-australia\/moving-to-perth\/\">\u00bfSe muda a Perth? 2026 Coste de la vida y consejos para el traslado<\/a><\/li>\n<li> <a href=\"https:\/\/moverdb.com\/es\/mudarse-a-australia\/moving-to-australia-from-the-us\/\">Trasladarse a Australia desde Estados Unidos<\/a><\/li>\n<li> <a href=\"https:\/\/moverdb.com\/es\/transporte-de-contenedores\/to-australia-from-the-united-states\/\">Gastos de env\u00edo de contenedores a Australia desde Estados Unidos<\/a><\/li>\n<li> <a href=\"https:\/\/moverdb.com\/es\/mudarse-a-australia\/moving-to-australia-from-the-uk\/\">Trasladarse a Australia desde el Reino Unido<\/a><\/li>\n<li> <a href=\"https:\/\/moverdb.com\/es\/transporte-de-contenedores\/to-australia-from-the-uk\/\">Env\u00edo de contenedores a Australia desde el Reino Unido Costes y plazos<\/a><\/li>\n<li> <a href=\"https:\/\/moverdb.com\/es\/mudarse-a-australia\/moving-to-australia-from-bahrain\/\">Trasladarse a Australia desde Bahr\u00e9in<\/a><\/li>\n<li> <a href=\"https:\/\/moverdb.com\/es\/mudarse-a-australia\/moving-to-australia-from-the-uae\/\">Trasladarse a Australia desde Dubai y los EAU<\/a><\/li>\n<li> <a href=\"https:\/\/moverdb.com\/es\/transporte-de-contenedores\/to-australia-from-dubai\/\">Env\u00edo de contenedores a Australia desde Dubai Costes y plazos<\/a><\/li>\n<li> <a href=\"https:\/\/moverdb.com\/es\/transporte-de-contenedores\/to-australia-from-uae\/\">Env\u00edo de contenedores a Australia desde los EAU Costes y plazos<\/a><\/li>\n<li> <a href=\"https:\/\/moverdb.com\/es\/mudarse-a-australia\/moving-to-australia-from-kuwait\/\">Mudarse a Australia desde Kuwait<\/a><\/li>\n<li> <a href=\"https:\/\/moverdb.com\/es\/mudarse-a-australia\/moving-to-australia-from-qatar\/\">Mudarse a Australia desde Qatar<\/a><\/li>\n<li> <a href=\"https:\/\/moverdb.com\/es\/transporte-de-contenedores\/to-australia-from-qatar\/\">Env\u00edo de contenedores a Australia desde Qatar Costes y plazos<\/a><\/li>\n<li> <a href=\"https:\/\/moverdb.com\/es\/mudarse-a-australia\/moving-to-australia-from-singapore\/\">Trasladarse a Australia desde Singapur<\/a><\/li>\n<li> <a href=\"https:\/\/moverdb.com\/es\/transporte-de-contenedores\/to-australia-from-singapore\/\">Env\u00edo de contenedores a Australia desde Singapur Costes y plazos<\/a><\/li>\n<li> <a href=\"https:\/\/moverdb.com\/es\/mudarse-a-australia\/moving-to-australia-from-south-africa\/\">Trasladarse a Australia desde Sud\u00e1frica<\/a><\/li>\n<li> <a href=\"https:\/\/moverdb.com\/es\/transporte-de-contenedores\/to-australia-from-canada\/\">Gastos de env\u00edo de contenedores a Australia desde Canad\u00e1<\/a><\/li>\n<li> <a href=\"https:\/\/moverdb.com\/es\/transporte-de-contenedores\/to-australia-from-new-zealand\/\">Gastos de env\u00edo de contenedores a Australia desde Nueva Zelanda<\/a><\/li>\n<li> <a href=\"https:\/\/moverdb.com\/es\/mudarse-a-australia\/moving-to-hobart\/\">\u00bfSe muda a Hobart? 2026 Coste de la vida y consejos para el traslado<\/a><\/li>\n<li> <a href=\"https:\/\/moverdb.com\/es\/mudarse-a-australia\/moving-to-gold-coast\/\">\u00bfSe muda a Gold Coast? 2026 Coste de la vida y consejos para el traslado<\/a><\/li>\n<li> <a href=\"https:\/\/moverdb.com\/es\/mudarse-a-australia\/moving-to-melbourne\/\">\u00bfSe muda a Melbourne? 2026 Coste de la vida y consejos para el traslado<\/a><\/li>\n<\/ul>","protected":false},"excerpt":{"rendered":"<p>The Australian International Movers Association (AIMA) describes itself as a professional forum for the international removals industry. Members must hold FIDI\/FAIM or meet strict membership criteria, including requirements for financial integrity. Key facts about AIMA: It was established in 1975. It has around 60 members in Australia. AIMA represents the moving industry in Australia and [&hellip;]<\/p>\n","protected":false},"author":1,"featured_media":0,"parent":0,"menu_order":0,"comment_status":"closed","ping_status":"closed","template":"","meta":{"_genesis_hide_title":false,"_genesis_hide_breadcrumbs":false,"_genesis_hide_singular_image":false,"_genesis_hide_footer_widgets":false,"_genesis_custom_body_class":"","_genesis_custom_post_class":"","_genesis_layout":"","footnotes":""},"class_list":{"0":"post-436","1":"page","2":"type-page","3":"status-publish","5":"entry"},"_links":{"self":[{"href":"https:\/\/moverdb.com\/es\/wp-json\/wp\/v2\/pages\/436","targetHints":{"allow":["GET"]}}],"collection":[{"href":"https:\/\/moverdb.com\/es\/wp-json\/wp\/v2\/pages"}],"about":[{"href":"https:\/\/moverdb.com\/es\/wp-json\/wp\/v2\/types\/page"}],"author":[{"embeddable":true,"href":"https:\/\/moverdb.com\/es\/wp-json\/wp\/v2\/users\/1"}],"replies":[{"embeddable":true,"href":"https:\/\/moverdb.com\/es\/wp-json\/wp\/v2\/comments?post=436"}],"version-history":[{"count":9,"href":"https:\/\/moverdb.com\/es\/wp-json\/wp\/v2\/pages\/436\/revisions"}],"predecessor-version":[{"id":17998,"href":"https:\/\/moverdb.com\/es\/wp-json\/wp\/v2\/pages\/436\/revisions\/17998"}],"wp:attachment":[{"href":"https:\/\/moverdb.com\/es\/wp-json\/wp\/v2\/media?parent=436"}],"curies":[{"name":"wp","href":"https:\/\/api.w.org\/{rel}","templated":true}]}}