{"id":435,"date":"2016-06-12T14:17:13","date_gmt":"2016-06-12T14:17:13","guid":{"rendered":"http:\/\/moverdb.com\/?page_id=435"},"modified":"2026-01-08T14:47:40","modified_gmt":"2026-01-08T14:47:40","slug":"afra","status":"publish","type":"page","link":"https:\/\/moverdb.com\/es\/afra\/","title":{"rendered":"Explicaci\u00f3n de la Asociaci\u00f3n Australiana de Empresas de Mudanzas (AFRA)"},"content":{"rendered":"<p>La Asociaci\u00f3n Australiana de Empresas de Mudanzas (AFRA) se describe a s\u00ed misma como representante y reguladora del sector de las mudanzas en <a href=\"https:\/\/moverdb.com\/es\/moving-to-australia\/living-in-australia\/\" data-internallinksmanager029f6b8e52c=\"240\" title=\"21 secretos sobre la vida en Australia que debes conocer antes de mudarte\">Australia<\/a>. <\/p>\n<p>Tiene un amplio alcance geogr\u00e1fico dentro de Australia y se cita a menudo como una marca de calidad.<\/p>\n<p><strong>Datos clave sobre el AFRA:<\/strong><\/p>\n<ol>\n<li>  En la actualidad, alrededor de 350 empresas de mudanzas y asociadas son miembros de AFRA.<\/li>\n<li>  Los miembros de la AFRA cubren pr\u00e1cticamente todas las regiones de Australia, pero no los lugares internacionales.<\/li>\n<li>  Los miembros del AFRA deben someterse a auditor\u00edas peri\u00f3dicas. Hay una auditor\u00eda inicial que tiene lugar con la solicitud de afiliaci\u00f3n, seguida de una auditor\u00eda 12 meses despu\u00e9s de la aceptaci\u00f3n y, a continuaci\u00f3n, una auditor\u00eda cada cuatro a\u00f1os. Si las auditor\u00edas revelan que los miembros no cumplen los requisitos b\u00e1sicos, existe un plazo de 21 d\u00edas para corregirlo antes de que la AFRA pueda tomar medidas disciplinarias contra sus miembros.<\/li>\n<li>  Los miembros de AFRA son muy diversos, desde peque\u00f1as empresas operadas por sus propietarios hasta grandes empresas multinacionales con muchas sucursales tanto en Australia como en el extranjero. <a href=\"https:\/\/moverdb.com\/es\/empresas-de-mudanzas\/\">en el extranjero<\/a>.<\/li>\n<li>  La AFRA tiene ciertos requisitos b\u00e1sicos que los miembros deben cumplir y que son exhaustivos, relacionados con todo, desde los locales hasta el personal, los veh\u00edculos, el equipamiento y los seguros.<\/li>\n<li>  Si las quejas o reclamaciones no son resueltas por los afiliados, pueden ser remitidas por el cliente a la AFRA.<\/li>\n<li>  Todos los miembros de AFRA tienen un seguro de responsabilidad civil y est\u00e1n autorizados a proporcionar un seguro de tr\u00e1nsito para todos los bienes y efectos que se trasladan.<\/li>\n<\/ol>\n<p><strong>Perfil de la Asociaci\u00f3n Australiana de Empresas de Mudanzas:<\/strong><\/p>\n<p>AFRA es un organismo oficial de expertos en mudanzas que proporciona una acreditaci\u00f3n a los miembros que buscan un signo fiable de calidad para mostrar a los consumidores. <\/p>\n<p>S\u00f3lo las empresas de mudanzas que cuentan con el equipo, los veh\u00edculos, las instalaciones y la formaci\u00f3n del personal adecuados para realizar una mudanza profesional recibir\u00e1n la acreditaci\u00f3n de miembro de AFRA. Una vez recibida la acreditaci\u00f3n, la organizaci\u00f3n sigue evaluando a sus miembros para asegurarse de que los est\u00e1ndares no han bajado. <\/p>\n<p>Los requisitos que la AFRA impone a sus miembros pretenden hacer del sector de las mudanzas un lugar mejor para los consumidores en cuanto a factores como la protecci\u00f3n financiera y el buen servicio. La AFRA s\u00f3lo ofrece la posibilidad de afiliarse a empresas australianas, pero \u00e9stas pueden prestar servicio a clientes que se trasladen dentro de Australia o <a href=\"https:\/\/moverdb.com\/es\/mudanzas-internacionales\/\">en el extranjero<\/a>. <\/p>\n<p>Como parte de los beneficios de la afiliaci\u00f3n, AFRA ofrece formaci\u00f3n, informaci\u00f3n y orientaci\u00f3n a los miembros, adem\u00e1s de proporcionar un recurso sobre las \u00faltimas noticias y cambios que afectan al sector.<\/p>\n<p><strong>Criterios de afiliaci\u00f3n:<\/strong><\/p>\n<p>Los criterios de afiliaci\u00f3n no figuran en el sitio web, sino en el formulario de solicitud (que tampoco est\u00e1 disponible en el sitio web). El paquete de afiliaci\u00f3n puede obtenerse en <a href=\"mailto:admin@afra.com.au\">admin@afra.com.au<\/a>.<\/p>\n<p>Toda empresa, antes de que se le conceda la condici\u00f3n de miembro, se someter\u00e1 a una auditor\u00eda.<\/p>\n<p><strong>Empresas asociadas<\/strong><\/p>\n<ul>\n<li> <a href=\"https:\/\/moverdb.com\/es\/conroy-removals\/\">Mudanzas Conroy<\/a><\/li>\n<\/ul>\n<p><strong>Opiniones sobre el AFRA:<\/strong><\/p>\n<p>La AFRA se considera un indicador de una empresa de calidad y se sugiere en los sitios web del gobierno como una forma de garantizar que una empresa de mudanzas cuenta con los recursos, las normas y las competencias adecuadas para llevar a cabo una mudanza. <\/p>\n<p>Se considera importante el hecho de que la AFRA s\u00f3lo autorice a quienes puedan realizar una mudanza de forma profesional, as\u00ed como la exigencia de que los miembros de la AFRA cuenten con protecciones como diversos seguros. <\/p>\n<p>Se se\u00f1ala que si una empresa es miembro de AFRA, esto da a sus clientes la posibilidad de acceder a la informaci\u00f3n de AFRA y tener la tranquilidad del servicio de resoluci\u00f3n de conflictos. La opini\u00f3n en l\u00ednea destaca que \"todas las grandes empresas nacionales <a href=\"https:\/\/moverdb.com\/es\/international-removals\/\" data-internallinksmanager029f6b8e52c=\"27\" title=\"36 mejores empresas de mudanzas internacionales del Reino Unido\">empresas de mudanzas<\/a> est\u00e1n comprometidos con el ideal del AFRA\". <\/p>\n<p>Utilizar un removedor de miembros del AFRA es uno de los consejos para la mudanza que proporciona un <a href=\"https:\/\/www.allianz.com.au\/home-insurance\/news\/6-tips-on-how-to-hire-the-best-removalists\" target=\"_blank\" rel=\"noopener\">importante empresa de servicios financieros<\/a>que se\u00f1ala que la legislaci\u00f3n australiana no exige que las empresas de mudanzas tengan un seguro, pero la AFRA s\u00ed. Tambi\u00e9n valora el hecho de que los miembros de AFRA estar\u00e1n al d\u00eda de las \u00faltimas novedades y se les exigir\u00e1n unos est\u00e1ndares m\u00ednimos.<\/p>\n<blockquote><p>Las empresas de mudanzas acreditadas por AFRA deben cumplir ciertas normas en relaci\u00f3n con el equipamiento, los veh\u00edculos, los locales y la formaci\u00f3n del personal necesarios para realizar una mudanza profesional.<\/p><\/blockquote>\n<p>- <a href=\"http:\/\/www.fairtrading.nsw.gov.au\/ftw\/Consumers\/Buying_services\/Hiring_a_removalist.page\" target=\"_blank\" rel=\"noopener\">Gobierno de Nueva Gales del Sur<\/a><\/p>\n<blockquote><p>AFRA es un organismo oficial de expertos en mudanzas en Australia que ayuda a regular el sector de las mudanzas. La AFRA acredita \u00fanicamente a las empresas de mudanzas que cuentan con el equipo, los veh\u00edculos, las instalaciones y la formaci\u00f3n del personal necesarios para llevar a cabo una mudanza profesional.<\/p><\/blockquote>\n<p>- <a href=\"http:\/\/www.ashtons.com.au\/afra-accreditation.html\" target=\"_blank\" rel=\"noopener\">Mudanzas Ashtons<\/a><\/p>\n<p><strong>P\u00e1gina web:<\/strong> <a href=\"http:\/\/www.afra.com.au\/\" target=\"_blank\" rel=\"noopener\">http:\/\/www.afra.com.au\/<\/a><\/p>\n<h2>Otras gu\u00edas \u00fatiles sobre Australia<\/h2>\n<ul>\n<li> <a href=\"https:\/\/moverdb.com\/es\/transporte-de-contenedores\/australia\/\">2024 Tarifas de transporte mar\u00edtimo de contenedores desde y hacia Australia<\/a><\/li>\n<li> <a href=\"https:\/\/moverdb.com\/es\/empresas-de-mudanzas\/australia-2\/\">17 mejores empresas de mudanzas internacionales en Australia<\/a><\/li>\n<li> <a href=\"https:\/\/moverdb.com\/es\/los-mejores-servicios-internacionales-de-transferencia-de-dinero\/money-transfer-companies-australia\/\">10 mejores empresas de transferencia de dinero en Australia<\/a><\/li>\n<li> <a href=\"https:\/\/moverdb.com\/es\/mudarse-a-australia\/\">\u00bfMudarse a Australia? 2026 Coste de la vida y consejos para la reubicaci\u00f3n<\/a><\/li>\n<li> <a href=\"https:\/\/moverdb.com\/es\/mudarse-a-australia\/best-places-to-live-australia\/\">13 mejores lugares para vivir en Australia<\/a><\/li>\n<li> <a href=\"https:\/\/moverdb.com\/es\/mudarse-a-australia\/vivir-en-australia\/\">21 secretos sobre la vida en Australia que debes conocer antes de mudarte<\/a><\/li>\n<li> <a href=\"https:\/\/moverdb.com\/es\/mudarse-a-australia\/moving-to-australia-from-the-us\/\">Trasladarse a Australia desde Estados Unidos<\/a><\/li>\n<li> <a href=\"https:\/\/moverdb.com\/es\/transporte-de-contenedores\/to-australia-from-the-united-states\/\">Gastos de env\u00edo de contenedores a Australia desde Estados Unidos<\/a><\/li>\n<li> <a href=\"https:\/\/moverdb.com\/es\/mudarse-a-australia\/moving-to-australia-from-the-uk\/\">Trasladarse a Australia desde el Reino Unido<\/a><\/li>\n<li> <a href=\"https:\/\/moverdb.com\/es\/transporte-de-contenedores\/to-australia-from-the-uk\/\">Env\u00edo de contenedores a Australia desde el Reino Unido Costes y plazos<\/a><\/li>\n<li> <a href=\"https:\/\/moverdb.com\/es\/mudarse-a-australia\/moving-to-australia-from-bahrain\/\">Trasladarse a Australia desde Bahr\u00e9in<\/a><\/li>\n<li> <a href=\"https:\/\/moverdb.com\/es\/mudarse-a-australia\/moving-to-australia-from-the-uae\/\">Trasladarse a Australia desde Dubai y los EAU<\/a><\/li>\n<li> <a href=\"https:\/\/moverdb.com\/es\/transporte-de-contenedores\/to-australia-from-dubai\/\">Env\u00edo de contenedores a Australia desde Dubai Costes y plazos<\/a><\/li>\n<li> <a href=\"https:\/\/moverdb.com\/es\/transporte-de-contenedores\/to-australia-from-uae\/\">Env\u00edo de contenedores a Australia desde los EAU Costes y plazos<\/a><\/li>\n<li> <a href=\"https:\/\/moverdb.com\/es\/mudarse-a-australia\/moving-to-australia-from-kuwait\/\">Mudarse a Australia desde Kuwait<\/a><\/li>\n<li> <a href=\"https:\/\/moverdb.com\/es\/mudarse-a-australia\/moving-to-australia-from-qatar\/\">Mudarse a Australia desde Qatar<\/a><\/li>\n<li> <a href=\"https:\/\/moverdb.com\/es\/transporte-de-contenedores\/to-australia-from-qatar\/\">Env\u00edo de contenedores a Australia desde Qatar Costes y plazos<\/a><\/li>\n<li> <a href=\"https:\/\/moverdb.com\/es\/mudarse-a-australia\/moving-to-perth\/\">\u00bfSe muda a Perth? 2026 Coste de la vida y consejos para el traslado<\/a><\/li>\n<li> <a href=\"https:\/\/moverdb.com\/es\/mudarse-a-australia\/moving-to-australia-from-singapore\/\">Trasladarse a Australia desde Singapur<\/a><\/li>\n<li> <a href=\"https:\/\/moverdb.com\/es\/transporte-de-contenedores\/to-australia-from-singapore\/\">Env\u00edo de contenedores a Australia desde Singapur Costes y plazos<\/a><\/li>\n<li> <a href=\"https:\/\/moverdb.com\/es\/mudarse-a-australia\/moving-to-australia-from-south-africa\/\">Trasladarse a Australia desde Sud\u00e1frica<\/a><\/li>\n<li> <a href=\"https:\/\/moverdb.com\/es\/transporte-de-contenedores\/to-australia-from-canada\/\">Gastos de env\u00edo de contenedores a Australia desde Canad\u00e1<\/a><\/li>\n<li> <a href=\"https:\/\/moverdb.com\/es\/transporte-de-contenedores\/to-australia-from-new-zealand\/\">Gastos de env\u00edo de contenedores a Australia desde Nueva Zelanda<\/a><\/li>\n<li> <a href=\"https:\/\/moverdb.com\/es\/mudarse-a-australia\/moving-to-hobart\/\">\u00bfSe muda a Hobart? 2026 Coste de la vida y consejos para el traslado<\/a><\/li>\n<li> <a href=\"https:\/\/moverdb.com\/es\/mudarse-a-australia\/moving-to-gold-coast\/\">\u00bfSe muda a Gold Coast? 2026 Coste de la vida y consejos para el traslado<\/a><\/li>\n<li> <a href=\"https:\/\/moverdb.com\/es\/mudarse-a-australia\/moving-to-melbourne\/\">\u00bfSe muda a Melbourne? 2026 Coste de la vida y consejos para el traslado<\/a><\/li>\n<\/ul>","protected":false},"excerpt":{"rendered":"<p>The Australian Furniture Removers Association (AFRA) describes itself both as a representative of, and regulator of, the removals industry in Australia. It has broad geographic reach within Australia and is often cited as a mark of quality. Key facts about the AFRA: Currently, around 350 furniture removal and associated companies are members of AFRA. The [&hellip;]<\/p>\n","protected":false},"author":1,"featured_media":0,"parent":0,"menu_order":0,"comment_status":"closed","ping_status":"closed","template":"","meta":{"_genesis_hide_title":false,"_genesis_hide_breadcrumbs":false,"_genesis_hide_singular_image":false,"_genesis_hide_footer_widgets":false,"_genesis_custom_body_class":"","_genesis_custom_post_class":"","_genesis_layout":"","footnotes":""},"class_list":{"0":"post-435","1":"page","2":"type-page","3":"status-publish","5":"entry"},"_links":{"self":[{"href":"https:\/\/moverdb.com\/es\/wp-json\/wp\/v2\/pages\/435","targetHints":{"allow":["GET"]}}],"collection":[{"href":"https:\/\/moverdb.com\/es\/wp-json\/wp\/v2\/pages"}],"about":[{"href":"https:\/\/moverdb.com\/es\/wp-json\/wp\/v2\/types\/page"}],"author":[{"embeddable":true,"href":"https:\/\/moverdb.com\/es\/wp-json\/wp\/v2\/users\/1"}],"replies":[{"embeddable":true,"href":"https:\/\/moverdb.com\/es\/wp-json\/wp\/v2\/comments?post=435"}],"version-history":[{"count":11,"href":"https:\/\/moverdb.com\/es\/wp-json\/wp\/v2\/pages\/435\/revisions"}],"predecessor-version":[{"id":17997,"href":"https:\/\/moverdb.com\/es\/wp-json\/wp\/v2\/pages\/435\/revisions\/17997"}],"wp:attachment":[{"href":"https:\/\/moverdb.com\/es\/wp-json\/wp\/v2\/media?parent=435"}],"curies":[{"name":"wp","href":"https:\/\/api.w.org\/{rel}","templated":true}]}}