{"id":434,"date":"2016-06-05T06:20:47","date_gmt":"2016-06-05T06:20:47","guid":{"rendered":"http:\/\/moverdb.com\/?page_id=434"},"modified":"2026-01-08T14:48:22","modified_gmt":"2026-01-08T14:48:22","slug":"fidi-faim","status":"publish","type":"page","link":"https:\/\/moverdb.com\/es\/fidi-faim\/","title":{"rendered":"Explicaci\u00f3n del FIDI y del FAIM (FIDI Accredited International Mover)"},"content":{"rendered":"<p>La FIDI (F\u00e9d\u00e9ration Internationale des D\u00e9m\u00e9nageurs Internationaux; Federaci\u00f3n de empresas de mudanzas internacionales) es una organizaci\u00f3n mundial que agrupa a las empresas de mudanzas y traslados internacionales. <\/p>\n<p>Se describe a s\u00ed misma como un est\u00e1ndar mundial de la industria para las empresas de mudanzas de alta calidad y ha sido pionera en el Programa de Gesti\u00f3n de Calidad de Empresas de Mudanzas Internacionales Acreditadas (FAIM), un programa de certificaci\u00f3n de calidad dedicado exclusivamente a la industria de las mudanzas internacionales.<\/p>\n<p><strong>Datos clave sobre la organizaci\u00f3n:<\/strong><\/p>\n<ol>\n<li>  El FIDI representa a m\u00e1s de <strong>600 independientes <a href=\"https:\/\/moverdb.com\/es\/empresas-de-mudanzas\/\">empresas<\/a><\/strong> en m\u00e1s de <strong>100 pa\u00edses<\/strong>.<\/li>\n<li>  La FIDI es la mayor organizaci\u00f3n de <a href=\"https:\/\/moverdb.com\/es\/mudanzas-internacionales\/\">mudanzas internacionales<\/a> y empresas de reubicaci\u00f3n.<\/li>\n<li>  El FIDI ofrece tanto la reubicaci\u00f3n personal como la reubicaci\u00f3n empresarial.<\/li>\n<li>  Todas las filiales de la FIDI deben cumplir una rigurosa norma de calidad FIDI-FAIM.<\/li>\n<li>  La FIDI ofrece el Programa de Gesti\u00f3n de Calidad FAIM, que est\u00e1 considerado como uno de los est\u00e1ndares m\u00e1s rigurosos del sector, con m\u00e1s de <strong>200 requisitos de calidad<\/strong> relacionados con las operaciones y los servicios al cliente.<\/li>\n<li>  Todos los afiliados de la FIDI deben someterse a una evaluaci\u00f3n peri\u00f3dica independiente de sus actividades de mudanzas internacionales. Si no superan la evaluaci\u00f3n, son dados de baja de la FIDI.<\/li>\n<li>  Todas las filiales de la FIDI deben firmar y adherirse a una Carta Antisoborno y Anticorrupci\u00f3n obligatoria.<\/li>\n<li>  Todos los miembros de la FIDI deben tener tambi\u00e9n la certificaci\u00f3n FAIM, que se solicita al mismo tiempo que la afiliaci\u00f3n.<\/li>\n<li>  FAIM Plus est\u00e1 disponible para aquellos que tienen la certificaci\u00f3n ISO 9001.<\/li>\n<\/ol>\n<p><strong>Perfil de la organizaci\u00f3n FIDI<\/strong><\/p>\n<p>La FIDI es una asociaci\u00f3n mundial de empresas de mudanzas que ofrece a sus afiliados un s\u00f3lido y reconocido sello de aprobaci\u00f3n de servicios, mayores oportunidades de establecer contactos y la posibilidad de ampliar su negocio. <\/p>\n<p>Celebra conferencias peri\u00f3dicas y organiza sesiones de formaci\u00f3n para miembros de todo el mundo, y ofrece a sus miembros un plan de protecci\u00f3n de pagos, que les ayuda a proteger hasta 90% del valor de sus facturas. La FIDI tambi\u00e9n se ha posicionado para mantener a sus afiliados al d\u00eda de las \u00faltimas novedades del sector y cuenta con un panel del sector que ofrece orientaci\u00f3n experta y se ocupa de las disputas entre los miembros. <\/p>\n<p>El Programa de Gesti\u00f3n de la Calidad para Empresas de Mudanzas Internacionales Acreditadas (FAIM) forma parte de la oferta de FIDI, una certificaci\u00f3n de calidad para el sector de las mudanzas que se ha desarrollado a trav\u00e9s de la consulta y de las mejores pr\u00e1cticas de las empresas grandes, peque\u00f1as, privadas y p\u00fablicas. <a href=\"https:\/\/moverdb.com\/es\/moving-companies\/\" data-internallinksmanager029f6b8e52c=\"79\" title=\"Las 25 mejores empresas de mudanzas internacionales en l\u00ednea\">empresas de mudanzas internacionales<\/a> de todo el mundo.<\/p>\n<p><strong>Criterios de afiliaci\u00f3n:<\/strong><\/p>\n<p>Para formar parte de la Alianza Global FIDI debe cumplir los siguientes requisitos obligatorios:<\/p>\n<ul>\n<li> Cumplir la normativa del FIDI<\/li>\n<li> Operar en servicios de mudanzas intercontinentales durante al menos 2 a\u00f1os antes de la solicitud<\/li>\n<li> Realizar un m\u00ednimo de 10 traslados intercontinentales al a\u00f1o*.<\/li>\n<li> Tener una cobertura de seguro adecuada y suficiente<\/li>\n<li> Firmar la Carta Antisoborno y Anticorrupci\u00f3n de la FIDI (Carta ABC de la FIDI)<\/li>\n<li> Estar financieramente sano (su salud financiera ser\u00e1 comprobada por un auditor independiente durante la fase de solicitud)<\/li>\n<li> Estar certificado por la FIDI-FAIM (solicitar\u00e1 la certificaci\u00f3n FAIM al mismo tiempo que solicita la afiliaci\u00f3n a la FIDI)<\/li>\n<\/ul>\n<p><strong>Certificaci\u00f3n FAIM:<\/strong><\/p>\n<p>El programa de certificaci\u00f3n FIDI-FAIM exige que las empresas de mudanzas internacionales se sometan a una evaluaci\u00f3n peri\u00f3dica independiente de sus actividades de mudanzas intercontinentales mediante una auditor\u00eda independiente, que se realiza cada tres a\u00f1os.<\/p>\n<p>Esto garantiza que las empresas de la FIDI trabajen con un est\u00e1ndar com\u00fan a nivel mundial para gestionar y realizar servicios de mudanzas internacionales de manera uniforme, con mentalidad de calidad y eficaz. Tambi\u00e9n proporciona un mecanismo transparente que garantiza que los est\u00e1ndares se mantengan altos.<\/p>\n<p>Desde el punto de vista del cliente final, una empresa certificada por FAIM da a la persona que se traslada y al departamento de RRHH que organiza su mudanza, la confianza de que la empresa conoce el negocio y tiene los recursos y los conocimientos t\u00e9cnicos para hacer el trabajo correctamente.<\/p>\n<p>La evaluaci\u00f3n in situ es realizada de forma independiente por los asesores internacionales Ernst &amp; Young.<\/p>\n<p><strong>Algunas empresas miembros<\/strong><\/p>\n<ul>\n<li> <a href=\"https:\/\/moverdb.com\/es\/aires\/\">Aires<\/a><\/li>\n<li> <a href=\"https:\/\/moverdb.com\/es\/cadogan-tate\/\">Cadogan Tate<\/a><\/li>\n<li> <a href=\"https:\/\/moverdb.com\/es\/harrow-green\/\">Harrow Green<\/a><\/li>\n<li> <a href=\"https:\/\/moverdb.com\/es\/santa-fe-reubicacion\/\">Reubicaci\u00f3n en Santa Fe<\/a><\/li>\n<li> <a href=\"https:\/\/moverdb.com\/es\/equipo-ubicaciones\/\">Reubicaci\u00f3n de equipos<\/a><\/li>\n<li> <a href=\"https:\/\/moverdb.com\/es\/nippon-express\/\">Nippon Express<\/a><\/li>\n<li> <a href=\"https:\/\/moverdb.com\/es\/settelen\/\">Settelen<\/a><\/li>\n<li> <a href=\"https:\/\/moverdb.com\/es\/conroy-removals\/\">Mudanzas Conroy<\/a><\/li>\n<li> <a href=\"https:\/\/moverdb.com\/es\/bolliger\/\">Bolliger<\/a><\/li>\n<li> <a href=\"https:\/\/moverdb.com\/es\/mudanzas-gou\/\">Mudanzas Gou<\/a><\/li>\n<li> <a href=\"https:\/\/moverdb.com\/es\/gil-stauffer\/\">Gil Stauffer<\/a><\/li>\n<li> <a href=\"https:\/\/moverdb.com\/es\/packimpex\/\">Packimpex<\/a><\/li>\n<\/ul>\n<p><strong>Opiniones sobre la organizaci\u00f3n<\/strong><\/p>\n<p>La FIDI est\u00e1 muy bien considerada por los promotores que la mencionan en sus p\u00e1ginas web, tanto por los importantes recursos que tiene como por el hecho de que la auditor\u00eda es continua. <\/p>\n<p>La independencia es otro factor clave de la reputaci\u00f3n que se ha forjado el FIDI: cada empresa de mudanzas tiene un procedimiento de conformidad in situ realizado por un consultor de fuera de su pa\u00eds. <\/p>\n<blockquote><p>Para las empresas de mudanzas que aspiran a los m\u00e1ximos niveles de calidad, FAIM\/ISO ofrece la norma de certificaci\u00f3n m\u00e1s alta disponible en el mundo.<\/p><\/blockquote>\n<p> - <a href=\"http:\/\/www.ossworldwidemovers.com\/fidi-accredited-international-mover\" target=\"_blank\" rel=\"noopener\">OSS World Wide Movers<\/a><\/p>\n<blockquote><p>Existen numerosas empresas de mudanzas en todo el mundo. \u00bfC\u00f3mo separar las buenas de las malas? Empiece con FIDI\/FAIM, el est\u00e1ndar de oro para las mudanzas internacionales.<\/p><\/blockquote>\n<p>- <a href=\"http:\/\/www.jkmoving.com\/International\/International_Network-_FIDI\/FAIM\/\" target=\"_blank\" rel=\"noopener\">JK Moving Services<\/a><\/p>\n<p><a href=\"http:\/\/www.jkmoving.com\/International\/International_Network-_FIDI\/FAIM\/\" target=\"_blank\" rel=\"noopener\"><\/a><\/p>\n<blockquote><p>Se trata del programa de calidad m\u00e1s estricto y completo para el sector de las mudanzas internacionales y cuenta con m\u00e1s de 200 requisitos de calidad relacionados con las operaciones y los servicios de una organizaci\u00f3n a los clientes. La FIDI ofrece ahora una acreditaci\u00f3n denominada FAIM.<\/p><\/blockquote>\n<p>- <a href=\"http:\/\/www.suddathinternational.com\/news\/2013\/8\/1\/faim-plus.aspx\" target=\"_blank\" rel=\"noopener\">Suddath<\/a><\/p>\n<p><strong>P\u00e1gina web:<\/strong> <a href=\"https:\/\/www.fidi.org\" target=\"_blank\" rel=\"noopener\">https:\/\/www.fidi.org<\/a><\/p>","protected":false},"excerpt":{"rendered":"<p>FIDI (F\u00e9d\u00e9ration Internationale des D\u00e9m\u00e9nageurs Internationaux; The Federation of International Movers) is a global umbrella organisation of international moving and relocation businesses. It describes itself as a worldwide industry standard for top quality movers and has pioneered the FIDI Accredited International Mover (FAIM) Quality Management Programme, a quality certification programme dedicated exclusively to the international [&hellip;]<\/p>\n","protected":false},"author":1,"featured_media":0,"parent":0,"menu_order":0,"comment_status":"closed","ping_status":"closed","template":"","meta":{"_genesis_hide_title":false,"_genesis_hide_breadcrumbs":false,"_genesis_hide_singular_image":false,"_genesis_hide_footer_widgets":false,"_genesis_custom_body_class":"","_genesis_custom_post_class":"","_genesis_layout":"","footnotes":""},"class_list":{"0":"post-434","1":"page","2":"type-page","3":"status-publish","5":"entry"},"_links":{"self":[{"href":"https:\/\/moverdb.com\/es\/wp-json\/wp\/v2\/pages\/434","targetHints":{"allow":["GET"]}}],"collection":[{"href":"https:\/\/moverdb.com\/es\/wp-json\/wp\/v2\/pages"}],"about":[{"href":"https:\/\/moverdb.com\/es\/wp-json\/wp\/v2\/types\/page"}],"author":[{"embeddable":true,"href":"https:\/\/moverdb.com\/es\/wp-json\/wp\/v2\/users\/1"}],"replies":[{"embeddable":true,"href":"https:\/\/moverdb.com\/es\/wp-json\/wp\/v2\/comments?post=434"}],"version-history":[{"count":28,"href":"https:\/\/moverdb.com\/es\/wp-json\/wp\/v2\/pages\/434\/revisions"}],"predecessor-version":[{"id":6210,"href":"https:\/\/moverdb.com\/es\/wp-json\/wp\/v2\/pages\/434\/revisions\/6210"}],"wp:attachment":[{"href":"https:\/\/moverdb.com\/es\/wp-json\/wp\/v2\/media?parent=434"}],"curies":[{"name":"wp","href":"https:\/\/api.w.org\/{rel}","templated":true}]}}