{"id":4333,"date":"2022-07-23T02:03:57","date_gmt":"2022-07-23T02:03:57","guid":{"rendered":"https:\/\/moverdb.com\/?page_id=4333"},"modified":"2026-01-08T13:20:02","modified_gmt":"2026-01-08T13:20:02","slug":"islandia","status":"publish","type":"page","link":"https:\/\/moverdb.com\/es\/container-shipping\/iceland\/","title":{"rendered":"2026 Tarifas de transporte mar\u00edtimo de contenedores desde y hacia Islandia"},"content":{"rendered":"<div class=\"wp-block-image\">\r\n<figure class=\"aligncenter size-full\"><img loading=\"lazy\" decoding=\"async\" width=\"1000\" height=\"664\" src=\"https:\/\/moverdb.com\/wp-content\/uploads\/iceland.jpg\" alt=\"Vista a\u00e9rea de Reikiavik, Islandia, en invierno\" class=\"wp-image-4328\" srcset=\"https:\/\/moverdb.com\/wp-content\/uploads\/iceland.jpg 1000w, https:\/\/moverdb.com\/wp-content\/uploads\/iceland-300x200.jpg 300w, https:\/\/moverdb.com\/wp-content\/uploads\/iceland-18x12.jpg 18w, https:\/\/moverdb.com\/wp-content\/uploads\/iceland-600x398.jpg 600w\" sizes=\"auto, (max-width: 1000px) 100vw, 1000px\" \/><\/figure>\r\n<\/div>\r\n\r\n\r\n<p><strong><a href=\"https:\/\/moverdb.com\/es\/moving-to-iceland\/\" data-internallinksmanager029f6b8e52c=\"434\" title=\"\u00bfSe muda a Islandia? 2026 Coste de la vida y consejos para el traslado\">Islandia<\/a><\/strong> hace que la mayor\u00eda de la gente que nunca ha estado all\u00ed piense en el fr\u00edo y el hielo, pero pregunte a cualquier expatriado que viva all\u00ed y le dir\u00e1 que en realidad es uno de los lugares m\u00e1s bellos de la Tierra.<\/p>\r\n\r\n\r\n\r\n<p>Este pa\u00eds n\u00f3rdico es famoso por sus paisajes naturales repletos de glaciares, g\u00e9iseres, volcanes que fluyen y aguas termales. La calidad de vida en Islandia tambi\u00e9n est\u00e1 excepcionalmente valorada en todas las listas. El pa\u00eds ofrece grandes oportunidades de trabajo, altos salarios, excelentes beneficios sociales, gran seguridad y mucho m\u00e1s.<\/p>\r\n\r\n\r\n\r\n<p>Ni que decir tiene que el transporte de los enseres dom\u00e9sticos a esta isla del norte de Europa puede ser un poco costoso.<\/p>\r\n\r\n\r\n\r\n<p>En este art\u00edculo, mostramos todos los m\u00e1s bajos de Islandia <a href=\"https:\/\/moverdb.com\/es\/container-shipping\/\" data-internallinksmanager029f6b8e52c=\"3\" title=\"Tabla de tarifas de transporte mar\u00edtimo internacional de contenedores: Abril 2026\">tarifas de env\u00edo de contenedores<\/a> que pudimos encontrar desde y hacia Reykjav\u00ed, Islandia.<\/p>\r\n\r\n\r\n\r\n<p>Tambi\u00e9n puede buscar un presupuesto exacto para el env\u00edo desde o hacia su ubicaci\u00f3n utilizando nuestra herramienta de presupuesto gratuita situada en la parte superior de esta p\u00e1gina.<\/p>\r\n\r\n\r\n\r\n<div id=\"ez-toc-container\" class=\"ez-toc-v2_0_82_2 ez-toc-wrap-left counter-hierarchy ez-toc-counter ez-toc-transparent ez-toc-container-direction\">\n<div class=\"ez-toc-title-container\">\n<p class=\"ez-toc-title\" style=\"cursor:inherit\">Secciones<\/p>\n<span class=\"ez-toc-title-toggle\"><a href=\"#\" class=\"ez-toc-pull-right ez-toc-btn ez-toc-btn-xs ez-toc-btn-default ez-toc-toggle\" aria-label=\"Alternar tabla de contenidos\"><span class=\"ez-toc-js-icon-con\"><span class=\"\"><span class=\"eztoc-hide\" style=\"display:none;\">Toggle<\/span><span class=\"ez-toc-icon-toggle-span\"><svg style=\"fill: #999;color:#999\" xmlns=\"http:\/\/www.w3.org\/2000\/svg\" class=\"list-377408\" width=\"20px\" height=\"20px\" viewbox=\"0 0 24 24\" fill=\"none\"><path d=\"M6 6H4v2h2V6zm14 0H8v2h12V6zM4 11h2v2H4v-2zm16 0H8v2h12v-2zM4 16h2v2H4v-2zm16 0H8v2h12v-2z\" fill=\"currentColor\"><\/path><\/svg><svg style=\"fill: #999;color:#999\" class=\"arrow-unsorted-368013\" xmlns=\"http:\/\/www.w3.org\/2000\/svg\" width=\"10px\" height=\"10px\" viewbox=\"0 0 24 24\" version=\"1.2\" baseprofile=\"tiny\"><path d=\"M18.2 9.3l-6.2-6.3-6.2 6.3c-.2.2-.3.4-.3.7s.1.5.3.7c.2.2.4.3.7.3h11c.3 0 .5-.1.7-.3.2-.2.3-.5.3-.7s-.1-.5-.3-.7zM5.8 14.7l6.2 6.3 6.2-6.3c.2-.2.3-.5.3-.7s-.1-.5-.3-.7c-.2-.2-.4-.3-.7-.3h-11c-.3 0-.5.1-.7.3-.2.2-.3.5-.3.7s.1.5.3.7z\"\/><\/svg><\/span><\/span><\/span><\/a><\/span><\/div>\n<nav><ul class='ez-toc-list ez-toc-list-level-1 eztoc-toggle-hide-by-default' ><li class='ez-toc-page-1 ez-toc-heading-level-2'><a class=\"ez-toc-link ez-toc-heading-1\" href=\"https:\/\/moverdb.com\/es\/container-shipping\/iceland\/#Shipping_Container_Costs_to_Iceland_Reykjavik\" >Gastos de env\u00edo de contenedores a Islandia (Reykjav\u00edk)<\/a><\/li><li class='ez-toc-page-1 ez-toc-heading-level-2'><a class=\"ez-toc-link ez-toc-heading-2\" href=\"https:\/\/moverdb.com\/es\/container-shipping\/iceland\/#Shipping_Container_Costs_from_Iceland_Reykjavik\" >Gastos de env\u00edo de contenedores desde Islandia (Reykjav\u00edk)<\/a><ul class='ez-toc-list-level-3' ><li class='ez-toc-heading-level-3'><a class=\"ez-toc-link ez-toc-heading-3\" href=\"https:\/\/moverdb.com\/es\/container-shipping\/iceland\/#Notes_about_data\" >Notas sobre los datos:<\/a><\/li><\/ul><\/li><li class='ez-toc-page-1 ez-toc-heading-level-2'><a class=\"ez-toc-link ez-toc-heading-4\" href=\"https:\/\/moverdb.com\/es\/container-shipping\/iceland\/#Other_Useful_Guides_to_Iceland\" >Otras gu\u00edas \u00fatiles sobre Islandia<\/a><\/li><\/ul><\/nav><\/div>\n<h2 class=\"wp-block-heading\"><span class=\"ez-toc-section\" id=\"Shipping_Container_Costs_to_Iceland_Reykjavik\"><\/span>Gastos de env\u00edo de contenedores a Islandia (Reykjav\u00edk)<span class=\"ez-toc-section-end\"><\/span><\/h2>\r\n\r\n\r\n<div class=\"wp-block-image\">\r\n<figure class=\"aligncenter size-large\"><img loading=\"lazy\" decoding=\"async\" width=\"1024\" height=\"539\" src=\"https:\/\/moverdb.com\/wp-content\/uploads\/Shipping-Container-Costs-to-Iceland-1024x539.png\" alt=\"Gastos de env\u00edo de contenedores a Islandia (Reykjav\u00edk)\" class=\"wp-image-4335\" srcset=\"https:\/\/moverdb.com\/wp-content\/uploads\/Shipping-Container-Costs-to-Iceland-1024x539.png 1024w, https:\/\/moverdb.com\/wp-content\/uploads\/Shipping-Container-Costs-to-Iceland-300x158.png 300w, https:\/\/moverdb.com\/wp-content\/uploads\/Shipping-Container-Costs-to-Iceland-1536x809.png 1536w, https:\/\/moverdb.com\/wp-content\/uploads\/Shipping-Container-Costs-to-Iceland-18x9.png 18w, https:\/\/moverdb.com\/wp-content\/uploads\/Shipping-Container-Costs-to-Iceland-600x316.png 600w, https:\/\/moverdb.com\/wp-content\/uploads\/Shipping-Container-Costs-to-Iceland.png 2000w\" sizes=\"auto, (max-width: 1024px) 100vw, 1024px\" \/><\/figure>\r\n<\/div>\r\n\r\n\n<table id=\"tablepress-119\" class=\"tablepress tablepress-id-119\">\n<thead>\n<tr class=\"row-1\">\n\t<th class=\"column-1\">Pa\u00eds de destino (<a href=\"https:\/\/moverdb.com\/es\/top-49-container-ports\/\" data-internallinksmanager029f6b8e52c=\"80\" title=\"Los 49 puertos de contenedores m\u00e1s grandes y activos en 2025\">Puerto<\/a>\/Ciudad)<\/th><th class=\"column-2\">20 PIES<\/th><th class=\"column-3\">40 PIES<\/th>\n<\/tr>\n<\/thead>\n<tbody class=\"row-striping row-hover\">\n<tr class=\"row-2\">\n\t<td class=\"column-1\"><a href=\"https:\/\/moverdb.com\/es\/container-shipping\/andorra\/\" data-internallinksmanager029f6b8e52c=\"88\" title=\"2026 Tarifas de transporte mar\u00edtimo de contenedores desde y hacia Andorra\">Andorra (Andorra la Vella)<\/a><\/td><td class=\"column-2\">$990<\/td><td class=\"column-3\">$1,662<\/td>\n<\/tr>\n<tr class=\"row-3\">\n\t<td class=\"column-1\"><a href=\"https:\/\/moverdb.com\/es\/container-shipping\/australia\/\" data-internallinksmanager029f6b8e52c=\"89\" title=\"2026 Tarifas de transporte de contenedores desde y hacia Australia\">Australia (Sydney)<\/a><\/td><td class=\"column-2\">$1,511<\/td><td class=\"column-3\">$2,464<\/td>\n<\/tr>\n<tr class=\"row-4\">\n\t<td class=\"column-1\"><a href=\"https:\/\/moverdb.com\/es\/container-shipping\/bangladesh\/\" data-internallinksmanager029f6b8e52c=\"97\" title=\"2026 Tarifas de transporte mar\u00edtimo de contenedores desde y hacia Bangladesh\">Bangladesh (Chittagong)<\/a><\/td><td class=\"column-2\">$1,463<\/td><td class=\"column-3\">$2,016<\/td>\n<\/tr>\n<tr class=\"row-5\">\n\t<td class=\"column-1\"><a href=\"https:\/\/moverdb.com\/es\/container-shipping\/belgium\/\" data-internallinksmanager029f6b8e52c=\"86\" title=\"2026 Tarifas de transporte mar\u00edtimo de contenedores desde y hacia B\u00e9lgica\">B\u00e9lgica (Amberes)<\/a><\/td><td class=\"column-2\">$2,794<\/td><td class=\"column-3\">$4,274<\/td>\n<\/tr>\n<tr class=\"row-6\">\n\t<td class=\"column-1\"><a href=\"https:\/\/moverdb.com\/es\/moving-to-canada\/\" data-internallinksmanager029f6b8e52c=\"265\" title=\"\u00bfMudarse a Canad\u00e1? 2026 Coste de la vida y consejos para la reubicaci\u00f3n\">Canad\u00e1<\/a> (<a href=\"https:\/\/moverdb.com\/es\/moving-to-canada\/moving-to-vancouver\/\" data-internallinksmanager029f6b8e52c=\"438\" title=\"\u00bfTe mudas a Vancouver? 2026 Coste de la vida y consejos para el traslado\">Vancouver<\/a>)<\/td><td class=\"column-2\">$5,789<\/td><td class=\"column-3\">$7,145<\/td>\n<\/tr>\n<tr class=\"row-7\">\n\t<td class=\"column-1\"><a href=\"https:\/\/moverdb.com\/es\/container-shipping\/china\/\" data-internallinksmanager029f6b8e52c=\"105\" title=\"2026 Tarifas de transporte mar\u00edtimo de contenedores desde y hacia China\">China (Shanghai)<\/a><\/td><td class=\"column-2\">$3,960<\/td><td class=\"column-3\">$7,350<\/td>\n<\/tr>\n<tr class=\"row-8\">\n\t<td class=\"column-1\"><a href=\"https:\/\/moverdb.com\/es\/container-shipping\/croatia\/\" data-internallinksmanager029f6b8e52c=\"107\" title=\"2026 Tarifas de transporte mar\u00edtimo de contenedores desde y hacia Croacia\">Croacia (Rijeka)<\/a><\/td><td class=\"column-2\">$3,883<\/td><td class=\"column-3\">$5,513<\/td>\n<\/tr>\n<tr class=\"row-9\">\n\t<td class=\"column-1\"><a href=\"https:\/\/moverdb.com\/es\/container-shipping\/germany\/\" data-internallinksmanager029f6b8e52c=\"118\" title=\"2026 Tarifas de transporte mar\u00edtimo de contenedores desde y hacia Alemania\">Alemania (Hamburgo)<\/a><\/td><td class=\"column-2\">$2,915<\/td><td class=\"column-3\">$4,326<\/td>\n<\/tr>\n<tr class=\"row-10\">\n\t<td class=\"column-1\"><a href=\"https:\/\/moverdb.com\/es\/container-shipping\/guernsey\/\" data-internallinksmanager029f6b8e52c=\"121\" title=\"2026 Tarifas de transporte mar\u00edtimo de contenedores desde y hacia Guernsey\">Guernsey (Puerto de San Pedro)<\/a><\/td><td class=\"column-2\">$3,188<\/td><td class=\"column-3\">$4,628<\/td>\n<\/tr>\n<tr class=\"row-11\">\n\t<td class=\"column-1\"><a href=\"https:\/\/moverdb.com\/es\/container-shipping\/hong-kong\/\" data-internallinksmanager029f6b8e52c=\"123\" title=\"2026 Tarifas de transporte mar\u00edtimo de contenedores desde y hacia Hong Kong\">Hong Kong (Hong Kong)<\/a><\/td><td class=\"column-2\">$1,155<\/td><td class=\"column-3\">$2,111<\/td>\n<\/tr>\n<tr class=\"row-12\">\n\t<td class=\"column-1\"><a href=\"https:\/\/moverdb.com\/es\/container-shipping\/india\/\" data-internallinksmanager029f6b8e52c=\"125\" title=\"2026 Tarifas de transporte mar\u00edtimo de contenedores desde y hacia la India\">India (Mumbai)<\/a><\/td><td class=\"column-2\">$5,335<\/td><td class=\"column-3\">$6,720<\/td>\n<\/tr>\n<tr class=\"row-13\">\n\t<td class=\"column-1\"><a href=\"https:\/\/moverdb.com\/es\/container-shipping\/italy\/\" data-internallinksmanager029f6b8e52c=\"130\" title=\"2026 Tarifas de transporte mar\u00edtimo de contenedores desde y hacia Italia\">Italia (Trieste)<\/a><\/td><td class=\"column-2\">$3,883<\/td><td class=\"column-3\">$5,513<\/td>\n<\/tr>\n<tr class=\"row-14\">\n\t<td class=\"column-1\"><a href=\"https:\/\/moverdb.com\/es\/container-shipping\/jersey\/\" data-internallinksmanager029f6b8e52c=\"132\" title=\"2026 Tarifas de transporte mar\u00edtimo de contenedores desde y hacia Jersey\">Jersey (St Helier)<\/a><\/td><td class=\"column-2\">$3,188<\/td><td class=\"column-3\">$4,628<\/td>\n<\/tr>\n<tr class=\"row-15\">\n\t<td class=\"column-1\"><a href=\"https:\/\/moverdb.com\/es\/container-shipping\/lithuania\/\" data-internallinksmanager029f6b8e52c=\"145\" title=\"2026 Tarifas de transporte mar\u00edtimo de contenedores desde y hacia Lituania\">Lituania (Klaipeda)<\/a><\/td><td class=\"column-2\">$3,289<\/td><td class=\"column-3\">$4,757<\/td>\n<\/tr>\n<tr class=\"row-16\">\n\t<td class=\"column-1\"><a href=\"https:\/\/moverdb.com\/es\/moving-to-luxembourg\/\" data-internallinksmanager029f6b8e52c=\"349\" title=\"\u00bfSe muda a Luxemburgo? 2026 Coste de la vida y consejos para el traslado\">Luxemburgo<\/a><\/td><td class=\"column-2\">$2,882<\/td><td class=\"column-3\">$4,274<\/td>\n<\/tr>\n<tr class=\"row-17\">\n\t<td class=\"column-1\"><a href=\"https:\/\/moverdb.com\/es\/container-shipping\/netherlands\/\" data-internallinksmanager029f6b8e52c=\"151\" title=\"2026 Tarifas de transporte mar\u00edtimo de contenedores desde y hacia los Pa\u00edses Bajos\">Pa\u00edses Bajos (Rotterdam)<\/a><\/td><td class=\"column-2\">$2,794<\/td><td class=\"column-3\">$4,274<\/td>\n<\/tr>\n<tr class=\"row-18\">\n\t<td class=\"column-1\"><a href=\"https:\/\/moverdb.com\/es\/container-shipping\/pakistan\/\" data-internallinksmanager029f6b8e52c=\"155\" title=\"2026 Tarifas de transporte mar\u00edtimo de contenedores desde y hacia Pakist\u00e1n\">Pakist\u00e1n (Karachi)<\/a><\/td><td class=\"column-2\">$2,233<\/td><td class=\"column-3\">$2,793<\/td>\n<\/tr>\n<tr class=\"row-19\">\n\t<td class=\"column-1\"><a href=\"https:\/\/moverdb.com\/es\/container-shipping\/poland\/\" data-internallinksmanager029f6b8e52c=\"157\" title=\"2026 Tarifas de transporte mar\u00edtimo de contenedores desde y hacia Polonia\">Polonia (Gdansk)<\/a><\/td><td class=\"column-2\">$3,289<\/td><td class=\"column-3\">$4,757<\/td>\n<\/tr>\n<tr class=\"row-20\">\n\t<td class=\"column-1\"><a href=\"https:\/\/moverdb.com\/es\/container-shipping\/russia\/\" data-internallinksmanager029f6b8e52c=\"160\" title=\"2026 Tarifas de transporte mar\u00edtimo de contenedores desde y hacia Rusia\">Rusia (San Petersburgo)<\/a><\/td><td class=\"column-2\">$2,805<\/td><td class=\"column-3\">$4,200<\/td>\n<\/tr>\n<tr class=\"row-21\">\n\t<td class=\"column-1\"><a href=\"https:\/\/moverdb.com\/es\/container-shipping\/slovenia\/\" data-internallinksmanager029f6b8e52c=\"181\" title=\"2026 Tarifas de transporte mar\u00edtimo de contenedores desde y hacia Eslovenia\">Eslovenia (Koper)<\/a><\/td><td class=\"column-2\">$3,883<\/td><td class=\"column-3\">$5,513<\/td>\n<\/tr>\n<tr class=\"row-22\">\n\t<td class=\"column-1\"><a href=\"https:\/\/moverdb.com\/es\/container-shipping\/south-korea\/\" data-internallinksmanager029f6b8e52c=\"180\" title=\"2026 Tarifas de transporte mar\u00edtimo de contenedores desde y hacia Corea del Sur\">Corea del Sur (Busan)<\/a><\/td><td class=\"column-2\">$7,306<\/td><td class=\"column-3\">$13,737<\/td>\n<\/tr>\n<tr class=\"row-23\">\n\t<td class=\"column-1\"><a href=\"https:\/\/moverdb.com\/es\/container-shipping\/spain\/\" data-internallinksmanager029f6b8e52c=\"182\" title=\"2026 Tarifas de transporte mar\u00edtimo de contenedores desde y hacia Espa\u00f1a\">Espa\u00f1a (Valencia)<\/a><\/td><td class=\"column-2\">$1,067<\/td><td class=\"column-3\">$1,596<\/td>\n<\/tr>\n<tr class=\"row-24\">\n\t<td class=\"column-1\"><a href=\"https:\/\/moverdb.com\/es\/container-shipping\/thailand\/\" data-internallinksmanager029f6b8e52c=\"189\" title=\"2026 Tarifas de transporte mar\u00edtimo de contenedores desde y hacia Tailandia\">Tailandia (Laem Chabang)<\/a><\/td><td class=\"column-2\">$4,246<\/td><td class=\"column-3\">$7,886<\/td>\n<\/tr>\n<tr class=\"row-25\">\n\t<td class=\"column-1\"><a href=\"https:\/\/moverdb.com\/es\/moving-to-the-united-states\/\" data-internallinksmanager029f6b8e52c=\"94\" title=\"\u00bfSe muda a Estados Unidos? 2026 Costes de vida y consejos de reubicaci\u00f3n\">EE.UU.<\/a> (<a href=\"https:\/\/moverdb.com\/es\/moving-to-los-angeles\/\" data-internallinksmanager029f6b8e52c=\"51\" title=\"\u00bfSe muda a Los \u00c1ngeles? 2026 Coste de la vida en Los \u00c1ngeles y consejos de reubicaci\u00f3n\">Los \u00c1ngeles<\/a>)<\/td><td class=\"column-2\">$1,625<\/td><td class=\"column-3\">$1,855<\/td>\n<\/tr>\n<tr class=\"row-26\">\n\t<td class=\"column-1\"><a href=\"https:\/\/moverdb.com\/es\/container-shipping\/united-states\/\" data-internallinksmanager029f6b8e52c=\"87\" title=\"2026 Tarifas de transporte mar\u00edtimo de contenedores desde y hacia Estados Unidos\">Estados Unidos (Nueva York)<\/a><\/td><td class=\"column-2\">$2,452<\/td><td class=\"column-3\">$2,398<\/td>\n<\/tr>\n<tr class=\"row-27\">\n\t<td class=\"column-1\"><a href=\"https:\/\/moverdb.com\/es\/container-shipping\/vietnam\/\" data-internallinksmanager029f6b8e52c=\"245\" title=\"2026 Tarifas de transporte mar\u00edtimo de contenedores desde y hacia Vietnam\">Vietnam (Saig\u00f3n)<\/a><\/td><td class=\"column-2\">$4,378<\/td><td class=\"column-3\">$8,148<\/td>\n<\/tr>\n<\/tbody>\n<\/table>\n<!-- #tablepress-119 from cache -->\n\r\n\r\n\r\n<h2 class=\"wp-block-heading\"><span class=\"ez-toc-section\" id=\"Shipping_Container_Costs_from_Iceland_Reykjavik\"><\/span>Gastos de env\u00edo de contenedores desde Islandia (Reykjav\u00edk)<span class=\"ez-toc-section-end\"><\/span><\/h2>\r\n\r\n\r\n<div class=\"wp-block-image\">\r\n<figure class=\"aligncenter size-large\"><img loading=\"lazy\" decoding=\"async\" width=\"1024\" height=\"539\" src=\"https:\/\/moverdb.com\/wp-content\/uploads\/Shipping-Container-Costs-from-Iceland-1024x539.png\" alt=\"Gastos de env\u00edo de contenedores desde Islandia (Reykjav\u00edk)\" class=\"wp-image-4336\" srcset=\"https:\/\/moverdb.com\/wp-content\/uploads\/Shipping-Container-Costs-from-Iceland-1024x539.png 1024w, https:\/\/moverdb.com\/wp-content\/uploads\/Shipping-Container-Costs-from-Iceland-300x158.png 300w, https:\/\/moverdb.com\/wp-content\/uploads\/Shipping-Container-Costs-from-Iceland-1536x809.png 1536w, https:\/\/moverdb.com\/wp-content\/uploads\/Shipping-Container-Costs-from-Iceland-18x9.png 18w, https:\/\/moverdb.com\/wp-content\/uploads\/Shipping-Container-Costs-from-Iceland-600x316.png 600w, https:\/\/moverdb.com\/wp-content\/uploads\/Shipping-Container-Costs-from-Iceland.png 2000w\" sizes=\"auto, (max-width: 1024px) 100vw, 1024px\" \/><\/figure>\r\n<\/div>\r\n\r\n\n<table id=\"tablepress-120\" class=\"tablepress tablepress-id-120\">\n<thead>\n<tr class=\"row-1\">\n\t<th class=\"column-1\">Pa\u00eds de destino (puerto\/ciudad)<\/th><th class=\"column-2\">20 PIES<\/th><th class=\"column-3\">40 PIES<\/th>\n<\/tr>\n<\/thead>\n<tbody class=\"row-striping row-hover\">\n<tr class=\"row-2\">\n\t<td class=\"column-1\">Andorra (Andorra la Vella)<\/td><td class=\"column-2\">$949<\/td><td class=\"column-3\">$1,220<\/td>\n<\/tr>\n<tr class=\"row-3\">\n\t<td class=\"column-1\"><a href=\"https:\/\/moverdb.com\/es\/container-shipping\/antigua-and-barbuda\/\" data-internallinksmanager029f6b8e52c=\"92\" title=\"2026 Tarifas de transporte mar\u00edtimo de contenedores desde y hacia Antigua y Barbuda\">Antigua y Barbuda (St John's)<\/a><\/td><td class=\"column-2\">$3,058<\/td><td class=\"column-3\">$5,300<\/td>\n<\/tr>\n<tr class=\"row-4\">\n\t<td class=\"column-1\"><a href=\"https:\/\/moverdb.com\/es\/container-shipping\/argentina\/\" data-internallinksmanager029f6b8e52c=\"91\" title=\"2026 Tarifas de transporte mar\u00edtimo de contenedores desde y hacia Argentina\">Argentina (Buenos Aires)<\/a><\/td><td class=\"column-2\">$2,045<\/td><td class=\"column-3\">$3,617<\/td>\n<\/tr>\n<tr class=\"row-5\">\n\t<td class=\"column-1\"><a href=\"https:\/\/moverdb.com\/es\/container-shipping\/aruba\/\" data-internallinksmanager029f6b8e52c=\"90\" title=\"2026 Tarifas de transporte mar\u00edtimo de contenedores desde y hacia Aruba\">Aruba (Oranjestad)<\/a><\/td><td class=\"column-2\">$2,045<\/td><td class=\"column-3\">$0<\/td>\n<\/tr>\n<tr class=\"row-6\">\n\t<td class=\"column-1\">Australia (Sydney)<\/td><td class=\"column-2\">$2,669<\/td><td class=\"column-3\">$4,859<\/td>\n<\/tr>\n<tr class=\"row-7\">\n\t<td class=\"column-1\"><a href=\"https:\/\/moverdb.com\/es\/container-shipping\/austria\/\" data-internallinksmanager029f6b8e52c=\"95\" title=\"2026 Tarifas de transporte mar\u00edtimo de contenedores desde y hacia Austria\">Austria (Viena)<\/a><\/td><td class=\"column-2\">$300<\/td><td class=\"column-3\">$450<\/td>\n<\/tr>\n<tr class=\"row-8\">\n\t<td class=\"column-1\"><a href=\"https:\/\/moverdb.com\/es\/container-shipping\/brazil\/\" data-internallinksmanager029f6b8e52c=\"98\" title=\"2026 Tarifas de transporte mar\u00edtimo de contenedores desde y hacia Brasil\">Brasil (Santos)<\/a><\/td><td class=\"column-2\">$1,936<\/td><td class=\"column-3\">$2,384<\/td>\n<\/tr>\n<tr class=\"row-9\">\n\t<td class=\"column-1\"><a href=\"https:\/\/moverdb.com\/es\/container-shipping\/canada\/\" data-internallinksmanager029f6b8e52c=\"102\" title=\"2026 Tarifas de transporte mar\u00edtimo de contenedores desde y hacia Canad\u00e1\">Canad\u00e1 (Toronto)<\/a><\/td><td class=\"column-2\">$2,356<\/td><td class=\"column-3\">$2,959<\/td>\n<\/tr>\n<tr class=\"row-10\">\n\t<td class=\"column-1\">China (Shanghai)<\/td><td class=\"column-2\">$1,705<\/td><td class=\"column-3\">$1,914<\/td>\n<\/tr>\n<tr class=\"row-11\">\n\t<td class=\"column-1\"><a href=\"https:\/\/moverdb.com\/es\/container-shipping\/france\/\" data-internallinksmanager029f6b8e52c=\"116\" title=\"2026 Tarifas de transporte mar\u00edtimo de contenedores desde y hacia Francia\">Francia (Marsella)<\/a><\/td><td class=\"column-2\">$1,096<\/td><td class=\"column-3\">$1,200<\/td>\n<\/tr>\n<tr class=\"row-12\">\n\t<td class=\"column-1\">Alemania (Hamburgo)<\/td><td class=\"column-2\">$360<\/td><td class=\"column-3\">$600<\/td>\n<\/tr>\n<tr class=\"row-13\">\n\t<td class=\"column-1\">Hong Kong (Hong Kong)<\/td><td class=\"column-2\">$1,470<\/td><td class=\"column-3\">$1,265<\/td>\n<\/tr>\n<tr class=\"row-14\">\n\t<td class=\"column-1\">India (Mumbai)<\/td><td class=\"column-2\">$1,210<\/td><td class=\"column-3\">$1,287<\/td>\n<\/tr>\n<tr class=\"row-15\">\n\t<td class=\"column-1\">EE.UU. (Los \u00c1ngeles)<\/td><td class=\"column-2\">$5,979<\/td><td class=\"column-3\">$9,080<\/td>\n<\/tr>\n<tr class=\"row-16\">\n\t<td class=\"column-1\">Estados Unidos (Nueva York)<\/td><td class=\"column-2\">$4,514<\/td><td class=\"column-3\">$7,028<\/td>\n<\/tr>\n<\/tbody>\n<\/table>\n<!-- #tablepress-120 from cache -->\n\r\n\r\n\r\n<h3 class=\"wp-block-heading\"><span class=\"ez-toc-section\" id=\"Notes_about_data\"><\/span>Notas sobre los datos:<span class=\"ez-toc-section-end\"><\/span><\/h3>\r\n\r\n\r\n\r\n<ul class=\"wp-block-list\"><li>Todas las cifras de $ en d\u00f3lares estadounidenses (USD);<\/li><li>Las tarifas son exactas a partir de mediados de 2022;<\/li><li>Los mapas de este art\u00edculo se han creado con <a href=\"https:\/\/www.mapchart.net\" target=\"_blank\" rel=\"noreferrer noopener\">https:\/\/www.mapchart.net<\/a>. Puedes compartir los mapas siempre que proporciones un enlace de atribuci\u00f3n a <a href=\"https:\/\/moverdb.com\/es\/\" target=\"_blank\" rel=\"noreferrer noopener\">MoverDB<\/a>;<\/li><li>Los tipos anteriores son s\u00f3lo estimaciones y pueden haber cambiado desde el momento en que se public\u00f3 este art\u00edculo (abril de 2022). Se basan en la tasa m\u00e1s baja estimada de <a href=\"https:\/\/www.icontainers.com\" target=\"_blank\" rel=\"noreferrer noopener\">https:\/\/www.icontainers.com<\/a> o <a href=\"https:\/\/www.freightos.com\" target=\"_blank\" rel=\"noreferrer noopener\">https:\/\/www.freightos.com<\/a>;<\/li><li>Para obtener una idea m\u00e1s precisa del coste para usted, utilice el formulario de presupuesto que aparece en la parte superior de esta p\u00e1gina;<\/li><li>Consulte tambi\u00e9n nuestra gu\u00eda sobre <a href=\"https:\/\/moverdb.com\/es\/transporte-de-contenedores\/\" target=\"_blank\" rel=\"noreferrer noopener\">transporte internacional de contenedores<\/a>.<\/li><\/ul>\r\n\r\n\r\n<h2><span class=\"ez-toc-section\" id=\"Other_Useful_Guides_to_Iceland\"><\/span>Otras gu\u00edas \u00fatiles sobre Islandia<span class=\"ez-toc-section-end\"><\/span><\/h2>\r\n\r\n<ul>\r\n<li> <a href=\"https:\/\/moverdb.com\/es\/moving-to-iceland\/moving-to-iceland-from-the-uk\/\">Trasladarse a Islandia desde el Reino Unido<\/a><\/li>\r\n<li> <a href=\"https:\/\/moverdb.com\/es\/moving-to-iceland\/\">\u00bfSe muda a Islandia? 2026 Coste de la vida y consejos para el traslado<\/a><\/li>\r\n<\/ul>","protected":false},"excerpt":{"rendered":"<p>Iceland makes most people who\u2019ve never been there think of cold and ice, but ask any expat who lives there and they\u2019ll tell you it\u2019s actually one of the most beautiful places on Earth. This Nordic country is famous for its natural vistas filled with glaciers, geysers, flowing volcanoes, and hot springs. Life quality in [&hellip;]<\/p>\n","protected":false},"author":2,"featured_media":4328,"parent":44,"menu_order":0,"comment_status":"open","ping_status":"closed","template":"","meta":{"_genesis_hide_title":false,"_genesis_hide_breadcrumbs":false,"_genesis_hide_singular_image":false,"_genesis_hide_footer_widgets":false,"_genesis_custom_body_class":"","_genesis_custom_post_class":"","_genesis_layout":"","footnotes":""},"class_list":{"0":"post-4333","1":"page","2":"type-page","3":"status-publish","4":"has-post-thumbnail","6":"entry"},"_links":{"self":[{"href":"https:\/\/moverdb.com\/es\/wp-json\/wp\/v2\/pages\/4333","targetHints":{"allow":["GET"]}}],"collection":[{"href":"https:\/\/moverdb.com\/es\/wp-json\/wp\/v2\/pages"}],"about":[{"href":"https:\/\/moverdb.com\/es\/wp-json\/wp\/v2\/types\/page"}],"author":[{"embeddable":true,"href":"https:\/\/moverdb.com\/es\/wp-json\/wp\/v2\/users\/2"}],"replies":[{"embeddable":true,"href":"https:\/\/moverdb.com\/es\/wp-json\/wp\/v2\/comments?post=4333"}],"version-history":[{"count":5,"href":"https:\/\/moverdb.com\/es\/wp-json\/wp\/v2\/pages\/4333\/revisions"}],"predecessor-version":[{"id":17860,"href":"https:\/\/moverdb.com\/es\/wp-json\/wp\/v2\/pages\/4333\/revisions\/17860"}],"up":[{"embeddable":true,"href":"https:\/\/moverdb.com\/es\/wp-json\/wp\/v2\/pages\/44"}],"wp:featuredmedia":[{"embeddable":true,"href":"https:\/\/moverdb.com\/es\/wp-json\/wp\/v2\/media\/4328"}],"wp:attachment":[{"href":"https:\/\/moverdb.com\/es\/wp-json\/wp\/v2\/media?parent=4333"}],"curies":[{"name":"wp","href":"https:\/\/api.w.org\/{rel}","templated":true}]}}