{"id":433,"date":"2016-06-12T13:45:04","date_gmt":"2016-06-12T13:45:04","guid":{"rendered":"http:\/\/moverdb.com\/?page_id=433"},"modified":"2026-01-08T14:47:29","modified_gmt":"2026-01-08T14:47:29","slug":"amsa","status":"publish","type":"page","link":"https:\/\/moverdb.com\/es\/amsa\/","title":{"rendered":"Explicaci\u00f3n de la Asociaci\u00f3n Americana de Mudanzas y Almacenamiento (AMSA)"},"content":{"rendered":"<p>La Asociaci\u00f3n Americana de Mudanzas y Almacenamiento (AMSA) es la asociaci\u00f3n comercial nacional del sector de las mudanzas en Estados Unidos. <\/p>\n<p>Se ha creado para ayudar a representar los intereses de los integrantes del sector de las mudanzas y los almacenes, tanto nacionales como internacionales, y tambi\u00e9n para ofrecer una fuente de informaci\u00f3n y asistencia a los clientes que recurren a las empresas del sector.<\/p>\n<p><strong>Datos clave sobre AMSA:<\/strong><\/p>\n<ol>\n<li>  Cuenta con unos 4.200 miembros.<\/li>\n<li>  Los miembros de AMSA son empresas de mudanzas interestatales y de almacenamiento, y empresas de mudanzas locales, <a href=\"https:\/\/moverdb.com\/es\/empresas-de-mudanzas\/\">mudanzas internacionales<\/a> adem\u00e1s de los proveedores del sector y los miembros de las asociaciones estatales.<\/li>\n<li>  Es la \u00fanica asociaci\u00f3n nacional que representa a todos los sectores de la industria de las mudanzas y el almacenamiento.<\/li>\n<li>  AMSA lanz\u00f3 el <a href=\"https:\/\/moverdb.com\/es\/rim-promover\/\" data-internallinksmanager029f6b8e52c=\"76\" title=\"Explicaci\u00f3n de la certificaci\u00f3n internacional ProMover de RIM\">ProMover<\/a> en 2009, dise\u00f1ado para dirigir a los consumidores a las empresas de mudanzas de calidad que suscriben los objetivos de la AMSA.<\/li>\n<li>  La afiliaci\u00f3n no s\u00f3lo est\u00e1 abierta a las empresas de mudanzas, sino tambi\u00e9n a los afiliados (aquellos que ofrecen productos o servicios relacionados con el sector de las mudanzas), a los particulares y a las asociaciones profesionales.<\/li>\n<li>  La afiliaci\u00f3n a la AMSA es una parte importante del proceso de solicitud de <a href=\"https:\/\/moverdb.com\/es\/rim-promover\/\">Certificaci\u00f3n ProMover<\/a> - esto debe haberse mantenido sin problemas durante 18 meses.<\/li>\n<li>  Es bien conocida por los consumidores por su base de datos de \"consejos para la mudanza\", que ofrece informaci\u00f3n sobre todo tipo de cosas, desde el embalaje hasta c\u00f3mo gestionar el d\u00eda de la mudanza.<\/li>\n<li>  Ofrece un programa de resoluci\u00f3n de conflictos y tiene un c\u00f3digo \u00e9tico que sus miembros deben cumplir.<\/li>\n<li>  Sus miembros transportan entre 1,3 y 1,5 millones de hogares cada a\u00f1o.<\/li>\n<\/ol>\n<p><strong>Perfil de la American Moving &amp; Storage Association:<\/strong><\/p>\n<p>Los miembros de AMSA se benefician de una amplia gama de servicios, desde noticias e informaci\u00f3n sobre temas que afectan a la industria, hasta representaci\u00f3n en el gobierno federal, asistencia fiscal, informes financieros y estad\u00edsticos y asistencia legal. <\/p>\n<p>AMSA tambi\u00e9n ofrece un servicio de arbitraje para tratar las disputas por p\u00e9rdidas y da\u00f1os, as\u00ed como programas de formaci\u00f3n y certificaci\u00f3n profesional, como el ProMover. <\/p>\n<p>AMSA comenz\u00f3 su andadura con la asociaci\u00f3n comercial de mudanzas m\u00e1s antigua de Estados Unidos: la National Furniture Warehousemen's Association, fundada en 1920. Su historia, la amplitud de su cobertura y su C\u00f3digo \u00c9tico la convierten en una organizaci\u00f3n muy respetada. <\/p>\n<p>Es responsable de la certificaci\u00f3n ProMover, que ha sido considerada como una marca de una empresa de mudanzas fiable.<\/p>\n<p><strong>Criterios de afiliaci\u00f3n:<\/strong><\/p>\n<p>Los criterios para adherirse a la AMSA parecen ser muy b\u00e1sicos: basta con rellenar el formulario y pagar una cuota. Sin embargo, las empresas que desean obtener una autorizaci\u00f3n de este tipo necesitan algo m\u00e1s. <a href=\"https:\/\/moverdb.com\/es\/rim-promover\/\">Certificaci\u00f3n ProMover<\/a>.<\/p>\n<p><strong>Principales empresas asociadas<\/strong><\/p>\n<ol>\n<li> <a href=\"https:\/\/moverdb.com\/es\/united-van-lines\/\">United Van Lines<\/a><\/li>\n<li> <a href=\"https:\/\/moverdb.com\/es\/atlas-van-lines-international\/\">Atlas Van Lines Internacional<\/a><\/li>\n<li> <a href=\"https:\/\/moverdb.com\/es\/mayflower-transit\/\">Tr\u00e1nsito Mayflower<\/a><\/li>\n<li> <a href=\"https:\/\/moverdb.com\/es\/allied-van-lines\/\">Allied Van Lines<\/a><\/li>\n<li> <a href=\"https:\/\/moverdb.com\/es\/north-american-van-lines\/\">North American Van Lines<\/a><\/li>\n<li> <a href=\"https:\/\/moverdb.com\/es\/wheaton\/\">Mudanzas Wheaton World Wide<\/a><\/li>\n<li> <a href=\"https:\/\/moverdb.com\/es\/bekins-van-lines\/\">Bekins Van Lines<\/a><\/li>\n<li> <a href=\"https:\/\/moverdb.com\/es\/graebel-van-lines\/\">Graebel Van Lines<\/a><\/li>\n<li> <a href=\"https:\/\/moverdb.com\/es\/arpin-van-lines\/\">Arpin Van Lines<\/a><\/li>\n<li> <a href=\"https:\/\/moverdb.com\/es\/stevens-worldwide-van-lines\/\">Stevens Worldwide Van Lines<\/a><\/li>\n<li> <a href=\"https:\/\/moverdb.com\/es\/vip-transporte\/\">Transporte VIP<\/a><\/li>\n<li> <a href=\"https:\/\/moverdb.com\/es\/island-movers\/\">Mudanzas de la isla<\/a><\/li>\n<li> <a href=\"https:\/\/moverdb.com\/es\/mudanzas-gou\/\">Mudanzas Gou<\/a><\/li>\n<li> <a href=\"https:\/\/moverdb.com\/es\/gil-stauffer\/\">Gil Stauffer<\/a><\/li>\n<\/ol>\n<p><strong>Opiniones sobre la Asociaci\u00f3n Americana de Mudanzas y Almacenamiento<\/strong><\/p>\n<p>Cuando se menciona a AMSA en Internet, a menudo es con respecto a la certificaci\u00f3n ProMover de la organizaci\u00f3n, que se ha convertido en una marca de calidad internacional. <\/p>\n<p>La certificaci\u00f3n se considera parte de la plataforma de la AMSA para representar y mejorar las cosas para los miembros del sector -y los usuarios de las empresas del sector- mediante una defensa eficaz y la creaci\u00f3n de una marca respetada. <\/p>\n<p>Las opiniones online se centran tanto en el hecho de que la herencia de AMSA la vincula a las asociaciones comerciales m\u00e1s antiguas de Am\u00e9rica como en su misi\u00f3n de facilitar las mudanzas a los consumidores. Las opiniones en l\u00ednea mencionan los eventos organizados por AMSA, que evidentemente cuentan con una gran asistencia y son muy apreciados, <em>\"Como siempre, la conferencia de AMSA de este a\u00f1o reuni\u00f3 a algunos de los principales l\u00edderes de la industria de la mudanza\".<\/em> <\/p>\n<p>Tambi\u00e9n se mencionan los premios AMSA, que parecen considerarse un verdadero indicador de logros y calidad.<\/p>\n<blockquote><p>La misi\u00f3n de la AMSA es \"representar los intereses del sector de las mudanzas y el almacenamiento nacional e internacional y ayudar a los clientes a los que sirve\".\n<\/p><\/blockquote>\n<p>- <a href=\"http:\/\/www.atlasvanlines.com\/pro-mover\/\" target=\"_blank\" rel=\"noopener\">Atlas Van Lines<\/a><\/p>\n<blockquote><p>AMSA se dedica a asegurar que cualquiera de los 40 millones de estadounidenses que se mudan cada a\u00f1o y que eligen una empresa de mudanzas profesional puedan tomar decisiones informadas.<\/p><\/blockquote>\n<p>- <a href=\"http:\/\/www.ossworldwidemovers.com\/american-moving-and-storage-association\" target=\"_blank\" rel=\"noopener\">OSS World Wide Movers<\/a><\/p>\n<blockquote><p>AMSA selecciona cuidadosamente a sus miembros de mudanzas, asegur\u00e1ndose de que los consumidores son emparejados con empresas de mudanzas que han cumplido con todos los requisitos de licencia y seguro, y proporcionando el arbitraje de las disputas entre los consumidores y las empresas de mudanzas a trav\u00e9s de su \"Programa de Resoluci\u00f3n de Disputas de Bienes Dom\u00e9sticos\". Uno de los objetivos de AMSA es que el p\u00fablico est\u00e9 bien informado y comprenda mejor el valor del servicio profesional de mudanzas.<\/p><\/blockquote>\n<p>- <a href=\"http:\/\/www.moving.com\/articles\/amsa\/who-is-amsa.asp\" target=\"_blank\" rel=\"noopener\">Mudanza.com<\/a><\/p>\n<p><strong>P\u00e1gina web:<\/strong> <a href=\"http:\/\/www.moving.org\/\" target=\"_blank\" rel=\"noopener\">http:\/\/www.moving.org\/<\/a><\/p>","protected":false},"excerpt":{"rendered":"<p>The American Moving &#038; Storage Association (AMSA) is the national trade association for the American moving industry. It has been set up to help represent the interests of those in the moving and storage industry, both domestic and international, and also to provide a source of information and assistance to customers using businesses in the [&hellip;]<\/p>\n","protected":false},"author":1,"featured_media":0,"parent":0,"menu_order":0,"comment_status":"closed","ping_status":"closed","template":"","meta":{"_genesis_hide_title":false,"_genesis_hide_breadcrumbs":false,"_genesis_hide_singular_image":false,"_genesis_hide_footer_widgets":false,"_genesis_custom_body_class":"","_genesis_custom_post_class":"","_genesis_layout":"","footnotes":""},"class_list":{"0":"post-433","1":"page","2":"type-page","3":"status-publish","5":"entry"},"_links":{"self":[{"href":"https:\/\/moverdb.com\/es\/wp-json\/wp\/v2\/pages\/433","targetHints":{"allow":["GET"]}}],"collection":[{"href":"https:\/\/moverdb.com\/es\/wp-json\/wp\/v2\/pages"}],"about":[{"href":"https:\/\/moverdb.com\/es\/wp-json\/wp\/v2\/types\/page"}],"author":[{"embeddable":true,"href":"https:\/\/moverdb.com\/es\/wp-json\/wp\/v2\/users\/1"}],"replies":[{"embeddable":true,"href":"https:\/\/moverdb.com\/es\/wp-json\/wp\/v2\/comments?post=433"}],"version-history":[{"count":25,"href":"https:\/\/moverdb.com\/es\/wp-json\/wp\/v2\/pages\/433\/revisions"}],"predecessor-version":[{"id":6170,"href":"https:\/\/moverdb.com\/es\/wp-json\/wp\/v2\/pages\/433\/revisions\/6170"}],"wp:attachment":[{"href":"https:\/\/moverdb.com\/es\/wp-json\/wp\/v2\/media?parent=433"}],"curies":[{"name":"wp","href":"https:\/\/api.w.org\/{rel}","templated":true}]}}