{"id":432,"date":"2016-06-12T09:28:19","date_gmt":"2016-06-12T09:28:19","guid":{"rendered":"http:\/\/moverdb.com\/?page_id=432"},"modified":"2026-01-08T14:47:56","modified_gmt":"2026-01-08T14:47:56","slug":"canadian-association-of-movers","status":"publish","type":"page","link":"https:\/\/moverdb.com\/es\/canadian-association-of-movers\/","title":{"rendered":"Explicaci\u00f3n de la Asociaci\u00f3n Canadiense de Empresas de Mudanzas (CAM)"},"content":{"rendered":"<p>La Asociaci\u00f3n Canadiense de Empresas de Mudanzas es <a href=\"https:\/\/moverdb.com\/es\/moving-to-canada\/\" data-internallinksmanager029f6b8e52c=\"265\" title=\"\u00bfMudarse a Canad\u00e1? 2026 Coste de la vida y consejos para la reubicaci\u00f3n\">Canad\u00e1<\/a>que representa a las empresas de mudanzas y almacenamiento. Se cre\u00f3 para ayudar a proteger y hacer crecer a sus empresas miembros y tambi\u00e9n para ofrecer a los consumidores una forma de encontrar servicios de mudanzas reputados, profesionales y fiables.<\/p>\n<p><strong>Datos clave sobre la CAM:<\/strong><\/p>\n<ol>\n<li>  La afiliaci\u00f3n incluye a las empresas de mudanzas tanto en Canad\u00e1 como en el extranjero.<\/li>\n<li>  La afiliaci\u00f3n abarca a las empresas de mudanzas y traslados, las l\u00edneas de furgonetas, los proveedores del sector y las empresas que prestan servicios relacionados con las mudanzas, como los servicios de embalaje.<\/li>\n<li>  El c\u00f3digo \u00e9tico exige a los miembros que se adhieran a t\u00e9rminos como la equidad y la honestidad con los clientes y un enfoque consciente de la seguridad en todo momento.<\/li>\n<li>  La Asociaci\u00f3n Canadiense de Empresas de Mudanzas ofrece un proceso de resoluci\u00f3n de quejas para los consumidores.<\/li>\n<li>  La CAM ofrece el Programa de Empresas de Mudanzas Canadienses Certificadas, que da a los consumidores la seguridad de recibir servicios basados en la conducta \u00e9tica, la competencia profesional y la gesti\u00f3n eficaz de las reclamaciones.<\/li>\n<li>  La CAM es la \u00fanica asociaci\u00f3n de empresas de mudanzas de Canad\u00e1 que regula y lleva un registro de las empresas de mudanzas de buena reputaci\u00f3n y de las de mala reputaci\u00f3n.<\/li>\n<\/ol>\n<p><strong>Perfil de la Asociaci\u00f3n Canadiense de Empresas de Mudanzas:<\/strong><\/p>\n<p>La Asociaci\u00f3n Canadiense de Empresas de Mudanzas es la asociaci\u00f3n comercial canadiense de empresas de mudanzas. Est\u00e1 formada por empresas canadienses, as\u00ed como por organizaciones extranjeras. <\/p>\n<p>La CAM tiene una serie de objetivos que incluyen la mejora de la experiencia profesional y la competencia operativa y la creaci\u00f3n de v\u00ednculos entre las empresas de mudanzas y las l\u00edneas de furgonetas para compartir informaci\u00f3n e impulsar la industria de las mudanzas de art\u00edculos dom\u00e9sticos en su conjunto.<\/p>\n<p>Los miembros de la CAM est\u00e1n considerados como los mejores del pa\u00eds <a href=\"https:\/\/moverdb.com\/es\/moving-companies\/\" data-internallinksmanager029f6b8e52c=\"79\" title=\"Las 25 mejores empresas de mudanzas internacionales en l\u00ednea\">empresas de mudanzas<\/a>. Hay dos certificaciones disponibles para los miembros de CAM: el Certified Overseas Mover y el Certified Canadian Mover. <\/p>\n<p>Ambas est\u00e1n concebidas para ofrecer a los consumidores la posibilidad de elegir entre empresas de mudanzas acreditadas que tengan la documentaci\u00f3n actualizada, se adhieran a un c\u00f3digo \u00e9tico, sepan atender las reclamaciones de los clientes y suscriban las directrices de buenas pr\u00e1cticas.<\/p>\n<p><strong>Criterios de afiliaci\u00f3n:<\/strong><\/p>\n<p>Es posible que los solicitantes deban presentar diversos documentos para completar el proceso de aprobaci\u00f3n de la afiliaci\u00f3n. Todas las solicitudes de afiliaci\u00f3n est\u00e1n sujetas a la aprobaci\u00f3n del Consejo de Administraci\u00f3n.<\/p>\n<p><strong>Mudanzas<\/strong><\/p>\n<p>La CAM exige que los solicitantes lleven un m\u00ednimo de dos a\u00f1os en el negocio de las mudanzas.<\/p>\n<p>Los solicitantes de una afiliaci\u00f3n a la empresa de mudanzas deben rellenar un formulario de solicitud y proporcionar a la CAM la siguiente documentaci\u00f3n (s\u00f3lo fotocopias):<\/p>\n<ul>\n<li> Licencia comercial<\/li>\n<li> Fotos de locales y veh\u00edculos<\/li>\n<li> Registro y n\u00famero de GST\/HST<\/li>\n<li> Certificado de indemnizaci\u00f3n de los trabajadores<\/li>\n<li> Certificado de seguro que muestre un m\u00ednimo de $1 mill\u00f3n de responsabilidad civil y un l\u00edmite de carga m\u00ednimo de $250.000<\/li>\n<li> Certificado de constituci\u00f3n<\/li>\n<li> Dos referencias comerciales con la duraci\u00f3n de la relaci\u00f3n (por ejemplo, banco, proveedor de equipos de mudanza, etc.)<\/li>\n<li> Anuncio en las p\u00e1ginas amarillas o art\u00edculos promocionales (opcional)<\/li>\n<li> Formulario firmado del C\u00f3digo de \u00c9tica<\/li>\n<\/ul>\n<p><strong>Afiliados<\/strong><\/p>\n<p>Una empresa que no traslada enseres dom\u00e9sticos por cami\u00f3n pero que presta servicios relacionados con el sector de las mudanzas, como servicios de embalaje, servicios de reducci\u00f3n de tama\u00f1o, retirada de trastos, etc., puede optar a ser miembro afiliado. <\/p>\n<p>Los solicitantes de una afiliaci\u00f3n deben rellenar un formulario de solicitud y se les puede pedir que proporcionen a la CAM la siguiente documentaci\u00f3n que sea relevante para su negocio, como por ejemplo (s\u00f3lo fotocopias):<\/p>\n<ul>\n<li> Licencia comercial<\/li>\n<li> Fotos de locales y veh\u00edculos<\/li>\n<li> Registro y n\u00famero de GST\/HST<\/li>\n<li> Certificado de indemnizaci\u00f3n de los trabajadores<\/li>\n<li> Certificado de seguro que muestre un m\u00ednimo de $1 millones de responsabilidad civil<\/li>\n<li> Certificado de constituci\u00f3n<\/li>\n<li> Dos referencias comerciales con la duraci\u00f3n de la relaci\u00f3n (por ejemplo, banco, empresa de mudanzas, etc.)<\/li>\n<li> Anuncio en las p\u00e1ginas amarillas o art\u00edculos promocionales (opcional)<\/li>\n<li> Formulario firmado del C\u00f3digo de \u00c9tica<\/li>\n<\/ul>\n<p><strong>Mudanzas internacionales<\/strong><\/p>\n<ul>\n<li> Cartas de recomendaci\u00f3n de dos empresas de mudanzas internacionales que sean de la CAM, <a href=\"https:\/\/moverdb.com\/es\/fidi-faim\/\">FIDI<\/a> o <a href=\"https:\/\/moverdb.com\/es\/soy\/\">IAM<\/a> miembros<\/li>\n<li> Formulario firmado del C\u00f3digo \u00c9tico Canadiense para Empresas de Mudanzas Internacionales<\/li>\n<\/ul>\n<p><strong>Las 10 empresas de mudanzas m\u00e1s importantes<\/strong> (por tama\u00f1o)<\/p>\n<ol>\n<li> <a href=\"https:\/\/moverdb.com\/es\/united-van-lines\/\">United Van Lines<\/a><\/li>\n<li> <a href=\"https:\/\/moverdb.com\/es\/north-american-van-lines\/\">North American Van Lines<\/a><\/li>\n<li> <a href=\"https:\/\/moverdb.com\/es\/amj-campbell-van-lines\/\">AMJ Campbell Van Lines<\/a><\/li>\n<\/ol>\n<p><strong>Opiniones de los promotores sobre la CAM:<\/strong><\/p>\n<p>La CAM se considera un recurso \u00fatil para ayudar a los consumidores a evitar las estafas y los operadores que ofrecen precios de corte poco realistas, que luego se inflan el d\u00eda de la mudanza. <\/p>\n<p>Se considera que quienes son miembros de la CAM pueden ofrecer un cierto nivel de servicio que no tienen otras empresas de mudanzas sin la certificaci\u00f3n. <\/p>\n<p>La opini\u00f3n online considera que la CAM es una forma de verificar la fiabilidad de una empresa de mudanzas, sobre todo porque la CAM separa <em>\"de lo bueno, de lo malo y de lo feo\".<\/em> La organizaci\u00f3n est\u00e1 muy bien considerada por su deseo de fomentar un alto nivel de conducta \u00e9tica y por el hecho de que cuenta con un riguroso proceso de solicitud. <\/p>\n<p>Quienes mencionan a la organizaci\u00f3n en Internet se\u00f1alan que es una forma de estar seguros de que la empresa de mudanzas tiene un seguro y unos est\u00e1ndares de servicio adecuados. A menudo se destaca que la CAM no solo mantiene un registro de sus propios miembros, sino tambi\u00e9n de aquellas empresas de mudanzas que no tienen tanta reputaci\u00f3n. <\/p>\n<p>Esto se considera un indicador de que la organizaci\u00f3n tiene una buena perspectiva del sector de la mudanza y de que sus miembros est\u00e1n en el lado correcto de la l\u00ednea.<\/p>\n<blockquote><p>Entre las empresas de mudanzas y almacenamiento, la CAM diferencia lo bueno, de lo malo y de lo feo. Sus objetivos son fomentar altos niveles de conducta \u00e9tica en el sector de las mudanzas, promover iniciativas de calidad, formar y educar al personal y supervisar el rendimiento de sus miembros. <\/p>\n<p>Ayuda a los consumidores a acceder a servicios de mudanza cre\u00edbles y profesionales. A trav\u00e9s de su riguroso proceso de solicitud, la CAM exige a sus miembros que firmen un estricto c\u00f3digo \u00e9tico, que tengan un seguro adecuado y que mantengan los est\u00e1ndares de sus instalaciones.<\/p><\/blockquote>\n<p>- <a href=\"http:\/\/www.uvl.ca\/Content\/Canadian+Association+of+Movers\" target=\"_blank\" rel=\"noopener noreferrer\">United Van Lines Canad\u00e1<\/a> <\/p>\n<blockquote><p>La Asociaci\u00f3n Canadiense de Empresas de Mudanzas (CAM) es la \u00fanica asociaci\u00f3n de empresas de mudanzas de Canad\u00e1 que regula y mantiene un registro de empresas de mudanzas de buena reputaci\u00f3n y de mala reputaci\u00f3n. <\/p><\/blockquote>\n<p>- <a href=\"http:\/\/www.greatcanadianvanlines.com\/how-to-choose-a-moving-company\/\" target=\"_blank\" rel=\"noopener noreferrer\">Great Canadian Van Lines<\/a><\/p>\n<blockquote><p>Una elecci\u00f3n err\u00f3nea a la hora de elegir una empresa de mudanzas para trasladar las pertenencias de toda una vida puede ser desastrosa. Los operadores fraudulentos se aprovechan de los consumidores ofreci\u00e9ndoles precios reducidos, haci\u00e9ndoles promesas poco realistas, inflando el precio el d\u00eda de la mudanza y reteniendo las posesiones del hogar como rescate. <\/p>\n<p>Estas empresas no asumen ninguna responsabilidad por el nivel de servicio prestado. Si la oferta de una empresa de mudanzas parece demasiado buena para ser verdad, lo es.<\/p>\n<p>\u00bfPor qu\u00e9 arriesgarse? M\u00fadese con una empresa de mudanzas que sea miembro de la CAM. CAM es la asociaci\u00f3n comercial de Canad\u00e1 que representa a las empresas de mudanzas y almacenamiento.<\/p><\/blockquote>\n<p>- <a href=\"http:\/\/amjtorontomoving.com\/Partners\/ArticleID\/44\/Canadian-Association-of-Movers-CAM\" target=\"_blank\" rel=\"noopener noreferrer\">AMJ Campbell - Toronto<\/a><\/p>\n<p><strong>P\u00e1gina web:<\/strong> <a href=\"http:\/\/www.mover.net\/\" target=\"_blank\" rel=\"noopener noreferrer\">http:\/\/www.mover.net\/<\/a><\/p>\n<p><strong>NOTA: En el formulario que aparece a continuaci\u00f3n, algunas empresas de mudanzas que se ponen en contacto con usted despu\u00e9s de enviar el formulario pueden no ser asociados de CAM.<\/strong><\/p>","protected":false},"excerpt":{"rendered":"<p>The Canadian Association of Movers is Canada&#8217;s trade association representing moving and storage companies. It was established to help protect and grow its member businesses and also to offer consumers a way to find reputable, professional and reliable moving services. Key facts about CAM: Membership includes movers both in Canada and overseas. Membership covers movers [&hellip;]<\/p>\n","protected":false},"author":1,"featured_media":0,"parent":0,"menu_order":0,"comment_status":"closed","ping_status":"closed","template":"","meta":{"_genesis_hide_title":false,"_genesis_hide_breadcrumbs":false,"_genesis_hide_singular_image":false,"_genesis_hide_footer_widgets":false,"_genesis_custom_body_class":"","_genesis_custom_post_class":"","_genesis_layout":"","footnotes":""},"class_list":{"0":"post-432","1":"page","2":"type-page","3":"status-publish","5":"entry"},"_links":{"self":[{"href":"https:\/\/moverdb.com\/es\/wp-json\/wp\/v2\/pages\/432","targetHints":{"allow":["GET"]}}],"collection":[{"href":"https:\/\/moverdb.com\/es\/wp-json\/wp\/v2\/pages"}],"about":[{"href":"https:\/\/moverdb.com\/es\/wp-json\/wp\/v2\/types\/page"}],"author":[{"embeddable":true,"href":"https:\/\/moverdb.com\/es\/wp-json\/wp\/v2\/users\/1"}],"replies":[{"embeddable":true,"href":"https:\/\/moverdb.com\/es\/wp-json\/wp\/v2\/comments?post=432"}],"version-history":[{"count":9,"href":"https:\/\/moverdb.com\/es\/wp-json\/wp\/v2\/pages\/432\/revisions"}],"predecessor-version":[{"id":3502,"href":"https:\/\/moverdb.com\/es\/wp-json\/wp\/v2\/pages\/432\/revisions\/3502"}],"wp:attachment":[{"href":"https:\/\/moverdb.com\/es\/wp-json\/wp\/v2\/media?parent=432"}],"curies":[{"name":"wp","href":"https:\/\/api.w.org\/{rel}","templated":true}]}}