{"id":431,"date":"2016-06-05T20:02:57","date_gmt":"2016-06-05T20:02:57","guid":{"rendered":"http:\/\/moverdb.com\/?page_id=431"},"modified":"2026-01-08T13:19:02","modified_gmt":"2026-01-08T13:19:02","slug":"soy","status":"publish","type":"page","link":"https:\/\/moverdb.com\/es\/iam\/","title":{"rendered":"Explicaci\u00f3n de la Asociaci\u00f3n Internacional de Empresas de Mudanzas (IAM)"},"content":{"rendered":"<p>La Asociaci\u00f3n Internacional de Empresas de Mudanzas (IAM) es un organismo comercial mundial con miembros que prestan servicios de mudanza, expedici\u00f3n, transporte, log\u00edstica y otros relacionados. <\/p>\n<p>Es la mayor asociaci\u00f3n comercial internacional del sector, fundada originalmente por empresas ch\u00e1rter que hac\u00edan negocios con el <a href=\"https:\/\/moverdb.com\/es\/moving-to-the-united-states\/\" data-internallinksmanager029f6b8e52c=\"94\" title=\"\u00bfSe muda a Estados Unidos? 2026 Costes de vida y consejos de reubicaci\u00f3n\">EE.UU.<\/a> gobierno.<\/p>\n<p><strong>Datos clave sobre el IAM:<\/strong><\/p>\n<ol>\n<li>  Representa m\u00e1s de <strong>2,000 <a href=\"https:\/\/moverdb.com\/es\/empresas-de-mudanzas\/\" target=\"_blank\" rel=\"noopener\">empresas<\/a><\/strong> en m\u00e1s de <strong>170 pa\u00edses<\/strong>.<\/li>\n<li>  La IAM cuenta con un C\u00f3digo \u00c9tico que exige, entre otras cosas, tolerancia a las diferencias culturales, un enfoque profesional y evitar la competencia desleal con otros miembros.<\/li>\n<li>  La IAM se fund\u00f3 en 1962 y desde entonces ha promovido el crecimiento de sus miembros.<\/li>\n<li>  Es la mayor asociaci\u00f3n comercial mundial del sector de la mudanza y el transporte.<\/li>\n<li>  La distinci\u00f3n en la industria se reconoce a trav\u00e9s del Sal\u00f3n de Honor de IAM. Las nominaciones para el Sal\u00f3n de Honor pueden ser presentadas por cualquier miembro, cliente o consumidor de IAM y son decididas por los miembros de IAM.<\/li>\n<li>  Anteriormente era conocida como la Asociaci\u00f3n de Transitarios de Am\u00e9rica, pero la IAM cambi\u00f3 su nombre en 2009.<\/li>\n<li>  La IAM ofrece un proceso de resoluci\u00f3n de disputas para los problemas entre los miembros: cubre las disputas sobre las facturas.<\/li>\n<li>  El Programa de Protecci\u00f3n de Cuentas por Cobrar de la IAM ofrece una salvaguarda de aquellos miembros de la IAM con dificultades financieras, permitiendo a un miembro presentar una reclamaci\u00f3n y recibir el reembolso de las facturas comerciales impagadas si parece que un miembro est\u00e1 a punto de quebrar.<\/li>\n<\/ol>\n<p><strong>Perfil de la Asociaci\u00f3n Internacional de Empresas de Mudanzas:<\/strong><\/p>\n<p>La IAM se cre\u00f3 hace m\u00e1s de 50 a\u00f1os y en la actualidad cuenta con m\u00e1s de 2.000 miembros en todo el mundo. La IAM ofrece una variedad de programas, recursos y protecciones para los miembros, as\u00ed como eventos regulares que est\u00e1n dise\u00f1ados para fomentar la creaci\u00f3n de redes y el intercambio de conocimientos, incluyendo las reuniones anuales de la IAM. <\/p>\n<p>Todo lo que hace el IAM est\u00e1 destinado a promover el crecimiento y el \u00e9xito de sus miembros. Las protecciones de los miembros de IAM est\u00e1n ah\u00ed para proteger el valor de la membres\u00eda de IAM a los ojos de la industria, los clientes y las asociaciones de colegas - estos incluyen requisitos rigurosos para convertirse en un miembro de IAM, hacer cumplir el c\u00f3digo de \u00e9tica y trabajar en temas como la supervisi\u00f3n de las marcas. <\/p>\n<p>La IAM cuenta con un directorio de miembros en l\u00ednea que los clientes pueden utilizar para encontrar una empresa de mudanzas que sea miembro de la organizaci\u00f3n.<\/p>\n<p><strong>Criterios de afiliaci\u00f3n:<\/strong><\/p>\n<ul>\n<li> un m\u00ednimo de un a\u00f1o de experiencia<\/li>\n<li> Cartas de patrocinio de dos miembros actuales de la IAM en las que se indique que le recomiendan para la afiliaci\u00f3n, con el membrete de la empresa patrocinadora y firmadas por un funcionario de la misma.<\/li>\n<li> Un PDF o JPG de la licencia o registro comercial actual del pa\u00eds\/estado\/provincia y, si procede, el n\u00famero de identificaci\u00f3n fiscal.<\/li>\n<li> Un PDF o JPG de una identificaci\u00f3n con foto emitida por el gobierno (es decir, pasaporte, licencia de conducir) para cada director de la empresa que posea y\/o tenga una participaci\u00f3n de control en 5% o m\u00e1s de la empresa<\/li>\n<li> Pago de la tasa de iniciaci\u00f3n y de las cuotas<\/li>\n<\/ul>\n<p>Los posibles miembros se publican en la p\u00e1gina web de IAM durante 30 d\u00edas para que los miembros actuales de IAM los revisen, al final de los cuales se confirma la afiliaci\u00f3n.<\/p>\n<p><strong>Algunas empresas miembros<\/strong><\/p>\n<ul>\n<li> <a href=\"https:\/\/moverdb.com\/es\/aires\/\">Aires<\/a><\/li>\n<li> <a href=\"https:\/\/moverdb.com\/es\/matthew-james\/\">Matthew James Global Relocations<\/a><\/li>\n<li> <a href=\"https:\/\/moverdb.com\/es\/santa-fe-reubicacion\/\">Servicios de reubicaci\u00f3n en Santa Fe<\/a><\/li>\n<li> <a href=\"https:\/\/moverdb.com\/es\/sterling-relocation\/\">Reubicaci\u00f3n de Sterling<\/a><\/li>\n<li> <a href=\"https:\/\/moverdb.com\/es\/cadogan-tate\/\">Cadogan Tate<\/a><\/li>\n<li> <a href=\"https:\/\/moverdb.com\/es\/harrow-green\/\">Harrow Green<\/a><\/li>\n<li> <a href=\"https:\/\/moverdb.com\/es\/equipo-ubicaciones\/\">Reubicaci\u00f3n de equipos<\/a><\/li>\n<li> <a href=\"https:\/\/moverdb.com\/es\/mcgimpsey-brothers-removals\/\">Mudanzas McGimpsey Brothers<\/a><\/li>\n<li> <a href=\"https:\/\/moverdb.com\/es\/shore-porters-society\/\">La Sociedad de Porteadores de Orilla<\/a><\/li>\n<li> <a href=\"https:\/\/moverdb.com\/es\/nippon-express\/\">Nippon Express<\/a><\/li>\n<li> <a href=\"https:\/\/moverdb.com\/es\/sirva\/\">Sirva<\/a><\/li>\n<li> <a href=\"https:\/\/moverdb.com\/es\/corona-ubicaciones\/\">Reubicaciones de la Corona<\/a><\/li>\n<li> <a href=\"https:\/\/moverdb.com\/es\/shipco-transport\/\">Transportes Shipco<\/a><\/li>\n<li> <a href=\"https:\/\/moverdb.com\/es\/conroy-removals\/\">Mudanzas Conroy<\/a><\/li>\n<li> <a href=\"https:\/\/moverdb.com\/es\/bolliger\/\">Bolliger<\/a><\/li>\n<li> <a href=\"https:\/\/moverdb.com\/es\/island-movers\/\">Mudanzas de la isla<\/a><\/li>\n<li> <a href=\"https:\/\/moverdb.com\/es\/gil-stauffer\/\">Gil Stauffer<\/a><\/li>\n<li> <a href=\"https:\/\/moverdb.com\/es\/royal-hawaiian-movers\/\">Royal Hawaiian Movers<\/a><\/li>\n<li> <a href=\"https:\/\/moverdb.com\/es\/teletrans\/\">Teletrans<\/a><\/li>\n<\/ul>\n<p><strong>Opiniones de los promotores sobre la Asociaci\u00f3n Internacional de Promotores:<\/strong><\/p>\n<p>La IAM se cita en numerosos sitios web que mencionan con frecuencia su car\u00e1cter global y el n\u00famero de miembros que tiene. <\/p>\n<p>Muchos se centran en el hecho de que es la mayor asociaci\u00f3n comercial del sector y en su alcance: es verdaderamente global, con miembros hasta en los rincones m\u00e1s lejanos. Un sitio web tambi\u00e9n menciona que ser miembro de la IAM ayuda a <a href=\"https:\/\/moverdb.com\/es\/moving-companies\/\" data-internallinksmanager029f6b8e52c=\"79\" title=\"Las 25 mejores empresas de mudanzas internacionales en l\u00ednea\">empresas de mudanzas<\/a> para ser encontrado por los clientes y que es un indicador de un negocio que es capaz de proporcionar un gran servicio. <\/p>\n<p>En general, la Asociaci\u00f3n parece servir tanto de marca de calidad como de herramienta \u00fatil para ampliar los negocios y las redes.<\/p>\n<blockquote><p>Los miembros de todo el mundo, que participan en el transporte diario de bienes dom\u00e9sticos y efectos personales, son tan diversos como los componentes de un traslado internacional en s\u00ed. El transporte y el intercambio de bienes y servicios son la savia esencial que impulsa el crecimiento econ\u00f3mico mundial actual.\n<\/p><\/blockquote>\n<p>- <a href=\"http:\/\/www.abels.co.uk\/articles\/international-association-of-movers-iam-what-is-this\/\" target=\"_blank\" rel=\"noopener\">Abels<\/a><\/p>\n<blockquote><p>IAM es una asociaci\u00f3n mundial de empresas de mudanzas y transitarios que se compromete a proporcionar a los clientes el m\u00e1s alto nivel de servicio disponible.<\/p><\/blockquote>\n<p>- <a href=\"http:\/\/www.amjbc.ca\/international-moving-services\/\" target=\"_blank\" rel=\"noopener\">AMJ Campbell en el mundo<\/a><\/p>\n<blockquote><p>La membres\u00eda de IAM es verdaderamente global En todas las partes del mundo, se encuentran las empresas de mudanzas de IAM. Esto nos ayuda a dar a nuestros clientes un verdadero servicio de puerta a puerta. De casa a casa, como nos gusta decir.<\/p><\/blockquote>\n<p>- <a href=\"http:\/\/hometohome.nl\/2016\/02\/12\/iam-international-association-of-movers\/\" target=\"_blank\" rel=\"noopener\">De casa a casa<\/a><\/p>\n<p><strong>P\u00e1gina web:<\/strong> <a href=\"http:\/\/www.iamovers.org\/\" target=\"_blank\" rel=\"noopener\">http:\/\/www.iamovers.org<\/a><\/p>","protected":false},"excerpt":{"rendered":"<p>The International Association of Movers (IAM) is a global trade body with members who provide moving, forwarding, shipping, logistics, and related services. It is the largest international trade association for the industry, originally founded by charter businesses that were doing business with the US government. Key facts about the IAM: Represents more than 2,000 companies [&hellip;]<\/p>\n","protected":false},"author":1,"featured_media":0,"parent":0,"menu_order":0,"comment_status":"closed","ping_status":"closed","template":"","meta":{"_genesis_hide_title":false,"_genesis_hide_breadcrumbs":false,"_genesis_hide_singular_image":false,"_genesis_hide_footer_widgets":false,"_genesis_custom_body_class":"","_genesis_custom_post_class":"","_genesis_layout":"","footnotes":""},"class_list":{"0":"post-431","1":"page","2":"type-page","3":"status-publish","5":"entry"},"_links":{"self":[{"href":"https:\/\/moverdb.com\/es\/wp-json\/wp\/v2\/pages\/431","targetHints":{"allow":["GET"]}}],"collection":[{"href":"https:\/\/moverdb.com\/es\/wp-json\/wp\/v2\/pages"}],"about":[{"href":"https:\/\/moverdb.com\/es\/wp-json\/wp\/v2\/types\/page"}],"author":[{"embeddable":true,"href":"https:\/\/moverdb.com\/es\/wp-json\/wp\/v2\/users\/1"}],"replies":[{"embeddable":true,"href":"https:\/\/moverdb.com\/es\/wp-json\/wp\/v2\/comments?post=431"}],"version-history":[{"count":24,"href":"https:\/\/moverdb.com\/es\/wp-json\/wp\/v2\/pages\/431\/revisions"}],"predecessor-version":[{"id":13162,"href":"https:\/\/moverdb.com\/es\/wp-json\/wp\/v2\/pages\/431\/revisions\/13162"}],"wp:attachment":[{"href":"https:\/\/moverdb.com\/es\/wp-json\/wp\/v2\/media?parent=431"}],"curies":[{"name":"wp","href":"https:\/\/api.w.org\/{rel}","templated":true}]}}