{"id":430,"date":"2016-06-08T14:50:20","date_gmt":"2016-06-08T14:50:20","guid":{"rendered":"http:\/\/moverdb.com\/?page_id=430"},"modified":"2026-01-08T14:47:52","modified_gmt":"2026-01-08T14:47:52","slug":"bar-overseas","status":"publish","type":"page","link":"https:\/\/moverdb.com\/es\/bar-overseas\/","title":{"rendered":"Explicaci\u00f3n de la Asociaci\u00f3n Brit\u00e1nica de Mudanzas (BAR) en el extranjero"},"content":{"rendered":"<p><a href=\"https:\/\/moverdb.com\/es\/british-association-of-removers\/\" data-internallinksmanager029f6b8e52c=\"9\" title=\"Explicaci\u00f3n de la Asociaci\u00f3n Brit\u00e1nica de Empresas de Mudanzas (BAR)\">BAR<\/a> El Grupo Overseas forma parte del <a href=\"https:\/\/moverdb.com\/es\/british-association-of-removers\/\">Asociaci\u00f3n Brit\u00e1nica de Empresas de Mudanzas<\/a> (BAR), una asociaci\u00f3n comercial. <\/p>\n<p>Al igual que su organizaci\u00f3n matriz, se dedica a promover la excelencia profesional en el sector de las mudanzas y tiene una experiencia especial en el tratamiento de piezas y <a href=\"https:\/\/moverdb.com\/es\/transporte-de-contenedores\/\">env\u00edos de contenedores completos<\/a> en todo el mundo y las mercanc\u00edas que entran en el <a href=\"https:\/\/moverdb.com\/es\/moving-to-the-uk\/\" data-internallinksmanager029f6b8e52c=\"93\" title=\"\u00bfSe muda al Reino Unido? 2026 Costes de vida y consejos de reubicaci\u00f3n\">REINO UNIDO<\/a> desde el extranjero.<\/p>\n<p><strong>Datos clave sobre el Grupo BAR Overseas:<\/strong><\/p>\n<ol>\n<li>  BAR Overseas est\u00e1 formado por un grupo de 50 expertos del Reino Unido <a href=\"https:\/\/moverdb.com\/es\/empresas-de-mudanzas\/\">empresas<\/a> que se especializan en todos los aspectos de <a href=\"https:\/\/moverdb.com\/es\/mudanzas-internacionales\/\">mudanzas en el extranjero e internacionales<\/a> y reubicaciones.<\/li>\n<li>  Los miembros se adhieren a un sistema de garant\u00eda de pago anticipado dise\u00f1ado para proteger todos los pagos anticipados de los clientes.<\/li>\n<li>  Los miembros son empresas profesionales comprometidas con los m\u00e1s altos niveles de servicio y especializadas en traslados al extranjero.<\/li>\n<li>  El Grupo BAR Overseas exige a sus miembros un alto nivel de exigencia con respecto a elementos como la formaci\u00f3n del personal, los veh\u00edculos y el equipamiento, y las visitas in situ pueden tener lugar de forma aleatoria.<\/li>\n<li>  La norma de calidad BS 8564 fue desarrollada por el grupo BAR Overseas en colaboraci\u00f3n con BSI (British Standards Institution). Todos los miembros deben poseerla.<\/li>\n<li>  La Garant\u00eda de Pago Anticipado de BAR protege a los clientes: si la empresa de mudanzas con la que el cliente ha hecho la reserva tiene dificultades financieras, otra empresa de mudanzas se encarga de completar el trabajo, sin coste adicional. <a href=\"https:\/\/moverdb.com\/es\/gastos-de-mudanza\/\">costo<\/a> al cliente.<\/li>\n<\/ol>\n<p><strong>Perfil de la organizaci\u00f3n:<\/strong><\/p>\n<p>El BAR es la asociaci\u00f3n comercial m\u00e1s antigua del sector de las mudanzas y la <strong>Grupo de Ultramar<\/strong> est\u00e1 dise\u00f1ado para ampliar su alcance desde el Reino Unido a destinos de todo el mundo. <\/p>\n<p>La afiliaci\u00f3n s\u00f3lo est\u00e1 abierta a las empresas de mudanzas que ya son miembros de BAR, pero esto no garantiza que se les acepte como parte del Grupo de Ultramar. La visi\u00f3n del grupo es convertir a sus miembros en la empresa de mudanzas de confianza para el trabajo en el extranjero en la industria y promover y desarrollar las mejores pr\u00e1cticas profesionales para las mudanzas en el extranjero.<\/p>\n<p><strong>Criterios de afiliaci\u00f3n:<\/strong><\/p>\n<ul>\n<li> Los miembros deben pertenecer ya al BAR.<\/li>\n<li> Los afiliados deben pertenecer a un r\u00e9gimen de garant\u00eda de pago anticipado (APG) aprobado.<\/li>\n<li> Los miembros deben poseer <a href=\"https:\/\/moverdb.com\/es\/fidi-faim\/\">FIDI-FAIM<\/a>o BS 8564 (The Overseas Moving Standard), o una norma equivalente o superior aprobada y auditada externamente.<\/li>\n<\/ul>\n<p><strong>Ejemplos de empresas miembros:<\/strong><\/p>\n<ul>\n<li> <a href=\"https:\/\/moverdb.com\/es\/harrow-green\/\">Harrow Green<\/a><\/li>\n<li> <a href=\"https:\/\/moverdb.com\/es\/anglo-pacific\/\">Anglo Pacific<\/a><\/li>\n<li> <a href=\"https:\/\/moverdb.com\/es\/matthew-james\/\">Matthew James<\/a><\/li>\n<li> <a href=\"https:\/\/moverdb.com\/es\/shore-porters-society\/\">La Sociedad de Porteadores de Orilla<\/a><\/li>\n<li> <a href=\"https:\/\/moverdb.com\/es\/pss-removals\/\">PSS Mudanzas Internacionales<\/a><\/li>\n<\/ul>\n<p><strong>Opiniones sobre el Grupo BAR Overseas<\/strong><\/p>\n<p>Se considera que BAR Overseas tiene unos criterios de afiliaci\u00f3n muy estrictos y que sus miembros se someten a inspecciones peri\u00f3dicas para asegurarse de que los est\u00e1ndares no han deca\u00eddo. La reputaci\u00f3n de la asociaci\u00f3n se basa en la revisi\u00f3n exhaustiva de sus miembros, que incluye todo, desde las operaciones hasta las instalaciones. <\/p>\n<p>El plan de protecci\u00f3n financiera se considera un gran activo para los miembros, ya que pueden ofrecer una protecci\u00f3n financiera adicional a los clientes. BAR Overseas se beneficia de la reputaci\u00f3n existente de la Asociaci\u00f3n Brit\u00e1nica de Mudanzas y se considera un est\u00e1ndar de calidad para las mudanzas al extranjero. <\/p>\n<p>Una empresa destaca el hecho de que s\u00f3lo hay 50-60 empresas en el Reino Unido que han cumplido los criterios para formar parte del Grupo BAR Overseas y \u00e9sta es una de las razones por las que es un logro recibir la adhesi\u00f3n.<\/p>\n<blockquote><p>Los miembros deben cumplir normas estrictas y son inspeccionados peri\u00f3dicamente para asegurarse de que sus instalaciones, equipos, formaci\u00f3n del personal y procedimientos operativos se mantienen al m\u00e1s alto nivel.<\/p><\/blockquote>\n<p>- <a href=\"http:\/\/www.abels.co.uk\/european-removals-moving-to-europe\/bar-overseas-group-what-is-this\/\" target=\"_blank\" rel=\"noopener\">Abels<\/a><\/p>\n<blockquote><p>El Grupo BAR Overseas cre\u00f3 el plan de pagos anticipados IMMI (International Movers Mutual Insurance) para proteger a los clientes.<\/p><\/blockquote>\n<p>- <a href=\"http:\/\/www.johnmason.com\/about-us\/accreditations\/bar-overseas-group\/\" target=\"_blank\" rel=\"noopener\">JohnMason<\/a> <\/p>\n<blockquote><p>El Grupo BAR Overseas es una secci\u00f3n especializada de la Asociaci\u00f3n Brit\u00e1nica de Mudanzas cuyos miembros son expertos en todas las \u00e1reas de las mudanzas al extranjero. Menos de 60 empresas en el Reino Unido cumplen los estrictos criterios de afiliaci\u00f3n y los exigentes est\u00e1ndares requeridos a sus miembros.<\/p><\/blockquote>\n<p>- <a href=\"http:\/\/www.simpsons-uk.com\/removals_accreditations\/overseas_group\" target=\"_blank\" rel=\"noopener\">Simpsons<\/a><\/p>\n<p><strong>P\u00e1gina web:<\/strong> <a href=\"http:\/\/www.baroverseas.co.uk\/\" target=\"_blank\" rel=\"noopener\">http:\/\/www.baroverseas.co.uk\/<\/a><\/p>","protected":false},"excerpt":{"rendered":"<p>BAR Overseas Group is part of the British Association of Removers (BAR), a Trade Association. Just like its parent organisation, it is dedicated to promoting professional excellence in the removals industry and has particular experience dealing with part and full container load shipments worldwide and goods coming into the UK from abroad. Key facts about [&hellip;]<\/p>\n","protected":false},"author":1,"featured_media":0,"parent":0,"menu_order":0,"comment_status":"closed","ping_status":"closed","template":"","meta":{"_genesis_hide_title":false,"_genesis_hide_breadcrumbs":false,"_genesis_hide_singular_image":false,"_genesis_hide_footer_widgets":false,"_genesis_custom_body_class":"","_genesis_custom_post_class":"","_genesis_layout":"","footnotes":""},"class_list":{"0":"post-430","1":"page","2":"type-page","3":"status-publish","5":"entry"},"_links":{"self":[{"href":"https:\/\/moverdb.com\/es\/wp-json\/wp\/v2\/pages\/430","targetHints":{"allow":["GET"]}}],"collection":[{"href":"https:\/\/moverdb.com\/es\/wp-json\/wp\/v2\/pages"}],"about":[{"href":"https:\/\/moverdb.com\/es\/wp-json\/wp\/v2\/types\/page"}],"author":[{"embeddable":true,"href":"https:\/\/moverdb.com\/es\/wp-json\/wp\/v2\/users\/1"}],"replies":[{"embeddable":true,"href":"https:\/\/moverdb.com\/es\/wp-json\/wp\/v2\/comments?post=430"}],"version-history":[{"count":16,"href":"https:\/\/moverdb.com\/es\/wp-json\/wp\/v2\/pages\/430\/revisions"}],"predecessor-version":[{"id":6187,"href":"https:\/\/moverdb.com\/es\/wp-json\/wp\/v2\/pages\/430\/revisions\/6187"}],"wp:attachment":[{"href":"https:\/\/moverdb.com\/es\/wp-json\/wp\/v2\/media?parent=430"}],"curies":[{"name":"wp","href":"https:\/\/api.w.org\/{rel}","templated":true}]}}