{"id":4298,"date":"2022-07-13T23:27:00","date_gmt":"2022-07-13T23:27:00","guid":{"rendered":"https:\/\/moverdb.com\/?page_id=4298"},"modified":"2026-01-08T13:19:53","modified_gmt":"2026-01-08T13:19:53","slug":"guam-2","status":"publish","type":"page","link":"https:\/\/moverdb.com\/es\/container-shipping\/guam-2\/","title":{"rendered":"2026 Tarifas de transporte mar\u00edtimo de contenedores desde y hacia Guam"},"content":{"rendered":"<div class=\"wp-block-image\">\n<figure class=\"aligncenter size-full\"><img loading=\"lazy\" decoding=\"async\" width=\"1000\" height=\"664\" src=\"https:\/\/moverdb.com\/wp-content\/uploads\/guam.jpg\" alt=\"Palmeras en una hermosa playa de Guam\" class=\"wp-image-4285\" srcset=\"https:\/\/moverdb.com\/wp-content\/uploads\/guam.jpg 1000w, https:\/\/moverdb.com\/wp-content\/uploads\/guam-300x200.jpg 300w, https:\/\/moverdb.com\/wp-content\/uploads\/guam-18x12.jpg 18w, https:\/\/moverdb.com\/wp-content\/uploads\/guam-600x398.jpg 600w\" sizes=\"auto, (max-width: 1000px) 100vw, 1000px\" \/><\/figure>\n<\/div>\n\n\n<p><strong>Guam<\/strong> es uno de los pa\u00edses m\u00e1s peque\u00f1os de la regi\u00f3n del Pac\u00edfico del sudeste asi\u00e1tico. Este peque\u00f1o para\u00edso es una verdadera joya para los extranjeros que buscan lugares para retirarse unos a\u00f1os o para instalarse definitivamente y jubilarse.<\/p>\n\n\n\n<p>Algunos de los pros de vivir en Guam son un clima maravilloso de temperaturas agradables y constantes, playas tropicales y aguas acogedoras, excelentes programas educativos, leyes fiscales positivas y mucho m\u00e1s.<\/p>\n\n\n\n<p>Dicho esto, puede resultar un poco caro transportar todas sus pertenencias a Guam si es all\u00ed donde decide mudarse. Como su ubicaci\u00f3n no es visitada con frecuencia por el transporte de mercanc\u00edas, no hay muchas rutas que conecten con la isla.<\/p>\n\n\n\n<p>Puede comprobarlo en las tablas siguientes. Los precios all\u00ed son los m\u00e1s bajos Guam <a href=\"https:\/\/moverdb.com\/es\/container-shipping\/\" data-internallinksmanager029f6b8e52c=\"3\" title=\"Tabla de tarifas de transporte mar\u00edtimo internacional de contenedores: Abril 2026\">tarifas de env\u00edo de contenedores<\/a> que podr\u00edamos descubrir. Sin embargo, siga adelante y rellene sus datos con nuestra herramienta de presupuesto y haremos todo lo posible para ayudarle a obtener un presupuesto personalizado para su ubicaci\u00f3n exacta.<\/p>\n\n\n\n<h2 class=\"wp-block-heading\">Gastos de env\u00edo de contenedores a Guam<\/h2>\n\n\n<div class=\"wp-block-image\">\n<figure class=\"aligncenter size-large\"><img loading=\"lazy\" decoding=\"async\" width=\"1024\" height=\"539\" src=\"https:\/\/moverdb.com\/wp-content\/uploads\/Shipping-Container-Costs-to-Guam-1024x539.png\" alt=\"Costes del contenedor de transporte desde Guam\" class=\"wp-image-4289\" srcset=\"https:\/\/moverdb.com\/wp-content\/uploads\/Shipping-Container-Costs-to-Guam-1024x539.png 1024w, https:\/\/moverdb.com\/wp-content\/uploads\/Shipping-Container-Costs-to-Guam-300x158.png 300w, https:\/\/moverdb.com\/wp-content\/uploads\/Shipping-Container-Costs-to-Guam-1536x809.png 1536w, https:\/\/moverdb.com\/wp-content\/uploads\/Shipping-Container-Costs-to-Guam-18x9.png 18w, https:\/\/moverdb.com\/wp-content\/uploads\/Shipping-Container-Costs-to-Guam-600x316.png 600w, https:\/\/moverdb.com\/wp-content\/uploads\/Shipping-Container-Costs-to-Guam.png 2000w\" sizes=\"auto, (max-width: 1024px) 100vw, 1024px\" \/><\/figure>\n<\/div>\n\n\n<table id=\"tablepress-114\" class=\"tablepress tablepress-id-114\">\n<thead>\n<tr class=\"row-1\">\n\t<th class=\"column-1\">Pa\u00eds de destino (<a href=\"https:\/\/moverdb.com\/es\/top-49-container-ports\/\" data-internallinksmanager029f6b8e52c=\"80\" title=\"Los 49 puertos de contenedores m\u00e1s grandes y activos en 2025\">Puerto<\/a>\/Ciudad)<\/th><th class=\"column-2\">20 PIES<\/th><th class=\"column-3\">40 PIES<\/th>\n<\/tr>\n<\/thead>\n<tbody class=\"row-striping row-hover\">\n<tr class=\"row-2\">\n\t<td class=\"column-1\"><a href=\"https:\/\/moverdb.com\/es\/container-shipping\/argentina\/\" data-internallinksmanager029f6b8e52c=\"91\" title=\"2026 Tarifas de transporte mar\u00edtimo de contenedores desde y hacia Argentina\">Argentina (Buenos Aires)<\/a><\/td><td class=\"column-2\">$5,591<\/td><td class=\"column-3\">$5,613<\/td>\n<\/tr>\n<tr class=\"row-3\">\n\t<td class=\"column-1\"><a href=\"https:\/\/moverdb.com\/es\/container-shipping\/australia\/\" data-internallinksmanager029f6b8e52c=\"89\" title=\"2026 Tarifas de transporte de contenedores desde y hacia Australia\">Australia (Sydney)<\/a><\/td><td class=\"column-2\">$1,359<\/td><td class=\"column-3\">$2,612<\/td>\n<\/tr>\n<tr class=\"row-4\">\n\t<td class=\"column-1\"><a href=\"https:\/\/moverdb.com\/es\/container-shipping\/brazil\/\" data-internallinksmanager029f6b8e52c=\"98\" title=\"2026 Tarifas de transporte mar\u00edtimo de contenedores desde y hacia Brasil\">Brasil (Santos)<\/a><\/td><td class=\"column-2\">$5,591<\/td><td class=\"column-3\">$5,613<\/td>\n<\/tr>\n<tr class=\"row-5\">\n\t<td class=\"column-1\"><a href=\"https:\/\/moverdb.com\/es\/container-shipping\/canada\/\" data-internallinksmanager029f6b8e52c=\"102\" title=\"2026 Tarifas de transporte mar\u00edtimo de contenedores desde y hacia Canad\u00e1\">Canad\u00e1 (Toronto)<\/a><\/td><td class=\"column-2\">$2,928<\/td><td class=\"column-3\">$4,016<\/td>\n<\/tr>\n<tr class=\"row-6\">\n\t<td class=\"column-1\">Canad\u00e1 (<a href=\"https:\/\/moverdb.com\/es\/moving-to-canada\/moving-to-vancouver\/\" data-internallinksmanager029f6b8e52c=\"438\" title=\"\u00bfTe mudas a Vancouver? 2026 Coste de la vida y consejos para el traslado\">Vancouver<\/a>)<\/td><td class=\"column-2\">$2,719<\/td><td class=\"column-3\">$4,404<\/td>\n<\/tr>\n<tr class=\"row-7\">\n\t<td class=\"column-1\"><a href=\"https:\/\/moverdb.com\/es\/container-shipping\/china\/\" data-internallinksmanager029f6b8e52c=\"105\" title=\"2026 Tarifas de transporte mar\u00edtimo de contenedores desde y hacia China\">China (Pek\u00edn)<\/a><\/td><td class=\"column-2\">$6,412<\/td><td class=\"column-3\">$10,710<\/td>\n<\/tr>\n<tr class=\"row-8\">\n\t<td class=\"column-1\">China (Shanghai)<\/td><td class=\"column-2\">$6,402<\/td><td class=\"column-3\">$10,700<\/td>\n<\/tr>\n<tr class=\"row-9\">\n\t<td class=\"column-1\"><a href=\"https:\/\/moverdb.com\/es\/container-shipping\/germany\/\" data-internallinksmanager029f6b8e52c=\"118\" title=\"2026 Tarifas de transporte mar\u00edtimo de contenedores desde y hacia Alemania\">Alemania (Hamburgo)<\/a><\/td><td class=\"column-2\">$793<\/td><td class=\"column-3\">$944<\/td>\n<\/tr>\n<tr class=\"row-10\">\n\t<td class=\"column-1\"><a href=\"https:\/\/moverdb.com\/es\/container-shipping\/hong-kong\/\" data-internallinksmanager029f6b8e52c=\"123\" title=\"2026 Tarifas de transporte mar\u00edtimo de contenedores desde y hacia Hong Kong\">Hong Kong (Hong Kong)<\/a><\/td><td class=\"column-2\">$6,402<\/td><td class=\"column-3\">$10,700<\/td>\n<\/tr>\n<tr class=\"row-11\">\n\t<td class=\"column-1\"><a href=\"https:\/\/moverdb.com\/es\/container-shipping\/india\/\" data-internallinksmanager029f6b8e52c=\"125\" title=\"2026 Tarifas de transporte mar\u00edtimo de contenedores desde y hacia la India\">India (Mumbai)<\/a><\/td><td class=\"column-2\">$1,174<\/td><td class=\"column-3\">$2,355<\/td>\n<\/tr>\n<tr class=\"row-12\">\n\t<td class=\"column-1\"><a href=\"https:\/\/moverdb.com\/es\/container-shipping\/indonesia\/\" data-internallinksmanager029f6b8e52c=\"126\" title=\"2026 Tarifas de transporte mar\u00edtimo de contenedores desde y hacia Indonesia\">Indonesia (Yakarta)<\/a><\/td><td class=\"column-2\">$4,891<\/td><td class=\"column-3\">$8,046<\/td>\n<\/tr>\n<tr class=\"row-13\">\n\t<td class=\"column-1\"><a href=\"https:\/\/moverdb.com\/es\/container-shipping\/japan\/\" data-internallinksmanager029f6b8e52c=\"131\" title=\"2026 Tarifas de transporte mar\u00edtimo de contenedores desde y hacia Jap\u00f3n\">Jap\u00f3n (Tokio)<\/a><\/td><td class=\"column-2\">$3,122<\/td><td class=\"column-3\">$5,866<\/td>\n<\/tr>\n<tr class=\"row-14\">\n\t<td class=\"column-1\"><a href=\"https:\/\/moverdb.com\/es\/container-shipping\/luxembourg\/\" data-internallinksmanager029f6b8e52c=\"146\" title=\"2026 Tarifas de transporte mar\u00edtimo de contenedores desde y hacia Luxemburgo\">Luxemburgo (Luxemburgo)<\/a><\/td><td class=\"column-2\">$641<\/td><td class=\"column-3\">$877<\/td>\n<\/tr>\n<tr class=\"row-15\">\n\t<td class=\"column-1\"><a href=\"https:\/\/moverdb.com\/es\/container-shipping\/malaysia\/\" data-internallinksmanager029f6b8e52c=\"148\" title=\"2026 Tarifas de transporte mar\u00edtimo de contenedores desde y hacia Malasia\">Malasia (Puerto Kelang)<\/a><\/td><td class=\"column-2\">$4,891<\/td><td class=\"column-3\">$8,046<\/td>\n<\/tr>\n<tr class=\"row-16\">\n\t<td class=\"column-1\"><a href=\"https:\/\/moverdb.com\/es\/container-shipping\/mexico\/\" data-internallinksmanager029f6b8e52c=\"162\" title=\"2026 Tarifas de transporte mar\u00edtimo de contenedores desde y hacia M\u00e9xico\">M\u00e9xico (Manzanillo)<\/a><\/td><td class=\"column-2\">$2,419<\/td><td class=\"column-3\">$4,009<\/td>\n<\/tr>\n<tr class=\"row-17\">\n\t<td class=\"column-1\"><a href=\"https:\/\/moverdb.com\/es\/container-shipping\/netherlands\/\" data-internallinksmanager029f6b8e52c=\"151\" title=\"2026 Tarifas de transporte mar\u00edtimo de contenedores desde y hacia los Pa\u00edses Bajos\">Pa\u00edses Bajos (Rotterdam)<\/a><\/td><td class=\"column-2\">$641<\/td><td class=\"column-3\">$877<\/td>\n<\/tr>\n<tr class=\"row-18\">\n\t<td class=\"column-1\"><a href=\"https:\/\/moverdb.com\/es\/container-shipping\/new-zealand\/\" data-internallinksmanager029f6b8e52c=\"163\" title=\"2026 Tarifas de transporte mar\u00edtimo de contenedores desde y hacia Nueva Zelanda\">Nueva Zelanda (Auckland)<\/a><\/td><td class=\"column-2\">$1,359<\/td><td class=\"column-3\">$2,612<\/td>\n<\/tr>\n<tr class=\"row-19\">\n\t<td class=\"column-1\"><a href=\"https:\/\/moverdb.com\/es\/container-shipping\/pakistan\/\" data-internallinksmanager029f6b8e52c=\"155\" title=\"2026 Tarifas de transporte mar\u00edtimo de contenedores desde y hacia Pakist\u00e1n\">Pakist\u00e1n (Karachi)<\/a><\/td><td class=\"column-2\">$1,174<\/td><td class=\"column-3\">$2,355<\/td>\n<\/tr>\n<tr class=\"row-20\">\n\t<td class=\"column-1\"><a href=\"https:\/\/moverdb.com\/es\/container-shipping\/russia\/\" data-internallinksmanager029f6b8e52c=\"160\" title=\"2026 Tarifas de transporte mar\u00edtimo de contenedores desde y hacia Rusia\">Rusia (San Petersburgo)<\/a><\/td><td class=\"column-2\">$808<\/td><td class=\"column-3\">$998<\/td>\n<\/tr>\n<tr class=\"row-21\">\n\t<td class=\"column-1\"><a href=\"https:\/\/moverdb.com\/es\/container-shipping\/singapore\/\" data-internallinksmanager029f6b8e52c=\"179\" title=\"2026 Tarifas de transporte mar\u00edtimo de contenedores desde y hacia Singapur\">Singapur (Singapur)<\/a><\/td><td class=\"column-2\">$7,280<\/td><td class=\"column-3\">$11,350<\/td>\n<\/tr>\n<tr class=\"row-22\">\n\t<td class=\"column-1\"><a href=\"https:\/\/moverdb.com\/es\/container-shipping\/spain\/\" data-internallinksmanager029f6b8e52c=\"182\" title=\"2026 Tarifas de transporte mar\u00edtimo de contenedores desde y hacia Espa\u00f1a\">Espa\u00f1a (Valencia)<\/a><\/td><td class=\"column-2\">$528<\/td><td class=\"column-3\">$772<\/td>\n<\/tr>\n<tr class=\"row-23\">\n\t<td class=\"column-1\"><a href=\"https:\/\/moverdb.com\/es\/container-shipping\/thailand\/\" data-internallinksmanager029f6b8e52c=\"189\" title=\"2026 Tarifas de transporte mar\u00edtimo de contenedores desde y hacia Tailandia\">Tailandia (Laem Chabang)<\/a><\/td><td class=\"column-2\">$4,891<\/td><td class=\"column-3\">$8,046<\/td>\n<\/tr>\n<tr class=\"row-24\">\n\t<td class=\"column-1\"><a href=\"https:\/\/moverdb.com\/es\/container-shipping\/united-kingdom\/\" data-internallinksmanager029f6b8e52c=\"196\" title=\"2026 Tarifas de transporte de contenedores desde y hacia el Reino Unido\">Reino Unido (Londres)<\/a><\/td><td class=\"column-2\">$1,111<\/td><td class=\"column-3\">$1,166<\/td>\n<\/tr>\n<tr class=\"row-25\">\n\t<td class=\"column-1\"><a href=\"https:\/\/moverdb.com\/es\/moving-to-the-united-states\/\" data-internallinksmanager029f6b8e52c=\"94\" title=\"\u00bfSe muda a Estados Unidos? 2026 Costes de vida y consejos de reubicaci\u00f3n\">EE.UU.<\/a> (<a href=\"https:\/\/moverdb.com\/es\/moving-to-los-angeles\/\" data-internallinksmanager029f6b8e52c=\"51\" title=\"\u00bfSe muda a Los \u00c1ngeles? 2026 Coste de la vida en Los \u00c1ngeles y consejos de reubicaci\u00f3n\">Los \u00c1ngeles<\/a>)<\/td><td class=\"column-2\">$2,719<\/td><td class=\"column-3\">$4,404<\/td>\n<\/tr>\n<tr class=\"row-26\">\n\t<td class=\"column-1\"><a href=\"https:\/\/moverdb.com\/es\/container-shipping\/united-states\/\" data-internallinksmanager029f6b8e52c=\"87\" title=\"2026 Tarifas de transporte mar\u00edtimo de contenedores desde y hacia Estados Unidos\">Estados Unidos (Nueva York)<\/a><\/td><td class=\"column-2\">$2,928<\/td><td class=\"column-3\">$4,016<\/td>\n<\/tr>\n<tr class=\"row-27\">\n\t<td class=\"column-1\"><a href=\"https:\/\/moverdb.com\/es\/container-shipping\/vietnam\/\" data-internallinksmanager029f6b8e52c=\"245\" title=\"2026 Tarifas de transporte mar\u00edtimo de contenedores desde y hacia Vietnam\">Vietnam (Saig\u00f3n)<\/a><\/td><td class=\"column-2\">$4,891<\/td><td class=\"column-3\">$8,046<\/td>\n<\/tr>\n<\/tbody>\n<\/table>\n<!-- #tablepress-114 from cache -->\n\n\n\n<h2 class=\"wp-block-heading\">Costes del contenedor de transporte desde Guam<\/h2>\n\n\n<div class=\"wp-block-image\">\n<figure class=\"aligncenter size-large\"><img loading=\"lazy\" decoding=\"async\" width=\"1024\" height=\"539\" src=\"https:\/\/moverdb.com\/wp-content\/uploads\/Shipping-Container-Costs-from-Guam-1024x539.png\" alt=\"Costes del contenedor de transporte desde Guam\" class=\"wp-image-4287\" srcset=\"https:\/\/moverdb.com\/wp-content\/uploads\/Shipping-Container-Costs-from-Guam-1024x539.png 1024w, https:\/\/moverdb.com\/wp-content\/uploads\/Shipping-Container-Costs-from-Guam-300x158.png 300w, https:\/\/moverdb.com\/wp-content\/uploads\/Shipping-Container-Costs-from-Guam-1536x809.png 1536w, https:\/\/moverdb.com\/wp-content\/uploads\/Shipping-Container-Costs-from-Guam-18x9.png 18w, https:\/\/moverdb.com\/wp-content\/uploads\/Shipping-Container-Costs-from-Guam-600x316.png 600w, https:\/\/moverdb.com\/wp-content\/uploads\/Shipping-Container-Costs-from-Guam.png 2000w\" sizes=\"auto, (max-width: 1024px) 100vw, 1024px\" \/><\/figure>\n<\/div>\n\n\n<table id=\"tablepress-112\" class=\"tablepress tablepress-id-112\">\n<thead>\n<tr class=\"row-1\">\n\t<th class=\"column-1\">Pa\u00eds de destino (puerto\/ciudad)<\/th><th class=\"column-2\">20 PIES<\/th><th class=\"column-3\">40 PIES<\/th>\n<\/tr>\n<\/thead>\n<tbody class=\"row-striping row-hover\">\n<tr class=\"row-2\">\n\t<td class=\"column-1\"><a href=\"https:\/\/moverdb.com\/es\/container-shipping\/andorra\/\" data-internallinksmanager029f6b8e52c=\"88\" title=\"2026 Tarifas de transporte mar\u00edtimo de contenedores desde y hacia Andorra\">Andorra (Andorra la Vella)<\/a><\/td><td class=\"column-2\">$3,577<\/td><td class=\"column-3\">$4,574<\/td>\n<\/tr>\n<tr class=\"row-3\">\n\t<td class=\"column-1\"><a href=\"https:\/\/moverdb.com\/es\/container-shipping\/antigua-and-barbuda\/\" data-internallinksmanager029f6b8e52c=\"92\" title=\"2026 Tarifas de transporte mar\u00edtimo de contenedores desde y hacia Antigua y Barbuda\">Antigua y Barbuda (St John's)<\/a><\/td><td class=\"column-2\">$9,415<\/td><td class=\"column-3\">$11,750<\/td>\n<\/tr>\n<tr class=\"row-4\">\n\t<td class=\"column-1\">Argentina (Buenos Aires)<\/td><td class=\"column-2\">$4,323<\/td><td class=\"column-3\">$6,560<\/td>\n<\/tr>\n<tr class=\"row-5\">\n\t<td class=\"column-1\"><a href=\"https:\/\/moverdb.com\/es\/container-shipping\/aruba\/\" data-internallinksmanager029f6b8e52c=\"90\" title=\"2026 Tarifas de transporte mar\u00edtimo de contenedores desde y hacia Aruba\">Aruba (Oranjestad)<\/a><\/td><td class=\"column-2\">$9,415<\/td><td class=\"column-3\">$11,750<\/td>\n<\/tr>\n<tr class=\"row-6\">\n\t<td class=\"column-1\">Australia (Sydney)<\/td><td class=\"column-2\">$1,551<\/td><td class=\"column-3\">$2,120<\/td>\n<\/tr>\n<tr class=\"row-7\">\n\t<td class=\"column-1\"><a href=\"https:\/\/moverdb.com\/es\/container-shipping\/austria\/\" data-internallinksmanager029f6b8e52c=\"95\" title=\"2026 Tarifas de transporte mar\u00edtimo de contenedores desde y hacia Austria\">Austria (Viena)<\/a><\/td><td class=\"column-2\">$1,720<\/td><td class=\"column-3\">$2,450<\/td>\n<\/tr>\n<tr class=\"row-8\">\n\t<td class=\"column-1\"><a href=\"https:\/\/moverdb.com\/es\/container-shipping\/bangladesh\/\" data-internallinksmanager029f6b8e52c=\"97\" title=\"2026 Tarifas de transporte mar\u00edtimo de contenedores desde y hacia Bangladesh\">Bangladesh (Chittagong)<\/a><\/td><td class=\"column-2\">$733<\/td><td class=\"column-3\">$909<\/td>\n<\/tr>\n<tr class=\"row-9\">\n\t<td class=\"column-1\"><a href=\"https:\/\/moverdb.com\/es\/container-shipping\/belgium\/\" data-internallinksmanager029f6b8e52c=\"86\" title=\"2026 Tarifas de transporte mar\u00edtimo de contenedores desde y hacia B\u00e9lgica\">B\u00e9lgica (Amberes)<\/a><\/td><td class=\"column-2\">$1,413<\/td><td class=\"column-3\">$1,482<\/td>\n<\/tr>\n<tr class=\"row-10\">\n\t<td class=\"column-1\">Brasil (Santos)<\/td><td class=\"column-2\">$4,323<\/td><td class=\"column-3\">$6,560<\/td>\n<\/tr>\n<tr class=\"row-11\">\n\t<td class=\"column-1\">Canad\u00e1 (Toronto)<\/td><td class=\"column-2\">$3,414<\/td><td class=\"column-3\">$5,204<\/td>\n<\/tr>\n<tr class=\"row-12\">\n\t<td class=\"column-1\">Canad\u00e1 (Vancouver)<\/td><td class=\"column-2\">$1,060<\/td><td class=\"column-3\">$2,300<\/td>\n<\/tr>\n<tr class=\"row-13\">\n\t<td class=\"column-1\">China (Pek\u00edn)<\/td><td class=\"column-2\">$466<\/td><td class=\"column-3\">$614<\/td>\n<\/tr>\n<tr class=\"row-14\">\n\t<td class=\"column-1\">China (Shanghai)<\/td><td class=\"column-2\">$219<\/td><td class=\"column-3\">$470<\/td>\n<\/tr>\n<tr class=\"row-15\">\n\t<td class=\"column-1\">Alemania (Hamburgo)<\/td><td class=\"column-2\">$1,708<\/td><td class=\"column-3\">$1,989<\/td>\n<\/tr>\n<tr class=\"row-16\">\n\t<td class=\"column-1\">Hong Kong (Hong Kong)<\/td><td class=\"column-2\">$219<\/td><td class=\"column-3\">$470<\/td>\n<\/tr>\n<tr class=\"row-17\">\n\t<td class=\"column-1\">India (Mumbai)<\/td><td class=\"column-2\">$949<\/td><td class=\"column-3\">$1,338<\/td>\n<\/tr>\n<tr class=\"row-18\">\n\t<td class=\"column-1\">Indonesia (Yakarta)<\/td><td class=\"column-2\">$672<\/td><td class=\"column-3\">$895<\/td>\n<\/tr>\n<tr class=\"row-19\">\n\t<td class=\"column-1\"><a href=\"https:\/\/moverdb.com\/es\/container-shipping\/italy\/\" data-internallinksmanager029f6b8e52c=\"130\" title=\"2026 Tarifas de transporte mar\u00edtimo de contenedores desde y hacia Italia\">Italia (Trieste)<\/a><\/td><td class=\"column-2\">$1,976<\/td><td class=\"column-3\">$2,422<\/td>\n<\/tr>\n<tr class=\"row-20\">\n\t<td class=\"column-1\">Jap\u00f3n (Tokio)<\/td><td class=\"column-2\">$466<\/td><td class=\"column-3\">$614<\/td>\n<\/tr>\n<tr class=\"row-21\">\n\t<td class=\"column-1\">Luxemburgo (Luxemburgo)<\/td><td class=\"column-2\">$1,413<\/td><td class=\"column-3\">$1,482<\/td>\n<\/tr>\n<tr class=\"row-22\">\n\t<td class=\"column-1\">Malasia (Puerto Kelang)<\/td><td class=\"column-2\">$466<\/td><td class=\"column-3\">$614<\/td>\n<\/tr>\n<tr class=\"row-23\">\n\t<td class=\"column-1\">M\u00e9xico (Manzanillo)<\/td><td class=\"column-2\">$3,227<\/td><td class=\"column-3\">$3,860<\/td>\n<\/tr>\n<tr class=\"row-24\">\n\t<td class=\"column-1\">Pa\u00edses Bajos (Rotterdam)<\/td><td class=\"column-2\">$1,413<\/td><td class=\"column-3\">$1,482<\/td>\n<\/tr>\n<tr class=\"row-25\">\n\t<td class=\"column-1\">Nueva Zelanda (Auckland)<\/td><td class=\"column-2\">$1,551<\/td><td class=\"column-3\">$2,120<\/td>\n<\/tr>\n<tr class=\"row-26\">\n\t<td class=\"column-1\">Pakist\u00e1n (Karachi)<\/td><td class=\"column-2\">$949<\/td><td class=\"column-3\">$1,338<\/td>\n<\/tr>\n<tr class=\"row-27\">\n\t<td class=\"column-1\"><a href=\"https:\/\/moverdb.com\/es\/container-shipping\/philippines\/\" data-internallinksmanager029f6b8e52c=\"156\" title=\"2026 Tarifas de transporte mar\u00edtimo de contenedores desde y hacia Filipinas\">Filipinas (Manila)<\/a><\/td><td class=\"column-2\">$466<\/td><td class=\"column-3\">$614<\/td>\n<\/tr>\n<tr class=\"row-28\">\n\t<td class=\"column-1\">Rusia (San Petersburgo)<\/td><td class=\"column-2\">$7,781<\/td><td class=\"column-3\">$13,010<\/td>\n<\/tr>\n<tr class=\"row-29\">\n\t<td class=\"column-1\">Singapur (Singapur)<\/td><td class=\"column-2\">$346<\/td><td class=\"column-3\">$507<\/td>\n<\/tr>\n<tr class=\"row-30\">\n\t<td class=\"column-1\"><a href=\"https:\/\/moverdb.com\/es\/container-shipping\/south-korea\/\" data-internallinksmanager029f6b8e52c=\"180\" title=\"2026 Tarifas de transporte mar\u00edtimo de contenedores desde y hacia Corea del Sur\">Corea del Sur (Busan)<\/a><\/td><td class=\"column-2\">$466<\/td><td class=\"column-3\">$614<\/td>\n<\/tr>\n<tr class=\"row-31\">\n\t<td class=\"column-1\">Espa\u00f1a (Valencia)<\/td><td class=\"column-2\">$4,207<\/td><td class=\"column-3\">$8,470<\/td>\n<\/tr>\n<tr class=\"row-32\">\n\t<td class=\"column-1\">Tailandia (Laem Chabang)<\/td><td class=\"column-2\">$466<\/td><td class=\"column-3\">$614<\/td>\n<\/tr>\n<tr class=\"row-33\">\n\t<td class=\"column-1\">Reino Unido (Londres)<\/td><td class=\"column-2\">$4,612<\/td><td class=\"column-3\">$8,682<\/td>\n<\/tr>\n<tr class=\"row-34\">\n\t<td class=\"column-1\">EE.UU. (Los \u00c1ngeles)<\/td><td class=\"column-2\">$1,060<\/td><td class=\"column-3\">$2,300<\/td>\n<\/tr>\n<tr class=\"row-35\">\n\t<td class=\"column-1\">Estados Unidos (Nueva York)<\/td><td class=\"column-2\">$3,414<\/td><td class=\"column-3\">$5,204<\/td>\n<\/tr>\n<tr class=\"row-36\">\n\t<td class=\"column-1\">Vietnam (Saig\u00f3n)<\/td><td class=\"column-2\">$466<\/td><td class=\"column-3\">$614<\/td>\n<\/tr>\n<\/tbody>\n<\/table>\n<!-- #tablepress-112 from cache -->\n\n\n\n<h3 class=\"wp-block-heading\">Notas sobre los datos:<\/h3>\n\n\n\n<ul class=\"wp-block-list\"><li>Todas las cifras de $ en d\u00f3lares estadounidenses (USD);<\/li><li>Las tarifas son exactas a partir de mediados de 2022;<\/li><li>Los mapas de este art\u00edculo se han creado con <a href=\"https:\/\/www.mapchart.net\" target=\"_blank\" rel=\"noreferrer noopener\">https:\/\/www.mapchart.net<\/a>. Puedes compartir los mapas siempre que proporciones un enlace de atribuci\u00f3n a <a href=\"https:\/\/moverdb.com\/es\/\" target=\"_blank\" rel=\"noreferrer noopener\">MoverDB<\/a>;<\/li><li>Los tipos anteriores son s\u00f3lo estimaciones y pueden haber cambiado desde el momento en que se public\u00f3 este art\u00edculo (abril de 2022). Se basan en la tasa m\u00e1s baja estimada de <a href=\"https:\/\/www.icontainers.com\" target=\"_blank\" rel=\"noreferrer noopener\">https:\/\/www.icontainers.com<\/a> o <a href=\"https:\/\/www.freightos.com\" target=\"_blank\" rel=\"noreferrer noopener\">https:\/\/www.freightos.com<\/a>;<\/li><li>Para obtener una idea m\u00e1s precisa del coste para usted, utilice el formulario de presupuesto que aparece en la parte superior de esta p\u00e1gina;<\/li><li>Consulte tambi\u00e9n nuestra gu\u00eda sobre <a href=\"https:\/\/moverdb.com\/es\/transporte-de-contenedores\/\" target=\"_blank\" rel=\"noreferrer noopener\">transporte internacional de contenedores<\/a>.<\/li><\/ul>","protected":false},"excerpt":{"rendered":"<p>Guam is one of the tiniest countries in the Pacific region of South-East Asia. This small paradise is a real gem for foreigners scouting for locations to take a few years to retreat or permanently relocate and retire. Some of the pros of living in Guam include a wonderful climate of constant pleasant temperatures, tropical [&hellip;]<\/p>\n","protected":false},"author":2,"featured_media":4285,"parent":44,"menu_order":0,"comment_status":"open","ping_status":"closed","template":"","meta":{"_genesis_hide_title":false,"_genesis_hide_breadcrumbs":false,"_genesis_hide_singular_image":false,"_genesis_hide_footer_widgets":false,"_genesis_custom_body_class":"","_genesis_custom_post_class":"","_genesis_layout":"","footnotes":""},"class_list":{"0":"post-4298","1":"page","2":"type-page","3":"status-publish","4":"has-post-thumbnail","6":"entry"},"_links":{"self":[{"href":"https:\/\/moverdb.com\/es\/wp-json\/wp\/v2\/pages\/4298","targetHints":{"allow":["GET"]}}],"collection":[{"href":"https:\/\/moverdb.com\/es\/wp-json\/wp\/v2\/pages"}],"about":[{"href":"https:\/\/moverdb.com\/es\/wp-json\/wp\/v2\/types\/page"}],"author":[{"embeddable":true,"href":"https:\/\/moverdb.com\/es\/wp-json\/wp\/v2\/users\/2"}],"replies":[{"embeddable":true,"href":"https:\/\/moverdb.com\/es\/wp-json\/wp\/v2\/comments?post=4298"}],"version-history":[{"count":1,"href":"https:\/\/moverdb.com\/es\/wp-json\/wp\/v2\/pages\/4298\/revisions"}],"predecessor-version":[{"id":4303,"href":"https:\/\/moverdb.com\/es\/wp-json\/wp\/v2\/pages\/4298\/revisions\/4303"}],"up":[{"embeddable":true,"href":"https:\/\/moverdb.com\/es\/wp-json\/wp\/v2\/pages\/44"}],"wp:featuredmedia":[{"embeddable":true,"href":"https:\/\/moverdb.com\/es\/wp-json\/wp\/v2\/media\/4285"}],"wp:attachment":[{"href":"https:\/\/moverdb.com\/es\/wp-json\/wp\/v2\/media?parent=4298"}],"curies":[{"name":"wp","href":"https:\/\/api.w.org\/{rel}","templated":true}]}}