{"id":429,"date":"2016-06-06T14:44:52","date_gmt":"2016-06-06T14:44:52","guid":{"rendered":"http:\/\/moverdb.com\/?page_id=429"},"modified":"2026-01-08T14:47:51","modified_gmt":"2026-01-08T14:47:51","slug":"british-association-of-removers","status":"publish","type":"page","link":"https:\/\/moverdb.com\/es\/british-association-of-removers\/","title":{"rendered":"Explicaci\u00f3n de la Asociaci\u00f3n Brit\u00e1nica de Empresas de Mudanzas (BAR)"},"content":{"rendered":"<p>La Asociaci\u00f3n Brit\u00e1nica de Empresas de Mudanzas (BAR) se describe a s\u00ed misma como la \"voz reconocida del sector profesional de las mudanzas\" y es un organismo clave en la <a href=\"https:\/\/moverdb.com\/es\/moving-to-the-uk\/\" data-internallinksmanager029f6b8e52c=\"93\" title=\"\u00bfSe muda al Reino Unido? 2026 Costes de vida y consejos de reubicaci\u00f3n\">REINO UNIDO<\/a> industria de la mudanza. <\/p>\n<p>La formaci\u00f3n, las normas profesionales y el suministro de informaci\u00f3n y asesoramiento a los clientes est\u00e1n incluidos en las competencias del Colegio de Abogados, as\u00ed como un servicio de resoluci\u00f3n de conflictos.<\/p>\n<p><strong>Datos clave sobre BAR:<\/strong><\/p>\n<ol>\n<li>  El Colegio de Abogados tiene varios tipos de afiliaci\u00f3n: Afiliaci\u00f3n al Reino Unido, <a href=\"https:\/\/moverdb.com\/es\/bar-overseas\/\">Afiliaci\u00f3n a un grupo en el extranjero<\/a>Membres\u00eda del Grupo de Mudanzas Comerciales, Membres\u00eda del Grupo de Inter\u00e9s de Autoalmacenamiento. <a href=\"https:\/\/moverdb.com\/es\/mudanzas-internacionales\/\">Empresas<\/a> tambi\u00e9n pueden ser Afiliados Internacionales (empresas no brit\u00e1nicas que operan en el sector de las mudanzas) y Afiliados (empresas que no se dedican a las actividades de mudanza y almacenamiento pero que suministran bienes y servicios al sector).<\/li>\n<li>  El BAR cuenta con el \u00fanico c\u00f3digo de pr\u00e1cticas del sector de las mudanzas aprobado y supervisado por el Instituto de Normas Comerciales.<\/li>\n<li>  El Instituto de Normas Comerciales supervisa la actuaci\u00f3n de todos los miembros de BAR.<\/li>\n<li>  BAR cubre tanto el Reino Unido como <a href=\"https:\/\/moverdb.com\/es\/empresas-de-mudanzas\/\">mudanzas internacionales<\/a>.<\/li>\n<li>  BAR cuenta con su propia divisi\u00f3n de formaci\u00f3n, BAR Training Services, que ofrece cursos de formaci\u00f3n profesional para empresas que marcan la pauta en la formaci\u00f3n espec\u00edfica del sector.<\/li>\n<li>  Los miembros de BAR est\u00e1n sujetos a inspecciones continuas de las instalaciones durante su pertenencia.<\/li>\n<li> BAR tambi\u00e9n dirige el <a href=\"https:\/\/www.trustedmover.org\" target=\"_blank\" rel=\"noopener\">Empresa de mudanzas de confianza<\/a> sitio web para ayudarle a encontrar eliminadores de BAR.<\/li>\n<\/ol>\n<p><strong>Perfil de la organizaci\u00f3n:<\/strong><\/p>\n<p>El BAR se ha consolidado como un organismo de la industria con la misi\u00f3n de mantener las normas profesionales en el sector de las mudanzas en beneficio de sus miembros y tambi\u00e9n de sus clientes. Dispone de un c\u00f3digo de pr\u00e1cticas que establece normas de servicio, materiales, veh\u00edculos y almacenamiento, formaci\u00f3n del personal y c\u00f3mo afrontar una situaci\u00f3n si algo va mal. <\/p>\n<p>Tambi\u00e9n ofrece protecci\u00f3n financiera a los clientes, por ejemplo, cuando la empresa de mudanzas cancela un trabajo. Los clientes pueden quejarse ante el Colegio de Abogados sobre un miembro y tambi\u00e9n existe un servicio de resoluci\u00f3n alternativa de conflictos. <\/p>\n<p>La formaci\u00f3n es una parte fundamental del programa de afiliaci\u00f3n de BAR y los miembros tienen acceso a m\u00f3dulos de ELearning sobre temas como el liderazgo, las finanzas, las ventas y la venta, el servicio al cliente, el marketing, el coaching, la gesti\u00f3n y el desarrollo de habilidades de supervisi\u00f3n.<\/p>\n<p><strong>Algunas empresas miembros<\/strong><\/p>\n<ul>\n<li> <a href=\"https:\/\/moverdb.com\/es\/cadogan-tate\/\">Cadogan Tate<\/a><\/li>\n<li> <a href=\"https:\/\/moverdb.com\/es\/anglo-pacific\/\">Anglo Pacific<\/a><\/li>\n<li> <a href=\"https:\/\/moverdb.com\/es\/shore-porters-society\/\">La Sociedad de Porteadores de Orilla<\/a><\/li>\n<li> <a href=\"https:\/\/moverdb.com\/es\/matthew-james\/\">Matthew James<\/a><\/li>\n<li> <a href=\"https:\/\/moverdb.com\/es\/robinsons\/\">Robinsons Relocation<\/a><\/li>\n<li> <a href=\"https:\/\/moverdb.com\/es\/conroy-removals\/\">Mudanzas Conroy<\/a><\/li>\n<\/ul>\n<p><strong>Criterios de afiliaci\u00f3n:<\/strong><\/p>\n<p>No hay criterios de afiliaci\u00f3n disponibles a trav\u00e9s del sitio web, que dice: \"Si est\u00e1 interesado en ser miembro de BAR, y para conocer los criterios de afiliaci\u00f3n y un formulario de solicitud, p\u00f3ngase en contacto con BAR indicando la informaci\u00f3n de su empresa y sus datos de contacto\".<\/p>\n<p><strong>Opiniones del sector sobre la Asociaci\u00f3n Brit\u00e1nica de Mudanzas:<\/strong><\/p>\n<p>BAR aparece con frecuencia en los sitios web de las empresas de mudanzas brit\u00e1nicas y muchos de los que la mencionan se centran en su longevidad como una de las asociaciones comerciales m\u00e1s antiguas del sector de las mudanzas y su historia de m\u00e1s de un siglo. <\/p>\n<p>El hecho de que las Normas Comerciales hayan aprobado su C\u00f3digo de Pr\u00e1cticas se considera otra gran ventaja, ya que esto proporciona a los consumidores la garant\u00eda de que sus intereses est\u00e1n protegidos m\u00e1s all\u00e1 de los requisitos b\u00e1sicos de la ley. <\/p>\n<p>El hecho de que la asociaci\u00f3n lleve a cabo inspecciones continuas de las instalaciones se considera importante, al igual que el hecho de que los miembros deban aportar pruebas de la satisfacci\u00f3n continua de los clientes. <\/p>\n<p>La opini\u00f3n general es que <em>\"Al elegir a un miembro de BAR se asegurar\u00e1 de que su mudanza sea lo m\u00e1s sencilla posible\".<\/em> El BAR es considerado como un est\u00e1ndar para las empresas de mudanzas por los sitios web inmobiliarios, que lo describen como un requisito b\u00e1sico para una buena empresa de mudanzas, que se ajustar\u00e1 a unas normas m\u00ednimas de profesionalidad y ofrecer\u00e1 cierta protecci\u00f3n financiera.<\/p>\n<blockquote><p>Elegir una empresa de mudanzas que se haya comprometido a ser miembro del BAR es un buen punto de partida porque demuestra que est\u00e1n dispuestos a cumplir con un est\u00e1ndar m\u00ednimo. Los miembros del BAR tienen unas normas m\u00ednimas de conducta para la afiliaci\u00f3n que redundar\u00e1n en su inter\u00e9s, como veh\u00edculos legales y autorizados, protecci\u00f3n de su fianza y arbitraje o conciliaci\u00f3n gratuita y en el improbable caso de que algo vaya mal.<\/p><\/blockquote>\n<p>- <a href=\"http:\/\/www.rightmove.co.uk\/choosing-a-removal-company.html\" target=\"_blank\" rel=\"noopener\">rightmove<\/a><\/p>\n<blockquote><p>Todos los miembros de BAR trabajan de acuerdo con el C\u00f3digo de Pr\u00e1cticas de BAR, aprobado por las normas comerciales. Este estricto c\u00f3digo protege y promueve los intereses de los consumidores m\u00e1s all\u00e1 de los requisitos b\u00e1sicos de la ley.<\/p><\/blockquote>\n<p>- <a href=\"http:\/\/www.pickfords.co.uk\/british-association-of-removers\" target=\"_blank\" rel=\"noopener\">Pickfords<\/a><\/p>\n<blockquote><p>M\u00e1s de 97% de los consumidores recomiendan su eliminador de BAR.<\/p><\/blockquote>\n<p>- <a href=\"http:\/\/www.comparemymove.com\/blog\/our-partners\/a-guide-to-joining-the-british-association-of-removers\/\" target=\"_blank\" rel=\"noopener\">Comparar mi mudanza<\/a><\/p>\n<p><strong>P\u00e1gina web:<\/strong> <a href=\"http:\/\/www.bar.co.uk\/\" target=\"_blank\" rel=\"noopener\">http:\/\/www.bar.co.uk\/<\/a><\/p>","protected":false},"excerpt":{"rendered":"<p>The British Association of Removers (BAR) describes itself as the &#8220;recognised voice of the professional moving industry&#8221; and it is a key body in the UK moving industry. Training, professional standards and providing information and advice to customers are included in the BAR&#8217;s remit, as well as a dispute resolution service. Key facts about BAR: [&hellip;]<\/p>\n","protected":false},"author":1,"featured_media":0,"parent":0,"menu_order":0,"comment_status":"closed","ping_status":"closed","template":"","meta":{"_genesis_hide_title":false,"_genesis_hide_breadcrumbs":false,"_genesis_hide_singular_image":false,"_genesis_hide_footer_widgets":false,"_genesis_custom_body_class":"","_genesis_custom_post_class":"","_genesis_layout":"","footnotes":""},"class_list":{"0":"post-429","1":"page","2":"type-page","3":"status-publish","5":"entry"},"_links":{"self":[{"href":"https:\/\/moverdb.com\/es\/wp-json\/wp\/v2\/pages\/429","targetHints":{"allow":["GET"]}}],"collection":[{"href":"https:\/\/moverdb.com\/es\/wp-json\/wp\/v2\/pages"}],"about":[{"href":"https:\/\/moverdb.com\/es\/wp-json\/wp\/v2\/types\/page"}],"author":[{"embeddable":true,"href":"https:\/\/moverdb.com\/es\/wp-json\/wp\/v2\/users\/1"}],"replies":[{"embeddable":true,"href":"https:\/\/moverdb.com\/es\/wp-json\/wp\/v2\/comments?post=429"}],"version-history":[{"count":18,"href":"https:\/\/moverdb.com\/es\/wp-json\/wp\/v2\/pages\/429\/revisions"}],"predecessor-version":[{"id":6186,"href":"https:\/\/moverdb.com\/es\/wp-json\/wp\/v2\/pages\/429\/revisions\/6186"}],"wp:attachment":[{"href":"https:\/\/moverdb.com\/es\/wp-json\/wp\/v2\/media?parent=429"}],"curies":[{"name":"wp","href":"https:\/\/api.w.org\/{rel}","templated":true}]}}