{"id":42,"date":"2016-03-19T18:09:36","date_gmt":"2016-03-19T18:09:36","guid":{"rendered":"http:\/\/moverdb.com\/?page_id=42"},"modified":"2026-05-15T15:00:51","modified_gmt":"2026-05-15T15:00:51","slug":"condiciones-de-uso","status":"publish","type":"page","link":"https:\/\/moverdb.com\/es\/terms-of-use\/","title":{"rendered":"Condiciones de uso"},"content":{"rendered":"<p><strong>LEA ATENTAMENTE ANTES DE UTILIZAR ESTE SITIO WEB.<\/strong><\/p>\n<p>Bienvenido a MoverDB.com. Si contin\u00faas navegando y utilizando este sitio web, est\u00e1s aceptando cumplir y estar obligado por los siguientes t\u00e9rminos y condiciones de uso, que junto con nuestra <a href=\"https:\/\/MoverDB.com\/privacy-policy\/\" target=\"_blank\" rel=\"noopener\">pol\u00edtica de privacidad<\/a> rigen la relaci\u00f3n de MoverDB.com con usted en relaci\u00f3n con este sitio web. Si no est\u00e1s de acuerdo con alguna parte de estos t\u00e9rminos y condiciones, por favor no utilices nuestro sitio web.<\/p>\n<p>Las presentes condiciones de uso, junto con los dem\u00e1s documentos a los que se hace referencia a continuaci\u00f3n, establecen los t\u00e9rminos y condiciones en los que puede hacer uso de https:\/\/MoverDB.com\/ (\"nuestro sitio\"). <\/p>\n<p>Otros documentos importantes <\/p>\n<p>Las condiciones de uso se refieren a nuestro <a href=\"https:\/\/MoverDB.com\/privacy-policy\/\" target=\"_blank\" rel=\"noopener\">Pol\u00edtica de privacidad<\/a>que establecen las condiciones en las que tratamos los datos personales que usted proporciona a <a href=\"https:\/\/moverdb.com\/es\/moving-to-the-united-states\/\" data-internallinksmanager029f6b8e52c=\"94\" title=\"\u00bfSe muda a Estados Unidos? 2026 Costes de vida y consejos de reubicaci\u00f3n\">us<\/a>o que recogemos de usted. Tambi\u00e9n puede leer nuestro <a href=\"https:\/\/moverdb.com\/es\/politica-de-procesamiento-de-datos\/\">Pol\u00edtica de tratamiento de datos<\/a>. Al utilizar nuestro sitio, usted consiente dicho tratamiento.<\/p>\n<p>El uso de este sitio web est\u00e1 sujeto a las siguientes condiciones de uso:<\/p>\n<ul>\n<li>El contenido de las p\u00e1ginas de este sitio web es s\u00f3lo para su informaci\u00f3n y uso general. Est\u00e1 sujeto a cambios sin previo aviso.<\/li>\n<li> Al rellenar un formulario de presupuesto, usted acepta que compartamos esta informaci\u00f3n con terceros para ayudarle a obtener el mejor presupuesto de comparaci\u00f3n de precios para su mudanza internacional.<\/li>\n<li>Este sitio web utiliza cookies para controlar las preferencias de navegaci\u00f3n. Si permite el uso de cookies, es posible que almacenemos informaci\u00f3n personal para que la utilicen terceros.<\/li>\n<li> Ni nosotros ni terceras partes ofrecemos ninguna garant\u00eda en cuanto a la exactitud, puntualidad, rendimiento, integridad o idoneidad de la informaci\u00f3n y los materiales encontrados u ofrecidos en este sitio web para cualquier prop\u00f3sito particular. Usted reconoce que dicha informaci\u00f3n y materiales pueden contener inexactitudes o errores y nosotros excluimos expresamente la responsabilidad por dichas inexactitudes o errores en la medida en que lo permita la ley.<\/li>\n<li> El uso que usted haga de la informaci\u00f3n o los materiales de este sitio web corre por su cuenta y riesgo, por lo que no seremos responsables. Ser\u00e1 su propia responsabilidad asegurarse de que cualquier producto, servicio o informaci\u00f3n disponible a trav\u00e9s de este sitio web cumple con sus requisitos espec\u00edficos.<\/li>\n<li> Este sitio web contiene material que nos pertenece o del que tenemos licencia. Este material incluye, entre otros, el dise\u00f1o, la presentaci\u00f3n, el aspecto, la apariencia y los gr\u00e1ficos. Queda prohibida su reproducci\u00f3n si no es de acuerdo con el aviso de derechos de autor, que forma parte de estos t\u00e9rminos y condiciones.<\/li>\n<li> El uso no autorizado de este sitio web puede dar lugar a una reclamaci\u00f3n por da\u00f1os y perjuicios y\/o constituir un delito.<\/li>\n<li> De vez en cuando, este sitio web puede incluir enlaces a otros sitios web. Estos enlaces se proporcionan para su comodidad y para proporcionar m\u00e1s informaci\u00f3n. No significan que respaldemos los sitios web en cuesti\u00f3n. No nos hacemos responsables del contenido de los sitios web enlazados.<\/li>\n<\/ul>","protected":false},"excerpt":{"rendered":"<p>PLEASE READ THESE CAREFULLY BEFORE USING THIS WEBSITE. Welcome to MoverDB.com. If you continue to browse and use this website, you are agreeing to comply with and be bound by the following terms and conditions of use, which together with our privacy policy govern MoverDB.com&#8217;s relationship with you in relation to this website. If you [&hellip;]<\/p>\n","protected":false},"author":1,"featured_media":0,"parent":0,"menu_order":0,"comment_status":"closed","ping_status":"closed","template":"","meta":{"_genesis_hide_title":false,"_genesis_hide_breadcrumbs":false,"_genesis_hide_singular_image":false,"_genesis_hide_footer_widgets":false,"_genesis_custom_body_class":"","_genesis_custom_post_class":"","_genesis_layout":"","footnotes":""},"class_list":{"0":"post-42","1":"page","2":"type-page","3":"status-publish","5":"entry"},"_links":{"self":[{"href":"https:\/\/moverdb.com\/es\/wp-json\/wp\/v2\/pages\/42","targetHints":{"allow":["GET"]}}],"collection":[{"href":"https:\/\/moverdb.com\/es\/wp-json\/wp\/v2\/pages"}],"about":[{"href":"https:\/\/moverdb.com\/es\/wp-json\/wp\/v2\/types\/page"}],"author":[{"embeddable":true,"href":"https:\/\/moverdb.com\/es\/wp-json\/wp\/v2\/users\/1"}],"replies":[{"embeddable":true,"href":"https:\/\/moverdb.com\/es\/wp-json\/wp\/v2\/comments?post=42"}],"version-history":[{"count":5,"href":"https:\/\/moverdb.com\/es\/wp-json\/wp\/v2\/pages\/42\/revisions"}],"predecessor-version":[{"id":3243,"href":"https:\/\/moverdb.com\/es\/wp-json\/wp\/v2\/pages\/42\/revisions\/3243"}],"wp:attachment":[{"href":"https:\/\/moverdb.com\/es\/wp-json\/wp\/v2\/media?parent=42"}],"curies":[{"name":"wp","href":"https:\/\/api.w.org\/{rel}","templated":true}]}}