{"id":4183,"date":"2022-06-17T03:27:11","date_gmt":"2022-06-17T03:27:11","guid":{"rendered":"https:\/\/moverdb.com\/?page_id=4183"},"modified":"2026-01-08T13:19:46","modified_gmt":"2026-01-08T13:19:46","slug":"curacao","status":"publish","type":"page","link":"https:\/\/moverdb.com\/es\/container-shipping\/curacao\/","title":{"rendered":"2026 Tarifas de transporte mar\u00edtimo de contenedores desde y hacia Curazao"},"content":{"rendered":"<div class=\"wp-block-image\">\n<figure class=\"aligncenter size-full\"><img loading=\"lazy\" decoding=\"async\" width=\"1000\" height=\"667\" src=\"https:\/\/moverdb.com\/wp-content\/uploads\/willemstad-curacao.jpg\" alt=\"Un famoso muelle en la ciudad de Willemstad, Curazao\" class=\"wp-image-4140\" srcset=\"https:\/\/moverdb.com\/wp-content\/uploads\/willemstad-curacao.jpg 1000w, https:\/\/moverdb.com\/wp-content\/uploads\/willemstad-curacao-300x200.jpg 300w, https:\/\/moverdb.com\/wp-content\/uploads\/willemstad-curacao-18x12.jpg 18w, https:\/\/moverdb.com\/wp-content\/uploads\/willemstad-curacao-600x400.jpg 600w\" sizes=\"auto, (max-width: 1000px) 100vw, 1000px\" \/><\/figure>\n<\/div>\n\n\n<p><strong><a href=\"https:\/\/moverdb.com\/es\/moving-to-curacao\/\" data-internallinksmanager029f6b8e52c=\"429\" title=\"\u00bfSe muda a Cura\u00e7ao? 2026 Coste de vida y consejos de reubicaci\u00f3n\">Cura\u00e7ao<\/a><\/strong> es un pa\u00eds insular del Caribe que forma parte del Reino de los Pa\u00edses Bajos. <a href=\"https:\/\/moverdb.com\/es\/moving-to-the-netherlands\/\" data-internallinksmanager029f6b8e52c=\"328\" title=\"\u00bfSe muda a los Pa\u00edses Bajos? 2026 Coste de la vida y consejos para el traslado\">Pa\u00edses Bajos<\/a>. Con mucho que ofrecer, desde museos y casas patrimoniales hasta playas y puntos de buceo de coral, la calidad de vida de Cura\u00e7ao es de alto nivel.<\/p>\n\n\n\n<p>Tanto los residentes permanentes como los visitantes pueden disfrutar de una vida de seguridad, alta tolerancia, estabilidad econ\u00f3mica, mucho sol y temperaturas agradables en Cura\u00e7ao.<\/p>\n\n\n\n<p>Si su plan es convertirse en ciudadano de Curazao a largo plazo, lo m\u00e1s probable es que le cueste mucho trasladar sus enseres a este maravilloso lugar.<\/p>\n\n\n\n<p>Para averiguarlo (pero tambi\u00e9n para conocer los costes de la mudanza desde Cura\u00e7ao), buscamos los precios m\u00e1s bajos de Cura\u00e7ao <a href=\"https:\/\/moverdb.com\/es\/container-shipping\/\" data-internallinksmanager029f6b8e52c=\"3\" title=\"Tabla de tarifas de transporte mar\u00edtimo internacional de contenedores: Abril 2026\">tarifas de env\u00edo de contenedores<\/a> para los contenedores de 20' y 40' y comprend\u00eda los gr\u00e1ficos y mapas que aparecen a continuaci\u00f3n.<\/p>\n\n\n\n<p>Cura\u00e7ao es un peque\u00f1o pa\u00eds insular que no es visitado frecuentemente por buques de carga, por lo que las opciones de precios para el env\u00edo de contenedores desde o hacia su capital, Willemstad, son escasas. Sin embargo, podemos ayudarle adicionalmente si rellena sus datos en la herramienta de cotizaci\u00f3n de arriba y solicita un presupuesto personalizado.<\/p>\n\n\n\n<h2 class=\"wp-block-heading\">Gastos de env\u00edo de contenedores a Curazao (Willemstad)<\/h2>\n\n\n<div class=\"wp-block-image\">\n<figure class=\"aligncenter size-large\"><img loading=\"lazy\" decoding=\"async\" width=\"1024\" height=\"539\" src=\"https:\/\/moverdb.com\/wp-content\/uploads\/Shipping-Container-Costs-to-Curacao-1024x539.png\" alt=\"Gastos de env\u00edo de contenedores a Curazao (Willemstad)\" class=\"wp-image-4142\" srcset=\"https:\/\/moverdb.com\/wp-content\/uploads\/Shipping-Container-Costs-to-Curacao-1024x539.png 1024w, https:\/\/moverdb.com\/wp-content\/uploads\/Shipping-Container-Costs-to-Curacao-300x158.png 300w, https:\/\/moverdb.com\/wp-content\/uploads\/Shipping-Container-Costs-to-Curacao-1536x809.png 1536w, https:\/\/moverdb.com\/wp-content\/uploads\/Shipping-Container-Costs-to-Curacao-18x9.png 18w, https:\/\/moverdb.com\/wp-content\/uploads\/Shipping-Container-Costs-to-Curacao-600x316.png 600w, https:\/\/moverdb.com\/wp-content\/uploads\/Shipping-Container-Costs-to-Curacao.png 2000w\" sizes=\"auto, (max-width: 1024px) 100vw, 1024px\" \/><\/figure>\n<\/div>\n\n\n<table id=\"tablepress-87\" class=\"tablepress tablepress-id-87\">\n<thead>\n<tr class=\"row-1\">\n\t<th class=\"column-1\">Pa\u00eds de destino (<a href=\"https:\/\/moverdb.com\/es\/top-49-container-ports\/\" data-internallinksmanager029f6b8e52c=\"80\" title=\"Los 49 puertos de contenedores m\u00e1s grandes y activos en 2025\">Puerto<\/a>\/Ciudad)<\/th><th class=\"column-2\">20 PIES<\/th><th class=\"column-3\">40 PIES<\/th>\n<\/tr>\n<\/thead>\n<tbody class=\"row-striping row-hover\">\n<tr class=\"row-2\">\n\t<td class=\"column-1\"><a href=\"https:\/\/moverdb.com\/es\/container-shipping\/andorra\/\" data-internallinksmanager029f6b8e52c=\"88\" title=\"2026 Tarifas de transporte mar\u00edtimo de contenedores desde y hacia Andorra\">Andorra (Andorra la Vella)<\/a><\/td><td class=\"column-2\">1868<\/td><td class=\"column-3\">3171<\/td>\n<\/tr>\n<tr class=\"row-3\">\n\t<td class=\"column-1\"><a href=\"https:\/\/moverdb.com\/es\/container-shipping\/australia\/\" data-internallinksmanager029f6b8e52c=\"89\" title=\"2026 Tarifas de transporte de contenedores desde y hacia Australia\">Australia (Sydney)<\/a><\/td><td class=\"column-2\">N\/A<\/td><td class=\"column-3\">12406<\/td>\n<\/tr>\n<tr class=\"row-4\">\n\t<td class=\"column-1\"><a href=\"https:\/\/moverdb.com\/es\/container-shipping\/austria\/\" data-internallinksmanager029f6b8e52c=\"95\" title=\"2026 Tarifas de transporte mar\u00edtimo de contenedores desde y hacia Austria\">Austria (Viena)<\/a><\/td><td class=\"column-2\">N\/A<\/td><td class=\"column-3\">3739<\/td>\n<\/tr>\n<tr class=\"row-5\">\n\t<td class=\"column-1\"><a href=\"https:\/\/moverdb.com\/es\/container-shipping\/bahrain\/\" data-internallinksmanager029f6b8e52c=\"96\" title=\"2026 Tarifas de transporte mar\u00edtimo de contenedores desde y hacia Bahrein\">Bahrein (Manama)<\/a><\/td><td class=\"column-2\">N\/A<\/td><td class=\"column-3\">12306<\/td>\n<\/tr>\n<tr class=\"row-6\">\n\t<td class=\"column-1\"><a href=\"https:\/\/moverdb.com\/es\/container-shipping\/belgium\/\" data-internallinksmanager029f6b8e52c=\"86\" title=\"2026 Tarifas de transporte mar\u00edtimo de contenedores desde y hacia B\u00e9lgica\">B\u00e9lgica (Amberes)<\/a><\/td><td class=\"column-2\">1936<\/td><td class=\"column-3\">3276<\/td>\n<\/tr>\n<tr class=\"row-7\">\n\t<td class=\"column-1\"><a href=\"https:\/\/moverdb.com\/es\/container-shipping\/belize\/\" data-internallinksmanager029f6b8e52c=\"137\" title=\"2026 Tarifas de transporte mar\u00edtimo de contenedores desde y hacia Belice\">Belice (Ciudad de Belice)<\/a><\/td><td class=\"column-2\">2008<\/td><td class=\"column-3\">2839<\/td>\n<\/tr>\n<tr class=\"row-8\">\n\t<td class=\"column-1\"><a href=\"https:\/\/moverdb.com\/es\/container-shipping\/china\/\" data-internallinksmanager029f6b8e52c=\"105\" title=\"2026 Tarifas de transporte mar\u00edtimo de contenedores desde y hacia China\">China (Pek\u00edn)<\/a><\/td><td class=\"column-2\">13250<\/td><td class=\"column-3\">13750<\/td>\n<\/tr>\n<tr class=\"row-9\">\n\t<td class=\"column-1\">China (Shanghai)<\/td><td class=\"column-2\">13250<\/td><td class=\"column-3\">13750<\/td>\n<\/tr>\n<tr class=\"row-10\">\n\t<td class=\"column-1\"><a href=\"https:\/\/moverdb.com\/es\/container-shipping\/colombia\/\" data-internallinksmanager029f6b8e52c=\"106\" title=\"2026 Tarifas de transporte mar\u00edtimo de contenedores desde y hacia Colombia\">Colombia (Barranquilla)<\/a><\/td><td class=\"column-2\">1400<\/td><td class=\"column-3\">2336<\/td>\n<\/tr>\n<tr class=\"row-11\">\n\t<td class=\"column-1\"><a href=\"https:\/\/moverdb.com\/es\/container-shipping\/dominican-republic\/\" data-internallinksmanager029f6b8e52c=\"112\" title=\"2026 Tarifas de transporte mar\u00edtimo de contenedores desde y hacia la Rep\u00fablica Dominicana\">Rep\u00fablica Dominicana (Santo Domingo)<\/a><\/td><td class=\"column-2\">1969<\/td><td class=\"column-3\">3024<\/td>\n<\/tr>\n<tr class=\"row-12\">\n\t<td class=\"column-1\"><a href=\"https:\/\/moverdb.com\/es\/container-shipping\/germany\/\" data-internallinksmanager029f6b8e52c=\"118\" title=\"2026 Tarifas de transporte mar\u00edtimo de contenedores desde y hacia Alemania\">Alemania (Hamburgo)<\/a><\/td><td class=\"column-2\">4298<\/td><td class=\"column-3\">5834<\/td>\n<\/tr>\n<tr class=\"row-13\">\n\t<td class=\"column-1\"><a href=\"https:\/\/moverdb.com\/es\/container-shipping\/greece\/\" data-internallinksmanager029f6b8e52c=\"120\" title=\"2026 Tarifas de transporte mar\u00edtimo de contenedores desde y hacia Grecia\">Grecia (El Pireo)<\/a><\/td><td class=\"column-2\">2622<\/td><td class=\"column-3\">3835<\/td>\n<\/tr>\n<tr class=\"row-14\">\n\t<td class=\"column-1\"><a href=\"https:\/\/moverdb.com\/es\/container-shipping\/haiti\/\" data-internallinksmanager029f6b8e52c=\"122\" title=\"2026 Tarifas de transporte mar\u00edtimo de contenedores desde y hacia Hait\u00ed\">Hait\u00ed (Puerto Pr\u00edncipe)<\/a><\/td><td class=\"column-2\">1969<\/td><td class=\"column-3\">3024<\/td>\n<\/tr>\n<tr class=\"row-15\">\n\t<td class=\"column-1\"><a href=\"https:\/\/moverdb.com\/es\/container-shipping\/hong-kong\/\" data-internallinksmanager029f6b8e52c=\"123\" title=\"2026 Tarifas de transporte mar\u00edtimo de contenedores desde y hacia Hong Kong\">Hong Kong (Hong Kong)<\/a><\/td><td class=\"column-2\">13250<\/td><td class=\"column-3\">13750<\/td>\n<\/tr>\n<tr class=\"row-16\">\n\t<td class=\"column-1\"><a href=\"https:\/\/moverdb.com\/es\/container-shipping\/india\/\" data-internallinksmanager029f6b8e52c=\"125\" title=\"2026 Tarifas de transporte mar\u00edtimo de contenedores desde y hacia la India\">India (Mumbai)<\/a><\/td><td class=\"column-2\">11935<\/td><td class=\"column-3\">12758<\/td>\n<\/tr>\n<tr class=\"row-17\">\n\t<td class=\"column-1\"><a href=\"https:\/\/moverdb.com\/es\/container-shipping\/indonesia\/\" data-internallinksmanager029f6b8e52c=\"126\" title=\"2026 Tarifas de transporte mar\u00edtimo de contenedores desde y hacia Indonesia\">Indonesia (Yakarta)<\/a><\/td><td class=\"column-2\">5979<\/td><td class=\"column-3\">5822<\/td>\n<\/tr>\n<tr class=\"row-18\">\n\t<td class=\"column-1\"><a href=\"https:\/\/moverdb.com\/es\/container-shipping\/lithuania\/\" data-internallinksmanager029f6b8e52c=\"145\" title=\"2026 Tarifas de transporte mar\u00edtimo de contenedores desde y hacia Lituania\">Lituania (Klaipeda)<\/a><\/td><td class=\"column-2\">2202<\/td><td class=\"column-3\">3518<\/td>\n<\/tr>\n<tr class=\"row-19\">\n\t<td class=\"column-1\"><a href=\"https:\/\/moverdb.com\/es\/container-shipping\/luxembourg\/\" data-internallinksmanager029f6b8e52c=\"146\" title=\"2026 Tarifas de transporte mar\u00edtimo de contenedores desde y hacia Luxemburgo\">Luxemburgo (Luxemburgo)<\/a><\/td><td class=\"column-2\">1936<\/td><td class=\"column-3\">3276<\/td>\n<\/tr>\n<tr class=\"row-20\">\n\t<td class=\"column-1\"><a href=\"https:\/\/moverdb.com\/es\/container-shipping\/macau\/\" data-internallinksmanager029f6b8e52c=\"147\" title=\"2026 Tarifas de transporte mar\u00edtimo de contenedores desde y hacia Macao\">Macao (Macao)<\/a><\/td><td class=\"column-2\">5525<\/td><td class=\"column-3\">5331<\/td>\n<\/tr>\n<tr class=\"row-21\">\n\t<td class=\"column-1\"><a href=\"https:\/\/moverdb.com\/es\/container-shipping\/malaysia\/\" data-internallinksmanager029f6b8e52c=\"148\" title=\"2026 Tarifas de transporte mar\u00edtimo de contenedores desde y hacia Malasia\">Malasia (Puerto Kelang)<\/a><\/td><td class=\"column-2\">6039<\/td><td class=\"column-3\">5822<\/td>\n<\/tr>\n<tr class=\"row-22\">\n\t<td class=\"column-1\"><a href=\"https:\/\/moverdb.com\/es\/container-shipping\/mexico\/\" data-internallinksmanager029f6b8e52c=\"162\" title=\"2026 Tarifas de transporte mar\u00edtimo de contenedores desde y hacia M\u00e9xico\">M\u00e9xico (Manzanillo)<\/a><\/td><td class=\"column-2\">2167<\/td><td class=\"column-3\">3161<\/td>\n<\/tr>\n<tr class=\"row-23\">\n\t<td class=\"column-1\"><a href=\"https:\/\/moverdb.com\/es\/container-shipping\/netherlands\/\" data-internallinksmanager029f6b8e52c=\"151\" title=\"2026 Tarifas de transporte mar\u00edtimo de contenedores desde y hacia los Pa\u00edses Bajos\">Pa\u00edses Bajos (Rotterdam)<\/a><\/td><td class=\"column-2\">1936<\/td><td class=\"column-3\">3276<\/td>\n<\/tr>\n<tr class=\"row-24\">\n\t<td class=\"column-1\"><a href=\"https:\/\/moverdb.com\/es\/container-shipping\/philippines\/\" data-internallinksmanager029f6b8e52c=\"156\" title=\"2026 Tarifas de transporte mar\u00edtimo de contenedores desde y hacia Filipinas\">Filipinas (Manila)<\/a><\/td><td class=\"column-2\">6123<\/td><td class=\"column-3\">5993<\/td>\n<\/tr>\n<tr class=\"row-25\">\n\t<td class=\"column-1\"><a href=\"https:\/\/moverdb.com\/es\/container-shipping\/poland\/\" data-internallinksmanager029f6b8e52c=\"157\" title=\"2026 Tarifas de transporte mar\u00edtimo de contenedores desde y hacia Polonia\">Polonia (Gdansk)<\/a><\/td><td class=\"column-2\">2202<\/td><td class=\"column-3\">3518<\/td>\n<\/tr>\n<tr class=\"row-26\">\n\t<td class=\"column-1\"><a href=\"https:\/\/moverdb.com\/es\/container-shipping\/russia\/\" data-internallinksmanager029f6b8e52c=\"160\" title=\"2026 Tarifas de transporte mar\u00edtimo de contenedores desde y hacia Rusia\">Rusia (San Petersburgo)<\/a><\/td><td class=\"column-2\">2497<\/td><td class=\"column-3\">3791<\/td>\n<\/tr>\n<tr class=\"row-27\">\n\t<td class=\"column-1\"><a href=\"https:\/\/moverdb.com\/es\/container-shipping\/singapore\/\" data-internallinksmanager029f6b8e52c=\"179\" title=\"2026 Tarifas de transporte mar\u00edtimo de contenedores desde y hacia Singapur\">Singapur (Singapur)<\/a><\/td><td class=\"column-2\">5979<\/td><td class=\"column-3\">5765<\/td>\n<\/tr>\n<tr class=\"row-28\">\n\t<td class=\"column-1\"><a href=\"https:\/\/moverdb.com\/es\/container-shipping\/south-korea\/\" data-internallinksmanager029f6b8e52c=\"180\" title=\"2026 Tarifas de transporte mar\u00edtimo de contenedores desde y hacia Corea del Sur\">Corea del Sur (Busan)<\/a><\/td><td class=\"column-2\">5979<\/td><td class=\"column-3\">5765<\/td>\n<\/tr>\n<tr class=\"row-29\">\n\t<td class=\"column-1\"><a href=\"https:\/\/moverdb.com\/es\/container-shipping\/spain\/\" data-internallinksmanager029f6b8e52c=\"182\" title=\"2026 Tarifas de transporte mar\u00edtimo de contenedores desde y hacia Espa\u00f1a\">Espa\u00f1a (Valencia)<\/a><\/td><td class=\"column-2\">3982<\/td><td class=\"column-3\">5875<\/td>\n<\/tr>\n<tr class=\"row-30\">\n\t<td class=\"column-1\"><a href=\"https:\/\/moverdb.com\/es\/container-shipping\/taiwan\/\" data-internallinksmanager029f6b8e52c=\"183\" title=\"2026 Tarifas de transporte mar\u00edtimo de contenedores desde y hacia Taiw\u00e1n\">Taiw\u00e1n (Kaohsiung)<\/a><\/td><td class=\"column-2\">5382<\/td><td class=\"column-3\">5137<\/td>\n<\/tr>\n<tr class=\"row-31\">\n\t<td class=\"column-1\"><a href=\"https:\/\/moverdb.com\/es\/container-shipping\/thailand\/\" data-internallinksmanager029f6b8e52c=\"189\" title=\"2026 Tarifas de transporte mar\u00edtimo de contenedores desde y hacia Tailandia\">Tailandia (Laem Chabang)<\/a><\/td><td class=\"column-2\">4895<\/td><td class=\"column-3\">4715<\/td>\n<\/tr>\n<tr class=\"row-32\">\n\t<td class=\"column-1\"><a href=\"https:\/\/moverdb.com\/es\/container-shipping\/turkey\/\" data-internallinksmanager029f6b8e52c=\"190\" title=\"2026 Tarifas de transporte mar\u00edtimo de contenedores desde y hacia Turqu\u00eda\">Turqu\u00eda (Estambul)<\/a><\/td><td class=\"column-2\">8294<\/td><td class=\"column-3\">11613<\/td>\n<\/tr>\n<tr class=\"row-33\">\n\t<td class=\"column-1\"><a href=\"https:\/\/moverdb.com\/es\/container-shipping\/united-arab-emirates\/\" data-internallinksmanager029f6b8e52c=\"188\" title=\"2026 Tarifas de transporte de contenedores desde y hacia los EAU\">EAU (Jebel Ali)<\/a><\/td><td class=\"column-2\">2090<\/td><td class=\"column-3\">3465<\/td>\n<\/tr>\n<tr class=\"row-34\">\n\t<td class=\"column-1\"><a href=\"https:\/\/moverdb.com\/es\/moving-to-the-united-states\/\" data-internallinksmanager029f6b8e52c=\"94\" title=\"\u00bfSe muda a Estados Unidos? 2026 Costes de vida y consejos de reubicaci\u00f3n\">EE.UU.<\/a> (<a href=\"https:\/\/moverdb.com\/es\/moving-to-los-angeles\/\" data-internallinksmanager029f6b8e52c=\"51\" title=\"\u00bfSe muda a Los \u00c1ngeles? 2026 Coste de la vida en Los \u00c1ngeles y consejos de reubicaci\u00f3n\">Los \u00c1ngeles<\/a>)<\/td><td class=\"column-2\">912<\/td><td class=\"column-3\">1309<\/td>\n<\/tr>\n<tr class=\"row-35\">\n\t<td class=\"column-1\"><a href=\"https:\/\/moverdb.com\/es\/container-shipping\/united-states\/\" data-internallinksmanager029f6b8e52c=\"87\" title=\"2026 Tarifas de transporte mar\u00edtimo de contenedores desde y hacia Estados Unidos\">Estados Unidos (Nueva York)<\/a><\/td><td class=\"column-2\">2228<\/td><td class=\"column-3\">1937<\/td>\n<\/tr>\n<tr class=\"row-36\">\n\t<td class=\"column-1\">Venezuela (Puerto Cabello)<\/td><td class=\"column-2\">688<\/td><td class=\"column-3\">1250<\/td>\n<\/tr>\n<tr class=\"row-37\">\n\t<td class=\"column-1\"><a href=\"https:\/\/moverdb.com\/es\/container-shipping\/vietnam\/\" data-internallinksmanager029f6b8e52c=\"245\" title=\"2026 Tarifas de transporte mar\u00edtimo de contenedores desde y hacia Vietnam\">Vietnam (Saig\u00f3n)<\/a><\/td><td class=\"column-2\">5979<\/td><td class=\"column-3\">5765<\/td>\n<\/tr>\n<\/tbody>\n<\/table>\n<!-- #tablepress-87 from cache -->\n\n\n\n<h2 class=\"wp-block-heading\">Costes del contenedor de transporte desde Cura\u00e7ao (Willemstad)<\/h2>\n\n\n<div class=\"wp-block-image\">\n<figure class=\"aligncenter size-large\"><img loading=\"lazy\" decoding=\"async\" width=\"1024\" height=\"539\" src=\"https:\/\/moverdb.com\/wp-content\/uploads\/Shipping-Container-Costs-from-Curacao-1024x539.png\" alt=\"Costes del contenedor de transporte desde Cura\u00e7ao (Willemstad)\" class=\"wp-image-4141\" srcset=\"https:\/\/moverdb.com\/wp-content\/uploads\/Shipping-Container-Costs-from-Curacao-1024x539.png 1024w, https:\/\/moverdb.com\/wp-content\/uploads\/Shipping-Container-Costs-from-Curacao-300x158.png 300w, https:\/\/moverdb.com\/wp-content\/uploads\/Shipping-Container-Costs-from-Curacao-1536x809.png 1536w, https:\/\/moverdb.com\/wp-content\/uploads\/Shipping-Container-Costs-from-Curacao-18x9.png 18w, https:\/\/moverdb.com\/wp-content\/uploads\/Shipping-Container-Costs-from-Curacao-600x316.png 600w, https:\/\/moverdb.com\/wp-content\/uploads\/Shipping-Container-Costs-from-Curacao.png 2000w\" sizes=\"auto, (max-width: 1024px) 100vw, 1024px\" \/><\/figure>\n<\/div>\n\n\n<table id=\"tablepress-83\" class=\"tablepress tablepress-id-83\">\n<thead>\n<tr class=\"row-1\">\n\t<th class=\"column-1\">Pa\u00eds de destino (puerto\/ciudad)<\/th><th class=\"column-2\">20 PIES<\/th><th class=\"column-3\">40 PIES<\/th>\n<\/tr>\n<\/thead>\n<tbody class=\"row-striping row-hover\">\n<tr class=\"row-2\">\n\t<td class=\"column-1\">Andorra (Andorra la Vella)<\/td><td class=\"column-2\">346<\/td><td class=\"column-3\">355<\/td>\n<\/tr>\n<tr class=\"row-3\">\n\t<td class=\"column-1\"><a href=\"https:\/\/moverdb.com\/es\/container-shipping\/antigua-and-barbuda\/\" data-internallinksmanager029f6b8e52c=\"92\" title=\"2026 Tarifas de transporte mar\u00edtimo de contenedores desde y hacia Antigua y Barbuda\">Antigua y Barbuda (St John's)<\/a><\/td><td class=\"column-2\">605<\/td><td class=\"column-3\">801<\/td>\n<\/tr>\n<tr class=\"row-4\">\n\t<td class=\"column-1\">Australia (Sydney)<\/td><td class=\"column-2\">2845<\/td><td class=\"column-3\">N\/A<\/td>\n<\/tr>\n<tr class=\"row-5\">\n\t<td class=\"column-1\">B\u00e9lgica (Amberes)<\/td><td class=\"column-2\">979<\/td><td class=\"column-3\">1344<\/td>\n<\/tr>\n<tr class=\"row-6\">\n\t<td class=\"column-1\"><a href=\"https:\/\/moverdb.com\/es\/container-shipping\/brazil\/\" data-internallinksmanager029f6b8e52c=\"98\" title=\"2026 Tarifas de transporte mar\u00edtimo de contenedores desde y hacia Brasil\">Brasil (Santos)<\/a><\/td><td class=\"column-2\">1567<\/td><td class=\"column-3\">2434<\/td>\n<\/tr>\n<tr class=\"row-7\">\n\t<td class=\"column-1\">China (Shanghai)<\/td><td class=\"column-2\">1012<\/td><td class=\"column-3\">1171<\/td>\n<\/tr>\n<tr class=\"row-8\">\n\t<td class=\"column-1\">Colombia (Barranquilla)<\/td><td class=\"column-2\">968<\/td><td class=\"column-3\">2037<\/td>\n<\/tr>\n<tr class=\"row-9\">\n\t<td class=\"column-1\">Rep\u00fablica Dominicana (Santo Domingo)<\/td><td class=\"column-2\">704<\/td><td class=\"column-3\">1061<\/td>\n<\/tr>\n<tr class=\"row-10\">\n\t<td class=\"column-1\">Hait\u00ed (Puerto Pr\u00edncipe)<\/td><td class=\"column-2\">704<\/td><td class=\"column-3\">1061<\/td>\n<\/tr>\n<tr class=\"row-11\">\n\t<td class=\"column-1\">Hong Kong (Hong Kong)<\/td><td class=\"column-2\">1291<\/td><td class=\"column-3\">1171<\/td>\n<\/tr>\n<tr class=\"row-12\">\n\t<td class=\"column-1\">Indonesia (Yakarta)<\/td><td class=\"column-2\">1392<\/td><td class=\"column-3\">1413<\/td>\n<\/tr>\n<tr class=\"row-13\">\n\t<td class=\"column-1\"><a href=\"https:\/\/moverdb.com\/es\/container-shipping\/japan\/\" data-internallinksmanager029f6b8e52c=\"131\" title=\"2026 Tarifas de transporte mar\u00edtimo de contenedores desde y hacia Jap\u00f3n\">Jap\u00f3n (Tokio)<\/a><\/td><td class=\"column-2\">1265<\/td><td class=\"column-3\">1413<\/td>\n<\/tr>\n<tr class=\"row-14\">\n\t<td class=\"column-1\">Luxemburgo (Luxemburgo)<\/td><td class=\"column-2\">979<\/td><td class=\"column-3\">1344<\/td>\n<\/tr>\n<tr class=\"row-15\">\n\t<td class=\"column-1\">Pa\u00edses Bajos (Rotterdam)<\/td><td class=\"column-2\">979<\/td><td class=\"column-3\">1344<\/td>\n<\/tr>\n<tr class=\"row-16\">\n\t<td class=\"column-1\">Rusia (San Petersburgo)<\/td><td class=\"column-2\">1593<\/td><td class=\"column-3\">2018<\/td>\n<\/tr>\n<tr class=\"row-17\">\n\t<td class=\"column-1\">Corea del Sur (Busan)<\/td><td class=\"column-2\">1076<\/td><td class=\"column-3\">1171<\/td>\n<\/tr>\n<tr class=\"row-18\">\n\t<td class=\"column-1\">Taiw\u00e1n (Kaohsiung)<\/td><td class=\"column-2\">1076<\/td><td class=\"column-3\">1171<\/td>\n<\/tr>\n<tr class=\"row-19\">\n\t<td class=\"column-1\">Tailandia (Laem Chabang)<\/td><td class=\"column-2\">1391<\/td><td class=\"column-3\">1413<\/td>\n<\/tr>\n<tr class=\"row-20\">\n\t<td class=\"column-1\">EE.UU. (Los \u00c1ngeles)<\/td><td class=\"column-2\">2068<\/td><td class=\"column-3\">2993<\/td>\n<\/tr>\n<tr class=\"row-21\">\n\t<td class=\"column-1\">Estados Unidos (Nueva York)<\/td><td class=\"column-2\">1297<\/td><td class=\"column-3\">1383<\/td>\n<\/tr>\n<\/tbody>\n<\/table>\n<!-- #tablepress-83 from cache -->\n\n\n\n<h3 class=\"wp-block-heading\">Notas sobre los datos:<\/h3>\n\n\n\n<ul class=\"wp-block-list\"><li>Todas las cifras de $ en d\u00f3lares estadounidenses (USD);<\/li><li>Las tarifas son exactas a partir de mediados de 2022;<\/li><li>Los mapas de este art\u00edculo se han creado con <a href=\"https:\/\/www.mapchart.net\" target=\"_blank\" rel=\"noreferrer noopener\">https:\/\/www.mapchart.net<\/a>. Puedes compartir los mapas siempre que proporciones un enlace de atribuci\u00f3n a <a href=\"https:\/\/moverdb.com\/es\/\" target=\"_blank\" rel=\"noreferrer noopener\">MoverDB<\/a>;<\/li><li>Los tipos anteriores son s\u00f3lo estimaciones y pueden haber cambiado desde el momento en que se public\u00f3 este art\u00edculo (abril de 2022). Se basan en la tasa m\u00e1s baja estimada de <a href=\"https:\/\/www.icontainers.com\" target=\"_blank\" rel=\"noreferrer noopener\">https:\/\/www.icontainers.com<\/a> o <a href=\"https:\/\/www.freightos.com\" target=\"_blank\" rel=\"noreferrer noopener\">https:\/\/www.freightos.com<\/a>;<\/li><li>Para obtener una idea m\u00e1s precisa del coste para usted, utilice el formulario de presupuesto que aparece en la parte superior de esta p\u00e1gina;<\/li><li>Consulte tambi\u00e9n nuestra gu\u00eda sobre <a href=\"https:\/\/moverdb.com\/es\/transporte-de-contenedores\/\" target=\"_blank\" rel=\"noreferrer noopener\">transporte internacional de contenedores<\/a>.<\/li><\/ul>","protected":false},"excerpt":{"rendered":"<p>Cura\u00e7ao is an island country in the Caribbean and a constituent of the Kingdom of the Netherlands. With much to offer, from museums and heritage houses to beaches and coral diving spots, Cura\u00e7ao\u2019s quality of life is of a high standard. Both permanent residents and visitors get to enjoy a life of security, high tolerance, [&hellip;]<\/p>\n","protected":false},"author":2,"featured_media":4140,"parent":44,"menu_order":0,"comment_status":"open","ping_status":"closed","template":"","meta":{"_genesis_hide_title":false,"_genesis_hide_breadcrumbs":false,"_genesis_hide_singular_image":false,"_genesis_hide_footer_widgets":false,"_genesis_custom_body_class":"","_genesis_custom_post_class":"","_genesis_layout":"","footnotes":""},"class_list":{"0":"post-4183","1":"page","2":"type-page","3":"status-publish","4":"has-post-thumbnail","6":"entry"},"_links":{"self":[{"href":"https:\/\/moverdb.com\/es\/wp-json\/wp\/v2\/pages\/4183","targetHints":{"allow":["GET"]}}],"collection":[{"href":"https:\/\/moverdb.com\/es\/wp-json\/wp\/v2\/pages"}],"about":[{"href":"https:\/\/moverdb.com\/es\/wp-json\/wp\/v2\/types\/page"}],"author":[{"embeddable":true,"href":"https:\/\/moverdb.com\/es\/wp-json\/wp\/v2\/users\/2"}],"replies":[{"embeddable":true,"href":"https:\/\/moverdb.com\/es\/wp-json\/wp\/v2\/comments?post=4183"}],"version-history":[{"count":1,"href":"https:\/\/moverdb.com\/es\/wp-json\/wp\/v2\/pages\/4183\/revisions"}],"predecessor-version":[{"id":4184,"href":"https:\/\/moverdb.com\/es\/wp-json\/wp\/v2\/pages\/4183\/revisions\/4184"}],"up":[{"embeddable":true,"href":"https:\/\/moverdb.com\/es\/wp-json\/wp\/v2\/pages\/44"}],"wp:featuredmedia":[{"embeddable":true,"href":"https:\/\/moverdb.com\/es\/wp-json\/wp\/v2\/media\/4140"}],"wp:attachment":[{"href":"https:\/\/moverdb.com\/es\/wp-json\/wp\/v2\/media?parent=4183"}],"curies":[{"name":"wp","href":"https:\/\/api.w.org\/{rel}","templated":true}]}}