{"id":3991,"date":"2022-05-18T23:49:05","date_gmt":"2022-05-18T23:49:05","guid":{"rendered":"https:\/\/moverdb.com\/?page_id=3991"},"modified":"2026-01-08T13:19:31","modified_gmt":"2026-01-08T13:19:31","slug":"bangladesh","status":"publish","type":"page","link":"https:\/\/moverdb.com\/es\/container-shipping\/bangladesh\/","title":{"rendered":"2026 Tarifas de transporte mar\u00edtimo de contenedores desde y hacia Bangladesh"},"content":{"rendered":"<div class=\"wp-block-image\"><figure class=\"aligncenter size-full\"><img loading=\"lazy\" decoding=\"async\" width=\"1000\" height=\"667\" src=\"https:\/\/moverdb.com\/wp-content\/uploads\/dhaka-bangladesh.jpg\" alt=\"Vista a\u00e9rea de la capital de Bangladesh, Dhaka.\" class=\"wp-image-3960\" srcset=\"https:\/\/moverdb.com\/wp-content\/uploads\/dhaka-bangladesh.jpg 1000w, https:\/\/moverdb.com\/wp-content\/uploads\/dhaka-bangladesh-300x200.jpg 300w, https:\/\/moverdb.com\/wp-content\/uploads\/dhaka-bangladesh-18x12.jpg 18w, https:\/\/moverdb.com\/wp-content\/uploads\/dhaka-bangladesh-600x400.jpg 600w\" sizes=\"auto, (max-width: 1000px) 100vw, 1000px\" \/><\/figure><\/div>\n\n\n\n<p>Adem\u00e1s de ser un pa\u00eds del tercer mundo, <strong><a href=\"https:\/\/moverdb.com\/es\/moving-to-bangladesh\/\" data-internallinksmanager029f6b8e52c=\"419\" title=\"\u00bfSe muda a Bangladesh? 2026 Coste de la vida y consejos para el traslado\">Bangladesh<\/a><\/strong> es uno de los principales focos de inversiones occidentales en el siglo XXI.<\/p>\n\n\n\n<p>Industrias punteras como la textil, el turismo, la construcci\u00f3n naval, la tecnolog\u00eda y la industria de la comunicaci\u00f3n atraen a un gran n\u00famero de expatriados en este pa\u00eds para desarrollar y ampliar sus negocios en el extranjero.<\/p>\n\n\n\n<p>Aparte de los incentivos laborales, Bangladesh tiene un clima subtropical muy reconfortante durante todo el a\u00f1o y sus atractivos naturales e hist\u00f3ricos son abundantes e impresionantes.<\/p>\n\n\n\n<p>As\u00ed pues, si est\u00e1 pensando en mudarse dentro o fuera de Dhaka, Chittagong, Khulna o cualquier otro lugar de Bangladesh, podemos ayudarle a descubrir el precio medio de esa haza\u00f1a.<\/p>\n\n\n\n<p>En los siguientes gr\u00e1ficos se enumeran los precios de algunos rincones del mundo de los que podr\u00eda proceder o a los que podr\u00eda querer trasladarse desde Bangladesh. Tenga en cuenta que estos son los precios m\u00e1s bajos de Bangladesh <a href=\"https:\/\/moverdb.com\/es\/container-shipping\/\" data-internallinksmanager029f6b8e52c=\"3\" title=\"Tabla de tarifas de transporte mar\u00edtimo internacional de contenedores: Abril 2026\">tarifas de env\u00edo de contenedores<\/a> que pudimos encontrar para contenedores de 20' y 40' - para obtener el precio m\u00e1s exacto para sus necesidades particulares, utilice la herramienta de cotizaci\u00f3n ubicada en la parte superior de esta p\u00e1gina.<\/p>\n\n\n\n<h2 class=\"wp-block-heading\">Gastos de env\u00edo de contenedores a Bangladesh (Chittagong)<\/h2>\n\n\n\n<div class=\"wp-block-image\"><figure class=\"aligncenter size-large\"><img loading=\"lazy\" decoding=\"async\" width=\"1024\" height=\"539\" src=\"https:\/\/moverdb.com\/wp-content\/uploads\/Shipping-Container-Costs-to-Bangladesh-1024x539.png\" alt=\"Gastos de env\u00edo de contenedores a Bangladesh (Chittagong)\" class=\"wp-image-3972\" srcset=\"https:\/\/moverdb.com\/wp-content\/uploads\/Shipping-Container-Costs-to-Bangladesh-1024x539.png 1024w, https:\/\/moverdb.com\/wp-content\/uploads\/Shipping-Container-Costs-to-Bangladesh-300x158.png 300w, https:\/\/moverdb.com\/wp-content\/uploads\/Shipping-Container-Costs-to-Bangladesh-1536x809.png 1536w, https:\/\/moverdb.com\/wp-content\/uploads\/Shipping-Container-Costs-to-Bangladesh-2048x1079.png 2048w, https:\/\/moverdb.com\/wp-content\/uploads\/Shipping-Container-Costs-to-Bangladesh-18x9.png 18w, https:\/\/moverdb.com\/wp-content\/uploads\/Shipping-Container-Costs-to-Bangladesh-600x316.png 600w\" sizes=\"auto, (max-width: 1024px) 100vw, 1024px\" \/><\/figure><\/div>\n\n\n\n<table id=\"tablepress-48\" class=\"tablepress tablepress-id-48\">\n<thead>\n<tr class=\"row-1\">\n\t<th class=\"column-1\">Pa\u00eds de destino (<a href=\"https:\/\/moverdb.com\/es\/top-49-container-ports\/\" data-internallinksmanager029f6b8e52c=\"80\" title=\"Los 49 puertos de contenedores m\u00e1s grandes y activos en 2025\">Puerto<\/a>\/Ciudad)<\/th><th class=\"column-2\">20 PIES<\/th><th class=\"column-3\">40 PIES<\/th>\n<\/tr>\n<\/thead>\n<tbody class=\"row-striping row-hover\">\n<tr class=\"row-2\">\n\t<td class=\"column-1\"><a href=\"https:\/\/moverdb.com\/es\/container-shipping\/andorra\/\" data-internallinksmanager029f6b8e52c=\"88\" title=\"2026 Tarifas de transporte mar\u00edtimo de contenedores desde y hacia Andorra\">Andorra (Andorra la Vella)<\/a><\/td><td class=\"column-2\">$1,864<\/td><td class=\"column-3\">$2,318<\/td>\n<\/tr>\n<tr class=\"row-3\">\n\t<td class=\"column-1\"><a href=\"https:\/\/moverdb.com\/es\/container-shipping\/antigua-and-barbuda\/\" data-internallinksmanager029f6b8e52c=\"92\" title=\"2026 Tarifas de transporte mar\u00edtimo de contenedores desde y hacia Antigua y Barbuda\">Antigua y Barbuda (St John's)<\/a><\/td><td class=\"column-2\">$814<\/td><td class=\"column-3\">$1,298<\/td>\n<\/tr>\n<tr class=\"row-4\">\n\t<td class=\"column-1\"><a href=\"https:\/\/moverdb.com\/es\/container-shipping\/argentina\/\" data-internallinksmanager029f6b8e52c=\"91\" title=\"2026 Tarifas de transporte mar\u00edtimo de contenedores desde y hacia Argentina\">Argentina (Buenos Aires)<\/a><\/td><td class=\"column-2\">$3,750<\/td><td class=\"column-3\">$5,690<\/td>\n<\/tr>\n<tr class=\"row-5\">\n\t<td class=\"column-1\"><a href=\"https:\/\/moverdb.com\/es\/container-shipping\/australia\/\" data-internallinksmanager029f6b8e52c=\"89\" title=\"2026 Tarifas de transporte de contenedores desde y hacia Australia\">Australia (Sydney)<\/a><\/td><td class=\"column-2\">$8,053<\/td><td class=\"column-3\">N\/A<\/td>\n<\/tr>\n<tr class=\"row-6\">\n\t<td class=\"column-1\"><a href=\"https:\/\/moverdb.com\/es\/container-shipping\/china\/\" data-internallinksmanager029f6b8e52c=\"105\" title=\"2026 Tarifas de transporte mar\u00edtimo de contenedores desde y hacia China\">China (Pek\u00edn)<\/a><\/td><td class=\"column-2\">$4,895<\/td><td class=\"column-3\">$9,345<\/td>\n<\/tr>\n<tr class=\"row-7\">\n\t<td class=\"column-1\">China (Shanghai)<\/td><td class=\"column-2\">$4,015<\/td><td class=\"column-3\">$7,665<\/td>\n<\/tr>\n<tr class=\"row-8\">\n\t<td class=\"column-1\"><a href=\"https:\/\/moverdb.com\/es\/container-shipping\/india\/\" data-internallinksmanager029f6b8e52c=\"125\" title=\"2026 Tarifas de transporte mar\u00edtimo de contenedores desde y hacia la India\">India (Mumbai)<\/a><\/td><td class=\"column-2\">$1,753<\/td><td class=\"column-3\">$3,213<\/td>\n<\/tr>\n<tr class=\"row-9\">\n\t<td class=\"column-1\"><a href=\"https:\/\/moverdb.com\/es\/container-shipping\/indonesia\/\" data-internallinksmanager029f6b8e52c=\"126\" title=\"2026 Tarifas de transporte mar\u00edtimo de contenedores desde y hacia Indonesia\">Indonesia (Yakarta)<\/a><\/td><td class=\"column-2\">$2,679<\/td><td class=\"column-3\">$4,574<\/td>\n<\/tr>\n<tr class=\"row-10\">\n\t<td class=\"column-1\">Laos (Vientiane)<\/td><td class=\"column-2\">$4,015<\/td><td class=\"column-3\">$7,665<\/td>\n<\/tr>\n<tr class=\"row-11\">\n\t<td class=\"column-1\"><a href=\"https:\/\/moverdb.com\/es\/container-shipping\/malaysia\/\" data-internallinksmanager029f6b8e52c=\"148\" title=\"2026 Tarifas de transporte mar\u00edtimo de contenedores desde y hacia Malasia\">Malasia (Puerto Kelang)<\/a><\/td><td class=\"column-2\">$2,365<\/td><td class=\"column-3\">$4,250<\/td>\n<\/tr>\n<tr class=\"row-12\">\n\t<td class=\"column-1\"><a href=\"https:\/\/moverdb.com\/es\/container-shipping\/pakistan\/\" data-internallinksmanager029f6b8e52c=\"155\" title=\"2026 Tarifas de transporte mar\u00edtimo de contenedores desde y hacia Pakist\u00e1n\">Pakist\u00e1n (Karachi)<\/a><\/td><td class=\"column-2\">$2,750<\/td><td class=\"column-3\">$4,095<\/td>\n<\/tr>\n<tr class=\"row-13\">\n\t<td class=\"column-1\"><a href=\"https:\/\/moverdb.com\/es\/container-shipping\/philippines\/\" data-internallinksmanager029f6b8e52c=\"156\" title=\"2026 Tarifas de transporte mar\u00edtimo de contenedores desde y hacia Filipinas\">Filipinas (Manila)<\/a><\/td><td class=\"column-2\">$2,750<\/td><td class=\"column-3\">N\/A<\/td>\n<\/tr>\n<tr class=\"row-14\">\n\t<td class=\"column-1\"><a href=\"https:\/\/moverdb.com\/es\/container-shipping\/singapore\/\" data-internallinksmanager029f6b8e52c=\"179\" title=\"2026 Tarifas de transporte mar\u00edtimo de contenedores desde y hacia Singapur\">Singapur (Singapur)<\/a><\/td><td class=\"column-2\">$2,915<\/td><td class=\"column-3\">$5,565<\/td>\n<\/tr>\n<tr class=\"row-15\">\n\t<td class=\"column-1\"><a href=\"https:\/\/moverdb.com\/es\/container-shipping\/south-africa\/\" data-internallinksmanager029f6b8e52c=\"185\" title=\"2026 Tarifas de transporte mar\u00edtimo de contenedores desde y hacia Sud\u00e1frica\">Sud\u00e1frica (Durban)<\/a><\/td><td class=\"column-2\">$5,100<\/td><td class=\"column-3\">N\/A<\/td>\n<\/tr>\n<tr class=\"row-16\">\n\t<td class=\"column-1\"><a href=\"https:\/\/moverdb.com\/es\/container-shipping\/south-korea\/\" data-internallinksmanager029f6b8e52c=\"180\" title=\"2026 Tarifas de transporte mar\u00edtimo de contenedores desde y hacia Corea del Sur\">Corea del Sur (Busan)<\/a><\/td><td class=\"column-2\">$4,315<\/td><td class=\"column-3\">$6,870<\/td>\n<\/tr>\n<tr class=\"row-17\">\n\t<td class=\"column-1\"><a href=\"https:\/\/moverdb.com\/es\/container-shipping\/spain\/\" data-internallinksmanager029f6b8e52c=\"182\" title=\"2026 Tarifas de transporte mar\u00edtimo de contenedores desde y hacia Espa\u00f1a\">Espa\u00f1a (Valencia)<\/a><\/td><td class=\"column-2\">$2,378<\/td><td class=\"column-3\">$3,369<\/td>\n<\/tr>\n<tr class=\"row-18\">\n\t<td class=\"column-1\"><a href=\"https:\/\/moverdb.com\/es\/container-shipping\/thailand\/\" data-internallinksmanager029f6b8e52c=\"189\" title=\"2026 Tarifas de transporte mar\u00edtimo de contenedores desde y hacia Tailandia\">Tailandia (Laem Chabang)<\/a><\/td><td class=\"column-2\">$3,400<\/td><td class=\"column-3\">$5,477<\/td>\n<\/tr>\n<tr class=\"row-19\">\n\t<td class=\"column-1\"><a href=\"https:\/\/moverdb.com\/es\/container-shipping\/uruguay\/\" data-internallinksmanager029f6b8e52c=\"194\" title=\"2026 Tarifas de transporte mar\u00edtimo de contenedores desde y hacia Uruguay\">Uruguay (Montevideo)<\/a><\/td><td class=\"column-2\">$3,750<\/td><td class=\"column-3\">$5,690<\/td>\n<\/tr>\n<tr class=\"row-20\">\n\t<td class=\"column-1\"><a href=\"https:\/\/moverdb.com\/es\/moving-to-the-united-states\/\" data-internallinksmanager029f6b8e52c=\"94\" title=\"\u00bfSe muda a Estados Unidos? 2026 Costes de vida y consejos de reubicaci\u00f3n\">EE.UU.<\/a> (<a href=\"https:\/\/moverdb.com\/es\/moving-to-los-angeles\/\" data-internallinksmanager029f6b8e52c=\"51\" title=\"\u00bfSe muda a Los \u00c1ngeles? 2026 Coste de la vida en Los \u00c1ngeles y consejos de reubicaci\u00f3n\">Los \u00c1ngeles<\/a>)<\/td><td class=\"column-2\">$835<\/td><td class=\"column-3\">$1,035<\/td>\n<\/tr>\n<tr class=\"row-21\">\n\t<td class=\"column-1\"><a href=\"https:\/\/moverdb.com\/es\/container-shipping\/united-states\/\" data-internallinksmanager029f6b8e52c=\"87\" title=\"2026 Tarifas de transporte mar\u00edtimo de contenedores desde y hacia Estados Unidos\">Estados Unidos (Nueva York)<\/a><\/td><td class=\"column-2\">$2,253<\/td><td class=\"column-3\">$2,534<\/td>\n<\/tr>\n<\/tbody>\n<\/table>\n<!-- #tablepress-48 from cache -->\n\n\n\n<h2 class=\"wp-block-heading\">Gastos de env\u00edo de contenedores desde Bangladesh (Chittagong)<\/h2>\n\n\n\n<div class=\"wp-block-image\"><figure class=\"aligncenter size-large\"><img loading=\"lazy\" decoding=\"async\" width=\"1024\" height=\"539\" src=\"https:\/\/moverdb.com\/wp-content\/uploads\/Shipping-Container-Costs-from-Bangladesh-1024x539.png\" alt=\"Gastos de env\u00edo de contenedores desde Bangladesh (Chittagong)\" class=\"wp-image-3971\" srcset=\"https:\/\/moverdb.com\/wp-content\/uploads\/Shipping-Container-Costs-from-Bangladesh-1024x539.png 1024w, https:\/\/moverdb.com\/wp-content\/uploads\/Shipping-Container-Costs-from-Bangladesh-300x158.png 300w, https:\/\/moverdb.com\/wp-content\/uploads\/Shipping-Container-Costs-from-Bangladesh-1536x809.png 1536w, https:\/\/moverdb.com\/wp-content\/uploads\/Shipping-Container-Costs-from-Bangladesh-2048x1079.png 2048w, https:\/\/moverdb.com\/wp-content\/uploads\/Shipping-Container-Costs-from-Bangladesh-18x9.png 18w, https:\/\/moverdb.com\/wp-content\/uploads\/Shipping-Container-Costs-from-Bangladesh-600x316.png 600w\" sizes=\"auto, (max-width: 1024px) 100vw, 1024px\" \/><\/figure><\/div>\n\n\n\n<table id=\"tablepress-49\" class=\"tablepress tablepress-id-49\">\n<thead>\n<tr class=\"row-1\">\n\t<th class=\"column-1\">Pa\u00eds de destino (puerto\/ciudad)<\/th><th class=\"column-2\">20 PIES<\/th><th class=\"column-3\">40 PIES<\/th>\n<\/tr>\n<\/thead>\n<tbody class=\"row-striping row-hover\">\n<tr class=\"row-2\">\n\t<td class=\"column-1\">Andorra (Andorra la Vella)<\/td><td class=\"column-2\">$911<\/td><td class=\"column-3\">$1,138<\/td>\n<\/tr>\n<tr class=\"row-3\">\n\t<td class=\"column-1\">Argentina (Buenos Aires)<\/td><td class=\"column-2\">$9,373<\/td><td class=\"column-3\">$11,660<\/td>\n<\/tr>\n<tr class=\"row-4\">\n\t<td class=\"column-1\"><a href=\"https:\/\/moverdb.com\/es\/container-shipping\/aruba\/\" data-internallinksmanager029f6b8e52c=\"90\" title=\"2026 Tarifas de transporte mar\u00edtimo de contenedores desde y hacia Aruba\">Aruba (Oranjestad)<\/a><\/td><td class=\"column-2\">$9,373<\/td><td class=\"column-3\">$11,660<\/td>\n<\/tr>\n<tr class=\"row-5\">\n\t<td class=\"column-1\">Australia (Sydney)<\/td><td class=\"column-2\">$2,511<\/td><td class=\"column-3\">N\/A<\/td>\n<\/tr>\n<tr class=\"row-6\">\n\t<td class=\"column-1\"><a href=\"https:\/\/moverdb.com\/es\/container-shipping\/austria\/\" data-internallinksmanager029f6b8e52c=\"95\" title=\"2026 Tarifas de transporte mar\u00edtimo de contenedores desde y hacia Austria\">Austria (Viena)<\/a><\/td><td class=\"column-2\">N\/A<\/td><td class=\"column-3\">$12,750<\/td>\n<\/tr>\n<tr class=\"row-7\">\n\t<td class=\"column-1\"><a href=\"https:\/\/moverdb.com\/es\/container-shipping\/bahrain\/\" data-internallinksmanager029f6b8e52c=\"96\" title=\"2026 Tarifas de transporte mar\u00edtimo de contenedores desde y hacia Bahrein\">Bahrein (Manama)<\/a><\/td><td class=\"column-2\">$2,090<\/td><td class=\"column-3\">N\/A<\/td>\n<\/tr>\n<tr class=\"row-8\">\n\t<td class=\"column-1\">India (Mumbai)<\/td><td class=\"column-2\">$990<\/td><td class=\"column-3\">N\/A<\/td>\n<\/tr>\n<tr class=\"row-9\">\n\t<td class=\"column-1\"><a href=\"https:\/\/moverdb.com\/es\/container-shipping\/kuwait\/\" data-internallinksmanager029f6b8e52c=\"135\" title=\"2026 Tarifas de transporte mar\u00edtimo de contenedores desde y hacia Kuwait\">Kuwait (Shuwaikh)<\/a><\/td><td class=\"column-2\">$2,393<\/td><td class=\"column-3\">N\/A<\/td>\n<\/tr>\n<tr class=\"row-10\">\n\t<td class=\"column-1\"><a href=\"https:\/\/moverdb.com\/es\/container-shipping\/maldives\/\" data-internallinksmanager029f6b8e52c=\"161\" title=\"2026 Tarifas de transporte mar\u00edtimo de contenedores desde y hacia las Maldivas\">Maldivas (Male)<\/a><\/td><td class=\"column-2\">$110<\/td><td class=\"column-3\">N\/A<\/td>\n<\/tr>\n<tr class=\"row-11\">\n\t<td class=\"column-1\"><a href=\"https:\/\/moverdb.com\/es\/container-shipping\/netherlands\/\" data-internallinksmanager029f6b8e52c=\"151\" title=\"2026 Tarifas de transporte mar\u00edtimo de contenedores desde y hacia los Pa\u00edses Bajos\">Pa\u00edses Bajos (Rotterdam)<\/a><\/td><td class=\"column-2\">$6,492<\/td><td class=\"column-3\">$8,034<\/td>\n<\/tr>\n<tr class=\"row-12\">\n\t<td class=\"column-1\">Pakist\u00e1n (Karachi)<\/td><td class=\"column-2\">$3,808<\/td><td class=\"column-3\">N\/A<\/td>\n<\/tr>\n<tr class=\"row-13\">\n\t<td class=\"column-1\"><a href=\"https:\/\/moverdb.com\/es\/container-shipping\/qatar\/\" data-internallinksmanager029f6b8e52c=\"159\" title=\"2026 Tarifas de transporte mar\u00edtimo de contenedores desde y hacia Qatar\">Qatar (Doha)<\/a><\/td><td class=\"column-2\">$2,810<\/td><td class=\"column-3\">N\/A<\/td>\n<\/tr>\n<tr class=\"row-14\">\n\t<td class=\"column-1\"><a href=\"https:\/\/moverdb.com\/es\/container-shipping\/saudi-arabia\/\" data-internallinksmanager029f6b8e52c=\"178\" title=\"2026 Tarifas de transporte mar\u00edtimo de contenedores desde y hacia Arabia Saud\u00ed\">Arabia Saud\u00ed (Jeddah)<\/a><\/td><td class=\"column-2\">$6,977<\/td><td class=\"column-3\">N\/A<\/td>\n<\/tr>\n<tr class=\"row-15\">\n\t<td class=\"column-1\">Singapur (Singapur)<\/td><td class=\"column-2\">$110<\/td><td class=\"column-3\">N\/A<\/td>\n<\/tr>\n<tr class=\"row-16\">\n\t<td class=\"column-1\">Espa\u00f1a (Valencia)<\/td><td class=\"column-2\">$6,932<\/td><td class=\"column-3\">$10,214<\/td>\n<\/tr>\n<tr class=\"row-17\">\n\t<td class=\"column-1\"><a href=\"https:\/\/moverdb.com\/es\/container-shipping\/united-arab-emirates\/\" data-internallinksmanager029f6b8e52c=\"188\" title=\"2026 Tarifas de transporte de contenedores desde y hacia los EAU\">EAU (Jebel Ali)<\/a><\/td><td class=\"column-2\">$1,705<\/td><td class=\"column-3\">$3,273<\/td>\n<\/tr>\n<tr class=\"row-18\">\n\t<td class=\"column-1\">EE.UU. (Los \u00c1ngeles)<\/td><td class=\"column-2\">$8,080<\/td><td class=\"column-3\">$8,400<\/td>\n<\/tr>\n<tr class=\"row-19\">\n\t<td class=\"column-1\">Estados Unidos (Nueva York)<\/td><td class=\"column-2\">$3,753<\/td><td class=\"column-3\">$4,250<\/td>\n<\/tr>\n<\/tbody>\n<\/table>\n<!-- #tablepress-49 from cache -->\n\n\n\n<h3 class=\"wp-block-heading\">Notas sobre los datos:<\/h3>\n\n\n\n<ul class=\"wp-block-list\"><li>Todas las cifras de $ en d\u00f3lares estadounidenses (USD);<\/li><li>Las tarifas son exactas a principios de 2022;<\/li><li>Los mapas de este art\u00edculo se han creado con <a href=\"https:\/\/www.mapchart.net\" target=\"_blank\" rel=\"noreferrer noopener\">https:\/\/www.mapchart.net<\/a>. Puedes compartir los mapas siempre que proporciones un enlace de atribuci\u00f3n a <a href=\"https:\/\/moverdb.com\/es\/\" target=\"_blank\" rel=\"noreferrer noopener\">MoverDB<\/a>;<\/li><li>Los tipos anteriores son s\u00f3lo estimaciones y pueden haber cambiado desde el momento en que se public\u00f3 este art\u00edculo (abril de 2022). Se basan en la tasa m\u00e1s baja estimada de <a href=\"https:\/\/www.icontainers.com\" target=\"_blank\" rel=\"noreferrer noopener\">https:\/\/www.icontainers.com<\/a> o <a href=\"https:\/\/www.freightos.com\" target=\"_blank\" rel=\"noreferrer noopener\">https:\/\/www.freightos.com<\/a>;<\/li><li>Para obtener una idea m\u00e1s precisa del coste para usted, utilice el formulario de presupuesto que aparece en la parte superior de esta p\u00e1gina;<\/li><li>Consulte tambi\u00e9n nuestra gu\u00eda sobre <a href=\"https:\/\/moverdb.com\/es\/transporte-de-contenedores\/\" target=\"_blank\" rel=\"noreferrer noopener\">transporte internacional de contenedores<\/a>.<\/li><\/ul>","protected":false},"excerpt":{"rendered":"<p>Besides being a third-world country, Bangladesh is one of the main hubs for western investments in the 21st century. Top industries such as the textile, tourism, shipbuilding, technology, and communication industry draw in a large number of expats in this country to develop and expand their offshore business. Other than the work-related incentives, Bangladesh has [&hellip;]<\/p>\n","protected":false},"author":2,"featured_media":3960,"parent":44,"menu_order":0,"comment_status":"open","ping_status":"closed","template":"","meta":{"_genesis_hide_title":false,"_genesis_hide_breadcrumbs":false,"_genesis_hide_singular_image":false,"_genesis_hide_footer_widgets":false,"_genesis_custom_body_class":"","_genesis_custom_post_class":"","_genesis_layout":"","footnotes":""},"class_list":{"0":"post-3991","1":"page","2":"type-page","3":"status-publish","4":"has-post-thumbnail","6":"entry"},"_links":{"self":[{"href":"https:\/\/moverdb.com\/es\/wp-json\/wp\/v2\/pages\/3991","targetHints":{"allow":["GET"]}}],"collection":[{"href":"https:\/\/moverdb.com\/es\/wp-json\/wp\/v2\/pages"}],"about":[{"href":"https:\/\/moverdb.com\/es\/wp-json\/wp\/v2\/types\/page"}],"author":[{"embeddable":true,"href":"https:\/\/moverdb.com\/es\/wp-json\/wp\/v2\/users\/2"}],"replies":[{"embeddable":true,"href":"https:\/\/moverdb.com\/es\/wp-json\/wp\/v2\/comments?post=3991"}],"version-history":[{"count":2,"href":"https:\/\/moverdb.com\/es\/wp-json\/wp\/v2\/pages\/3991\/revisions"}],"predecessor-version":[{"id":4022,"href":"https:\/\/moverdb.com\/es\/wp-json\/wp\/v2\/pages\/3991\/revisions\/4022"}],"up":[{"embeddable":true,"href":"https:\/\/moverdb.com\/es\/wp-json\/wp\/v2\/pages\/44"}],"wp:featuredmedia":[{"embeddable":true,"href":"https:\/\/moverdb.com\/es\/wp-json\/wp\/v2\/media\/3960"}],"wp:attachment":[{"href":"https:\/\/moverdb.com\/es\/wp-json\/wp\/v2\/media?parent=3991"}],"curies":[{"name":"wp","href":"https:\/\/api.w.org\/{rel}","templated":true}]}}