{"id":3842,"date":"2022-04-06T13:40:09","date_gmt":"2022-04-06T13:40:09","guid":{"rendered":"https:\/\/moverdb.com\/?page_id=3842"},"modified":"2026-01-08T14:47:23","modified_gmt":"2026-01-08T14:47:23","slug":"agentes-de-reubicacion","status":"publish","type":"page","link":"https:\/\/moverdb.com\/es\/relocation-agents\/","title":{"rendered":"7 razones por las que deber\u00eda utilizar un agente de reubicaci\u00f3n"},"content":{"rendered":"<p>Acaba de firmar para un nuevo y fant\u00e1stico puesto en un glamuroso lugar internacional. Est\u00e1s deseando cambiar de aires y mudarte a un nuevo pa\u00eds parece emocionante al principio, pero una vez que te das cuenta de todo lo que tienes que hacer para llegar all\u00ed, todo puede parecer bastante desalentador.<\/p>\n<p><img loading=\"lazy\" decoding=\"async\" src=\"https:\/\/moverdb.com\/wp-content\/uploads\/relocation-agent.jpg\" alt=\"\" width=\"1000\" height=\"563\" class=\"aligncenter size-full wp-image-3845\" data-wp-pid=\"3845\" srcset=\"https:\/\/moverdb.com\/wp-content\/uploads\/relocation-agent.jpg 1000w, https:\/\/moverdb.com\/wp-content\/uploads\/relocation-agent-300x169.jpg 300w, https:\/\/moverdb.com\/wp-content\/uploads\/relocation-agent-18x10.jpg 18w, https:\/\/moverdb.com\/wp-content\/uploads\/relocation-agent-600x338.jpg 600w\" sizes=\"auto, (max-width: 1000px) 100vw, 1000px\" \/><\/p>\n<p>Veamos algunas de las cosas que puede tener que afrontar si se traslada por su cuenta o si utiliza un <a href=\"https:\/\/www.cornerstonelondon.com\/\" target=\"_blank\" rel=\"noopener\">agente de reubicaci\u00f3n<\/a>.<\/p>\n<div id=\"ez-toc-container\" class=\"ez-toc-v2_0_82_2 ez-toc-wrap-left counter-hierarchy ez-toc-counter ez-toc-transparent ez-toc-container-direction\">\n<div class=\"ez-toc-title-container\">\n<p class=\"ez-toc-title\" style=\"cursor:inherit\">Secciones<\/p>\n<span class=\"ez-toc-title-toggle\"><a href=\"#\" class=\"ez-toc-pull-right ez-toc-btn ez-toc-btn-xs ez-toc-btn-default ez-toc-toggle\" aria-label=\"Alternar tabla de contenidos\"><span class=\"ez-toc-js-icon-con\"><span class=\"\"><span class=\"eztoc-hide\" style=\"display:none;\">Toggle<\/span><span class=\"ez-toc-icon-toggle-span\"><svg style=\"fill: #999;color:#999\" xmlns=\"http:\/\/www.w3.org\/2000\/svg\" class=\"list-377408\" width=\"20px\" height=\"20px\" viewbox=\"0 0 24 24\" fill=\"none\"><path d=\"M6 6H4v2h2V6zm14 0H8v2h12V6zM4 11h2v2H4v-2zm16 0H8v2h12v-2zM4 16h2v2H4v-2zm16 0H8v2h12v-2z\" fill=\"currentColor\"><\/path><\/svg><svg style=\"fill: #999;color:#999\" class=\"arrow-unsorted-368013\" xmlns=\"http:\/\/www.w3.org\/2000\/svg\" width=\"10px\" height=\"10px\" viewbox=\"0 0 24 24\" version=\"1.2\" baseprofile=\"tiny\"><path d=\"M18.2 9.3l-6.2-6.3-6.2 6.3c-.2.2-.3.4-.3.7s.1.5.3.7c.2.2.4.3.7.3h11c.3 0 .5-.1.7-.3.2-.2.3-.5.3-.7s-.1-.5-.3-.7zM5.8 14.7l6.2 6.3 6.2-6.3c.2-.2.3-.5.3-.7s-.1-.5-.3-.7c-.2-.2-.4-.3-.7-.3h-11c-.3 0-.5.1-.7.3-.2.2-.3.5-.3.7s.1.5.3.7z\"\/><\/svg><\/span><\/span><\/span><\/a><\/span><\/div>\n<nav><ul class='ez-toc-list ez-toc-list-level-1 eztoc-toggle-hide-by-default' ><li class='ez-toc-page-1 ez-toc-heading-level-2'><a class=\"ez-toc-link ez-toc-heading-1\" href=\"https:\/\/moverdb.com\/es\/relocation-agents\/#1_Do_What_Needs_To_Be_Done\" >1. Hacer lo que hay que hacer<\/a><\/li><li class='ez-toc-page-1 ez-toc-heading-level-2'><a class=\"ez-toc-link ez-toc-heading-2\" href=\"https:\/\/moverdb.com\/es\/relocation-agents\/#2_Shipping_Your_Household_Goods\" >2. El env\u00edo de sus enseres dom\u00e9sticos<\/a><\/li><li class='ez-toc-page-1 ez-toc-heading-level-2'><a class=\"ez-toc-link ez-toc-heading-3\" href=\"https:\/\/moverdb.com\/es\/relocation-agents\/#3_Where_To_Stay\" >3. D\u00f3nde alojarse<\/a><\/li><li class='ez-toc-page-1 ez-toc-heading-level-2'><a class=\"ez-toc-link ez-toc-heading-4\" href=\"https:\/\/moverdb.com\/es\/relocation-agents\/#4_Finding_A_Home\" >4. Encontrar un hogar<\/a><\/li><li class='ez-toc-page-1 ez-toc-heading-level-2'><a class=\"ez-toc-link ez-toc-heading-5\" href=\"https:\/\/moverdb.com\/es\/relocation-agents\/#5_School_Search\" >5. B\u00fasqueda de escuelas<\/a><\/li><li class='ez-toc-page-1 ez-toc-heading-level-2'><a class=\"ez-toc-link ez-toc-heading-6\" href=\"https:\/\/moverdb.com\/es\/relocation-agents\/#6_Pet_Travel\" >6. Viajes con mascotas<\/a><\/li><li class='ez-toc-page-1 ez-toc-heading-level-2'><a class=\"ez-toc-link ez-toc-heading-7\" href=\"https:\/\/moverdb.com\/es\/relocation-agents\/#7_And_what_else\" >7. \u00bfY qu\u00e9 m\u00e1s?<\/a><\/li><li class='ez-toc-page-1 ez-toc-heading-level-2'><a class=\"ez-toc-link ez-toc-heading-8\" href=\"https:\/\/moverdb.com\/es\/relocation-agents\/#In_conclusion\" >En conclusi\u00f3n<\/a><\/li><\/ul><\/nav><\/div>\n<h2><span class=\"ez-toc-section\" id=\"1_Do_What_Needs_To_Be_Done\"><\/span>1. Hacer lo que hay que hacer<span class=\"ez-toc-section-end\"><\/span><\/h2>\n<p>Si vas a ir por libre, vas a tener que buscar empresas que se encarguen de todo. Qu\u00e9 hay que hacer, qui\u00e9n lo va a hacer y c\u00f3mo saber si son buenos son las principales preguntas que tendr\u00e1s que responder. <\/p>\n<p>Podr\u00edas pasarte horas revisando las rese\u00f1as en Internet y a\u00fan as\u00ed no estar\u00edas cerca de saber si la empresa con la que te comprometes tiene una verdadera reputaci\u00f3n (hay algunas rese\u00f1as falsas por ah\u00ed) y si realmente har\u00e1 el trabajo. <\/p>\n<p>No s\u00f3lo eso, sino que puede que ni siquiera sea consciente de lo que necesita saber y organizar, por lo que pasar por alto detalles aparentemente peque\u00f1os podr\u00eda causar grandes desastres en el gran esquema de su traslado.<\/p>\n<p>Una vez que hayas encontrado personas que se encarguen de los trabajos que necesitas, tendr\u00e1s el dolor de cabeza de coordinar todo en el momento adecuado. <\/p>\n<p>Por supuesto, puede recoger todos sus enseres dom\u00e9sticos el d\u00eda antes de volar, pero \u00bfd\u00f3nde va a dormir cuando sus camas est\u00e9n en un contenedor de almacenamiento esperando a ser enviadas? <\/p>\n<p>\u00c9ste es s\u00f3lo un ejemplo de los casos en los que el uso de un agente de reubicaci\u00f3n puede ser realmente \u00fatil. Son profesionales experimentados, por lo que conocer\u00e1n todos los escollos a los que puede enfrentarse y habr\u00e1n podido planificarlos mucho antes de que se conviertan en un problema. Las cosas son mucho m\u00e1s f\u00e1ciles cuando hay expertos involucrados.<\/p>\n<p>Un agente de reubicaci\u00f3n tendr\u00e1 toda una serie de contactos gestionados e investigados en los que sabe que puede confiar para garantizar que todo se haga correctamente. Invariablemente, los habr\u00e1n utilizado para innumerables mudanzas y sabr\u00e1n que pueden confiar en ellos para un servicio fiable y sin fisuras.<\/p>\n<p>Si recurre a una agencia de reubicaci\u00f3n, no est\u00e1 de m\u00e1s llevar un registro de los contactos responsables de cada tarea para saber a qui\u00e9n dirigirse en caso de duda. <\/p>\n<p>Haz una lista o una hoja de c\u00e1lculo con todos los contactos que tengas, incluyendo sus nombres, direcciones de correo electr\u00f3nico, n\u00fameros de tel\u00e9fono y, sobre todo, la parte de tu traslado de la que son responsables.<\/p>\n<p>Veamos ahora algunos de los servicios que puede necesitar...<\/p>\n<h2><span class=\"ez-toc-section\" id=\"2_Shipping_Your_Household_Goods\"><\/span>2. El env\u00edo de sus enseres dom\u00e9sticos<span class=\"ez-toc-section-end\"><\/span><\/h2>\n<p>Todo el mundo viene con mucho equipaje, literalmente. As\u00ed que, \u00bfc\u00f3mo llegan todas tus cosas a tu nuevo hogar?<\/p>\n<p>Si s\u00f3lo tiene que llevar unas pocas cosas, ropa y algunos objetos personales, es posible que se pueda librar de llevarlo todo como exceso de equipaje al viajar. <\/p>\n<p>Si se trata de algo m\u00e1s grande, como un mueble o un televisor enorme, tendr\u00e1s que utilizar alg\u00fan tipo de menaje <a href=\"https:\/\/moverdb.com\/es\/transporte-de-contenedores\/\">servicio de env\u00edo<\/a>. <\/p>\n<p>Sin embargo, \u00bfqu\u00e9 tipo de servicio necesita? \u00bfLe servir\u00e1 un env\u00edo a\u00e9reo o necesitar\u00e1 un env\u00edo por superficie? \u00bfQu\u00e9 tipo de contenedor necesitar\u00e1, uno de 20 pies? \u00bfUno de 40 pies? Tal vez ambos.<\/p>\n<p>Todo ello parece profundamente desalentador, pero ah\u00ed es donde entra en juego un servicio de env\u00edo de enseres dom\u00e9sticos (HHG). Su asesor de reubicaci\u00f3n le pondr\u00e1 en contacto con el <a href=\"https:\/\/moverdb.com\/es\/empresas-de-transporte\/\">empresa de transporte de enseres dom\u00e9sticos<\/a>. <\/p>\n<p>Por lo general, el primer paso ser\u00e1 organizar una inspecci\u00f3n de sus enseres dom\u00e9sticos para determinar exactamente lo que necesita. <a href=\"https:\/\/moverdb.com\/es\/shipping-container-sizes-and-dimensions\/\" data-internallinksmanager029f6b8e52c=\"247\" title=\"Gu\u00eda definitiva de tama\u00f1os y dimensiones de contenedores mar\u00edtimos\">tama\u00f1o del envase<\/a> o tama\u00f1os que necesite. Organizar\u00e1n un d\u00eda para empaquetar todos sus objetos por un lado y luego, una vez que haya asegurado su propiedad a largo plazo, organizar\u00e1n un d\u00eda para entregarle tambi\u00e9n sus preciadas posesiones.<\/p>\n<h2><span class=\"ez-toc-section\" id=\"3_Where_To_Stay\"><\/span>3. D\u00f3nde alojarse<span class=\"ez-toc-section-end\"><\/span><\/h2>\n<p>Como la mejor pr\u00e1ctica es ver una propiedad en persona antes de comprometerse a un contrato de alquiler de un a\u00f1o o m\u00e1s, a menos que haya realizado un viaje especial de b\u00fasqueda de vivienda antes de mudarse y vaya a una propiedad totalmente amueblada, va a necesitar un lugar donde alojarse cuando llegue por primera vez.<\/p>\n<p>Ahora bien, podr\u00edas reservar un hotel, pero si te mudas con toda tu familia, a menos que tengas reservada una lujosa suite de habitaciones, las cosas se volver\u00e1n bastante claustrof\u00f3bicas durante el periodo medio de 4 o 5 semanas que tardar\u00e1s en mudarte a una propiedad de larga duraci\u00f3n. Adem\u00e1s, puede que no sea la opci\u00f3n m\u00e1s econ\u00f3mica.<\/p>\n<p><a href=\"https:\/\/www.airbnb.co.uk\/\" target=\"_blank\" rel=\"noopener\">Airbnb<\/a> tambi\u00e9n puede ser una opci\u00f3n, al igual que un apartamento con servicios. Ambos tienen la ventaja de ofrecerte un espacio y unas instalaciones comparables a las de tu propia casa. <\/p>\n<p>Para los que no conozcan los apartamentos con servicios, son una especie de medio camino entre un hotel y una propiedad de larga duraci\u00f3n. Suelen tener a alguien que limpie el apartamento, quiz\u00e1s una vez a la semana. <\/p>\n<p>Tambi\u00e9n te cambiar\u00e1n la ropa de cama y las toallas. Adem\u00e1s, tendr\u00e1s la ventaja de alojarte en una casa totalmente amueblada y equipada con todo el material de cocina y las instalaciones, como televisi\u00f3n e internet, que necesitar\u00e1s.<\/p>\n<p>Sin embargo, al igual que con muchas cosas, \u00bfc\u00f3mo saber si el apartamento con servicios en el que se va a alojar ser\u00e1 bueno? Las empresas de reubicaci\u00f3n habr\u00e1n utilizado a sus proveedores en un gran n\u00famero de mudanzas, por lo que sabr\u00e1 que est\u00e1 trabajando con alguien en quien puede confiar, y nueve de cada diez veces, dada su relaci\u00f3n con el proveedor de alojamiento, en caso de que surja alg\u00fan problema, los proveedores estar\u00e1n m\u00e1s motivados para ayudar.<\/p>\n<h2><span class=\"ez-toc-section\" id=\"4_Finding_A_Home\"><\/span>4. Encontrar un hogar<span class=\"ez-toc-section-end\"><\/span><\/h2>\n<p><img loading=\"lazy\" decoding=\"async\" width=\"1000\" height=\"665\" src=\"https:\/\/moverdb.com\/wp-content\/uploads\/findding-a-home.jpg\" alt=\"Encontrar un hogar\" class=\"aligncenter size-full wp-image-3847\" data-wp-pid=\"3847\" srcset=\"https:\/\/moverdb.com\/wp-content\/uploads\/findding-a-home.jpg 1000w, https:\/\/moverdb.com\/wp-content\/uploads\/findding-a-home-300x200.jpg 300w, https:\/\/moverdb.com\/wp-content\/uploads\/findding-a-home-18x12.jpg 18w, https:\/\/moverdb.com\/wp-content\/uploads\/findding-a-home-600x399.jpg 600w\" sizes=\"auto, (max-width: 1000px) 100vw, 1000px\" \/><\/p>\n<p>Si lo hace por su cuenta, es posible que tenga que buscar en interminables listados de sitios web como <a href=\"https:\/\/www.rightmove.co.uk\/\" target=\"_blank\" rel=\"noopener\">Rightmove<\/a> y <a href=\"https:\/\/www.zoopla.co.uk\/\" target=\"_blank\" rel=\"noopener\">Zoopla<\/a> s\u00f3lo para descubrir que todas las propiedades han desaparecido. <\/p>\n<p>Incluso si encuentras una propiedad para alquilar, no tendr\u00e1s ninguna orientaci\u00f3n sobre c\u00f3mo debe funcionar todo, por lo que es m\u00e1s f\u00e1cil que te timen o que caigas en la trampa de firmar un contrato de alquiler que no te favorezca. Aunque hayas alquilado antes en tu pa\u00eds, las reglas y normas de otro pa\u00eds no ser\u00e1n necesariamente las mismas. <\/p>\n<p>Como ejemplo, en el <a href=\"https:\/\/moverdb.com\/es\/moving-to-the-uk\/\" data-internallinksmanager029f6b8e52c=\"93\" title=\"\u00bfSe muda al Reino Unido? 2026 Costes de vida y consejos de reubicaci\u00f3n\">REINO UNIDO<\/a>En la actualidad, es habitual que las viviendas, incluso las que no est\u00e1n amuebladas, dispongan de una cocina totalmente equipada con todos los electrodom\u00e9sticos grandes, como un horno, una placa y un frigor\u00edfico. <\/p>\n<p>Sin embargo, en <a href=\"https:\/\/moverdb.com\/es\/moving-to-germany\/\" data-internallinksmanager029f6b8e52c=\"321\" title=\"\u00bfSe muda a Alemania? 2026 Coste de la vida y consejos para el traslado\">Alemania<\/a>En la mayor\u00eda de los pa\u00edses, es normal que los agentes comprueben si puedes permitirte alquilar una vivienda. En la mayor\u00eda de los pa\u00edses es normal que los agentes comprueben si puede permitirse alquilar una vivienda, pero en <a href=\"https:\/\/moverdb.com\/es\/moving-to-switzerland\/moving-to-geneva\/\" data-internallinksmanager029f6b8e52c=\"416\" title=\"\u00bfSe muda a Ginebra? 2026 Coste de la vida y consejos para el traslado\">Ginebra<\/a>Por ejemplo, hay l\u00edmites estrictos para el alquiler en funci\u00f3n del salario, un sistema que garantiza que los inquilinos no alquilen por debajo de sus posibilidades y aleja las propiedades m\u00e1s baratas de quienes apenas pueden permit\u00edrselas.<\/p>\n<p>Una vez m\u00e1s, es aqu\u00ed donde contar con un agente de reubicaci\u00f3n que tenga consultores locales de b\u00fasqueda de viviendas sobre el terreno resulta rentable. Conocer\u00e1n el mercado local y sabr\u00e1n todas las rarezas y matices que te encontrar\u00e1s. <\/p>\n<p>Investigar\u00e1n por ti, establecer\u00e1n un itinerario para tu d\u00eda de b\u00fasqueda de vivienda y luego te acompa\u00f1ar\u00e1n a cada propiedad. No se limitar\u00e1n a confiar en los sitios web de propiedades para encontrar su nuevo hogar. <\/p>\n<p>Suelen tener contactos con los que han trabajado antes en las distintas agencias locales, y trabajan con ellos para averiguar qu\u00e9 agentes tienen realmente disponibles que se ajusten a tus criterios, o que al menos se acerquen lo m\u00e1s posible a lo que est\u00e1s buscando. <\/p>\n<p>En cuanto a esto \u00faltimo, sabr\u00e1n si su presupuesto y sus deseos son realistas y le aconsejar\u00e1n en consecuencia, o le orientar\u00e1n hacia zonas en las que tenga m\u00e1s posibilidades de encontrar la propiedad de sus sue\u00f1os.<\/p>\n<p>Por supuesto, puede dirigirse directamente a los agentes, pero lo que debe recordar es que los agentes trabajan para los propietarios y su prioridad n\u00famero uno ser\u00e1 velar por sus intereses. Al fin y al cabo, los propietarios son los que pagan a los agentes. <\/p>\n<p>Por otro lado, los asesores de b\u00fasqueda de vivienda trabajan para usted y s\u00f3lo para usted. No estar\u00e1n interesados en empujarle hacia ninguna propiedad en particular a menos que crean que va a ser lo mejor para usted, principalmente porque nunca reciben una comisi\u00f3n. Esencialmente, est\u00e1n de tu lado y puedes contar con ellos para que te orienten en la direcci\u00f3n correcta.<\/p>\n<p>Con un asesor para la b\u00fasqueda de vivienda, obtendr\u00e1 ayuda y asesoramiento para presentar su oferta y recibir\u00e1 asistencia en todo lo que venga despu\u00e9s, incluida la revisi\u00f3n del contrato de alquiler para asegurarse de que no est\u00e1 firmando algo que sea injusto para usted. B\u00e1sicamente, tendr\u00e1s a alguien a tu disposici\u00f3n para ayudarte hasta que todo el proceso haya concluido y te hayas instalado.<\/p>\n<h2><span class=\"ez-toc-section\" id=\"5_School_Search\"><\/span>5. B\u00fasqueda de escuelas<span class=\"ez-toc-section-end\"><\/span><\/h2>\n<p>Si tiene hijos en edad escolar, uno de los principales motores de la mudanza ser\u00e1 su educaci\u00f3n. \u00bfD\u00f3nde est\u00e1n los buenos colegios, c\u00f3mo se solicita y si el lugar que elijas podr\u00e1 atender las necesidades espec\u00edficas de tu hijo o hijos?<\/p>\n<p>Es otra de esas cosas que se pueden investigar en l\u00ednea hasta cierto punto, pero sin tener un experto que interprete los datos y d\u00e9 una opini\u00f3n real, es totalmente posible llegar a una conclusi\u00f3n completamente equivocada sobre una instituci\u00f3n. <\/p>\n<p>Teniendo en cuenta que la felicidad y el bienestar de su hijo est\u00e1n en juego, contar con alguien que pueda guiarle de forma experta a trav\u00e9s del proceso de elecci\u00f3n y posterior solicitud de los centros escolares es, sin duda, de un valor incalculable. <\/p>\n<p>Los expertos en escolarizaci\u00f3n no s\u00f3lo pueden aportar una visi\u00f3n vital, sino que tambi\u00e9n pueden ayudar a comprender las diferencias en los planes de estudio de un pa\u00eds a otro, la \u00e9tica de ciertos tipos de educaci\u00f3n e instituciones, y el apoyo, cuando sea necesario, a los ni\u00f1os que requieren una educaci\u00f3n especializada.<\/p>\n<h2><span class=\"ez-toc-section\" id=\"6_Pet_Travel\"><\/span>6. Viajes con mascotas<span class=\"ez-toc-section-end\"><\/span><\/h2>\n<p><img loading=\"lazy\" decoding=\"async\" width=\"1000\" height=\"667\" src=\"https:\/\/moverdb.com\/wp-content\/uploads\/pet-travel.jpg\" alt=\"Viajes con mascotas\" class=\"aligncenter size-full wp-image-3848\" data-wp-pid=\"3848\" srcset=\"https:\/\/moverdb.com\/wp-content\/uploads\/pet-travel.jpg 1000w, https:\/\/moverdb.com\/wp-content\/uploads\/pet-travel-300x200.jpg 300w, https:\/\/moverdb.com\/wp-content\/uploads\/pet-travel-18x12.jpg 18w, https:\/\/moverdb.com\/wp-content\/uploads\/pet-travel-600x400.jpg 600w\" sizes=\"auto, (max-width: 1000px) 100vw, 1000px\" \/><\/p>\n<p>El traslado de los miembros m\u00e1s peludos de la familia a tu nuevo pa\u00eds tambi\u00e9n es una cuesti\u00f3n a tener en cuenta. Cada vez son menos las aerol\u00edneas que permiten que las mascotas viajen en la cabina, por lo que cada vez m\u00e1s tendr\u00e1s que llevarlas en la bodega. <\/p>\n<p>Tambi\u00e9n es posible que tenga que ponerles diferentes vacunas y los tr\u00e1mites pertinentes, adem\u00e1s de otros tr\u00e1mites burocr\u00e1ticos que dependen del destino, antes de que puedan trasladarse a su nuevo hogar con usted. <\/p>\n<p>Una vez m\u00e1s, usted mismo puede investigar y organizar su propio viaje, pero contar con una agencia dedicada a ello le dar\u00e1 la tranquilidad de que su mascota llegar\u00e1 con usted sana y salva. <\/p>\n<p>Las empresas de viajes para mascotas cuentan con personal amante de los animales que se asegurar\u00e1 de que su mascota sea atendida como si fuera la suya propia. Te mantendr\u00e1n al tanto de su evoluci\u00f3n y, a menudo, incluso te enviar\u00e1n fotograf\u00edas de tu mascota mientras est\u00e9 lejos de ti, para que sepas que est\u00e1 siendo bien tratada.<\/p>\n<h2><span class=\"ez-toc-section\" id=\"7_And_what_else\"><\/span>7. \u00bfY qu\u00e9 m\u00e1s?<span class=\"ez-toc-section-end\"><\/span><\/h2>\n<p>Los anteriores son s\u00f3lo algunos de los principales aspectos de su mudanza que habr\u00e1 que organizar. Es posible que tambi\u00e9n necesites ayuda con tu situaci\u00f3n fiscal o que necesites muebles de alquiler para cubrir el hueco entre el inicio del alquiler y la llegada de tus propios muebles. <\/p>\n<p>Sin duda, necesitar\u00e1s apoyo en materia de inmigraci\u00f3n para tramitar el visado, los permisos de trabajo y los registros locales. Tambi\u00e9n ser\u00e1 esencial que te asesoren o te recomienden la apertura de una cuenta bancaria, para que haya un lugar en el que te paguen el sueldo y en el que te carguen el alquiler y las facturas de los servicios p\u00fablicos. <\/p>\n<p>Hablando de servicios p\u00fablicos, \u00bfc\u00f3mo se instalan en el nuevo pa\u00eds, qu\u00e9 proveedores se deben utilizar y c\u00f3mo se consiguen las mejores ofertas? <\/p>\n<p>Todas estas cosas pueden dar lugar a una gran molestia tras otra, pero cuando se recurre a un agente de reubicaci\u00f3n todo es sencillo. Algunas de ellas pueden incluso olvidarse por completo, por lo que un profesional con experiencia que cubra todas las bases es muy valioso.<\/p>\n<h2><span class=\"ez-toc-section\" id=\"In_conclusion\"><\/span>En conclusi\u00f3n<span class=\"ez-toc-section-end\"><\/span><\/h2>\n<p>Aunque es posible organizar todo por su cuenta sin un agente de reubicaci\u00f3n, es mucho m\u00e1s estresante, lleva mucho m\u00e1s tiempo y es mucho menos probable que salga bien que si utiliza uno. Aunque a menudo parece que invertir en los servicios de una empresa de mudanzas supone un gran coste inicial, al final del traslado descubrir\u00e1 que le ahorrar\u00e1 tiempo, dinero y estr\u00e9s.<\/p>\n<p>Mudarse a una nueva casa en una nueva ciudad en un nuevo pa\u00eds naturalmente causar\u00e1 un mont\u00f3n de ansiedad, incluso para la mudanza experimentada, por lo que cualquier cosa que pueda hacer para reducir, por no hablar de todo el trabajo duro y el tiempo que tendr\u00eda que gastar, vale la pena el dinero. <\/p>\n<p>En pocas palabras, si quiere que su traslado sea lo m\u00e1s f\u00e1cil posible, una agencia de reubicaci\u00f3n es el camino a seguir.<\/p>\n<p><em>Este art\u00edculo ha sido facilitado por Cornerstone, una empresa con sede en Londres. <a href=\"https:\/\/www.cornerstonelondon.com\/\" target=\"_blank\" rel=\"noopener\">agencia de reubicaci\u00f3n<\/a> ayudando a los reubicadores de todo el mundo.<\/em><\/p>","protected":false},"excerpt":{"rendered":"<p>You&#8217;ve just signed up for a fantastic new position in a glamourous international location. You&#8217;re looking forward to upping sticks, and moving to a new country seems exciting at first, but once you realise exactly how much you have to do in order to get there, it can all seem quite daunting. Let&#8217;s have a [&hellip;]<\/p>\n","protected":false},"author":1,"featured_media":3845,"parent":0,"menu_order":0,"comment_status":"closed","ping_status":"closed","template":"","meta":{"_genesis_hide_title":false,"_genesis_hide_breadcrumbs":false,"_genesis_hide_singular_image":false,"_genesis_hide_footer_widgets":false,"_genesis_custom_body_class":"","_genesis_custom_post_class":"","_genesis_layout":"","footnotes":""},"class_list":{"0":"post-3842","1":"page","2":"type-page","3":"status-publish","4":"has-post-thumbnail","6":"entry"},"_links":{"self":[{"href":"https:\/\/moverdb.com\/es\/wp-json\/wp\/v2\/pages\/3842","targetHints":{"allow":["GET"]}}],"collection":[{"href":"https:\/\/moverdb.com\/es\/wp-json\/wp\/v2\/pages"}],"about":[{"href":"https:\/\/moverdb.com\/es\/wp-json\/wp\/v2\/types\/page"}],"author":[{"embeddable":true,"href":"https:\/\/moverdb.com\/es\/wp-json\/wp\/v2\/users\/1"}],"replies":[{"embeddable":true,"href":"https:\/\/moverdb.com\/es\/wp-json\/wp\/v2\/comments?post=3842"}],"version-history":[{"count":4,"href":"https:\/\/moverdb.com\/es\/wp-json\/wp\/v2\/pages\/3842\/revisions"}],"predecessor-version":[{"id":3849,"href":"https:\/\/moverdb.com\/es\/wp-json\/wp\/v2\/pages\/3842\/revisions\/3849"}],"wp:featuredmedia":[{"embeddable":true,"href":"https:\/\/moverdb.com\/es\/wp-json\/wp\/v2\/media\/3845"}],"wp:attachment":[{"href":"https:\/\/moverdb.com\/es\/wp-json\/wp\/v2\/media?parent=3842"}],"curies":[{"name":"wp","href":"https:\/\/api.w.org\/{rel}","templated":true}]}}