{"id":384,"date":"2016-05-26T14:06:53","date_gmt":"2016-05-26T14:06:53","guid":{"rendered":"http:\/\/moverdb.com\/?page_id=384"},"modified":"2026-01-08T14:40:17","modified_gmt":"2026-01-08T14:40:17","slug":"resenas","status":"publish","type":"page","link":"https:\/\/moverdb.com\/es\/reviews\/","title":{"rendered":"Explicaci\u00f3n de los comentarios y puntuaciones de las empresas de mudanzas internacionales de MoverDB"},"content":{"rendered":"<p>En MoverDB.com nuestro objetivo es ofrecerte informaci\u00f3n y rese\u00f1as imparciales de las mayores y <a href=\"https:\/\/moverdb.com\/es\/empresas-de-mudanzas\/\">las mejores empresas de mudanzas internacionales<\/a>. Para ello, hemos creado perfiles para todas y cada una de las empresas de mudanzas.<\/p>\n<p>Cada perfil incluye la siguiente informaci\u00f3n:<\/p>\n<ol>\n<li> Servicios de mudanza ofrecidos por la empresa.<\/li>\n<li> Perfil de la empresa: incluye su historia, reputaci\u00f3n y <a href=\"https:\/\/moverdb.com\/es\/organizaciones-asociaciones\/\">organizaciones y afiliaciones<\/a> junto con cualquier otro dato de inter\u00e9s.<\/li>\n<li> Rese\u00f1as de toda la web para ayudarle a elegir la mejor empresa de mudanzas.<\/li>\n<\/ol>\n<p><strong>4. Revisi\u00f3n de la p\u00e1gina web explicada<\/strong><\/p>\n<p>Por \u00faltimo, MoverDB.com tambi\u00e9n incluye una puntuaci\u00f3n de revisi\u00f3n del sitio web para cada empresa de mudanzas. Se trata de una revisi\u00f3n de la utilidad del sitio web y <strong>no refleja<\/strong> la calidad de la empresa de mudanzas en s\u00ed. En su lugar, examina los siguientes aspectos:<\/p>\n<ol>\n<li> Informaci\u00f3n de contacto clara<\/li>\n<li> Posibilidad de obtener f\u00e1cilmente un presupuesto<\/li>\n<li> Informaci\u00f3n clara y \u00fatil en el sitio web<\/li>\n<li> Pertenencia a organizaciones internacionales de mudanzas<\/li>\n<li> Rese\u00f1as y testimonios<\/li>\n<\/ol>\n<p><em>Util\u00edcelos bajo su propia responsabilidad. MoverDB.com no se hace responsable de la exactitud de la informaci\u00f3n presentada. Adem\u00e1s, no aceptamos ninguna responsabilidad por el uso de la informaci\u00f3n y las rese\u00f1as de este sitio web a la hora de elegir una empresa de mudanzas. Simplemente ofrecemos una forma de <a href=\"https:\/\/moverdb.com\/es\/citas\/\">comparar empresas de mudanzas con presupuestos gratuitos<\/a>.<\/em><\/p>","protected":false},"excerpt":{"rendered":"<p>At MoverDB.com our goal is to bring you unbiased information and reviews of the world&#8217;s biggest and best international moving companies. To do this we&#8217;ve created profiles for each and every mover. Each profile includes the following information: Moving services offered by the company. Company profile: including history, reputation and organizations &#038; affiliations along with [&hellip;]<\/p>\n","protected":false},"author":1,"featured_media":0,"parent":0,"menu_order":0,"comment_status":"closed","ping_status":"closed","template":"","meta":{"_genesis_hide_title":false,"_genesis_hide_breadcrumbs":false,"_genesis_hide_singular_image":false,"_genesis_hide_footer_widgets":false,"_genesis_custom_body_class":"","_genesis_custom_post_class":"","_genesis_layout":"","footnotes":""},"class_list":{"0":"post-384","1":"page","2":"type-page","3":"status-publish","5":"entry"},"_links":{"self":[{"href":"https:\/\/moverdb.com\/es\/wp-json\/wp\/v2\/pages\/384","targetHints":{"allow":["GET"]}}],"collection":[{"href":"https:\/\/moverdb.com\/es\/wp-json\/wp\/v2\/pages"}],"about":[{"href":"https:\/\/moverdb.com\/es\/wp-json\/wp\/v2\/types\/page"}],"author":[{"embeddable":true,"href":"https:\/\/moverdb.com\/es\/wp-json\/wp\/v2\/users\/1"}],"replies":[{"embeddable":true,"href":"https:\/\/moverdb.com\/es\/wp-json\/wp\/v2\/comments?post=384"}],"version-history":[{"count":3,"href":"https:\/\/moverdb.com\/es\/wp-json\/wp\/v2\/pages\/384\/revisions"}],"predecessor-version":[{"id":387,"href":"https:\/\/moverdb.com\/es\/wp-json\/wp\/v2\/pages\/384\/revisions\/387"}],"wp:attachment":[{"href":"https:\/\/moverdb.com\/es\/wp-json\/wp\/v2\/media?parent=384"}],"curies":[{"name":"wp","href":"https:\/\/api.w.org\/{rel}","templated":true}]}}