{"id":353,"date":"2016-05-22T20:42:36","date_gmt":"2016-05-22T20:42:36","guid":{"rendered":"http:\/\/moverdb.com\/?page_id=353"},"modified":"2026-01-08T15:20:35","modified_gmt":"2026-01-08T15:20:35","slug":"rim-promover","status":"publish","type":"page","link":"https:\/\/moverdb.com\/es\/rim-promover\/","title":{"rendered":"Explicaci\u00f3n de la certificaci\u00f3n internacional ProMover de RIM"},"content":{"rendered":"<p>La certificaci\u00f3n International ProMover forma parte del programa Registered International Mover (RIM) creado por la <a href=\"https:\/\/moverdb.com\/es\/amsa\/\">Asociaci\u00f3n Americana de Mudanzas y Almacenamiento<\/a> (<a href=\"https:\/\/moverdb.com\/es\/amsa\/\" data-internallinksmanager029f6b8e52c=\"5\" title=\"Explicaci\u00f3n de la Asociaci\u00f3n Americana de Mudanzas y Almacenamiento (AMSA)\">AMSA<\/a>). <\/p>\n<p>Su objetivo es ayudar a los clientes que utilizan los servicios de traslado internacional de enseres dom\u00e9sticos y pretende facilitar la elecci\u00f3n, simplificando la diferenciaci\u00f3n de las opciones y la b\u00fasqueda de la empresa de mudanzas adecuada.<\/p>\n<p><strong>Datos clave sobre la organizaci\u00f3n:<\/strong><\/p>\n<ol>\n<li> En la actualidad, m\u00e1s de 200 empresas y m\u00e1s de 1.000 personas cuentan con la certificaci\u00f3n RIM corporativa o individual.<\/li>\n<li> El Registered International Mover es una de las certificaciones profesionales para especialistas administradas por AMSA.<\/li>\n<li> AMSA es la asociaci\u00f3n comercial nacional del sector estadounidense de las mudanzas y el almacenamiento. Sin embargo, la certificaci\u00f3n tiene un alcance global y pueden solicitarla empresas de todo el mundo.<\/li>\n<li> El programa Registered International Mover est\u00e1 dise\u00f1ado para establecer normas universales para <a href=\"https:\/\/moverdb.com\/es\/moving-companies\/\" data-internallinksmanager029f6b8e52c=\"79\" title=\"Las 25 mejores empresas de mudanzas internacionales en l\u00ednea\">empresas de mudanzas internacionales<\/a> y su personal.<\/li>\n<li> Las empresas certificadas por RIM que cumplan los requisitos de ProMover se convertir\u00e1n en \"ProMovers internacionales\".<\/li>\n<li> RIM es bastante singular, ya que fue creada en 1994 por representantes del <a href=\"https:\/\/moverdb.com\/es\/hgfaa\/\">HHGFAA<\/a>, NMSA (AMSA), <a href=\"https:\/\/moverdb.com\/es\/employee-relocation-council\/\" data-internallinksmanager029f6b8e52c=\"83\" title=\"Explicaci\u00f3n del Consejo Mundial de Reubicaci\u00f3n de Empleados (ERC)\">ERC<\/a>OMNI, <a href=\"https:\/\/moverdb.com\/es\/fidi-faim\/\">FIDI<\/a> y las 10 principales l\u00edneas de furgonetas, una mezcla de compradores y vendedores competitivos.<\/li>\n<p><strong>Perfil de la organizaci\u00f3n RIM<\/strong><\/p>\n<p>El proceso para convertirse en miembro de la RIM implica una rigurosa formaci\u00f3n, verificaci\u00f3n y pruebas, centradas en si existen normas de manipulaci\u00f3n de equipos y si una empresa cuenta con los recursos necesarios para gestionar un traslado internacional con un alto nivel de calidad. <\/p>\n<p>La idea detr\u00e1s de la certificaci\u00f3n ProMover es que s\u00f3lo se otorga a aquellas empresas que pueden demostrar que cumplen con los m\u00e1s altos principios y pr\u00e1cticas \u00e9ticas de la industria de las mudanzas y el almacenamiento. <\/p>\n<p>Lo que hace diferente a la certificaci\u00f3n ProMover es que proporciona una forma estandarizada e independiente para que los clientes puedan diferenciar entre las opciones y elegir una empresa cualificada para una mudanza internacional, sea cual sea su sede.<\/p>\n<p><strong>Criterios de afiliaci\u00f3n <\/strong><\/p>\n<ul>\n<li> Al menos un a\u00f1o de experiencia en servicios de reubicaci\u00f3n internacional de enseres dom\u00e9sticos<\/li>\n<li> Afiliaci\u00f3n ininterrumpida a la AMSA durante al menos 18 meses<\/li>\n<li> Disponer de la autoridad operativa necesaria para ejercer legalmente la actividad, ya sea en <a href=\"https:\/\/moverdb.com\/es\/moving-to-the-united-states\/\" data-internallinksmanager029f6b8e52c=\"94\" title=\"\u00bfSe muda a Estados Unidos? 2026 Costes de vida y consejos de reubicaci\u00f3n\">EE.UU.<\/a> o en otro lugar.<\/li>\n<li> Aprobar un examen escrito (individual en nombre de la empresa)<\/li>\n<li> Cumplir las normas del RIM en cuanto a equipamiento, instalaciones y documentaci\u00f3n de seguridad, que se verifican mediante visitas sorpresa a las instalaciones.<\/li>\n<li> Suscr\u00edbase al C\u00f3digo \u00c9tico Internacional de ProMover<\/li>\n<li> Para la recertificaci\u00f3n, al menos tres empleados deben estar certificados (personal de oficina, empaquetadores o miembros de la tripulaci\u00f3n)<\/li>\n<li> Calificaci\u00f3n BBB de \"C\" o superior, para las empresas calificadas por el BBB, en los pa\u00edses en los que se dispone de calificaciones BBB<\/li>\n<li> Revisi\u00f3n por parte del personal de AMSA de cualquier queja<\/li>\n<li> Las referencias de los socios comerciales son esenciales<\/li>\n<\/ul>\n<p><strong>Las 10 empresas m\u00e1s importantes<\/strong> (por tama\u00f1o)<\/p>\n<ol>\n<li> <a href=\"https:\/\/moverdb.com\/es\/united-van-lines\/\">United Van Lines<\/a><\/li>\n<li> <a href=\"https:\/\/moverdb.com\/es\/atlas-van-lines-international\/\">Atlas Van Lines Internacional<\/a><\/li>\n<li> <a href=\"https:\/\/moverdb.com\/es\/mayflower-transit\/\">Tr\u00e1nsito Mayflower<\/a><\/li>\n<li> <a href=\"https:\/\/moverdb.com\/es\/north-american-van-lines\/\">North American Van Lines<\/a><\/li>\n<li> <a href=\"https:\/\/moverdb.com\/es\/wheaton\/\">Mudanzas Wheaton World Wide<\/a><\/li>\n<li> <a href=\"https:\/\/moverdb.com\/es\/bekins-van-lines\/\">Bekins Van Lines<\/a><\/li>\n<li> <a href=\"https:\/\/moverdb.com\/es\/graebel-van-lines\/\">Graebel Van Lines<\/a><\/li>\n<li> <a href=\"https:\/\/moverdb.com\/es\/arpin-van-lines\/\">Arpin Van Lines<\/a><\/li>\n<li> <a href=\"https:\/\/moverdb.com\/es\/stevens-worldwide-van-lines\/\">Stevens Worldwide Van Lines<\/a><\/li>\n<li> <a href=\"https:\/\/moverdb.com\/es\/suddath\/\">Suddath<\/a><\/li>\n<li> <a href=\"https:\/\/moverdb.com\/es\/vip-transporte\/\">Transporte VIP<\/a><\/li>\n<li> <a href=\"https:\/\/moverdb.com\/es\/royal-hawaiian-movers\/\">Royal Hawaiian Movers<\/a><\/li>\n<\/ol>\n<p><strong>Opiniones sobre la organizaci\u00f3n<\/strong><\/p>\n<p>Varias empresas de mudanzas incluyen la certificaci\u00f3n RIM en sus sitios web y varios sitios de asesoramiento se refieren a ella como el signo de una organizaci\u00f3n de mudanzas profesional. Todos los sitios que lo incluyen hacen referencia a la rigurosa formaci\u00f3n y verificaci\u00f3n que se requiere para obtener la certificaci\u00f3n, y para mantenerla. <\/p>\n<p>La solvencia financiera y la reputaci\u00f3n de ofrecer un servicio de alta calidad son otras dos cualidades que acompa\u00f1an a la certificaci\u00f3n RIM por parte de las empresas de mudanzas que la mencionan en sus sitios web. La mayor\u00eda hace hincapi\u00e9 en que la certificaci\u00f3n requiere una acci\u00f3n continua: formaci\u00f3n y educaci\u00f3n permanente, as\u00ed como ser capaz de superar visitas aleatorias a las instalaciones. <\/p>\n<p>Tambi\u00e9n se menciona el hecho de que se exige el cumplimiento de un estricto c\u00f3digo de pr\u00e1cticas.<\/p>\n<p>Varias empresas de mudanzas tambi\u00e9n citan la calificaci\u00f3n de ProMover, lo cual es importante porque \"este logro dar\u00e1 a nuestros clientes la seguridad de que est\u00e1n tratando con una empresa de mudanzas leg\u00edtima y profesional y no con un estafador de poca monta que quiere estafarles. Convertirse en ProMover es coherente con la larga historia de nuestra empresa de tratar a nuestros clientes de forma justa y honesta\". <\/p>\n<p>Se se\u00f1ala que la cualificaci\u00f3n permite a una empresa de mudanzas mostrar el logotipo de la \"M\" may\u00fascula en negrita que es la marca de un ProMover en sus materiales de publicidad y marketing, as\u00ed como en su sitio web.<\/p>\n<p>C\u00f3mo se retrata por parte de las empresas de mudanzas:<\/p>\n<blockquote><p>La certificaci\u00f3n de la agencia establece que \u00e9sta cuenta con el equipo, las instalaciones y el personal certificado por RIM\u00ae suficientes para cumplir las normas m\u00ednimas de RIM\u00ae. Adem\u00e1s, exige que el director o el gerente pasen un examen basado en el manual de RIM\u00ae y que posean los conocimientos necesarios para llevar a cabo negocios internacionales. Adem\u00e1s, en un plazo de tres a\u00f1os a partir de la certificaci\u00f3n inicial, un agente certificado por RIM\u00ae debe emplear a un perito y a un coordinador certificados por RIM\u00ae y a un m\u00ednimo de tres empaquetadores internacionales certificados.<\/p><\/blockquote>\n<p> - <a href=\"http:\/\/www.castinemovers.com\/category\/RIM\/c70\" target=\"_blank\" rel=\"noopener\">Mudanzas de Castine<\/a><\/p>\n<blockquote><p>La certificaci\u00f3n Registered International Mover (RIM) es voluntaria. Para obtener la certificaci\u00f3n, una empresa de mudanzas debe pasar por una rigurosa formaci\u00f3n y pruebas. La certificaci\u00f3n garantiza que el titular conoce todos los aspectos de una mudanza internacional.<\/p><\/blockquote>\n<p> - <a href=\"http:\/\/www.newworldvanlines.com\/international.html\" target=\"_blank\" rel=\"noopener\">New World Van Lines<\/a><\/p>\n<blockquote><p>Para mantener la certificaci\u00f3n, la direcci\u00f3n y el personal deben realizar, en un plazo de tres a\u00f1os, un m\u00ednimo de 15 horas de formaci\u00f3n continua aprobada por el RIM, y las instalaciones y equipos de la empresa deben someterse a una nueva inspecci\u00f3n cada tres a\u00f1os. Hasta la fecha hay m\u00e1s de 142 empresas de mudanzas y almacenamiento que han completado la fase inicial del programa RIM.<\/p><\/blockquote>\n<p> - <a href=\"http:\/\/www.movingscam.com\/articles\/planning-an-international-move\" target=\"_blank\" rel=\"noopener\">Estafa de la mudanza<\/a><\/p>\n<blockquote><p>Para obtener la certificaci\u00f3n del programa RIM (Registered International Mover), una empresa de mudanzas debe ser financieramente s\u00f3lida, tener una reputaci\u00f3n de servicio de calidad y aceptar un estricto c\u00f3digo de pr\u00e1cticas dise\u00f1ado para garantizar su total satisfacci\u00f3n.<\/p><\/blockquote>\n<p> - <a href=\"http:\/\/taylorinternational.ca\/international-moving-relocation\" target=\"_blank\" rel=\"noopener\">Taylor International Movers<\/a><\/p>","protected":false},"excerpt":{"rendered":"<p>The International ProMover certification is part of the Registered International Mover (RIM) program created by the American Moving &#038; Storage Association (AMSA). It is aimed to assist customers using international household goods relocation services and is intended to facilitate easier choices, making it simpler to differentiate between the options and find the right mover. Key [&hellip;]<\/p>\n","protected":false},"author":1,"featured_media":0,"parent":0,"menu_order":0,"comment_status":"closed","ping_status":"closed","template":"","meta":{"_genesis_hide_title":false,"_genesis_hide_breadcrumbs":false,"_genesis_hide_singular_image":false,"_genesis_hide_footer_widgets":false,"_genesis_custom_body_class":"","_genesis_custom_post_class":"","_genesis_layout":"","footnotes":""},"class_list":{"0":"post-353","1":"page","2":"type-page","3":"status-publish","5":"entry"},"_links":{"self":[{"href":"https:\/\/moverdb.com\/es\/wp-json\/wp\/v2\/pages\/353","targetHints":{"allow":["GET"]}}],"collection":[{"href":"https:\/\/moverdb.com\/es\/wp-json\/wp\/v2\/pages"}],"about":[{"href":"https:\/\/moverdb.com\/es\/wp-json\/wp\/v2\/types\/page"}],"author":[{"embeddable":true,"href":"https:\/\/moverdb.com\/es\/wp-json\/wp\/v2\/users\/1"}],"replies":[{"embeddable":true,"href":"https:\/\/moverdb.com\/es\/wp-json\/wp\/v2\/comments?post=353"}],"version-history":[{"count":22,"href":"https:\/\/moverdb.com\/es\/wp-json\/wp\/v2\/pages\/353\/revisions"}],"predecessor-version":[{"id":6232,"href":"https:\/\/moverdb.com\/es\/wp-json\/wp\/v2\/pages\/353\/revisions\/6232"}],"wp:attachment":[{"href":"https:\/\/moverdb.com\/es\/wp-json\/wp\/v2\/media?parent=353"}],"curies":[{"name":"wp","href":"https:\/\/api.w.org\/{rel}","templated":true}]}}